{"id":10190,"date":"2020-11-16T12:11:47","date_gmt":"2020-11-16T10:11:47","guid":{"rendered":"http:\/\/www.sportomokykla.lt\/?page_id=10190"},"modified":"2026-01-19T11:43:44","modified_gmt":"2026-01-19T09:43:44","slug":"atestacijos-komisija","status":"publish","type":"page","link":"https:\/\/www.sportomokykla.lt\/?page_id=10190&lang=lt","title":{"rendered":"Atestacijos komisija"},"content":{"rendered":"\n<p class=\"has-text-align-center has-primary-color has-text-color has-link-color wp-elements-f2fb8734f42bfe61252fce01f4801ce7\"><strong>VRNSM MOKYTOJ\u0172 IR PAGALBOS MOKINIUI SPECIALIST\u0172 ATESTACIJOS KOMISIJA<\/strong><\/p>\n\n\n\n<p>Atestacijos komisijos paskirtis teikti informacij\u0105 mokytojams ir pagalbos mokiniui specialistams apie atestacijos tvark\u0105, atestacijos program\u0105, atestacijos komisijos pos\u0117d\u017ei\u0173 datas ir atestacijos komisijos nutarimus.<\/p>\n\n\n\n<p>Pagal per metus pateiktus mokytoj\u0173 ir pagalbos mokiniui specialist\u0173 pra\u0161ymus kasmet rengti ir suderinus su VRSSM direktoriumi, Mokyklos taryba, Mokytoj\u0173 taryba, darbuotoj\u0173 atstovais teikti steig\u0117jui tvirtinti trej\u0173 met\u0173 (slenkamuoju principu sudarom\u0105) atestacijos program\u0105. Tvirtinti atestacijos komisijos pos\u0117d\u017ei\u0173 grafik\u0105 metams, tvirtinti atestacijos komisijos darbo reglament\u0105, svarstyti klausimus d\u0117l kvalifikacini\u0173 kategorij\u0173 suteikimo, svarstyti klausimus d\u0117l mokytojo veiklos atitikties turimai kvalifikacinei kategorijai.<\/p>\n\n\n\n<p class=\"has-primary-color has-text-color has-link-color wp-elements-b1ef3a28c1562bd7272026c324c086b3\" style=\"font-style:normal;font-weight:500\">Atestacijos komisijos sud\u0117tis<\/p>\n\n\n\n<p><mark style=\"background-color:rgba(0, 0, 0, 0);color:#750000\" class=\"has-inline-color\">Steig\u0117jo deleguotas atstovas<\/mark> \u2013 Bo\u017eena \u0160arandina, Vilniaus rajono savivaldyb\u0117s administracijos \u0161vietimo skyriaus vyriausioji specialist\u0117.<\/p>\n\n\n\n<p><mark style=\"background-color:rgba(0, 0, 0, 0);color:#750000\" class=\"has-inline-color\">Pirminink\u0117<\/mark><strong>&nbsp;&nbsp; \u2013<\/strong>&nbsp;Robert Komarovski, direktoriaus.<\/p>\n\n\n\n<p><mark style=\"background-color:rgba(0, 0, 0, 0);color:#750000\" class=\"has-inline-color\">Sekretorius<\/mark><strong><mark style=\"background-color:rgba(0, 0, 0, 0);color:#480303\" class=\"has-inline-color\"> <\/mark><\/strong>\u2013\u00a0 Valdemaras \u0160umskas, mokytojas-metodininkas.<\/p>\n\n\n\n<p class=\"has-primary-color has-text-color has-link-color wp-elements-ab1c610ff7a75386c08f5fe6db6637dc\" style=\"font-style:normal;font-weight:500\">Nariai:<\/p>\n\n\n\n<ul class=\"wp-block-list\">\n<li>Vytautas Vilipas, \u017eol\u0117s riedulio mokytojas metodininkas; <\/li>\n\n\n\n<li>Eduard \u0160pakov, bokso vyresnysis mokytojas;<\/li>\n\n\n\n<li>Vytautas Gra\u017eys, lengvosios atletikos mokytojas metodininkas.<\/li>\n<\/ul>\n\n\n\n<p><\/p>\n\n\n\n<p class=\"has-text-color has-link-color wp-elements-be428b3ec1ad01f86d0a8d8970498dd2\" style=\"color:#750000;font-style:normal;font-weight:500\">Informacija apie atestacij\u0105 galite rasti:<\/p>\n\n\n\n<p class=\"has-primary-color has-text-color has-link-color wp-elements-95222265e48abdb400191b8a7b84117b\" style=\"font-size:16px;font-style:normal;font-weight:500\"><a href=\"https:\/\/e-seimas.lrs.lt\/portal\/legalAct\/lt\/TAD\/TAIS.332784\">\u012eSAKYMAS D\u0116L MOKYTOJ\u0172 IR PAGALBOS MOKINIUI SPECIALIST\u0172 (I\u0160SKYRUS PSICHOLOGUS) ATESTACIJOS NUOSTAT\u0172 PATVIRTINIMO<\/a><\/p>\n\n\n\n<p class=\"has-primary-color has-text-color has-link-color wp-elements-2148de7d7ca77e971c2bfe0c6c73e41b\" style=\"font-size:16px;font-style:normal;font-weight:500\"><a href=\"https:\/\/www.nsa.smm.lt\/stebesenos-ir-vertinimo-departamentas\/vadovu-ir-pedagogu-vertinimas\/mokytoju-atestacija\/\" target=\"_blank\" rel=\"noreferrer noopener\"><\/a><a href=\"https:\/\/www.nsa.smm.lt\/vadovu-ir-pedagogu-vertinimas\/mokytoju-atestacija\/\">Mokytoj\u0173 atestacija<\/a><\/p>\n\n\n\n<p class=\"has-primary-color has-text-color has-link-color wp-elements-f4b79977964900ae490255fcf6fdeccb\" style=\"font-size:16px;font-style:normal;font-weight:500\"><a href=\"https:\/\/duomenys.ugdome.lt\/?\/kt\/svtk\/63200\">\u0160vietimo konsultantai: Mokytoj\u0173 praktin\u0117s veiklos vertinimas (Ugdymo SODAS)<\/a><\/p>\n","protected":false},"excerpt":{"rendered":"<p>VRNSM MOKYTOJ\u0172 IR PAGALBOS MOKINIUI SPECIALIST\u0172 ATESTACIJOS KOMISIJA Atestacijos komisijos paskirtis teikti informacij\u0105 mokytojams ir pagalbos mokiniui specialistams apie atestacijos tvark\u0105, atestacijos program\u0105, atestacijos komisijos pos\u0117d\u017ei\u0173 datas ir atestacijos komisijos nutarimus. Pagal per metus pateiktus mokytoj\u0173 ir pagalbos mokiniui specialist\u0173 pra\u0161ymus kasmet rengti ir suderinus su VRSSM direktoriumi, Mokyklos taryba, Mokytoj\u0173 taryba, darbuotoj\u0173 atstovais teikti [&hellip;]<\/p>\n","protected":false},"author":1,"featured_media":0,"parent":0,"menu_order":0,"comment_status":"closed","ping_status":"closed","template":"","meta":{"footnotes":""},"class_list":["post-10190","page","type-page","status-publish","hentry"],"_links":{"self":[{"href":"https:\/\/www.sportomokykla.lt\/index.php?rest_route=\/wp\/v2\/pages\/10190","targetHints":{"allow":["GET"]}}],"collection":[{"href":"https:\/\/www.sportomokykla.lt\/index.php?rest_route=\/wp\/v2\/pages"}],"about":[{"href":"https:\/\/www.sportomokykla.lt\/index.php?rest_route=\/wp\/v2\/types\/page"}],"author":[{"embeddable":true,"href":"https:\/\/www.sportomokykla.lt\/index.php?rest_route=\/wp\/v2\/users\/1"}],"replies":[{"embeddable":true,"href":"https:\/\/www.sportomokykla.lt\/index.php?rest_route=%2Fwp%2Fv2%2Fcomments&post=10190"}],"version-history":[{"count":25,"href":"https:\/\/www.sportomokykla.lt\/index.php?rest_route=\/wp\/v2\/pages\/10190\/revisions"}],"predecessor-version":[{"id":19561,"href":"https:\/\/www.sportomokykla.lt\/index.php?rest_route=\/wp\/v2\/pages\/10190\/revisions\/19561"}],"wp:attachment":[{"href":"https:\/\/www.sportomokykla.lt\/index.php?rest_route=%2Fwp%2Fv2%2Fmedia&parent=10190"}],"curies":[{"name":"wp","href":"https:\/\/api.w.org\/{rel}","templated":true}]}}