{"id":1140,"date":"2017-03-22T18:06:25","date_gmt":"2017-03-22T16:06:25","guid":{"rendered":"http:\/\/www.sportomokykla.lt\/vrssm\/wp\/?page_id=1140"},"modified":"2024-07-30T14:27:59","modified_gmt":"2024-07-30T11:27:59","slug":"boksas","status":"publish","type":"page","link":"https:\/\/www.sportomokykla.lt\/?page_id=1140&lang=lt","title":{"rendered":"Boksas"},"content":{"rendered":"<p style=\"text-align: center;\"><span style=\"color: #008080;\"><strong>Mokytojas &#8211; Eduard \u0160pakov<\/strong><\/span><\/p>\n<p style=\"text-align: center;\">2009 m. baig\u0117 pagrindines studijas, \u012fvykd\u0117 k\u016bno kult\u016bros studij\u0173 program\u0105, \u012fgijo auk\u0161t\u0105j\u012f universitetin\u012f i\u0161silavinim\u0105, sporto bakalauro laipsn\u012f ir mokytojo kvalifikacij\u0105. Geriausi pasiekimai: boksas \u2013 2003 m. Europos jauni\u0173 \u010dempionato 3 vietos laim\u0117tojas (Lietuva, Kaunas), 2003 m. pasaulio jauni\u0173 \u010dempionato 3 vietos laim\u0117tojas (Rumunija, Bukare\u0161tas), 2008 m. Lietuvos vyru bokso \u010dempionas (Lietuva, Panev\u0117\u017eys). Daugkartinis tarptautini\u0173 turnyru nugal\u0117tojas; kikboksas \u2013 2009 m. pasaulio \u010dempionato 3 vietos laim\u0117tojas (Italija, Lignano Sabbiadoro), 2010 m. Europos kikbokso \u010dempionas (Graikija, At\u0117nai), 2011 m. pasaulio \u010dempionato 3 vietos laim\u0117tojas (Irlandija, Dublinas). Daugkartinis Lietuvos ir tarptautini\u0173 turnyru nugal\u0117tojas.<\/p>\n<p style=\"text-align: center;\"><span style=\"color: #666699;\"><strong>Treniruot\u0117s vyksta: <\/strong><strong>Vilniaus r. Lavori\u0161ki\u0173 Stepono Batoro\u00a0gimnazijos sporto sal\u0117je.<\/strong><\/span><\/p>\n<p style=\"text-align: center;\">Pirmadienis: 15.30 &#8211; 17.30<\/p>\n<p style=\"text-align: center;\">Antradienis: 15.00 &#8211; 17.00<\/p>\n<p style=\"text-align: center;\">Ketvirtadienis: 15.00 &#8211; 17.00<\/p>\n<p style=\"text-align: center;\">\u0160e\u0161tadienis: 14.00 &#8211; 18.00<\/p>\n<p style=\"text-align: center;\"><strong style=\"color: #666699; font-size: revert; background-color: var(--ast-global-color-5);\">Su mokytoju galima susisiekti telefonu: 866253650.<\/strong><\/p>\n\n\n<p class=\"has-text-align-center\">______________________________________________________<\/p>\n\n\n\n<p class=\"has-text-align-center\"><strong><span style=\"color:#008080\" class=\"has-inline-color\">Mokytojas &#8211;  Pavel Dainarovi\u010d<\/span><\/strong><\/p>\n\n\n\n<figure class=\"wp-block-gallery has-nested-images columns-0 is-cropped wp-block-gallery-1 is-layout-flex wp-block-gallery-is-layout-flex\"><\/figure>\n\n\n\n<p class=\"has-text-align-center\"><strong><span style=\"color:#666699\" class=\"has-inline-color\">Treniruot\u0117s vyksta: Vilniaus r. Rie\u0161\u0117s \u0161v. Faustinos Kovalskos pagrindin\u0117s mokyklos sporto sal\u0117je.<\/span><\/strong><\/p>\n\n\n\n<p class=\"has-text-align-center\">Pirmadienis: 15.15 &#8211; 17.15<\/p>\n\n\n\n<p class=\"has-text-align-center\">Antradienis: 16.05 &#8211; 19.05<\/p>\n\n\n\n<p class=\"has-text-align-center\">Tre\u010diadienis: 16.05 &#8211; 18.05<\/p>\n\n\n\n<p class=\"has-text-align-center\">Ketvirtadienis: 16.05 &#8211; 19.05 <\/p>\n\n\n\n<p class=\"has-text-align-center\">Penktadienis: 15.15 &#8211; 17.17<\/p>\n\n\n\n<figure class=\"wp-block-image aligncenter size-large\"><img loading=\"lazy\" decoding=\"async\" width=\"541\" height=\"433\" src=\"http:\/\/www.sportomokykla.lt\/vrssm\/wp\/wp-content\/uploads\/2020\/11\/image-19-11-20-11-01.jpeg\" alt=\"\" class=\"wp-image-10204\" srcset=\"https:\/\/www.sportomokykla.lt\/vrssm\/wp\/wp-content\/uploads\/2020\/11\/image-19-11-20-11-01.jpeg 541w, https:\/\/www.sportomokykla.lt\/vrssm\/wp\/wp-content\/uploads\/2020\/11\/image-19-11-20-11-01-300x240.jpeg 300w\" sizes=\"auto, (max-width: 541px) 100vw, 541px\" \/><\/figure>\n\n\n\n<p class=\"has-text-align-center\">______________________________________________________<\/p>\n\n\n\n<p class=\"has-text-align-center\"><mark style=\"background-color:rgba(0, 0, 0, 0);color:#008080\" class=\"has-inline-color\"><strong>Mokytojas &#8211;  <\/strong><\/mark><mark style=\"background-color:rgba(0, 0, 0, 0);color:#427e7a\" class=\"has-inline-color\"><strong>Vitalijus Starenko<\/strong><\/mark><\/p>\n\n\n\n<figure class=\"wp-block-gallery has-nested-images columns-0 is-cropped wp-block-gallery-2 is-layout-flex wp-block-gallery-is-layout-flex\"><\/figure>\n\n\n\n<p><\/p>\n\n\n\n<p class=\"has-text-align-center\"><strong><span style=\"color:#666699\" class=\"has-inline-color\">Treniruot\u0117s vyksta: Vilniaus r. Rie\u0161\u0117s \u0161v. Faustinos Kovalskos pagrindin\u0117s mokyklos sporto sal\u0117je.<\/span><\/strong><\/p>\n\n\n\n<p class=\"has-text-align-center\">Pirmadienis: 15.15 &#8211; 20.15<\/p>\n\n\n\n<p class=\"has-text-align-center\">Antradienis: 16.05 &#8211; 21.05<\/p>\n\n\n\n<p class=\"has-text-align-center\">Tre\u010diadienis: 16.05 &#8211; 21.05<\/p>\n\n\n\n<p class=\"has-text-align-center\">Ketvirtadienis: 16.05 &#8211; 21.05<\/p>\n\n\n\n<p class=\"has-text-align-center\">Penktadienis: 15.15 &#8211; 20.15<\/p>\n\n\n\n<figure class=\"wp-block-image aligncenter size-large\"><img loading=\"lazy\" decoding=\"async\" width=\"768\" height=\"1024\" src=\"https:\/\/www.sportomokykla.lt\/vrssm\/wp\/wp-content\/uploads\/2024\/06\/20240607_141518-768x1024.jpg\" alt=\"\" class=\"wp-image-16850\" srcset=\"https:\/\/www.sportomokykla.lt\/vrssm\/wp\/wp-content\/uploads\/2024\/06\/20240607_141518-768x1024.jpg 768w, https:\/\/www.sportomokykla.lt\/vrssm\/wp\/wp-content\/uploads\/2024\/06\/20240607_141518-225x300.jpg 225w, https:\/\/www.sportomokykla.lt\/vrssm\/wp\/wp-content\/uploads\/2024\/06\/20240607_141518-1152x1536.jpg 1152w, https:\/\/www.sportomokykla.lt\/vrssm\/wp\/wp-content\/uploads\/2024\/06\/20240607_141518-1536x2048.jpg 1536w, https:\/\/www.sportomokykla.lt\/vrssm\/wp\/wp-content\/uploads\/2024\/06\/20240607_141518-scaled.jpg 1920w\" sizes=\"auto, (max-width: 768px) 100vw, 768px\" \/><\/figure>\n","protected":false},"excerpt":{"rendered":"<p>Mokytojas &#8211; Eduard \u0160pakov 2009 m. baig\u0117 pagrindines studijas, \u012fvykd\u0117 k\u016bno kult\u016bros studij\u0173 program\u0105, \u012fgijo auk\u0161t\u0105j\u012f universitetin\u012f i\u0161silavinim\u0105, sporto bakalauro laipsn\u012f ir mokytojo kvalifikacij\u0105. Geriausi pasiekimai: boksas \u2013 2003 m. Europos jauni\u0173 \u010dempionato 3 vietos laim\u0117tojas (Lietuva, Kaunas), 2003 m. pasaulio jauni\u0173 \u010dempionato 3 vietos laim\u0117tojas (Rumunija, Bukare\u0161tas), 2008 m. Lietuvos vyru bokso \u010dempionas (Lietuva, [&hellip;]<\/p>\n","protected":false},"author":1,"featured_media":0,"parent":0,"menu_order":0,"comment_status":"closed","ping_status":"closed","template":"","meta":{"footnotes":""},"class_list":["post-1140","page","type-page","status-publish","hentry"],"_links":{"self":[{"href":"https:\/\/www.sportomokykla.lt\/index.php?rest_route=\/wp\/v2\/pages\/1140","targetHints":{"allow":["GET"]}}],"collection":[{"href":"https:\/\/www.sportomokykla.lt\/index.php?rest_route=\/wp\/v2\/pages"}],"about":[{"href":"https:\/\/www.sportomokykla.lt\/index.php?rest_route=\/wp\/v2\/types\/page"}],"author":[{"embeddable":true,"href":"https:\/\/www.sportomokykla.lt\/index.php?rest_route=\/wp\/v2\/users\/1"}],"replies":[{"embeddable":true,"href":"https:\/\/www.sportomokykla.lt\/index.php?rest_route=%2Fwp%2Fv2%2Fcomments&post=1140"}],"version-history":[{"count":29,"href":"https:\/\/www.sportomokykla.lt\/index.php?rest_route=\/wp\/v2\/pages\/1140\/revisions"}],"predecessor-version":[{"id":16985,"href":"https:\/\/www.sportomokykla.lt\/index.php?rest_route=\/wp\/v2\/pages\/1140\/revisions\/16985"}],"wp:attachment":[{"href":"https:\/\/www.sportomokykla.lt\/index.php?rest_route=%2Fwp%2Fv2%2Fmedia&parent=1140"}],"curies":[{"name":"wp","href":"https:\/\/api.w.org\/{rel}","templated":true}]}}