{"id":1143,"date":"2017-03-22T18:06:36","date_gmt":"2017-03-22T16:06:36","guid":{"rendered":"http:\/\/www.sportomokykla.lt\/vrssm\/wp\/?page_id=1143"},"modified":"2023-07-13T11:37:08","modified_gmt":"2023-07-13T08:37:08","slug":"boks","status":"publish","type":"page","link":"https:\/\/www.sportomokykla.lt\/?page_id=1143&lang=pl","title":{"rendered":"Boks"},"content":{"rendered":"<p style=\"text-align: center;\"><span style=\"color: #008080;\"><strong>Nauczyciel &#8211; &nbsp;Edward Szpakow<\/strong><\/span><\/p>\n<div id='gallery-1' class='gallery galleryid-1143 gallery-columns-1 gallery-size-medium'><figure class='gallery-item'>\n\t\t\t<div class='gallery-icon landscape'>\n\t\t\t\t<a href='https:\/\/www.sportomokykla.lt\/vrssm\/wp\/wp-content\/uploads\/2019\/03\/exl_i20akp4966-1.jpg'><img loading=\"lazy\" decoding=\"async\" width=\"299\" height=\"257\" src=\"https:\/\/www.sportomokykla.lt\/vrssm\/wp\/wp-content\/uploads\/2019\/03\/exl_i20akp4966-1.jpg\" class=\"attachment-medium size-medium\" alt=\"\" \/><\/a>\n\t\t\t<\/div><\/figure>\n\t\t<\/div>\n\n<p><span style=\"color: #666699;\"><strong>Zaj\u0119cia odbywaj\u0105 si\u0119 w \u0141awaryszkach, w sali sportowej Gimnazjum im. Stefana Batorego.<\/strong><\/span><\/p>\n<ul>\n<li>Poniedzia\u0142ek: 15.00 &#8211; 17.00<\/li>\n<li>Wtorek: 15.00 &#8211; 17.00<\/li>\n<li>Czwartek: 15.00 &#8211; 17.00<\/li>\n<li>Sobota: 14.00 &#8211; 18.00<\/li>\n<\/ul>\n<p><span style=\"color: #666699;\"><strong>Telefon nauczyciela: 866253650.<\/strong><\/span><\/p>\n<div class=\"wp-playlist wp-video-playlist wp-playlist-light\">\n\t\t<video controls=\"controls\" preload=\"none\" width=\"640\"\n\t\t height=\"360\"\t><\/video>\n\t<div class=\"wp-playlist-next\"><\/div>\n\t<div class=\"wp-playlist-prev\"><\/div>\n\t<noscript>\n\t<ol>\n\t\t<li><a href='https:\/\/www.sportomokykla.lt\/vrssm\/wp\/wp-content\/uploads\/2019\/03\/Boxing-1.mp4'>Boxing-1<\/a><\/li>\t<\/ol>\n\t<\/noscript>\n\t<script type=\"application\/json\" class=\"wp-playlist-script\">{\"type\":\"video\",\"tracklist\":true,\"tracknumbers\":true,\"images\":true,\"artists\":true,\"tracks\":[{\"src\":\"https:\/\/www.sportomokykla.lt\/vrssm\/wp\/wp-content\/uploads\/2019\/03\/Boxing-1.mp4\",\"type\":\"video\/mp4\",\"title\":\"\",\"caption\":\"\",\"description\":\"\",\"meta\":{\"length_formatted\":\"0:34\"},\"dimensions\":{\"original\":{\"width\":1280,\"height\":720},\"resized\":{\"width\":640,\"height\":360}},\"image\":{\"src\":\"https:\/\/www.sportomokykla.lt\/vrssm\/wp\/wp-includes\/images\/media\/video.svg\",\"width\":48,\"height\":64},\"thumb\":{\"src\":\"https:\/\/www.sportomokykla.lt\/vrssm\/wp\/wp-includes\/images\/media\/video.svg\",\"width\":48,\"height\":64}}]}<\/script>\n<\/div>\n\t\n\n\n<p class=\"has-text-align-center\">________________________________________________<\/p>\n\n\n\n<p class=\"has-text-align-center\"><strong><span style=\"color:#008080\" class=\"has-inline-color\">Nauczyciel &#8211; &nbsp;Pawe\u0142 Dajnarowicz<\/span><\/strong><\/p>\n\n\n\n<figure class=\"wp-block-gallery has-nested-images columns-0 is-cropped wp-block-gallery-1 is-layout-flex wp-block-gallery-is-layout-flex\"><\/figure>\n\n\n\n<p><strong><span style=\"color:#666699\" class=\"has-inline-color\">Zaj\u0119cia odbywaj\u0105 si\u0119: w Rzeszy, w sali sportowej Szko\u0142y Podstawowej im. \u015bw. Faustyny Kowalskiej.<\/span><\/strong><\/p>\n\n\n\n<ul class=\"wp-block-list\">\n<li>Poniedzia\u0142ek: 16.05 &#8211; 19.05<\/li>\n\n\n\n<li>Wtorek: 15.15 &#8211; 18.15<\/li>\n\n\n\n<li>\u015aroda: 16.05 &#8211; 9.05<\/li>\n\n\n\n<li>Pi\u0105tek: 16.05 &#8211; 19.05<\/li>\n<\/ul>\n\n\n\n<figure class=\"wp-block-image aligncenter size-large\"><img loading=\"lazy\" decoding=\"async\" width=\"541\" height=\"433\" src=\"http:\/\/www.sportomokykla.lt\/vrssm\/wp\/wp-content\/uploads\/2020\/11\/image-19-11-20-11-01-1.jpeg\" alt=\"\" class=\"wp-image-10219\" srcset=\"https:\/\/www.sportomokykla.lt\/vrssm\/wp\/wp-content\/uploads\/2020\/11\/image-19-11-20-11-01-1.jpeg 541w, https:\/\/www.sportomokykla.lt\/vrssm\/wp\/wp-content\/uploads\/2020\/11\/image-19-11-20-11-01-1-300x240.jpeg 300w\" sizes=\"auto, (max-width: 541px) 100vw, 541px\" \/><\/figure>\n\n\n\n<p class=\"has-text-align-center\">________________________________________________<\/p>\n\n\n\n<p class=\"has-text-align-center\"><strong><mark style=\"background-color:rgba(0, 0, 0, 0);color:#008080\" class=\"has-inline-color\">Nauczyciel &#8211; \u00a0Witalijus Starenko<\/mark><\/strong><\/p>\n\n\n\n<p><\/p>\n\n\n\n<figure class=\"wp-block-gallery has-nested-images columns-default is-cropped wp-block-gallery-2 is-layout-flex wp-block-gallery-is-layout-flex\"><\/figure>\n\n\n\n<p><strong><mark style=\"background-color:rgba(0, 0, 0, 0);color:#666699\" class=\"has-inline-color\">Zaj\u0119cia odbywaj\u0105 si\u0119: w Rzeszy, w sali sportowej Szko\u0142y Podstawowej im. \u015bw. Faustyny Kowalskiej.<\/mark><\/strong><\/p>\n\n\n\n<ul class=\"wp-block-list\">\n<li>Poniedzia\u0142ek: 16.05 &#8211; 19.05<\/li>\n\n\n\n<li>Wtorek: 16.05 &#8211; 19.05<\/li>\n\n\n\n<li>\u015aroda: 16.05 &#8211; 19.05<\/li>\n\n\n\n<li>Czwartek: 16.05 &#8211; 18.05<\/li>\n\n\n\n<li>Pi\u0105tek: 16.05 &#8211; 19.05<\/li>\n<\/ul>\n\n\n\n<figure class=\"wp-block-gallery aligncenter has-nested-images columns-default is-cropped wp-block-gallery-3 is-layout-flex wp-block-gallery-is-layout-flex\">\n<figure class=\"wp-block-image size-large\"><img loading=\"lazy\" decoding=\"async\" width=\"1024\" height=\"768\" data-id=\"15266\" src=\"https:\/\/www.sportomokykla.lt\/vrssm\/wp\/wp-content\/uploads\/2023\/07\/20230610_115845-1024x768.jpg\" alt=\"\" class=\"wp-image-15266\" srcset=\"https:\/\/www.sportomokykla.lt\/vrssm\/wp\/wp-content\/uploads\/2023\/07\/20230610_115845-1024x768.jpg 1024w, https:\/\/www.sportomokykla.lt\/vrssm\/wp\/wp-content\/uploads\/2023\/07\/20230610_115845-300x225.jpg 300w, https:\/\/www.sportomokykla.lt\/vrssm\/wp\/wp-content\/uploads\/2023\/07\/20230610_115845-768x576.jpg 768w, https:\/\/www.sportomokykla.lt\/vrssm\/wp\/wp-content\/uploads\/2023\/07\/20230610_115845.jpg 1200w\" sizes=\"auto, (max-width: 1024px) 100vw, 1024px\" \/><\/figure>\n<\/figure>\n","protected":false},"excerpt":{"rendered":"<p>Nauczyciel &#8211; &nbsp;Edward Szpakow Zaj\u0119cia odbywaj\u0105 si\u0119 w \u0141awaryszkach, w sali sportowej Gimnazjum im. Stefana Batorego. Poniedzia\u0142ek: 15.00 &#8211; 17.00 Wtorek: 15.00 &#8211; 17.00 Czwartek: 15.00 &#8211; 17.00 Sobota: 14.00 &#8211; 18.00 Telefon nauczyciela: 866253650. ________________________________________________ Nauczyciel &#8211; &nbsp;Pawe\u0142 Dajnarowicz Zaj\u0119cia odbywaj\u0105 si\u0119: w Rzeszy, w sali sportowej Szko\u0142y Podstawowej im. \u015bw. Faustyny Kowalskiej. ________________________________________________ [&hellip;]<\/p>\n","protected":false},"author":1,"featured_media":0,"parent":0,"menu_order":0,"comment_status":"closed","ping_status":"closed","template":"","meta":{"footnotes":""},"class_list":["post-1143","page","type-page","status-publish","hentry"],"_links":{"self":[{"href":"https:\/\/www.sportomokykla.lt\/index.php?rest_route=\/wp\/v2\/pages\/1143","targetHints":{"allow":["GET"]}}],"collection":[{"href":"https:\/\/www.sportomokykla.lt\/index.php?rest_route=\/wp\/v2\/pages"}],"about":[{"href":"https:\/\/www.sportomokykla.lt\/index.php?rest_route=\/wp\/v2\/types\/page"}],"author":[{"embeddable":true,"href":"https:\/\/www.sportomokykla.lt\/index.php?rest_route=\/wp\/v2\/users\/1"}],"replies":[{"embeddable":true,"href":"https:\/\/www.sportomokykla.lt\/index.php?rest_route=%2Fwp%2Fv2%2Fcomments&post=1143"}],"version-history":[{"count":18,"href":"https:\/\/www.sportomokykla.lt\/index.php?rest_route=\/wp\/v2\/pages\/1143\/revisions"}],"predecessor-version":[{"id":15269,"href":"https:\/\/www.sportomokykla.lt\/index.php?rest_route=\/wp\/v2\/pages\/1143\/revisions\/15269"}],"wp:attachment":[{"href":"https:\/\/www.sportomokykla.lt\/index.php?rest_route=%2Fwp%2Fv2%2Fmedia&parent=1143"}],"curies":[{"name":"wp","href":"https:\/\/api.w.org\/{rel}","templated":true}]}}