{"id":1147,"date":"2017-03-22T18:50:21","date_gmt":"2017-03-22T16:50:21","guid":{"rendered":"http:\/\/www.sportomokykla.lt\/vrssm\/wp\/?page_id=1147"},"modified":"2024-04-10T14:36:37","modified_gmt":"2024-04-10T11:36:37","slug":"futbolas","status":"publish","type":"page","link":"https:\/\/www.sportomokykla.lt\/?page_id=1147&lang=lt","title":{"rendered":"Futbolas"},"content":{"rendered":"<div id=\"main\">\n<div class=\"new_post entry clearfix\">\n<div class=\"postcontent\">\n<p style=\"text-align: center;\"><span style=\"color: #008080;\"><strong>Mokytojas &#8211; Kamil Manatov<\/strong><\/span> (1953-09-24)<\/p>\n<div id='gallery-1' class='gallery galleryid-1147 gallery-columns-1 gallery-size-thumbnail'><figure class='gallery-item'>\n\t\t\t<div class='gallery-icon landscape'>\n\t\t\t\t<a href='https:\/\/www.sportomokykla.lt\/vrssm\/wp\/wp-content\/uploads\/2019\/03\/Clipboard014.jpg'><img loading=\"lazy\" decoding=\"async\" width=\"150\" height=\"150\" src=\"https:\/\/www.sportomokykla.lt\/vrssm\/wp\/wp-content\/uploads\/2019\/03\/Clipboard014-150x150.jpg\" class=\"attachment-thumbnail size-thumbnail\" alt=\"\" \/><\/a>\n\t\t\t<\/div><\/figure>\n\t\t<\/div>\n\n<p>1974 \u2013 1985\u00a0 metais studijavo Vilniaus in\u017eineriniame statybos institute. \u012egijo radijo aparat\u016bros konstruktoriaus\u00a0 ir technologo specialyb\u0119. 1981 \u2013 1987 Visuomeniniais pagrindais treniravo Vilniaus miesto \u201eLokomotyvo\u201c komand\u0105. 1987 \u2013 1990 Vilniaus rajone vadovavo vaik\u0173 futbolo b\u016breliui. 2004 metais gavo Lietuvos futbolo federacijos trenerio licencij\u0105, 2008 m.\u00a0 K\u016bno kult\u016bros ir sporto departamento trenerio licencij\u0105.<\/p>\n<p><span style=\"color: #666699;\"><strong>Treniruot\u0117s vyksta: Rudaminoje, Ferdinando Ru\u0161\u010dico gimnazijos <span class=\"has-inline-color\">sporto sal\u0117je ir stadione.<\/span><\/strong><\/span><\/p>\n<ul>\n<li>Pirmadienis: 16.00 &#8211; 19.00<\/li>\n<li>Antradienis: 16.00 &#8211; 19.00<\/li>\n<li>Tre\u010diadienis 17.00 &#8211; 20.00<\/li>\n<li>Ketvirtadienis: 16.00 &#8211; 19.00<\/li>\n<li>Penktadienis: 16.00 &#8211; 19.00<\/li>\n<\/ul>\n<p><span style=\"color: #666699;\"><strong>Su mokytoju galima susisiekti telefonu: 868548188.<\/strong><\/span><\/p>\n<p style=\"text-align: center;\">____________________________________________________<\/p>\n<p style=\"text-align: center;\"><span style=\"color: #008080;\"><strong>Mokytojas &#8211; Valerijus Fadejevas<\/strong><\/span> (1948-08-14)<\/p>\n<div id='gallery-2' class='gallery galleryid-1147 gallery-columns-1 gallery-size-thumbnail'><figure class='gallery-item'>\n\t\t\t<div class='gallery-icon portrait'>\n\t\t\t\t<a href='https:\/\/www.sportomokykla.lt\/vrssm\/wp\/wp-content\/uploads\/2019\/03\/Clipboard012.jpg'><img loading=\"lazy\" decoding=\"async\" width=\"150\" height=\"150\" src=\"https:\/\/www.sportomokykla.lt\/vrssm\/wp\/wp-content\/uploads\/2019\/03\/Clipboard012-150x150.jpg\" class=\"attachment-thumbnail size-thumbnail\" alt=\"\" srcset=\"https:\/\/www.sportomokykla.lt\/vrssm\/wp\/wp-content\/uploads\/2019\/03\/Clipboard012-150x150.jpg 150w, https:\/\/www.sportomokykla.lt\/vrssm\/wp\/wp-content\/uploads\/2019\/03\/Clipboard012-347x350.jpg 347w\" sizes=\"auto, (max-width: 150px) 100vw, 150px\" \/><\/a>\n\t\t\t<\/div><\/figure>\n\t\t<\/div>\n\n<p>1967 \u2013 1969 studijavo centrin\u0117je SSRS treneri\u0173 mokykloje fizin\u0117s kult\u016bros specialyb\u0117je. \u012egijo futbolo trenerio kvalifikacij\u0105. 1980 \u2013 1986 metais studijavo Lietuvos valstybiniame k\u016bno kult\u016bros institute. \u012egijo fizin\u0117s kult\u016bros ir sporto d\u0117stytojo kvalifikacij\u0105. 2003 metais suteikta vyresniojo mokytojo kvalifikacin\u0117 kategorija. Mokytoju dirba nuo 1986 met\u0173.<\/p>\n<p><span style=\"color: #666699;\"><strong>Treniruot\u0117s vyksta: Juod\u0161ili\u0173 \u0161v. U. Leduchovskos gimnazijos<span class=\"has-inline-color\">\u00a0sporto sal\u0117je ir stadione.<\/span><\/strong><\/span><\/p>\n<ul>\n<li>Antradienis: 15.00 \u2013 17.00<\/li>\n<li>Tre\u010diadienis: 15.00 \u2013 17.00<\/li>\n<li>Ketvirtadienis: 15.00 \u2013 17.00<\/li>\n<li>\u0160e\u0161tadienis: 08.00 \u2013 12.00<\/li>\n<\/ul>\n<p><span style=\"color: #666699;\"><strong>Su mokytoju galima susisiekti telefonu: 868785972.<\/strong><\/span><\/p>\n<\/div>\n<\/div>\n<\/div>\n<div id=\"sidebar\" style=\"text-align: center;\">____________________________________________________<\/div>\n<div>\u00a0<\/div>\n\n\n<p class=\"has-text-align-center\"><strong><mark style=\"background-color:rgba(0, 0, 0, 0);color:#008080\" class=\"has-inline-color\">Mokytoja &#8211; Alina <\/mark><\/strong><mark style=\"background-color:rgba(0, 0, 0, 0);color:#008080\" class=\"has-inline-color\"><strong>Lavrinovi\u010d&nbsp;<\/strong><\/mark><\/p>\n\n\n\n<figure class=\"wp-block-image aligncenter size-large\"><img loading=\"lazy\" decoding=\"async\" width=\"180\" height=\"157\" src=\"http:\/\/www.sportomokykla.lt\/vrssm\/wp\/wp-content\/uploads\/2020\/11\/Alina-Lonska-1.png\" alt=\"\" class=\"wp-image-10141\"\/><\/figure>\n\n\n\n<p><strong><span style=\"color:#666699\" class=\"has-inline-color\">Treniruot\u0117s vyksta: Vilniaus r. Nemen\u010din\u0117s Konstanto Par\u010devskio gimnazijos  ir <strong><span style=\"color:#666699\" class=\"has-inline-color\">Vilniaus r. Nemen\u010din\u0117s Gedimino gimnazijos <\/span><\/strong>sporto sal\u0117je ir stadione.<\/span><\/strong><\/p>\n\n\n\n<ul class=\"wp-block-list\">\n<li>Antradienis: 14.30 \u2013 17.30<\/li>\n\n\n\n<li>Tre\u010diadienis: 14.30 &#8211; 17.00<\/li>\n\n\n\n<li>Ketvirtadienis: 14.30 \u2013 17.00<\/li>\n<\/ul>\n\n\n\n<p><\/p>\n\n\n\n<p class=\"has-text-align-center\">____________________________________________________ &nbsp;<\/p>\n\n\n\n<p><\/p>\n","protected":false},"excerpt":{"rendered":"<p>Mokytojas &#8211; Kamil Manatov (1953-09-24) 1974 \u2013 1985\u00a0 metais studijavo Vilniaus in\u017eineriniame statybos institute. \u012egijo radijo aparat\u016bros konstruktoriaus\u00a0 ir technologo specialyb\u0119. 1981 \u2013 1987 Visuomeniniais pagrindais treniravo Vilniaus miesto \u201eLokomotyvo\u201c komand\u0105. 1987 \u2013 1990 Vilniaus rajone vadovavo vaik\u0173 futbolo b\u016breliui. 2004 metais gavo Lietuvos futbolo federacijos trenerio licencij\u0105, 2008 m.\u00a0 K\u016bno kult\u016bros ir sporto departamento [&hellip;]<\/p>\n","protected":false},"author":1,"featured_media":0,"parent":0,"menu_order":0,"comment_status":"closed","ping_status":"closed","template":"","meta":{"footnotes":""},"class_list":["post-1147","page","type-page","status-publish","hentry"],"_links":{"self":[{"href":"https:\/\/www.sportomokykla.lt\/index.php?rest_route=\/wp\/v2\/pages\/1147","targetHints":{"allow":["GET"]}}],"collection":[{"href":"https:\/\/www.sportomokykla.lt\/index.php?rest_route=\/wp\/v2\/pages"}],"about":[{"href":"https:\/\/www.sportomokykla.lt\/index.php?rest_route=\/wp\/v2\/types\/page"}],"author":[{"embeddable":true,"href":"https:\/\/www.sportomokykla.lt\/index.php?rest_route=\/wp\/v2\/users\/1"}],"replies":[{"embeddable":true,"href":"https:\/\/www.sportomokykla.lt\/index.php?rest_route=%2Fwp%2Fv2%2Fcomments&post=1147"}],"version-history":[{"count":42,"href":"https:\/\/www.sportomokykla.lt\/index.php?rest_route=\/wp\/v2\/pages\/1147\/revisions"}],"predecessor-version":[{"id":16225,"href":"https:\/\/www.sportomokykla.lt\/index.php?rest_route=\/wp\/v2\/pages\/1147\/revisions\/16225"}],"wp:attachment":[{"href":"https:\/\/www.sportomokykla.lt\/index.php?rest_route=%2Fwp%2Fv2%2Fmedia&parent=1147"}],"curies":[{"name":"wp","href":"https:\/\/api.w.org\/{rel}","templated":true}]}}