{"id":1171,"date":"2017-03-22T18:52:17","date_gmt":"2017-03-22T16:52:17","guid":{"rendered":"http:\/\/www.sportomokykla.lt\/vrssm\/wp\/?page_id=1171"},"modified":"2023-07-13T10:08:03","modified_gmt":"2023-07-13T07:08:03","slug":"pilka-nozna","status":"publish","type":"page","link":"https:\/\/www.sportomokykla.lt\/?page_id=1171&lang=pl","title":{"rendered":"Pi\u0142ka no\u017cna"},"content":{"rendered":"<p style=\"text-align: center;\"><span style=\"color: #008080;\"><strong>Nauczyciel &#8211; Kamil Manatow<\/strong><\/span>&nbsp;(1953-09-24)<\/p>\n<div id='gallery-1' class='gallery galleryid-1171 gallery-columns-1 gallery-size-thumbnail'><figure class='gallery-item'>\n\t\t\t<div class='gallery-icon landscape'>\n\t\t\t\t<a href='https:\/\/www.sportomokykla.lt\/vrssm\/wp\/wp-content\/uploads\/2019\/03\/Clipboard014-1.jpg'><img loading=\"lazy\" decoding=\"async\" width=\"150\" height=\"150\" src=\"https:\/\/www.sportomokykla.lt\/vrssm\/wp\/wp-content\/uploads\/2019\/03\/Clipboard014-1-150x150.jpg\" class=\"attachment-thumbnail size-thumbnail\" alt=\"\" \/><\/a>\n\t\t\t<\/div><\/figure>\n\t\t<\/div>\n\n<p><span style=\"color: #666699;\"><strong>Zaj\u0119cia odbywaj\u0105 si\u0119: <span class=\"has-inline-color\">w sali sportowej oraz na stadionie <\/span>w Rudaminie, w Gimnazjum im. Ferdynanda Ruszczyca.<\/strong><\/span><\/p>\n<ul>\n<li>Poniedzia\u0142ek:\n<ul>\n<li>16.00 \u2013 18.00 (gr. 1)<\/li>\n<li>18.10 \u2013 20.10 (gr. 2)<\/li>\n<\/ul>\n<\/li>\n<li>&nbsp;Wtorek:\n<ul>\n<li>16.00 \u2013 18.00 (gr. 1)<\/li>\n<li>18.10 \u2013 20.10 (gr. 2)<\/li>\n<\/ul>\n<\/li>\n<li>\u015aroda:\n<ul>\n<li>16.00 \u2013 18.00 (gr. 1)<\/li>\n<li>18.10 \u2013 20.10 (gr. 2)<\/li>\n<\/ul>\n<\/li>\n<li>Czwartek:\n<ul>\n<li>16.00 \u2013 18.00 (gr. 1)<\/li>\n<li>18.10 \u2013 20.10 (gr. 2)<\/li>\n<\/ul>\n<\/li>\n<\/ul>\n<ul>\n<li>Pi\u0105tek:\n<ul>\n<li>15.50 \u2013 17.50 (gr. 2)<\/li>\n<li>18.00 \u2013 21.00 (gr. 1)<\/li>\n<\/ul>\n<\/li>\n<\/ul>\n<p><span style=\"color: #666699;\"><strong>Telefon nauczyciela: 868548188.<\/strong><\/span><\/p>\n<p style=\"text-align: center;\">______________________________________________________<\/p>\n<p style=\"text-align: center;\"><span style=\"color: #008080;\"><strong>Nauczyciel &#8211; Valerijus Fadiejewas<\/strong><\/span> (1948-08-14)<\/p>\n<div id='gallery-2' class='gallery galleryid-1171 gallery-columns-1 gallery-size-thumbnail'><figure class='gallery-item'>\n\t\t\t<div class='gallery-icon portrait'>\n\t\t\t\t<a href='https:\/\/www.sportomokykla.lt\/vrssm\/wp\/wp-content\/uploads\/2019\/03\/Clipboard012-1.jpg'><img loading=\"lazy\" decoding=\"async\" width=\"150\" height=\"150\" src=\"https:\/\/www.sportomokykla.lt\/vrssm\/wp\/wp-content\/uploads\/2019\/03\/Clipboard012-1-150x150.jpg\" class=\"attachment-thumbnail size-thumbnail\" alt=\"\" srcset=\"https:\/\/www.sportomokykla.lt\/vrssm\/wp\/wp-content\/uploads\/2019\/03\/Clipboard012-1-150x150.jpg 150w, https:\/\/www.sportomokykla.lt\/vrssm\/wp\/wp-content\/uploads\/2019\/03\/Clipboard012-1-347x350.jpg 347w\" sizes=\"auto, (max-width: 150px) 100vw, 150px\" \/><\/a>\n\t\t\t<\/div><\/figure>\n\t\t<\/div>\n\n<p><span style=\"color: #666699;\"><strong>Zaj\u0119cia odbywaj\u0105 si\u0119: <span class=\"has-inline-color\">w sali sportowej oraz na stadionie <\/span>Gimnazjum im. Urszuli Led\u00f3chowskiej w Czarnym Borze.<\/strong><\/span><\/p>\n<ul>\n<li>Wtorek: 15.30 \u2013 17.30<\/li>\n<li>\u015aroda: 15.30 \u2013 17.30<\/li>\n<li>Czwartek: 15.30 \u2013 17.30<\/li>\n<li>Sobota: 08.00 \u2013 11.00<\/li>\n<\/ul>\n<p><span style=\"color: #666699;\"><strong>Telefon nauczyciela: 868785972.<\/strong><\/span><\/p>\n\n\n<p class=\"has-text-align-center\">____________________________________________________<\/p>\n\n\n\n<p class=\"has-text-align-center\"><strong><span style=\"color:#008080\" class=\"has-inline-color\">Nauczyciel &#8211; Alina \u0141awrynowicz<\/span><\/strong><\/p>\n\n\n\n<figure class=\"wp-block-image aligncenter size-large\"><img loading=\"lazy\" decoding=\"async\" width=\"180\" height=\"157\" src=\"http:\/\/www.sportomokykla.lt\/vrssm\/wp\/wp-content\/uploads\/2020\/11\/Alina-Lonska.png\" alt=\"\" class=\"wp-image-10138\"\/><\/figure>\n\n\n\n<p><strong><span style=\"color:#666699\" class=\"has-inline-color\">Zaj\u0119cia odbywaj\u0105 si\u0119: w sali sportowej oraz na stadionie Gimnazjum im. Konstantego Parczewskiego w Niemenczynie oraz Gimnazjum Giedymina w Niemenczynie.<\/span><\/strong><\/p>\n\n\n\n<ul class=\"wp-block-list\">\n<li>Poniedzia\u0142ek: 14.45 \u2013 17.15<\/li>\n\n\n\n<li>Wtorek: 14.00 \u2013 16.30<\/li>\n\n\n\n<li>Czwartek: 14.00 \u2013 16.30<\/li>\n\n\n\n<li>Pi\u0105tek: 14.00 \u2013 16.30<\/li>\n<\/ul>\n\n\n\n<p><\/p>\n\n\n\n<p class=\"has-text-align-center\"> ____________________________________________________ <\/p>\n\n\n\n<p><\/p>\n\n\n\n<ul class=\"wp-block-list\"><\/ul>\n\n\n\n<p><\/p>\n","protected":false},"excerpt":{"rendered":"<p>Nauczyciel &#8211; Kamil Manatow&nbsp;(1953-09-24) Zaj\u0119cia odbywaj\u0105 si\u0119: w sali sportowej oraz na stadionie w Rudaminie, w Gimnazjum im. Ferdynanda Ruszczyca. Poniedzia\u0142ek: 16.00 \u2013 18.00 (gr. 1) 18.10 \u2013 20.10 (gr. 2) &nbsp;Wtorek: 16.00 \u2013 18.00 (gr. 1) 18.10 \u2013 20.10 (gr. 2) \u015aroda: 16.00 \u2013 18.00 (gr. 1) 18.10 \u2013 20.10 (gr. 2) Czwartek: 16.00 [&hellip;]<\/p>\n","protected":false},"author":1,"featured_media":0,"parent":0,"menu_order":0,"comment_status":"closed","ping_status":"closed","template":"","meta":{"footnotes":""},"class_list":["post-1171","page","type-page","status-publish","hentry"],"_links":{"self":[{"href":"https:\/\/www.sportomokykla.lt\/index.php?rest_route=\/wp\/v2\/pages\/1171","targetHints":{"allow":["GET"]}}],"collection":[{"href":"https:\/\/www.sportomokykla.lt\/index.php?rest_route=\/wp\/v2\/pages"}],"about":[{"href":"https:\/\/www.sportomokykla.lt\/index.php?rest_route=\/wp\/v2\/types\/page"}],"author":[{"embeddable":true,"href":"https:\/\/www.sportomokykla.lt\/index.php?rest_route=\/wp\/v2\/users\/1"}],"replies":[{"embeddable":true,"href":"https:\/\/www.sportomokykla.lt\/index.php?rest_route=%2Fwp%2Fv2%2Fcomments&post=1171"}],"version-history":[{"count":33,"href":"https:\/\/www.sportomokykla.lt\/index.php?rest_route=\/wp\/v2\/pages\/1171\/revisions"}],"predecessor-version":[{"id":15245,"href":"https:\/\/www.sportomokykla.lt\/index.php?rest_route=\/wp\/v2\/pages\/1171\/revisions\/15245"}],"wp:attachment":[{"href":"https:\/\/www.sportomokykla.lt\/index.php?rest_route=%2Fwp%2Fv2%2Fmedia&parent=1171"}],"curies":[{"name":"wp","href":"https:\/\/api.w.org\/{rel}","templated":true}]}}