{"id":12954,"date":"2022-06-13T15:24:28","date_gmt":"2022-06-13T12:24:28","guid":{"rendered":"https:\/\/www.sportomokykla.lt\/?page_id=12954"},"modified":"2024-07-23T13:53:03","modified_gmt":"2024-07-23T10:53:03","slug":"lesos-veiklai-viesinti","status":"publish","type":"page","link":"https:\/\/www.sportomokykla.lt\/?page_id=12954&lang=lt","title":{"rendered":"L\u0117\u0161os veiklai vie\u0161inti"},"content":{"rendered":"\n<p><strong>Vilniaus r. Nemen\u010din\u0117s sporto mokykla vie\u0161inimui l\u0117\u0161\u0173 neskiria.<\/strong><\/p>\n\n\n\n<p><strong><mark style=\"background-color:rgba(0, 0, 0, 0);color:#3b7c91\" class=\"has-inline-color\">Nuoroda \u012f VIRSIS:<\/mark><\/strong><\/p>\n\n\n\n<p><a href=\"https:\/\/lrkm.lrv.lt\/lt\/veiklos-sritys\/visuomenes-informavimo-politika\/viesosios-informacijos-rengeju-ir-skleideju-informacine-sistema-virsis\"><mark style=\"background-color:rgba(0, 0, 0, 0);color:#0711e3\" class=\"has-inline-color\"><strong>Vie\u0161osios informacijos reng\u0117j\u0173 ir skleid\u0117j\u0173 informacine sistema (VIRSIS)<\/strong><\/mark><\/a><\/p>\n\n\n\n<p><\/p>\n\n\n\n<p><mark style=\"background-color:rgba(0, 0, 0, 0)\" class=\"has-inline-color has-white-color\">&#8230;<\/mark><\/p>\n\n\n\n<p><\/p>\n","protected":false},"excerpt":{"rendered":"<p>Vilniaus r. Nemen\u010din\u0117s sporto mokykla vie\u0161inimui l\u0117\u0161\u0173 neskiria. Nuoroda \u012f VIRSIS: Vie\u0161osios informacijos reng\u0117j\u0173 ir skleid\u0117j\u0173 informacine sistema (VIRSIS) &#8230;<\/p>\n","protected":false},"author":1,"featured_media":0,"parent":0,"menu_order":0,"comment_status":"closed","ping_status":"closed","template":"","meta":{"footnotes":""},"class_list":["post-12954","page","type-page","status-publish","hentry"],"_links":{"self":[{"href":"https:\/\/www.sportomokykla.lt\/index.php?rest_route=\/wp\/v2\/pages\/12954","targetHints":{"allow":["GET"]}}],"collection":[{"href":"https:\/\/www.sportomokykla.lt\/index.php?rest_route=\/wp\/v2\/pages"}],"about":[{"href":"https:\/\/www.sportomokykla.lt\/index.php?rest_route=\/wp\/v2\/types\/page"}],"author":[{"embeddable":true,"href":"https:\/\/www.sportomokykla.lt\/index.php?rest_route=\/wp\/v2\/users\/1"}],"replies":[{"embeddable":true,"href":"https:\/\/www.sportomokykla.lt\/index.php?rest_route=%2Fwp%2Fv2%2Fcomments&post=12954"}],"version-history":[{"count":15,"href":"https:\/\/www.sportomokykla.lt\/index.php?rest_route=\/wp\/v2\/pages\/12954\/revisions"}],"predecessor-version":[{"id":16934,"href":"https:\/\/www.sportomokykla.lt\/index.php?rest_route=\/wp\/v2\/pages\/12954\/revisions\/16934"}],"wp:attachment":[{"href":"https:\/\/www.sportomokykla.lt\/index.php?rest_route=%2Fwp%2Fv2%2Fmedia&parent=12954"}],"curies":[{"name":"wp","href":"https:\/\/api.w.org\/{rel}","templated":true}]}}