{"id":13123,"date":"2022-07-05T19:02:30","date_gmt":"2022-07-05T16:02:30","guid":{"rendered":"https:\/\/www.sportomokykla.lt\/?page_id=13123"},"modified":"2025-09-14T01:57:46","modified_gmt":"2025-09-13T22:57:46","slug":"praneseju-apsauga","status":"publish","type":"page","link":"https:\/\/www.sportomokykla.lt\/?page_id=13123&lang=lt","title":{"rendered":"Prane\u0161\u0117j\u0173 apsauga"},"content":{"rendered":"\n<p class=\"has-body-color has-text-color has-link-color wp-elements-7f641fa3dbd4f215ecd509c8423365a9\"><a href=\"https:\/\/e-seimas.lrs.lt\/portal\/legalAct\/lt\/TAD\/3832a702d8ea11e782d4fd2c44cc67af?jfwid=-1deuyji1xl\">Lietuvos Respublikos prane\u0161\u0117j\u0173 apsaugos \u012fstatymas<\/a>\u00a0(toliau \u2013 \u012estatymas) \u012ftvirtina asmen\u0173, pateikusi\u0173 informacij\u0105 apie pa\u017eeidim\u0105 \u012fstaigoje, su kuria juos sieja ar siejo tarnybos ar darbo santykiai arba sutartiniai santykiai, apsaugos mechanizm\u0105. \u012estatymas taip pat nustato apie pa\u017eeidimus \u012fstaigose prane\u0161usi\u0173 asmen\u0173 teises ir pareigas, j\u0173 teisin\u0117s apsaugos pagrindus ir formas, taip pat \u0161i\u0173 asmen\u0173 apsaugos, skatinimo ir pagalbos jiems priemones, siekiant sudaryti tinkamas galimybes prane\u0161ti apie teis\u0117s pa\u017eeidimus, kelian\u010dius gr\u0117sm\u0119 vie\u0161ajam interesui arba j\u012f pa\u017eeid\u017eian\u010dius, u\u017etikrinti toki\u0173 pa\u017eeidim\u0173 prevencij\u0105 ir atskleidim\u0105.<\/p>\n\n\n\n<p class=\"has-accent-color has-text-color has-link-color wp-elements-a67cf7bfe01d12b15693d90293145843\" style=\"font-size:16px;font-style:normal;font-weight:500\"><mark style=\"background-color:rgba(0, 0, 0, 0);color:#6a1414\" class=\"has-inline-color\">Pagal \u012estatym\u0105 informacija apie pa\u017eeidimus teikiama d\u0117l:<\/mark><\/p>\n\n\n\n<ul class=\"wp-block-list\">\n<li>pavojaus visuomen\u0117s saugumui ar sveikatai, asmens gyvybei ar sveikatai;<\/li>\n\n\n\n<li>pavojaus aplinkai;<\/li>\n\n\n\n<li>kliudymo arba neteis\u0117to poveikio teis\u0117saugos institucij\u0173 atliekamiems tyrimams ar teismams vykdant teisingum\u0105;<\/li>\n\n\n\n<li>neteis\u0117tos veiklos finansavimo;<\/li>\n\n\n\n<li>neteis\u0117to ar neskaidraus vie\u0161\u0173j\u0173 l\u0117\u0161\u0173 ar turto naudojimo;<\/li>\n\n\n\n<li>neteis\u0117tu b\u016bdu \u012fgyto turto;<\/li>\n\n\n\n<li>padaryto pa\u017eeidimo padarini\u0173 sl\u0117pimo, trukdymo nustatyti padarini\u0173 mast\u0105;<\/li>\n\n\n\n<li>kit\u0173 pa\u017eeidim\u0173.<\/li>\n<\/ul>\n\n\n\n<p>Vidinis prane\u0161im\u0173 kanalas&nbsp;<strong>n\u0117ra skirtas<\/strong>&nbsp;skundams, pra\u0161ymas ar prane\u0161imams pateikti siekiant apginti i\u0161skirtinius&nbsp;<strong>asmeninius interesus<\/strong>.<\/p>\n\n\n\n<p class=\"has-text-color has-link-color wp-elements-5efd205fd09798a379011171f31f18ae\" style=\"color:#750000;font-size:16px;font-style:normal;font-weight:500\">Prane\u0161\u0117jas informacij\u0105 apie pa\u017eeidim\u0105 gali pateikti:<\/p>\n\n\n\n<ul class=\"wp-block-list\">\n<li class=\"has-body-color has-text-color has-link-color wp-elements-c6d5f33863fb43d0741b06248bd8d48c\">atsiun\u010diant prane\u0161im\u0105 el. pa\u0161tu: <mark style=\"background-color:rgba(0, 0, 0, 0)\" class=\"has-inline-color has-primary-color\"><a href=\"mailto:pranesk@sportomokykla.lt\">pranesk@sportomokykla.lt<\/a><\/mark><\/li>\n<\/ul>\n\n\n\n<p class=\"has-text-color has-link-color wp-elements-260826926975f3ae4376f821aa5e1c69\" style=\"color:#750000;font-size:16px;font-style:normal;font-weight:500\">Rekomenduojame Asmeniui prane\u0161im\u0105 apie pa\u017eeidim\u0105 teikti u\u017epildant \u0161i\u0105 prane\u0161imo apie pa\u017eeidim\u0105 form\u0105\u00a0<em><a href=\"https:\/\/swim.lt\/wp-content\/uploads\/2019\/09\/Pranesimo_apie_pazeidima_forma_pranesejams.docx\" target=\"_blank\" rel=\"noreferrer noopener\">Prane\u0161imo forma<\/a><br><\/em>Prane\u0161ime turi b\u016bti nurodyta:<\/p>\n\n\n\n<ul class=\"wp-block-list\">\n<li>kas, kada, kokiu b\u016bdu ir kok\u012f pa\u017eeidim\u0105 padar\u0117, daro ar rengiasi padaryti ir pan.;<\/li>\n\n\n\n<li>su\u017einojimo apie pa\u017eeidim\u0105 data ir aplinkyb\u0117s;<\/li>\n\n\n\n<li>vardas, pavard\u0117, asmens kodas, darboviet\u0117 kiti kontaktiniai duomenys;<\/li>\n\n\n\n<li>jei \u012fmanoma, pateikite bet kokius turimus dokumentus, duomenis ar informacij\u0105, atskleid\u017eian\u010di\u0105 galimo pa\u017eeidimo po\u017eymius.<\/li>\n<\/ul>\n\n\n\n<p><\/p>\n\n\n\n<p class=\"has-text-color has-link-color wp-elements-aded20125d4dbb3f4af141686fc5d69f\" style=\"color:#750000;font-style:normal;font-weight:500\">Teis\u0117s aktais reglamentuojantys prane\u0161\u0117j\u0173 apsaug\u0105 ir vidinio apie pa\u017eeidimus teikimo kanalo suk\u016brim\u0105:<\/p>\n\n\n\n<ul class=\"wp-block-list\">\n<li class=\"has-body-color has-text-color has-link-color wp-elements-175d421fb083973e27ac27573606d722\">Lietuvos Respublikos prane\u0161\u0117j\u0173 apsaugos \u012fstatymas\u00a0<em><a href=\"https:\/\/www.e-tar.lt\/portal\/lt\/legalAct\/2986b360db3611e7910a89ac20768b0f\/asr\" target=\"_blank\" rel=\"noreferrer noopener\">Per\u017ei\u016br\u0117ti dokument\u0105<\/a><\/em><\/li>\n\n\n\n<li class=\"has-body-color has-text-color has-link-color wp-elements-5aa28fdf6de3756a94353fbfd581779a\">Lietuvos Respublikos Vyriausyb\u0117s nutarimas \u201eD\u0117l Lietuvos Respublikos prane\u0161\u0117j\u0173 apsaugos \u012fstatymo \u012fgyvendinimo\u201c<mark style=\"background-color:rgba(0, 0, 0, 0);color:#1a22b9\" class=\"has-inline-color\">\u00a0<\/mark><em><a href=\"https:\/\/www.e-tar.lt\/portal\/lt\/legalAct\/c5d99180ed8a11e88568e724760eeafa\" target=\"_blank\" rel=\"noreferrer noopener\">Per\u017ei\u016br\u0117ti dokument\u0105<\/a><\/em><\/li>\n<\/ul>\n\n\n\n<p><\/p>\n","protected":false},"excerpt":{"rendered":"<p>Lietuvos Respublikos prane\u0161\u0117j\u0173 apsaugos \u012fstatymas\u00a0(toliau \u2013 \u012estatymas) \u012ftvirtina asmen\u0173, pateikusi\u0173 informacij\u0105 apie pa\u017eeidim\u0105 \u012fstaigoje, su kuria juos sieja ar siejo tarnybos ar darbo santykiai arba sutartiniai santykiai, apsaugos mechanizm\u0105. \u012estatymas taip pat nustato apie pa\u017eeidimus \u012fstaigose prane\u0161usi\u0173 asmen\u0173 teises ir pareigas, j\u0173 teisin\u0117s apsaugos pagrindus ir formas, taip pat \u0161i\u0173 asmen\u0173 apsaugos, skatinimo ir pagalbos [&hellip;]<\/p>\n","protected":false},"author":1,"featured_media":0,"parent":0,"menu_order":0,"comment_status":"closed","ping_status":"closed","template":"","meta":{"footnotes":""},"class_list":["post-13123","page","type-page","status-publish","hentry"],"_links":{"self":[{"href":"https:\/\/www.sportomokykla.lt\/index.php?rest_route=\/wp\/v2\/pages\/13123","targetHints":{"allow":["GET"]}}],"collection":[{"href":"https:\/\/www.sportomokykla.lt\/index.php?rest_route=\/wp\/v2\/pages"}],"about":[{"href":"https:\/\/www.sportomokykla.lt\/index.php?rest_route=\/wp\/v2\/types\/page"}],"author":[{"embeddable":true,"href":"https:\/\/www.sportomokykla.lt\/index.php?rest_route=\/wp\/v2\/users\/1"}],"replies":[{"embeddable":true,"href":"https:\/\/www.sportomokykla.lt\/index.php?rest_route=%2Fwp%2Fv2%2Fcomments&post=13123"}],"version-history":[{"count":14,"href":"https:\/\/www.sportomokykla.lt\/index.php?rest_route=\/wp\/v2\/pages\/13123\/revisions"}],"predecessor-version":[{"id":19169,"href":"https:\/\/www.sportomokykla.lt\/index.php?rest_route=\/wp\/v2\/pages\/13123\/revisions\/19169"}],"wp:attachment":[{"href":"https:\/\/www.sportomokykla.lt\/index.php?rest_route=%2Fwp%2Fv2%2Fmedia&parent=13123"}],"curies":[{"name":"wp","href":"https:\/\/api.w.org\/{rel}","templated":true}]}}