{"id":1366,"date":"2017-03-27T16:29:12","date_gmt":"2017-03-27T13:29:12","guid":{"rendered":"http:\/\/www.sportomokykla.lt\/vrssm\/wp\/?page_id=1366"},"modified":"2023-07-13T11:59:25","modified_gmt":"2023-07-13T08:59:25","slug":"koszykowka","status":"publish","type":"page","link":"https:\/\/www.sportomokykla.lt\/?page_id=1366&lang=pl","title":{"rendered":"Koszyk\u00f3wka"},"content":{"rendered":"\n<p class=\"has-text-align-center\"><strong><mark style=\"background-color:rgba(0, 0, 0, 0);color:#417a63\" class=\"has-inline-color\">Nauczyciel \u2013 Czes\u0142aw Pocej<\/mark><\/strong><\/p>\n\n\n\n<p><strong><mark style=\"background-color:rgba(0, 0, 0, 0);color:#50517e\" class=\"has-inline-color\">Zaj\u0119cia odbywaj\u0105 si\u0119:\u00a0w sali sportowej oraz na stadionie\u00a0w Rudaminie, w Gimnazjum im. Ferdynanda Ruszczyca oraz w \u201eRyto\u201c Gimnazjum.<\/mark><\/strong><\/p>\n\n\n\n<ul class=\"wp-block-list\">\n<li>Poniedzia\u0142ek: 16.00 \u2013 18.00<\/li>\n\n\n\n<li>\u015aroda: 16.00 \u2013 18.00<\/li>\n\n\n\n<li>Pi\u0105tek: 16.00 \u2013 18.00<\/li>\n<\/ul>\n\n\n\n<figure class=\"wp-block-gallery aligncenter has-nested-images columns-default is-cropped wp-block-gallery-1 is-layout-flex wp-block-gallery-is-layout-flex\">\n<figure class=\"wp-block-image size-large\"><a href=\"https:\/\/www.sportomokykla.lt\/vrssm\/wp\/wp-content\/uploads\/2023\/07\/IMG_4421-2.jpg\"><img loading=\"lazy\" decoding=\"async\" width=\"1024\" height=\"683\" data-id=\"15291\" src=\"https:\/\/www.sportomokykla.lt\/vrssm\/wp\/wp-content\/uploads\/2023\/07\/IMG_4421-2-1024x683.jpg\" alt=\"\" class=\"wp-image-15291\" srcset=\"https:\/\/www.sportomokykla.lt\/vrssm\/wp\/wp-content\/uploads\/2023\/07\/IMG_4421-2-1024x683.jpg 1024w, https:\/\/www.sportomokykla.lt\/vrssm\/wp\/wp-content\/uploads\/2023\/07\/IMG_4421-2-300x200.jpg 300w, https:\/\/www.sportomokykla.lt\/vrssm\/wp\/wp-content\/uploads\/2023\/07\/IMG_4421-2-768x512.jpg 768w, https:\/\/www.sportomokykla.lt\/vrssm\/wp\/wp-content\/uploads\/2023\/07\/IMG_4421-2.jpg 1200w\" sizes=\"auto, (max-width: 1024px) 100vw, 1024px\" \/><\/a><\/figure>\n\n\n\n<figure class=\"wp-block-image size-large\"><a href=\"https:\/\/www.sportomokykla.lt\/vrssm\/wp\/wp-content\/uploads\/2023\/07\/IMG_4457-2.jpg\"><img loading=\"lazy\" decoding=\"async\" width=\"1024\" height=\"683\" data-id=\"15292\" src=\"https:\/\/www.sportomokykla.lt\/vrssm\/wp\/wp-content\/uploads\/2023\/07\/IMG_4457-2-1024x683.jpg\" alt=\"\" class=\"wp-image-15292\" srcset=\"https:\/\/www.sportomokykla.lt\/vrssm\/wp\/wp-content\/uploads\/2023\/07\/IMG_4457-2-1024x683.jpg 1024w, https:\/\/www.sportomokykla.lt\/vrssm\/wp\/wp-content\/uploads\/2023\/07\/IMG_4457-2-300x200.jpg 300w, https:\/\/www.sportomokykla.lt\/vrssm\/wp\/wp-content\/uploads\/2023\/07\/IMG_4457-2-768x512.jpg 768w, https:\/\/www.sportomokykla.lt\/vrssm\/wp\/wp-content\/uploads\/2023\/07\/IMG_4457-2.jpg 1200w\" sizes=\"auto, (max-width: 1024px) 100vw, 1024px\" \/><\/a><\/figure>\n\n\n\n<figure class=\"wp-block-image size-large\"><a href=\"https:\/\/www.sportomokykla.lt\/vrssm\/wp\/wp-content\/uploads\/2023\/07\/IMG_4462-2.jpg\"><img loading=\"lazy\" decoding=\"async\" width=\"1024\" height=\"683\" data-id=\"15293\" src=\"https:\/\/www.sportomokykla.lt\/vrssm\/wp\/wp-content\/uploads\/2023\/07\/IMG_4462-2-1024x683.jpg\" alt=\"\" class=\"wp-image-15293\" srcset=\"https:\/\/www.sportomokykla.lt\/vrssm\/wp\/wp-content\/uploads\/2023\/07\/IMG_4462-2-1024x683.jpg 1024w, https:\/\/www.sportomokykla.lt\/vrssm\/wp\/wp-content\/uploads\/2023\/07\/IMG_4462-2-300x200.jpg 300w, https:\/\/www.sportomokykla.lt\/vrssm\/wp\/wp-content\/uploads\/2023\/07\/IMG_4462-2-768x512.jpg 768w, https:\/\/www.sportomokykla.lt\/vrssm\/wp\/wp-content\/uploads\/2023\/07\/IMG_4462-2.jpg 1200w\" sizes=\"auto, (max-width: 1024px) 100vw, 1024px\" \/><\/a><\/figure>\n\n\n\n<figure class=\"wp-block-image size-large\"><a href=\"https:\/\/www.sportomokykla.lt\/vrssm\/wp\/wp-content\/uploads\/2023\/07\/7533d519f28b9fcfd911f2d310e972fb.0-1.jpg\"><img loading=\"lazy\" decoding=\"async\" width=\"577\" height=\"1024\" data-id=\"15289\" src=\"https:\/\/www.sportomokykla.lt\/vrssm\/wp\/wp-content\/uploads\/2023\/07\/7533d519f28b9fcfd911f2d310e972fb.0-1-577x1024.jpg\" alt=\"\" class=\"wp-image-15289\" srcset=\"https:\/\/www.sportomokykla.lt\/vrssm\/wp\/wp-content\/uploads\/2023\/07\/7533d519f28b9fcfd911f2d310e972fb.0-1-577x1024.jpg 577w, https:\/\/www.sportomokykla.lt\/vrssm\/wp\/wp-content\/uploads\/2023\/07\/7533d519f28b9fcfd911f2d310e972fb.0-1-169x300.jpg 169w, https:\/\/www.sportomokykla.lt\/vrssm\/wp\/wp-content\/uploads\/2023\/07\/7533d519f28b9fcfd911f2d310e972fb.0-1-768x1364.jpg 768w, https:\/\/www.sportomokykla.lt\/vrssm\/wp\/wp-content\/uploads\/2023\/07\/7533d519f28b9fcfd911f2d310e972fb.0-1-865x1536.jpg 865w, https:\/\/www.sportomokykla.lt\/vrssm\/wp\/wp-content\/uploads\/2023\/07\/7533d519f28b9fcfd911f2d310e972fb.0-1-1153x2048.jpg 1153w, https:\/\/www.sportomokykla.lt\/vrssm\/wp\/wp-content\/uploads\/2023\/07\/7533d519f28b9fcfd911f2d310e972fb.0-1.jpg 1200w\" sizes=\"auto, (max-width: 577px) 100vw, 577px\" \/><\/a><\/figure>\n\n\n\n<figure class=\"wp-block-image size-large\"><a href=\"https:\/\/www.sportomokykla.lt\/vrssm\/wp\/wp-content\/uploads\/2023\/07\/8bc36803c0bc04e55595937363a95ee3.0-1.jpg\"><img loading=\"lazy\" decoding=\"async\" width=\"1024\" height=\"577\" data-id=\"15288\" src=\"https:\/\/www.sportomokykla.lt\/vrssm\/wp\/wp-content\/uploads\/2023\/07\/8bc36803c0bc04e55595937363a95ee3.0-1-1024x577.jpg\" alt=\"\" class=\"wp-image-15288\" srcset=\"https:\/\/www.sportomokykla.lt\/vrssm\/wp\/wp-content\/uploads\/2023\/07\/8bc36803c0bc04e55595937363a95ee3.0-1-1024x577.jpg 1024w, https:\/\/www.sportomokykla.lt\/vrssm\/wp\/wp-content\/uploads\/2023\/07\/8bc36803c0bc04e55595937363a95ee3.0-1-300x169.jpg 300w, https:\/\/www.sportomokykla.lt\/vrssm\/wp\/wp-content\/uploads\/2023\/07\/8bc36803c0bc04e55595937363a95ee3.0-1-768x433.jpg 768w, https:\/\/www.sportomokykla.lt\/vrssm\/wp\/wp-content\/uploads\/2023\/07\/8bc36803c0bc04e55595937363a95ee3.0-1.jpg 1200w\" sizes=\"auto, (max-width: 1024px) 100vw, 1024px\" \/><\/a><\/figure>\n\n\n\n<figure class=\"wp-block-image size-large\"><a href=\"https:\/\/www.sportomokykla.lt\/vrssm\/wp\/wp-content\/uploads\/2023\/07\/20230401_194809-1.jpg\"><img loading=\"lazy\" decoding=\"async\" width=\"768\" height=\"1024\" data-id=\"15290\" src=\"https:\/\/www.sportomokykla.lt\/vrssm\/wp\/wp-content\/uploads\/2023\/07\/20230401_194809-1-768x1024.jpg\" alt=\"\" class=\"wp-image-15290\" srcset=\"https:\/\/www.sportomokykla.lt\/vrssm\/wp\/wp-content\/uploads\/2023\/07\/20230401_194809-1-768x1024.jpg 768w, https:\/\/www.sportomokykla.lt\/vrssm\/wp\/wp-content\/uploads\/2023\/07\/20230401_194809-1-225x300.jpg 225w, https:\/\/www.sportomokykla.lt\/vrssm\/wp\/wp-content\/uploads\/2023\/07\/20230401_194809-1-1152x1536.jpg 1152w, https:\/\/www.sportomokykla.lt\/vrssm\/wp\/wp-content\/uploads\/2023\/07\/20230401_194809-1.jpg 1200w\" sizes=\"auto, (max-width: 768px) 100vw, 768px\" \/><\/a><\/figure>\n<\/figure>\n","protected":false},"excerpt":{"rendered":"<p>Nauczyciel \u2013 Czes\u0142aw Pocej Zaj\u0119cia odbywaj\u0105 si\u0119:\u00a0w sali sportowej oraz na stadionie\u00a0w Rudaminie, w Gimnazjum im. Ferdynanda Ruszczyca oraz w \u201eRyto\u201c Gimnazjum.<\/p>\n","protected":false},"author":1,"featured_media":0,"parent":0,"menu_order":0,"comment_status":"closed","ping_status":"closed","template":"","meta":{"footnotes":""},"class_list":["post-1366","page","type-page","status-publish","hentry"],"_links":{"self":[{"href":"https:\/\/www.sportomokykla.lt\/index.php?rest_route=\/wp\/v2\/pages\/1366","targetHints":{"allow":["GET"]}}],"collection":[{"href":"https:\/\/www.sportomokykla.lt\/index.php?rest_route=\/wp\/v2\/pages"}],"about":[{"href":"https:\/\/www.sportomokykla.lt\/index.php?rest_route=\/wp\/v2\/types\/page"}],"author":[{"embeddable":true,"href":"https:\/\/www.sportomokykla.lt\/index.php?rest_route=\/wp\/v2\/users\/1"}],"replies":[{"embeddable":true,"href":"https:\/\/www.sportomokykla.lt\/index.php?rest_route=%2Fwp%2Fv2%2Fcomments&post=1366"}],"version-history":[{"count":6,"href":"https:\/\/www.sportomokykla.lt\/index.php?rest_route=\/wp\/v2\/pages\/1366\/revisions"}],"predecessor-version":[{"id":15295,"href":"https:\/\/www.sportomokykla.lt\/index.php?rest_route=\/wp\/v2\/pages\/1366\/revisions\/15295"}],"wp:attachment":[{"href":"https:\/\/www.sportomokykla.lt\/index.php?rest_route=%2Fwp%2Fv2%2Fmedia&parent=1366"}],"curies":[{"name":"wp","href":"https:\/\/api.w.org\/{rel}","templated":true}]}}