{"id":1369,"date":"2017-03-27T16:32:03","date_gmt":"2017-03-27T13:32:03","guid":{"rendered":"http:\/\/www.sportomokykla.lt\/vrssm\/wp\/?page_id=1369"},"modified":"2024-07-30T14:54:13","modified_gmt":"2024-07-30T11:54:13","slug":"lengvoji-atletika","status":"publish","type":"page","link":"https:\/\/www.sportomokykla.lt\/?page_id=1369&lang=lt","title":{"rendered":"Lengvoji atletika"},"content":{"rendered":"\n<p class=\"has-text-align-center\"><span style=\"color: #008080;\"><strong>Mokytojas \u2013 Vytautas Gra\u017eys <\/strong><strong>(1967-09-10)<\/strong><\/span><\/p>\n\n\n\n<figure class=\"wp-block-image aligncenter size-large\"><a href=\"https:\/\/www.sportomokykla.lt\/vrssm\/wp\/wp-content\/uploads\/2019\/03\/Gra\u017eys.jpg\"><img loading=\"lazy\" decoding=\"async\" width=\"541\" height=\"598\" src=\"https:\/\/www.sportomokykla.lt\/vrssm\/wp\/wp-content\/uploads\/2019\/03\/Gra\u017eys.jpg\" alt=\"\" class=\"wp-image-6891\" srcset=\"https:\/\/www.sportomokykla.lt\/vrssm\/wp\/wp-content\/uploads\/2019\/03\/Gra\u017eys.jpg 541w, https:\/\/www.sportomokykla.lt\/vrssm\/wp\/wp-content\/uploads\/2019\/03\/Gra\u017eys-271x300.jpg 271w\" sizes=\"auto, (max-width: 541px) 100vw, 541px\" \/><\/a><\/figure>\n\n\n\n<p class=\"has-text-align-center\">1988-1992 metais studijavo Vilniaus pedagoginiame universitete. Geografijos ir fizinio aukl\u0117jimo mokytojas. 2007 metais tapo Lietuvos 6 valand\u0173 b\u0117gimo rekordininku. 2008 metais Lietuvos maratono \u010dempionate i\u0161kovojo bronzos medal\u012f. 2009 metais atvirame Latvijos maratono b\u0117gimo \u010dempionate Valmiroje u\u017e\u0117m\u0117 II viet\u0105. Mokytoju dirba nuo 1995 m.<\/p>\n\n\n\n<p class=\"has-text-align-center\"><span style=\"color: #666699;\"><strong>Treniruot\u0117s vyksta: Paber\u017e\u0117je.<\/strong><\/span><\/p>\n\n\n\n<p class=\"has-text-align-center\">Pirmadienis: 15.00 &#8211; 17.00<\/p>\n\n\n\n<p class=\"has-text-align-center\">Antradienis: 15.00 &#8211; 17.00\u00a0<\/p>\n\n\n\n<p class=\"has-text-align-center\">Tre\u010diadienis: 15.00 &#8211; 17.00\u00a0<\/p>\n\n\n\n<p class=\"has-text-align-center\">Ketvirtadienis: 15.00 &#8211; 17.00\u00a0<\/p>\n\n\n\n<p class=\"has-text-align-center\">Penktadienis: 15.00 &#8211; 17.00\u00a0<\/p>\n\n\n\n<p class=\"has-text-align-center\"><span style=\"color: #666699;\"><strong>Su mokytoju galima susisiekti telefonu: 861186811.<\/strong><\/span><\/p>\n\n\n\n<figure class=\"wp-block-gallery has-nested-images columns-4 is-cropped wp-block-gallery-1 is-layout-flex wp-block-gallery-is-layout-flex\">\n<figure class=\"wp-block-image size-large\"><a href=\"https:\/\/www.sportomokykla.lt\/vrssm\/wp\/wp-content\/uploads\/2019\/03\/IMG_6408.jpg\"><img loading=\"lazy\" decoding=\"async\" width=\"1024\" height=\"883\" data-id=\"6884\" src=\"https:\/\/www.sportomokykla.lt\/vrssm\/wp\/wp-content\/uploads\/2019\/03\/IMG_6408-1024x883.jpg\" alt=\"\" class=\"wp-image-6884\" srcset=\"https:\/\/www.sportomokykla.lt\/vrssm\/wp\/wp-content\/uploads\/2019\/03\/IMG_6408-1024x883.jpg 1024w, https:\/\/www.sportomokykla.lt\/vrssm\/wp\/wp-content\/uploads\/2019\/03\/IMG_6408-300x259.jpg 300w, https:\/\/www.sportomokykla.lt\/vrssm\/wp\/wp-content\/uploads\/2019\/03\/IMG_6408-768x662.jpg 768w, https:\/\/www.sportomokykla.lt\/vrssm\/wp\/wp-content\/uploads\/2019\/03\/IMG_6408.jpg 1687w\" sizes=\"auto, (max-width: 1024px) 100vw, 1024px\" \/><\/a><\/figure>\n\n\n\n<figure class=\"wp-block-image size-large\"><a href=\"https:\/\/www.sportomokykla.lt\/vrssm\/wp\/wp-content\/uploads\/2019\/03\/IMG_20181020_113256_2.jpg\"><img loading=\"lazy\" decoding=\"async\" width=\"1024\" height=\"768\" data-id=\"6888\" src=\"https:\/\/www.sportomokykla.lt\/vrssm\/wp\/wp-content\/uploads\/2019\/03\/IMG_20181020_113256_2-1024x768.jpg\" alt=\"\" class=\"wp-image-6888\" srcset=\"https:\/\/www.sportomokykla.lt\/vrssm\/wp\/wp-content\/uploads\/2019\/03\/IMG_20181020_113256_2-1024x768.jpg 1024w, https:\/\/www.sportomokykla.lt\/vrssm\/wp\/wp-content\/uploads\/2019\/03\/IMG_20181020_113256_2-300x225.jpg 300w, https:\/\/www.sportomokykla.lt\/vrssm\/wp\/wp-content\/uploads\/2019\/03\/IMG_20181020_113256_2-768x576.jpg 768w\" sizes=\"auto, (max-width: 1024px) 100vw, 1024px\" \/><\/a><\/figure>\n\n\n\n<figure class=\"wp-block-image size-large\"><a href=\"https:\/\/www.sportomokykla.lt\/vrssm\/wp\/wp-content\/uploads\/2019\/03\/IMG_20181020_123312.jpg\"><img loading=\"lazy\" decoding=\"async\" width=\"1024\" height=\"768\" data-id=\"6889\" src=\"https:\/\/www.sportomokykla.lt\/vrssm\/wp\/wp-content\/uploads\/2019\/03\/IMG_20181020_123312-1024x768.jpg\" alt=\"\" class=\"wp-image-6889\" srcset=\"https:\/\/www.sportomokykla.lt\/vrssm\/wp\/wp-content\/uploads\/2019\/03\/IMG_20181020_123312-1024x768.jpg 1024w, https:\/\/www.sportomokykla.lt\/vrssm\/wp\/wp-content\/uploads\/2019\/03\/IMG_20181020_123312-300x225.jpg 300w, https:\/\/www.sportomokykla.lt\/vrssm\/wp\/wp-content\/uploads\/2019\/03\/IMG_20181020_123312-768x576.jpg 768w\" sizes=\"auto, (max-width: 1024px) 100vw, 1024px\" \/><\/a><\/figure>\n\n\n\n<figure class=\"wp-block-image size-large\"><a href=\"https:\/\/www.sportomokykla.lt\/vrssm\/wp\/wp-content\/uploads\/2019\/03\/IMG_6504.jpg\"><img loading=\"lazy\" decoding=\"async\" width=\"1024\" height=\"1024\" data-id=\"6887\" src=\"https:\/\/www.sportomokykla.lt\/vrssm\/wp\/wp-content\/uploads\/2019\/03\/IMG_6504-1024x1024.jpg\" alt=\"\" class=\"wp-image-6887\" srcset=\"https:\/\/www.sportomokykla.lt\/vrssm\/wp\/wp-content\/uploads\/2019\/03\/IMG_6504-1024x1024.jpg 1024w, https:\/\/www.sportomokykla.lt\/vrssm\/wp\/wp-content\/uploads\/2019\/03\/IMG_6504-150x150.jpg 150w, https:\/\/www.sportomokykla.lt\/vrssm\/wp\/wp-content\/uploads\/2019\/03\/IMG_6504-300x300.jpg 300w, https:\/\/www.sportomokykla.lt\/vrssm\/wp\/wp-content\/uploads\/2019\/03\/IMG_6504-768x768.jpg 768w\" sizes=\"auto, (max-width: 1024px) 100vw, 1024px\" \/><\/a><\/figure>\n<\/figure>\n\n\n\n<p class=\"has-text-align-center\">&nbsp;<\/p>\n\n\n\n<p class=\"has-text-align-center\"><strong>_________________________________________<\/strong><\/p>\n\n\n\n<p class=\"has-text-align-center\"><strong><mark style=\"background-color:rgba(0, 0, 0, 0);color:#346451\" class=\"has-inline-color\">Mokytoja &#8211; Violeta Pavtel (1<\/mark><mark style=\"background-color:rgba(0, 0, 0, 0);color:#406456\" class=\"has-inline-color\">992-02-22)<\/mark><\/strong><\/p>\n\n\n\n<p class=\"has-text-align-center\"><strong><mark style=\"background-color:rgba(0, 0, 0, 0);color:#6870c6\" class=\"has-inline-color\">Treniruot\u0117s vyksta: <strong>Juod\u0161ili\u0173 \u0161v. U. Leduchovskos<\/strong> gimnazijos&nbsp;sporto sal\u0117je ir stadione.<\/mark><\/strong><\/p>\n\n\n\n<p class=\"has-text-align-center\">Pirmadienis: 14.30 &#8211; 18.00<\/p>\n\n\n\n<p class=\"has-text-align-center\">Antradienis: 15.00 &#8211; 17.00&nbsp;<\/p>\n\n\n\n<p class=\"has-text-align-center\">Tre\u010diadienis: 15.00 &#8211; 17.00&nbsp;<\/p>\n\n\n\n<p class=\"has-text-align-center\">Ketvirtadienis: 15.00 &#8211; 17.00&nbsp;<\/p>\n\n\n\n<p class=\"has-text-align-center\">Penktadienis: 15.00 &#8211; 17.00&nbsp;<\/p>\n\n\n\n<p class=\"has-text-align-center\"><strong style=\"white-space: normal;\"><mark style=\"background-color: rgba(0, 0, 0, 0); color: rgb(52, 100, 81);\" class=\"has-inline-color\">Mokytojas &#8211; Artur Mastianica&nbsp;<\/mark><\/strong><\/p>\n\n\n\n<p class=\"has-text-align-center\">Pirmadienis: 14.30 &#8211; 18.00<\/p>\n\n\n\n<p class=\"has-text-align-center\">Antradienis: 13.30 &#8211; 17.00&nbsp;<\/p>\n\n\n\n<p class=\"has-text-align-center\">Tre\u010diadienis: 14.00 &#8211; 17.30&nbsp;<\/p>\n\n\n\n<p class=\"has-text-align-center\">\u0160e\u0161tadienis: 14.00 &#8211; 17.30&nbsp;<\/p>\n\n\n\n<p><\/p>\n","protected":false},"excerpt":{"rendered":"<p>Mokytojas \u2013 Vytautas Gra\u017eys (1967-09-10) 1988-1992 metais studijavo Vilniaus pedagoginiame universitete. Geografijos ir fizinio aukl\u0117jimo mokytojas. 2007 metais tapo Lietuvos 6 valand\u0173 b\u0117gimo rekordininku. 2008 metais Lietuvos maratono \u010dempionate i\u0161kovojo bronzos medal\u012f. 2009 metais atvirame Latvijos maratono b\u0117gimo \u010dempionate Valmiroje u\u017e\u0117m\u0117 II viet\u0105. Mokytoju dirba nuo 1995 m. Treniruot\u0117s vyksta: Paber\u017e\u0117je. Pirmadienis: 15.00 &#8211; 17.00 [&hellip;]<\/p>\n","protected":false},"author":1,"featured_media":0,"parent":0,"menu_order":0,"comment_status":"closed","ping_status":"closed","template":"","meta":{"footnotes":""},"class_list":["post-1369","page","type-page","status-publish","hentry"],"_links":{"self":[{"href":"https:\/\/www.sportomokykla.lt\/index.php?rest_route=\/wp\/v2\/pages\/1369","targetHints":{"allow":["GET"]}}],"collection":[{"href":"https:\/\/www.sportomokykla.lt\/index.php?rest_route=\/wp\/v2\/pages"}],"about":[{"href":"https:\/\/www.sportomokykla.lt\/index.php?rest_route=\/wp\/v2\/types\/page"}],"author":[{"embeddable":true,"href":"https:\/\/www.sportomokykla.lt\/index.php?rest_route=\/wp\/v2\/users\/1"}],"replies":[{"embeddable":true,"href":"https:\/\/www.sportomokykla.lt\/index.php?rest_route=%2Fwp%2Fv2%2Fcomments&post=1369"}],"version-history":[{"count":26,"href":"https:\/\/www.sportomokykla.lt\/index.php?rest_route=\/wp\/v2\/pages\/1369\/revisions"}],"predecessor-version":[{"id":16993,"href":"https:\/\/www.sportomokykla.lt\/index.php?rest_route=\/wp\/v2\/pages\/1369\/revisions\/16993"}],"wp:attachment":[{"href":"https:\/\/www.sportomokykla.lt\/index.php?rest_route=%2Fwp%2Fv2%2Fmedia&parent=1369"}],"curies":[{"name":"wp","href":"https:\/\/api.w.org\/{rel}","templated":true}]}}