{"id":1373,"date":"2017-03-27T16:54:24","date_gmt":"2017-03-27T13:54:24","guid":{"rendered":"http:\/\/www.sportomokykla.lt\/vrssm\/wp\/?page_id=1373"},"modified":"2023-07-13T10:04:17","modified_gmt":"2023-07-13T07:04:17","slug":"lekkoatletyka","status":"publish","type":"page","link":"https:\/\/www.sportomokykla.lt\/?page_id=1373&lang=pl","title":{"rendered":"Lekkoatletyka"},"content":{"rendered":"<p style=\"text-align: center;\"><span style=\"color: #008080;\"><strong>Nauczyciel \u2013 Vytautas Gra\u017eys <\/strong><strong>(1967-09-10)<\/strong><\/span><\/p>\n<div id='gallery-1' class='gallery galleryid-1373 gallery-columns-1 gallery-size-thumbnail'><figure class='gallery-item'>\n\t\t\t<div class='gallery-icon portrait'>\n\t\t\t\t<a href='https:\/\/www.sportomokykla.lt\/vrssm\/wp\/wp-content\/uploads\/2019\/03\/Gra\u017eys-1.jpg'><img loading=\"lazy\" decoding=\"async\" width=\"150\" height=\"150\" src=\"https:\/\/www.sportomokykla.lt\/vrssm\/wp\/wp-content\/uploads\/2019\/03\/Gra\u017eys-1-150x150.jpg\" class=\"attachment-thumbnail size-thumbnail\" alt=\"\" \/><\/a>\n\t\t\t<\/div><\/figure>\n\t\t<\/div>\n\n<p><span style=\"color: #666699;\"><strong>Zaj\u0119cia odbywaj\u0105 si\u0119:\u00a0w Podbrzeziu.<\/strong><\/span><\/p>\n<ul>\n<li>Poniedzia\u0142ek:\n<ul>\n<li>15.00 \u2013 17.30 (gr. 2)<\/li>\n<li>17.40 \u2013 20.10 (gr. 1)<\/li>\n<\/ul>\n<\/li>\n<li>Wtorek:\n<ul>\n<li>15.00 \u2013 17.00 (gr. 2)<\/li>\n<li>17.10 \u2013 19.40 (gr. 1)<\/li>\n<\/ul>\n<\/li>\n<li>\u015aroda:\n<ul>\n<li>15.00 \u2013 17.00 (gr. 1)<\/li>\n<\/ul>\n<\/li>\n<li>Czwartek:\n<ul>\n<li>15.00 \u2013 17.30 (gr. 2)<\/li>\n<li>17.40 \u2013 20.10 (gr. 1)<\/li>\n<\/ul>\n<\/li>\n<li>Pi\u0105tek:\n<ul>\n<li>15.00 \u2013 17.00 (gr. 2)<\/li>\n<li>17.10 \u2013 19.40 (gr. 1)<\/li>\n<\/ul>\n<\/li>\n<\/ul>\n<p><span style=\"color: #666699;\"><strong>Telefon nauczyciela: 861186811.<\/strong><\/span><\/p>\n<div id='gallery-2' class='gallery galleryid-1373 gallery-columns-4 gallery-size-thumbnail'><figure class='gallery-item'>\n\t\t\t<div class='gallery-icon landscape'>\n\t\t\t\t<a href='https:\/\/www.sportomokykla.lt\/vrssm\/wp\/wp-content\/uploads\/2019\/03\/IMG_6408-1.jpg'><img loading=\"lazy\" decoding=\"async\" width=\"150\" height=\"150\" src=\"https:\/\/www.sportomokykla.lt\/vrssm\/wp\/wp-content\/uploads\/2019\/03\/IMG_6408-1-150x150.jpg\" class=\"attachment-thumbnail size-thumbnail\" alt=\"\" \/><\/a>\n\t\t\t<\/div><\/figure><figure class='gallery-item'>\n\t\t\t<div class='gallery-icon landscape'>\n\t\t\t\t<a href='https:\/\/www.sportomokykla.lt\/vrssm\/wp\/wp-content\/uploads\/2019\/03\/IMG_20181020_113256_2-1.jpg'><img loading=\"lazy\" decoding=\"async\" width=\"150\" height=\"150\" src=\"https:\/\/www.sportomokykla.lt\/vrssm\/wp\/wp-content\/uploads\/2019\/03\/IMG_20181020_113256_2-1-150x150.jpg\" class=\"attachment-thumbnail size-thumbnail\" alt=\"\" \/><\/a>\n\t\t\t<\/div><\/figure><figure class='gallery-item'>\n\t\t\t<div class='gallery-icon landscape'>\n\t\t\t\t<a href='https:\/\/www.sportomokykla.lt\/vrssm\/wp\/wp-content\/uploads\/2019\/03\/IMG_20181020_123312-1.jpg'><img loading=\"lazy\" decoding=\"async\" width=\"150\" height=\"150\" src=\"https:\/\/www.sportomokykla.lt\/vrssm\/wp\/wp-content\/uploads\/2019\/03\/IMG_20181020_123312-1-150x150.jpg\" class=\"attachment-thumbnail size-thumbnail\" alt=\"\" \/><\/a>\n\t\t\t<\/div><\/figure><figure class='gallery-item'>\n\t\t\t<div class='gallery-icon landscape'>\n\t\t\t\t<a href='https:\/\/www.sportomokykla.lt\/vrssm\/wp\/wp-content\/uploads\/2019\/03\/IMG_6504-1.jpg'><img loading=\"lazy\" decoding=\"async\" width=\"150\" height=\"150\" src=\"https:\/\/www.sportomokykla.lt\/vrssm\/wp\/wp-content\/uploads\/2019\/03\/IMG_6504-1-150x150.jpg\" class=\"attachment-thumbnail size-thumbnail\" alt=\"\" srcset=\"https:\/\/www.sportomokykla.lt\/vrssm\/wp\/wp-content\/uploads\/2019\/03\/IMG_6504-1-150x150.jpg 150w, https:\/\/www.sportomokykla.lt\/vrssm\/wp\/wp-content\/uploads\/2019\/03\/IMG_6504-1-300x300.jpg 300w, https:\/\/www.sportomokykla.lt\/vrssm\/wp\/wp-content\/uploads\/2019\/03\/IMG_6504-1-768x768.jpg 768w, https:\/\/www.sportomokykla.lt\/vrssm\/wp\/wp-content\/uploads\/2019\/03\/IMG_6504-1-1024x1024.jpg 1024w\" sizes=\"auto, (max-width: 150px) 100vw, 150px\" \/><\/a>\n\t\t\t<\/div><\/figure>\n\t\t<\/div>\n\n<p style=\"text-align: center;\">\u00a0<\/p>\n<p>\u00a0<\/p>\n\n\n<p class=\"has-text-align-center\"><strong>_________________________________________<\/strong><\/p>\n\n\n\n<p class=\"has-text-align-center\"><strong><mark style=\"background-color:rgba(0, 0, 0, 0);color:#196549\" class=\"has-inline-color\">Nauczyciel &#8211; Violeta Pavtel (1992-02-22)<\/mark><\/strong><\/p>\n\n\n\n<p><\/p>\n\n\n\n<p><strong><mark style=\"background-color:rgba(0, 0, 0, 0);color:#6660c7\" class=\"has-inline-color\">Zaj\u0119cia odbywaj\u0105 si\u0119:&nbsp;w sali sportowej oraz na stadionie&nbsp;Gimnazjum im. Urszuli Led\u00f3<\/mark><mark style=\"background-color:rgba(0, 0, 0, 0);color:#504ca6\" class=\"has-inline-color\">chowskiej w Czarnym Borze.<\/mark><\/strong><\/p>\n\n\n\n<ul class=\"wp-block-list\">\n<li>Poniedzia\u0142ek:\n<ul class=\"wp-block-list\">\n<li>15.00 \u2013 16.00 (4 gr.)<\/li>\n\n\n\n<li>16.10 \u2013 18.10 (5 gr.)<\/li>\n<\/ul>\n<\/li>\n\n\n\n<li>Wtorek:\n<ul class=\"wp-block-list\">\n<li>15.00 \u2013 16.00 (4 gr.)<\/li>\n\n\n\n<li>16.10 \u2013 18.10 (5 gr.)<\/li>\n<\/ul>\n<\/li>\n\n\n\n<li>Czwartek:\n<ul class=\"wp-block-list\">\n<li>14.00 \u2013 16.00 (4 gr.)<\/li>\n\n\n\n<li>16.10 \u2013 18.10 (5 gr.)<\/li>\n<\/ul>\n<\/li>\n<\/ul>\n\n\n\n<p><\/p>\n","protected":false},"excerpt":{"rendered":"<p>Nauczyciel \u2013 Vytautas Gra\u017eys (1967-09-10) Zaj\u0119cia odbywaj\u0105 si\u0119:\u00a0w Podbrzeziu. Poniedzia\u0142ek: 15.00 \u2013 17.30 (gr. 2) 17.40 \u2013 20.10 (gr. 1) Wtorek: 15.00 \u2013 17.00 (gr. 2) 17.10 \u2013 19.40 (gr. 1) \u015aroda: 15.00 \u2013 17.00 (gr. 1) Czwartek: 15.00 \u2013 17.30 (gr. 2) 17.40 \u2013 20.10 (gr. 1) Pi\u0105tek: 15.00 \u2013 17.00 (gr. 2) 17.10 [&hellip;]<\/p>\n","protected":false},"author":1,"featured_media":0,"parent":0,"menu_order":0,"comment_status":"closed","ping_status":"closed","template":"","meta":{"footnotes":""},"class_list":["post-1373","page","type-page","status-publish","hentry"],"_links":{"self":[{"href":"https:\/\/www.sportomokykla.lt\/index.php?rest_route=\/wp\/v2\/pages\/1373","targetHints":{"allow":["GET"]}}],"collection":[{"href":"https:\/\/www.sportomokykla.lt\/index.php?rest_route=\/wp\/v2\/pages"}],"about":[{"href":"https:\/\/www.sportomokykla.lt\/index.php?rest_route=\/wp\/v2\/types\/page"}],"author":[{"embeddable":true,"href":"https:\/\/www.sportomokykla.lt\/index.php?rest_route=\/wp\/v2\/users\/1"}],"replies":[{"embeddable":true,"href":"https:\/\/www.sportomokykla.lt\/index.php?rest_route=%2Fwp%2Fv2%2Fcomments&post=1373"}],"version-history":[{"count":22,"href":"https:\/\/www.sportomokykla.lt\/index.php?rest_route=\/wp\/v2\/pages\/1373\/revisions"}],"predecessor-version":[{"id":15244,"href":"https:\/\/www.sportomokykla.lt\/index.php?rest_route=\/wp\/v2\/pages\/1373\/revisions\/15244"}],"wp:attachment":[{"href":"https:\/\/www.sportomokykla.lt\/index.php?rest_route=%2Fwp%2Fv2%2Fmedia&parent=1373"}],"curies":[{"name":"wp","href":"https:\/\/api.w.org\/{rel}","templated":true}]}}