{"id":14909,"date":"2023-05-23T11:01:55","date_gmt":"2023-05-23T08:01:55","guid":{"rendered":"https:\/\/www.sportomokykla.lt\/?page_id=14909"},"modified":"2025-09-14T02:11:17","modified_gmt":"2025-09-13T23:11:17","slug":"lesos-veiklai-viesinti-2","status":"publish","type":"page","link":"https:\/\/www.sportomokykla.lt\/?page_id=14909&lang=lt","title":{"rendered":"L\u0117\u0161os veiklai vie\u0161inti"},"content":{"rendered":"\n<p class=\"has-text-align-center has-text-color has-link-color wp-elements-03608a34d5ce05e657dc59f3dc02b593\" style=\"color:#750000;font-size:16px\"><strong>Informacija ruo\u0161iama \u2026<\/strong><\/p>\n","protected":false},"excerpt":{"rendered":"<p>Informacija ruo\u0161iama \u2026<\/p>\n","protected":false},"author":1,"featured_media":0,"parent":0,"menu_order":0,"comment_status":"closed","ping_status":"closed","template":"","meta":{"footnotes":""},"class_list":["post-14909","page","type-page","status-publish","hentry"],"_links":{"self":[{"href":"https:\/\/www.sportomokykla.lt\/index.php?rest_route=\/wp\/v2\/pages\/14909","targetHints":{"allow":["GET"]}}],"collection":[{"href":"https:\/\/www.sportomokykla.lt\/index.php?rest_route=\/wp\/v2\/pages"}],"about":[{"href":"https:\/\/www.sportomokykla.lt\/index.php?rest_route=\/wp\/v2\/types\/page"}],"author":[{"embeddable":true,"href":"https:\/\/www.sportomokykla.lt\/index.php?rest_route=\/wp\/v2\/users\/1"}],"replies":[{"embeddable":true,"href":"https:\/\/www.sportomokykla.lt\/index.php?rest_route=%2Fwp%2Fv2%2Fcomments&post=14909"}],"version-history":[{"count":4,"href":"https:\/\/www.sportomokykla.lt\/index.php?rest_route=\/wp\/v2\/pages\/14909\/revisions"}],"predecessor-version":[{"id":19187,"href":"https:\/\/www.sportomokykla.lt\/index.php?rest_route=\/wp\/v2\/pages\/14909\/revisions\/19187"}],"wp:attachment":[{"href":"https:\/\/www.sportomokykla.lt\/index.php?rest_route=%2Fwp%2Fv2%2Fmedia&parent=14909"}],"curies":[{"name":"wp","href":"https:\/\/api.w.org\/{rel}","templated":true}]}}