{"id":15210,"date":"2023-07-10T14:40:17","date_gmt":"2023-07-10T11:40:17","guid":{"rendered":"https:\/\/www.sportomokykla.lt\/?page_id=15210"},"modified":"2023-07-10T16:09:20","modified_gmt":"2023-07-10T13:09:20","slug":"svetaines-medis-2","status":"publish","type":"page","link":"https:\/\/www.sportomokykla.lt\/?page_id=15210&lang=lt","title":{"rendered":"Svetain\u0117s medis"},"content":{"rendered":"<div id=\"wp-realtime-sitemap-menu\"><h3>Menu<\/h3><ul><li id=\"menu-item-1251\" class=\"menu-item menu-item-type-taxonomy menu-item-object-category menu-item-1251\"><a href=\"https:\/\/www.sportomokykla.lt\/?cat=1&#038;lang=lt\">Naujienos<\/a><\/li>\n<li id=\"menu-item-672\" class=\"menu-item menu-item-type-custom menu-item-object-custom menu-item-has-children menu-item-672\"><a href=\"#\">Apie mus<\/a>\n<ul class=\"sub-menu\">\n\t<li id=\"menu-item-1567\" class=\"menu-item menu-item-type-post_type menu-item-object-page menu-item-1567\"><a href=\"https:\/\/www.sportomokykla.lt\/?page_id=621&#038;lang=lt\">M\u016bs\u0173 mokyklos istorija<\/a><\/li>\n\t<li id=\"menu-item-1584\" class=\"menu-item menu-item-type-post_type menu-item-object-page menu-item-1584\"><a href=\"https:\/\/www.sportomokykla.lt\/?page_id=623&#038;lang=lt\">Vizija ir misija<\/a><\/li>\n\t<li id=\"menu-item-1555\" class=\"menu-item menu-item-type-post_type menu-item-object-page menu-item-1555\"><a href=\"https:\/\/www.sportomokykla.lt\/?page_id=630&#038;lang=lt\">Atributika<\/a><\/li>\n\t<li id=\"menu-item-13084\" class=\"menu-item menu-item-type-post_type menu-item-object-page menu-item-13084\"><a href=\"https:\/\/www.sportomokykla.lt\/?page_id=12936&#038;lang=lt\">Mokykliniai autobusai\u00a0<\/a><\/li>\n\t<li id=\"menu-item-1556\" class=\"menu-item menu-item-type-post_type menu-item-object-page menu-item-1556\"><a href=\"https:\/\/www.sportomokykla.lt\/?page_id=634&#038;lang=lt\">Bendros \u017einios<\/a><\/li>\n\t<li id=\"menu-item-13110\" class=\"menu-item menu-item-type-taxonomy menu-item-object-category menu-item-13110\"><a href=\"https:\/\/www.sportomokykla.lt\/?cat=406&#038;lang=lt\">Abiturient\u0173 laidos<\/a><\/li>\n<\/ul>\n<\/li>\n<li id=\"menu-item-9098\" class=\"menu-item menu-item-type-custom menu-item-object-custom menu-item-has-children menu-item-9098\"><a href=\"#\">Strukt\u016bra ir kontaktin\u0117 informacija<\/a>\n<ul class=\"sub-menu\">\n\t<li id=\"menu-item-9103\" class=\"menu-item menu-item-type-post_type menu-item-object-page menu-item-9103\"><a href=\"https:\/\/www.sportomokykla.lt\/?page_id=9099&#038;lang=lt\">Strukt\u016bra<\/a><\/li>\n\t<li id=\"menu-item-1553\" class=\"menu-item menu-item-type-post_type menu-item-object-page menu-item-1553\"><a href=\"https:\/\/www.sportomokykla.lt\/?page_id=632&#038;lang=lt\">Administracija<\/a><\/li>\n\t<li id=\"menu-item-1554\" class=\"menu-item menu-item-type-post_type menu-item-object-page menu-item-1554\"><a href=\"https:\/\/www.sportomokykla.lt\/?page_id=1546&#038;lang=lt\">Kontaktai<\/a><\/li>\n\t<li id=\"menu-item-16942\" class=\"menu-item menu-item-type-post_type menu-item-object-page menu-item-16942\"><a href=\"https:\/\/www.sportomokykla.lt\/?page_id=16940&#038;lang=lt\">Pareigybi\u0173 apra\u0161ai<\/a><\/li>\n\t<li id=\"menu-item-15711\" class=\"menu-item menu-item-type-post_type menu-item-object-page menu-item-15711\"><a href=\"https:\/\/www.sportomokykla.lt\/?page_id=15709&#038;lang=lt\">VRNSM vadovo veiklos ataskaitos<\/a><\/li>\n\t<li id=\"menu-item-1575\" class=\"menu-item menu-item-type-post_type menu-item-object-page menu-item-1575\"><a href=\"https:\/\/www.sportomokykla.lt\/?page_id=636&#038;lang=lt\">Mokytojai<\/a><\/li>\n\t<li id=\"menu-item-1854\" class=\"menu-item menu-item-type-taxonomy menu-item-object-category menu-item-has-children menu-item-1854\"><a href=\"https:\/\/www.sportomokykla.lt\/?cat=33&#038;lang=lt\">Mokymo grup\u0117s<\/a>\n\t<ul class=\"sub-menu\">\n\t\t<li id=\"menu-item-1558\" class=\"menu-item menu-item-type-post_type menu-item-object-page menu-item-1558\"><a href=\"https:\/\/www.sportomokykla.lt\/?page_id=1140&#038;lang=lt\">Boksas<\/a><\/li>\n\t\t<li id=\"menu-item-1557\" class=\"menu-item menu-item-type-post_type menu-item-object-page menu-item-1557\"><a href=\"https:\/\/www.sportomokykla.lt\/?page_id=1132&#038;lang=lt\">Biatlonas<\/a><\/li>\n\t\t<li id=\"menu-item-1561\" class=\"menu-item menu-item-type-post_type menu-item-object-page menu-item-1561\"><a href=\"https:\/\/www.sportomokykla.lt\/?page_id=1147&#038;lang=lt\">Futbolas<\/a><\/li>\n\t\t<li id=\"menu-item-1562\" class=\"menu-item menu-item-type-post_type menu-item-object-page menu-item-1562\"><a href=\"https:\/\/www.sportomokykla.lt\/?page_id=1364&#038;lang=lt\">Krep\u0161inis<\/a><\/li>\n\t\t<li id=\"menu-item-1564\" class=\"menu-item menu-item-type-post_type menu-item-object-page menu-item-1564\"><a href=\"https:\/\/www.sportomokykla.lt\/?page_id=1369&#038;lang=lt\">Lengvoji atletika<\/a><\/li>\n\t\t<li id=\"menu-item-1570\" class=\"menu-item menu-item-type-post_type menu-item-object-page menu-item-1570\"><a href=\"https:\/\/www.sportomokykla.lt\/?page_id=1375&#038;lang=lt\">\u0160audymas<\/a><\/li>\n\t\t<li id=\"menu-item-1836\" class=\"menu-item menu-item-type-post_type menu-item-object-page menu-item-1836\"><a href=\"https:\/\/www.sportomokykla.lt\/?page_id=1759&#038;lang=lt\">Slidin\u0117jimas<\/a><\/li>\n\t\t<li id=\"menu-item-1835\" class=\"menu-item menu-item-type-post_type menu-item-object-page menu-item-1835\"><a href=\"https:\/\/www.sportomokykla.lt\/?page_id=1790&#038;lang=lt\">Stalo tenisas<\/a><\/li>\n\t\t<li id=\"menu-item-1834\" class=\"menu-item menu-item-type-post_type menu-item-object-page menu-item-1834\"><a href=\"https:\/\/www.sportomokykla.lt\/?page_id=1801&#038;lang=lt\">Imtyn\u0117s<\/a><\/li>\n\t\t<li id=\"menu-item-1833\" class=\"menu-item menu-item-type-post_type menu-item-object-page menu-item-1833\"><a href=\"https:\/\/www.sportomokykla.lt\/?page_id=1807&#038;lang=lt\">Tinklinis<\/a><\/li>\n\t\t<li id=\"menu-item-1832\" class=\"menu-item menu-item-type-post_type menu-item-object-page menu-item-1832\"><a href=\"https:\/\/www.sportomokykla.lt\/?page_id=1811&#038;lang=lt\">\u017dol\u0117s riedulys<\/a><\/li>\n\t<\/ul>\n<\/li>\n\t<li id=\"menu-item-1571\" class=\"menu-item menu-item-type-post_type menu-item-object-page menu-item-1571\"><a href=\"https:\/\/www.sportomokykla.lt\/?page_id=638&#038;lang=lt\">VRNSM taryba<\/a><\/li>\n\t<li id=\"menu-item-1576\" class=\"menu-item menu-item-type-post_type menu-item-object-page menu-item-1576\"><a href=\"https:\/\/www.sportomokykla.lt\/?page_id=640&#038;lang=lt\">VRNSM mokytoj\u0173 taryba<\/a><\/li>\n\t<li id=\"menu-item-10197\" class=\"menu-item menu-item-type-post_type menu-item-object-page menu-item-10197\"><a href=\"https:\/\/www.sportomokykla.lt\/?page_id=10190&#038;lang=lt\">Atestacijos komisija<\/a><\/li>\n\t<li id=\"menu-item-1572\" class=\"menu-item menu-item-type-post_type menu-item-object-page menu-item-1572\"><a href=\"https:\/\/www.sportomokykla.lt\/?page_id=648&#038;lang=lt\">VRNSM veiklos kokyb\u0117s \u012fsivertinimas<\/a><\/li>\n<\/ul>\n<\/li>\n<li id=\"menu-item-8933\" class=\"menu-item menu-item-type-post_type menu-item-object-page menu-item-8933\"><a href=\"https:\/\/www.sportomokykla.lt\/?page_id=8928&#038;lang=lt\">Asmens duomen\u0173 apsauga<\/a><\/li>\n<li id=\"menu-item-9064\" class=\"menu-item menu-item-type-custom menu-item-object-custom menu-item-has-children menu-item-9064\"><a href=\"#\">Administracin\u0117 informacija<\/a>\n<ul class=\"sub-menu\">\n\t<li id=\"menu-item-1568\" class=\"menu-item menu-item-type-post_type menu-item-object-page menu-item-1568\"><a href=\"https:\/\/www.sportomokykla.lt\/?page_id=667&#038;lang=lt\">Nuostatai<\/a><\/li>\n\t<li id=\"menu-item-14926\" class=\"menu-item menu-item-type-post_type menu-item-object-page menu-item-has-children menu-item-14926\"><a href=\"https:\/\/www.sportomokykla.lt\/?page_id=14924&#038;lang=lt\">Planavimo dokumentai<\/a>\n\t<ul class=\"sub-menu\">\n\t\t<li id=\"menu-item-1573\" class=\"menu-item menu-item-type-post_type menu-item-object-page menu-item-1573\"><a href=\"https:\/\/www.sportomokykla.lt\/?page_id=657&#038;lang=lt\">Strateginis planas<\/a><\/li>\n\t\t<li id=\"menu-item-1579\" class=\"menu-item menu-item-type-post_type menu-item-object-page menu-item-1579\"><a href=\"https:\/\/www.sportomokykla.lt\/?page_id=655&#038;lang=lt\">Ugdymo planas<\/a><\/li>\n\t\t<li id=\"menu-item-1582\" class=\"menu-item menu-item-type-post_type menu-item-object-page menu-item-1582\"><a href=\"https:\/\/www.sportomokykla.lt\/?page_id=659&#038;lang=lt\">Veiklos programa<\/a><\/li>\n\t<\/ul>\n<\/li>\n\t<li id=\"menu-item-1569\" class=\"menu-item menu-item-type-post_type menu-item-object-page menu-item-1569\"><a href=\"https:\/\/www.sportomokykla.lt\/?page_id=665&#038;lang=lt\">Pri\u0117mimas \u012f sporto mokykl\u0105<\/a><\/li>\n\t<li id=\"menu-item-1565\" class=\"menu-item menu-item-type-post_type menu-item-object-page menu-item-1565\"><a href=\"https:\/\/www.sportomokykla.lt\/?page_id=816&#038;lang=lt\">Mokini\u0173 elgesio taisykl\u0117s<\/a><\/li>\n\t<li id=\"menu-item-1560\" class=\"menu-item menu-item-type-post_type menu-item-object-page menu-item-1560\"><a href=\"https:\/\/www.sportomokykla.lt\/?page_id=812&#038;lang=lt\">Darbo u\u017emokestis<\/a><\/li>\n\t<li id=\"menu-item-14920\" class=\"menu-item menu-item-type-post_type menu-item-object-page menu-item-14920\"><a href=\"https:\/\/www.sportomokykla.lt\/?page_id=14898&#038;lang=lt\">Paskatinimai ir apdovanojimai<\/a><\/li>\n\t<li id=\"menu-item-1577\" class=\"menu-item menu-item-type-post_type menu-item-object-page menu-item-1577\"><a href=\"https:\/\/www.sportomokykla.lt\/?page_id=820&#038;lang=lt\">Turizmo rengini\u0173 organizavimas<\/a><\/li>\n\t<li id=\"menu-item-1583\" class=\"menu-item menu-item-type-post_type menu-item-object-page menu-item-1583\"><a href=\"https:\/\/www.sportomokykla.lt\/?page_id=809&#038;lang=lt\">Vie\u0161ieji pirkimai<\/a><\/li>\n\t<li id=\"menu-item-9033\" class=\"menu-item menu-item-type-post_type menu-item-object-page menu-item-9033\"><a href=\"https:\/\/www.sportomokykla.lt\/?page_id=9026&#038;lang=lt\">Biud\u017eeto s\u0105matos ir biud\u017eeto vykdymo ataskait\u0173 rinkiniai<\/a><\/li>\n\t<li id=\"menu-item-9032\" class=\"menu-item menu-item-type-post_type menu-item-object-page menu-item-9032\"><a href=\"https:\/\/www.sportomokykla.lt\/?page_id=9028&#038;lang=lt\">Finansini\u0173 ataskait\u0173 rinkiniai<\/a><\/li>\n\t<li id=\"menu-item-13086\" class=\"menu-item menu-item-type-post_type menu-item-object-page menu-item-13086\"><a href=\"https:\/\/www.sportomokykla.lt\/?page_id=12938&#038;lang=lt\">\u016akio subjekt\u0173 prie\u017ei\u016bra<\/a><\/li>\n\t<li id=\"menu-item-14919\" class=\"menu-item menu-item-type-post_type menu-item-object-page menu-item-14919\"><a href=\"https:\/\/www.sportomokykla.lt\/?page_id=14900&#038;lang=lt\">Tarnybiniai lengvieji automobiliai<\/a><\/li>\n\t<li id=\"menu-item-14918\" class=\"menu-item menu-item-type-post_type menu-item-object-page menu-item-14918\"><a href=\"https:\/\/www.sportomokykla.lt\/?page_id=14909&#038;lang=lt\">L\u0117\u0161os veiklai vie\u0161inti<\/a><\/li>\n<\/ul>\n<\/li>\n<li id=\"menu-item-4461\" class=\"menu-item menu-item-type-post_type menu-item-object-page menu-item-4461\"><a href=\"https:\/\/www.sportomokykla.lt\/?page_id=4458&#038;lang=lt\">1,2% parama mokyklai<\/a><\/li>\n<li id=\"menu-item-9037\" class=\"menu-item menu-item-type-post_type menu-item-object-page menu-item-has-children menu-item-9037\"><a href=\"https:\/\/www.sportomokykla.lt\/?page_id=9035&#038;lang=lt\">Teisin\u0117 informacija<\/a>\n<ul class=\"sub-menu\">\n\t<li id=\"menu-item-13129\" class=\"menu-item menu-item-type-post_type menu-item-object-page menu-item-13129\"><a href=\"https:\/\/www.sportomokykla.lt\/?page_id=13119&#038;lang=lt\">Galiojan\u010dio teisinio reguliavimo poveikio ex post vertinimas<\/a><\/li>\n<\/ul>\n<\/li>\n<li id=\"menu-item-12749\" class=\"menu-item menu-item-type-post_type menu-item-object-page menu-item-12749\"><a href=\"https:\/\/www.sportomokykla.lt\/?page_id=12746&#038;lang=lt\">Atviri duomenys<\/a><\/li>\n<li id=\"menu-item-13128\" class=\"menu-item menu-item-type-post_type menu-item-object-page menu-item-13128\"><a href=\"https:\/\/www.sportomokykla.lt\/?page_id=13123&#038;lang=lt\">Prane\u0161\u0117j\u0173 apsauga<\/a><\/li>\n<li id=\"menu-item-673\" class=\"menu-item menu-item-type-custom menu-item-object-custom menu-item-has-children menu-item-673\"><a href=\"#\">Veikla<\/a>\n<ul class=\"sub-menu\">\n\t<li id=\"menu-item-7395\" class=\"menu-item menu-item-type-post_type menu-item-object-page menu-item-7395\"><a href=\"https:\/\/www.sportomokykla.lt\/?page_id=7386&#038;lang=lt\">M\u016bs\u0173 pasiekimai<\/a><\/li>\n\t<li id=\"menu-item-12856\" class=\"menu-item menu-item-type-taxonomy menu-item-object-category menu-item-12856\"><a href=\"https:\/\/www.sportomokykla.lt\/?cat=398&#038;lang=lt\">Projektai<\/a><\/li>\n\t<li id=\"menu-item-1852\" class=\"menu-item menu-item-type-taxonomy menu-item-object-category menu-item-1852\"><a href=\"https:\/\/www.sportomokykla.lt\/?cat=9&#038;lang=lt\">Var\u017eybos<\/a><\/li>\n\t<li id=\"menu-item-1855\" class=\"menu-item menu-item-type-taxonomy menu-item-object-category menu-item-1855\"><a href=\"https:\/\/www.sportomokykla.lt\/?cat=29&#038;lang=lt\">Renginiai<\/a><\/li>\n\t<li id=\"menu-item-1932\" class=\"menu-item menu-item-type-taxonomy menu-item-object-category menu-item-1932\"><a href=\"https:\/\/www.sportomokykla.lt\/?cat=97&#038;lang=lt\">Festivaliai<\/a><\/li>\n\t<li id=\"menu-item-1853\" class=\"menu-item menu-item-type-taxonomy menu-item-object-category menu-item-1853\"><a href=\"https:\/\/www.sportomokykla.lt\/?cat=48&#038;lang=lt\">\u010cempionatai<\/a><\/li>\n\t<li id=\"menu-item-1933\" class=\"menu-item menu-item-type-taxonomy menu-item-object-category menu-item-1933\"><a href=\"https:\/\/www.sportomokykla.lt\/?cat=103&#038;lang=lt\">Taur\u0117s var\u017eybos<\/a><\/li>\n\t<li id=\"menu-item-1934\" class=\"menu-item menu-item-type-taxonomy menu-item-object-category menu-item-1934\"><a href=\"https:\/\/www.sportomokykla.lt\/?cat=101&#038;lang=lt\">Turnyrai<\/a><\/li>\n<\/ul>\n<\/li>\n<li id=\"menu-item-9019\" class=\"menu-item menu-item-type-post_type menu-item-object-page menu-item-9019\"><a href=\"https:\/\/www.sportomokykla.lt\/?page_id=9017&#038;lang=lt\">Korupcijos prevencija<\/a><\/li>\n<li id=\"menu-item-1563\" class=\"menu-item menu-item-type-post_type menu-item-object-page menu-item-1563\"><a href=\"https:\/\/www.sportomokykla.lt\/?page_id=828&#038;lang=lt\">Laisvos darbo vietos<\/a><\/li>\n<li id=\"menu-item-1929\" class=\"menu-item menu-item-type-post_type menu-item-object-page menu-item-1929\"><a href=\"https:\/\/www.sportomokykla.lt\/?page_id=1925&#038;lang=lt\">Nuorodos<\/a><\/li>\n<li id=\"menu-item-14922\" class=\"menu-item menu-item-type-post_type menu-item-object-page menu-item-14922\"><a href=\"https:\/\/www.sportomokykla.lt\/?page_id=14894&#038;lang=lt\">Da\u017eniausiai u\u017eduodami klausimai<\/a><\/li>\n<li id=\"menu-item-14921\" class=\"menu-item menu-item-type-post_type menu-item-object-page menu-item-14921\"><a href=\"https:\/\/www.sportomokykla.lt\/?page_id=14896&#038;lang=lt\">Konsultavimas su visuomene<\/a><\/li>\n<li id=\"menu-item-15213\" class=\"menu-item menu-item-type-post_type menu-item-object-page menu-item-15213\"><a href=\"https:\/\/www.sportomokykla.lt\/?page_id=15210&#038;lang=lt\">Svetain\u0117s medis<\/a><\/li>\n<li id=\"menu-item-1076\" class=\"menu-item menu-item-type-custom menu-item-object-custom menu-item-1076\"><a href=\"http:\/\/www.sportomokykla.lt\/vrssm\/wp\/?lang=lt\"><img decoding=\"async\" src=\"data:image\/png;base64,iVBORw0KGgoAAAANSUhEUgAAABAAAAALCAIAAAD5gJpuAAAABGdBTUEAAK\/INwWK6QAAABl0RVh0U29mdHdhcmUAQWRvYmUgSW1hZ2VSZWFkeXHJZTwAAAGOSURBVHjaYvx9lYHhDwMc\/PvD8A9EgRCEDSShbCBiYgAIIBagaiapZqCa\/\/\/\/Mvz\/x8zwl\/n\/P4b\/f\/7DEVDh\/99ABsO\/358urwQIIBYWJgYGRqCCZ4wgDSAVDP\/\/QqSB6sDo1\/9\/v4GIkVUaaC5AALFc+sIg9evP719AM\/5CjPz37zfYYJCif\/9\/\/YMw\/v1iZf91\/hUDQACx6O9hKHP9\/ujLlz9\/\/\/z59+f3v98g9Pf3LxD569ffXyA2mJTn4z+4gAEggFgYfjD8+fcXyAeqBmkAKQVJA7X9AmlAaAOayPCFASCAWIDO+vv\/z5\/\/f4DqgEJgG34BjYdoA5EQ9v\/fQARUDBBALGtbGXT\/\/\/7+EKgGpAto1r8\/EGVglRDyL1DxH075P5suMgAEEIsZAwP\/mz9\/X4KMAEr\/\/\/XrP8gCMAMu8uf3\/z9\/WTj\/ejAwAAQQyy+gk4BmS0oCpRn+\/AXJARkg9h8gyQgkge79+5fx798\/f\/\/+YGAACCDG2+CI\/gcj\/6FyGZDEgQgYZwABBgAlIndD8dLdmQAAAABJRU5ErkJggg==\"><\/a><\/li>\n<li id=\"menu-item-1078\" class=\"menu-item menu-item-type-custom menu-item-object-custom menu-item-1078\"><a href=\"http:\/\/www.sportomokykla.lt\/vrssm\/wp\/?lang=pl\"><img decoding=\"async\" src=\"data:image\/png;base64,iVBORw0KGgoAAAANSUhEUgAAABAAAAALCAIAAAD5gJpuAAAABGdBTUEAAK\/INwWK6QAAABl0RVh0U29mdHdhcmUAQWRvYmUgSW1hZ2VSZWFkeXHJZTwAAAEISURBVHjaYvz\/8SMDDPyD43\/\/gPQ\/bAAggFhACvn4gMT\/\/\/8Zwdr+\/wcRjP\/\/MzMwMP1HAV+ePQMIIBYGqKL\/yIz\/2AAjI+O\/P38AAoiFSNUQKaCTAAKIBehWRrhqMMSjAagDIIBYGPj5Gfr6\/j979v\/PH4Y\/f\/7D0e\/f\/38DGb\/BjN8gWWnpfwsXAgQQ2EkPH\/5\/8OD\/718MvyHqfv3\/9fv\/r18gNhLJ+OkT0DkAAQR2ElgIZDyyIlTVEMv\/MDAABBBIAzPYAQxwRZja\/gA1\/GX4+xfoHIAAAmlg+v2HQVISbMxfhj8gnYxgIxkgJBD9\/QtBQMUAAcT4FRy5cMSAykWTAgKAAAMA0PVcqMe0XaEAAAAASUVORK5CYII=\"><\/a><\/li>\n<\/ul><\/div>\n","protected":false},"excerpt":{"rendered":"","protected":false},"author":1,"featured_media":0,"parent":0,"menu_order":0,"comment_status":"closed","ping_status":"closed","template":"","meta":{"footnotes":""},"class_list":["post-15210","page","type-page","status-publish","hentry"],"_links":{"self":[{"href":"https:\/\/www.sportomokykla.lt\/index.php?rest_route=\/wp\/v2\/pages\/15210","targetHints":{"allow":["GET"]}}],"collection":[{"href":"https:\/\/www.sportomokykla.lt\/index.php?rest_route=\/wp\/v2\/pages"}],"about":[{"href":"https:\/\/www.sportomokykla.lt\/index.php?rest_route=\/wp\/v2\/types\/page"}],"author":[{"embeddable":true,"href":"https:\/\/www.sportomokykla.lt\/index.php?rest_route=\/wp\/v2\/users\/1"}],"replies":[{"embeddable":true,"href":"https:\/\/www.sportomokykla.lt\/index.php?rest_route=%2Fwp%2Fv2%2Fcomments&post=15210"}],"version-history":[{"count":13,"href":"https:\/\/www.sportomokykla.lt\/index.php?rest_route=\/wp\/v2\/pages\/15210\/revisions"}],"predecessor-version":[{"id":15237,"href":"https:\/\/www.sportomokykla.lt\/index.php?rest_route=\/wp\/v2\/pages\/15210\/revisions\/15237"}],"wp:attachment":[{"href":"https:\/\/www.sportomokykla.lt\/index.php?rest_route=%2Fwp%2Fv2%2Fmedia&parent=15210"}],"curies":[{"name":"wp","href":"https:\/\/api.w.org\/{rel}","templated":true}]}}