{"id":1548,"date":"2017-03-29T09:46:11","date_gmt":"2017-03-29T06:46:11","guid":{"rendered":"http:\/\/www.sportomokykla.lt\/vrssm\/wp\/?page_id=1548"},"modified":"2023-05-16T14:11:42","modified_gmt":"2023-05-16T11:11:42","slug":"kontakty","status":"publish","type":"page","link":"https:\/\/www.sportomokykla.lt\/?page_id=1548&lang=pl","title":{"rendered":"Kontakty"},"content":{"rendered":"<p><span style=\"color: #008080;\"><strong>Nazwa szko\u0142y:<\/strong><\/span><\/p>\n<p><strong>SZKO\u0141A SPORTOWA R. WILE\u0143SKIEGO W NIEMENCZYNIE<\/strong><\/p>\n<p><span style=\"color: #008080;\"><strong>Adres rejestracji i biura:<\/strong><\/span><\/p>\n<p><strong>Kalno g. 16B, Nemen\u010din\u0117, Vilniaus r., LT-15174<\/strong><\/p>\n<p><span style=\"color: #008080;\"><strong>Tel.\/faks.:<\/strong><\/span> <strong>+370 52 371439<\/strong><\/p>\n<p><span style=\"color: #008080;\"><strong>Poczta el.:<\/strong><\/span> <strong><a href=\"mailto:vrssportomokykla@gmail.com\">sekretoriatas@vrssm.vilniausr.lm.lt<\/a><\/strong><\/p>\n<p><span style=\"color: #008080;\"><strong>Kod przedsi\u0119biorstwa:<\/strong><\/span><\/p>\n<p><strong>300048813<\/strong><\/p>\n<p><span style=\"color: #008080;\"><strong>Konto:<\/strong><\/span><\/p>\n<p><strong>UAB \u201eMedicinos bankas\u201c, s\u0105skaitos Nr. LT287230000000345026<\/strong><\/p>\n<p><strong><a href=\"https:\/\/goo.gl\/maps\/K83unAHRJ5cWYX1V7\">Szko\u0142a Sportowa r. Wile\u0144skiego w Niemenczynie &#8211; na mapie \u201eGoogle\u201c<\/a><\/strong><\/p>\n","protected":false},"excerpt":{"rendered":"<p>Nazwa szko\u0142y: SZKO\u0141A SPORTOWA R. WILE\u0143SKIEGO W NIEMENCZYNIE Adres rejestracji i biura: Kalno g. 16B, Nemen\u010din\u0117, Vilniaus r., LT-15174 Tel.\/faks.: +370 52 371439 Poczta el.: sekretoriatas@vrssm.vilniausr.lm.lt Kod przedsi\u0119biorstwa: 300048813 Konto: UAB \u201eMedicinos bankas\u201c, s\u0105skaitos Nr. LT287230000000345026 Szko\u0142a Sportowa r. Wile\u0144skiego w Niemenczynie &#8211; na mapie \u201eGoogle\u201c<\/p>\n","protected":false},"author":1,"featured_media":0,"parent":0,"menu_order":0,"comment_status":"closed","ping_status":"closed","template":"","meta":{"footnotes":""},"class_list":["post-1548","page","type-page","status-publish","hentry"],"_links":{"self":[{"href":"https:\/\/www.sportomokykla.lt\/index.php?rest_route=\/wp\/v2\/pages\/1548","targetHints":{"allow":["GET"]}}],"collection":[{"href":"https:\/\/www.sportomokykla.lt\/index.php?rest_route=\/wp\/v2\/pages"}],"about":[{"href":"https:\/\/www.sportomokykla.lt\/index.php?rest_route=\/wp\/v2\/types\/page"}],"author":[{"embeddable":true,"href":"https:\/\/www.sportomokykla.lt\/index.php?rest_route=\/wp\/v2\/users\/1"}],"replies":[{"embeddable":true,"href":"https:\/\/www.sportomokykla.lt\/index.php?rest_route=%2Fwp%2Fv2%2Fcomments&post=1548"}],"version-history":[{"count":20,"href":"https:\/\/www.sportomokykla.lt\/index.php?rest_route=\/wp\/v2\/pages\/1548\/revisions"}],"predecessor-version":[{"id":14822,"href":"https:\/\/www.sportomokykla.lt\/index.php?rest_route=\/wp\/v2\/pages\/1548\/revisions\/14822"}],"wp:attachment":[{"href":"https:\/\/www.sportomokykla.lt\/index.php?rest_route=%2Fwp%2Fv2%2Fmedia&parent=1548"}],"curies":[{"name":"wp","href":"https:\/\/api.w.org\/{rel}","templated":true}]}}