{"id":1790,"date":"2017-04-01T15:07:50","date_gmt":"2017-04-01T12:07:50","guid":{"rendered":"http:\/\/www.sportomokykla.lt\/vrssm\/wp\/?page_id=1790"},"modified":"2024-07-30T15:00:11","modified_gmt":"2024-07-30T12:00:11","slug":"stalo-tenisas","status":"publish","type":"page","link":"https:\/\/www.sportomokykla.lt\/?page_id=1790&lang=lt","title":{"rendered":"Stalo tenisas"},"content":{"rendered":"\n<p class=\"has-text-align-center\"><span style=\"color: #008080;\"><strong>Mokytojas \u2013 Markas Vaitonis <\/strong><strong>(1973-10-02)<\/strong><\/span><\/p>\n\n\n\n<figure class=\"wp-block-image aligncenter size-large\"><a href=\"https:\/\/www.sportomokykla.lt\/vrssm\/wp\/wp-content\/uploads\/2019\/03\/Clipboard0111.jpg\"><img loading=\"lazy\" decoding=\"async\" width=\"176\" height=\"167\" src=\"https:\/\/www.sportomokykla.lt\/vrssm\/wp\/wp-content\/uploads\/2019\/03\/Clipboard0111.jpg\" alt=\"\" class=\"wp-image-6966\"\/><\/a><\/figure>\n\n\n\n<p class=\"has-text-align-center\">Vilniaus pedagoginiame universitete, Sporto ir sveikatos fakultete \u012fgijo sporto bakalauro i\u0161silavinim\u0105 ir k\u016bno kult\u016bros mokytojo kvalifikacij\u0105. Pedagoginis darbas nuo 2012 met\u0173.<\/p>\n\n\n\n<p class=\"has-text-align-center\"><span style=\"color: #666699;\"><strong>Treniruot\u0117s vyksta: Mick\u016bn\u0173 gimnazijoje.<\/strong><\/span><\/p>\n\n\n\n<p class=\"has-text-align-center\">Pirmadienis: 15.30 \u2013 18.30<\/p>\n\n\n\n<p class=\"has-text-align-center\">Antradienis: 15.30 \u2013 17.30<\/p>\n\n\n\n<p class=\"has-text-align-center\">Ketvirtadienis: 15.30 \u2013 18.30<\/p>\n\n\n\n<p class=\"has-text-align-center\">\u0160e\u0161tadienis: 10.00 \u2013 12.00<\/p>\n\n\n\n<p class=\"has-text-align-center\"><span style=\"color: #666699;\"><strong>Su mokytoju galima susisiekti tel.: +37060306130.<\/strong><\/span><\/p>\n\n\n\n<figure class=\"wp-block-gallery has-nested-images columns-4 is-cropped wp-block-gallery-1 is-layout-flex wp-block-gallery-is-layout-flex\">\n<figure class=\"wp-block-image size-large\"><a href=\"https:\/\/www.sportomokykla.lt\/vrssm\/wp\/wp-content\/uploads\/2019\/03\/49781304_2438202916209680_8337711937462730752_n.jpg\"><img loading=\"lazy\" decoding=\"async\" width=\"798\" height=\"615\" data-id=\"6964\" src=\"https:\/\/www.sportomokykla.lt\/vrssm\/wp\/wp-content\/uploads\/2019\/03\/49781304_2438202916209680_8337711937462730752_n.jpg\" alt=\"\" class=\"wp-image-6964\" srcset=\"https:\/\/www.sportomokykla.lt\/vrssm\/wp\/wp-content\/uploads\/2019\/03\/49781304_2438202916209680_8337711937462730752_n.jpg 798w, https:\/\/www.sportomokykla.lt\/vrssm\/wp\/wp-content\/uploads\/2019\/03\/49781304_2438202916209680_8337711937462730752_n-300x231.jpg 300w, https:\/\/www.sportomokykla.lt\/vrssm\/wp\/wp-content\/uploads\/2019\/03\/49781304_2438202916209680_8337711937462730752_n-768x592.jpg 768w\" sizes=\"auto, (max-width: 798px) 100vw, 798px\" \/><\/a><\/figure>\n\n\n\n<figure class=\"wp-block-image size-large\"><a href=\"https:\/\/www.sportomokykla.lt\/vrssm\/wp\/wp-content\/uploads\/2019\/03\/20181111_194558.jpg\"><img loading=\"lazy\" decoding=\"async\" width=\"1024\" height=\"768\" data-id=\"6947\" src=\"https:\/\/www.sportomokykla.lt\/vrssm\/wp\/wp-content\/uploads\/2019\/03\/20181111_194558-1024x768.jpg\" alt=\"\" class=\"wp-image-6947\" srcset=\"https:\/\/www.sportomokykla.lt\/vrssm\/wp\/wp-content\/uploads\/2019\/03\/20181111_194558-1024x768.jpg 1024w, https:\/\/www.sportomokykla.lt\/vrssm\/wp\/wp-content\/uploads\/2019\/03\/20181111_194558-300x225.jpg 300w, https:\/\/www.sportomokykla.lt\/vrssm\/wp\/wp-content\/uploads\/2019\/03\/20181111_194558-768x576.jpg 768w, https:\/\/www.sportomokykla.lt\/vrssm\/wp\/wp-content\/uploads\/2019\/03\/20181111_194558.jpg 1200w\" sizes=\"auto, (max-width: 1024px) 100vw, 1024px\" \/><\/a><\/figure>\n\n\n\n<figure class=\"wp-block-image size-large\"><a href=\"https:\/\/www.sportomokykla.lt\/vrssm\/wp\/wp-content\/uploads\/2019\/03\/20190311_093238-2.jpg\"><img loading=\"lazy\" decoding=\"async\" width=\"1024\" height=\"768\" data-id=\"6952\" src=\"https:\/\/www.sportomokykla.lt\/vrssm\/wp\/wp-content\/uploads\/2019\/03\/20190311_093238-2-1024x768.jpg\" alt=\"\" class=\"wp-image-6952\" srcset=\"https:\/\/www.sportomokykla.lt\/vrssm\/wp\/wp-content\/uploads\/2019\/03\/20190311_093238-2-1024x768.jpg 1024w, https:\/\/www.sportomokykla.lt\/vrssm\/wp\/wp-content\/uploads\/2019\/03\/20190311_093238-2-300x225.jpg 300w, https:\/\/www.sportomokykla.lt\/vrssm\/wp\/wp-content\/uploads\/2019\/03\/20190311_093238-2-768x576.jpg 768w\" sizes=\"auto, (max-width: 1024px) 100vw, 1024px\" \/><\/a><\/figure>\n\n\n\n<figure class=\"wp-block-image size-large\"><a href=\"https:\/\/www.sportomokykla.lt\/vrssm\/wp\/wp-content\/uploads\/2019\/03\/20190311_164741-2.jpg\"><img loading=\"lazy\" decoding=\"async\" width=\"1024\" height=\"768\" data-id=\"6953\" src=\"https:\/\/www.sportomokykla.lt\/vrssm\/wp\/wp-content\/uploads\/2019\/03\/20190311_164741-2-1024x768.jpg\" alt=\"\" class=\"wp-image-6953\" srcset=\"https:\/\/www.sportomokykla.lt\/vrssm\/wp\/wp-content\/uploads\/2019\/03\/20190311_164741-2-1024x768.jpg 1024w, https:\/\/www.sportomokykla.lt\/vrssm\/wp\/wp-content\/uploads\/2019\/03\/20190311_164741-2-300x225.jpg 300w, https:\/\/www.sportomokykla.lt\/vrssm\/wp\/wp-content\/uploads\/2019\/03\/20190311_164741-2-768x576.jpg 768w\" sizes=\"auto, (max-width: 1024px) 100vw, 1024px\" \/><\/a><\/figure>\n\n\n\n<figure class=\"wp-block-image size-large\"><a href=\"https:\/\/www.sportomokykla.lt\/vrssm\/wp\/wp-content\/uploads\/2019\/03\/20190314_093230-2.jpg\"><img loading=\"lazy\" decoding=\"async\" width=\"1024\" height=\"768\" data-id=\"6954\" src=\"https:\/\/www.sportomokykla.lt\/vrssm\/wp\/wp-content\/uploads\/2019\/03\/20190314_093230-2-1024x768.jpg\" alt=\"\" class=\"wp-image-6954\" srcset=\"https:\/\/www.sportomokykla.lt\/vrssm\/wp\/wp-content\/uploads\/2019\/03\/20190314_093230-2-1024x768.jpg 1024w, https:\/\/www.sportomokykla.lt\/vrssm\/wp\/wp-content\/uploads\/2019\/03\/20190314_093230-2-300x225.jpg 300w, https:\/\/www.sportomokykla.lt\/vrssm\/wp\/wp-content\/uploads\/2019\/03\/20190314_093230-2-768x576.jpg 768w\" sizes=\"auto, (max-width: 1024px) 100vw, 1024px\" \/><\/a><\/figure>\n\n\n\n<figure class=\"wp-block-image size-large\"><a href=\"https:\/\/www.sportomokykla.lt\/vrssm\/wp\/wp-content\/uploads\/2019\/03\/24899737_1898558676840776_406923600262478170_n.jpg\"><img loading=\"lazy\" decoding=\"async\" width=\"960\" height=\"720\" data-id=\"6956\" src=\"https:\/\/www.sportomokykla.lt\/vrssm\/wp\/wp-content\/uploads\/2019\/03\/24899737_1898558676840776_406923600262478170_n.jpg\" alt=\"\" class=\"wp-image-6956\" srcset=\"https:\/\/www.sportomokykla.lt\/vrssm\/wp\/wp-content\/uploads\/2019\/03\/24899737_1898558676840776_406923600262478170_n.jpg 960w, https:\/\/www.sportomokykla.lt\/vrssm\/wp\/wp-content\/uploads\/2019\/03\/24899737_1898558676840776_406923600262478170_n-300x225.jpg 300w, https:\/\/www.sportomokykla.lt\/vrssm\/wp\/wp-content\/uploads\/2019\/03\/24899737_1898558676840776_406923600262478170_n-768x576.jpg 768w\" sizes=\"auto, (max-width: 960px) 100vw, 960px\" \/><\/a><\/figure>\n\n\n\n<figure class=\"wp-block-image size-large\"><a href=\"https:\/\/www.sportomokykla.lt\/vrssm\/wp\/wp-content\/uploads\/2019\/03\/24909941_1898558766840767_4763182840066842526_n.jpg\"><img loading=\"lazy\" decoding=\"async\" width=\"960\" height=\"720\" data-id=\"6957\" src=\"https:\/\/www.sportomokykla.lt\/vrssm\/wp\/wp-content\/uploads\/2019\/03\/24909941_1898558766840767_4763182840066842526_n.jpg\" alt=\"\" class=\"wp-image-6957\" srcset=\"https:\/\/www.sportomokykla.lt\/vrssm\/wp\/wp-content\/uploads\/2019\/03\/24909941_1898558766840767_4763182840066842526_n.jpg 960w, https:\/\/www.sportomokykla.lt\/vrssm\/wp\/wp-content\/uploads\/2019\/03\/24909941_1898558766840767_4763182840066842526_n-300x225.jpg 300w, https:\/\/www.sportomokykla.lt\/vrssm\/wp\/wp-content\/uploads\/2019\/03\/24909941_1898558766840767_4763182840066842526_n-768x576.jpg 768w\" sizes=\"auto, (max-width: 960px) 100vw, 960px\" \/><\/a><\/figure>\n\n\n\n<figure class=\"wp-block-image size-large\"><a href=\"https:\/\/www.sportomokykla.lt\/vrssm\/wp\/wp-content\/uploads\/2019\/03\/26994396_1955238731172770_260064628074276511_n.jpg\"><img loading=\"lazy\" decoding=\"async\" width=\"1024\" height=\"768\" data-id=\"6958\" src=\"https:\/\/www.sportomokykla.lt\/vrssm\/wp\/wp-content\/uploads\/2019\/03\/26994396_1955238731172770_260064628074276511_n-1024x768.jpg\" alt=\"\" class=\"wp-image-6958\" srcset=\"https:\/\/www.sportomokykla.lt\/vrssm\/wp\/wp-content\/uploads\/2019\/03\/26994396_1955238731172770_260064628074276511_n-1024x768.jpg 1024w, https:\/\/www.sportomokykla.lt\/vrssm\/wp\/wp-content\/uploads\/2019\/03\/26994396_1955238731172770_260064628074276511_n-300x225.jpg 300w, https:\/\/www.sportomokykla.lt\/vrssm\/wp\/wp-content\/uploads\/2019\/03\/26994396_1955238731172770_260064628074276511_n-768x576.jpg 768w, https:\/\/www.sportomokykla.lt\/vrssm\/wp\/wp-content\/uploads\/2019\/03\/26994396_1955238731172770_260064628074276511_n.jpg 1200w\" sizes=\"auto, (max-width: 1024px) 100vw, 1024px\" \/><\/a><\/figure>\n\n\n\n<figure class=\"wp-block-image size-large\"><a href=\"https:\/\/www.sportomokykla.lt\/vrssm\/wp\/wp-content\/uploads\/2019\/03\/35882640_2122450364451605_6445987806618583040_n.jpg\"><img loading=\"lazy\" decoding=\"async\" width=\"960\" height=\"720\" data-id=\"6960\" src=\"https:\/\/www.sportomokykla.lt\/vrssm\/wp\/wp-content\/uploads\/2019\/03\/35882640_2122450364451605_6445987806618583040_n.jpg\" alt=\"\" class=\"wp-image-6960\" srcset=\"https:\/\/www.sportomokykla.lt\/vrssm\/wp\/wp-content\/uploads\/2019\/03\/35882640_2122450364451605_6445987806618583040_n.jpg 960w, https:\/\/www.sportomokykla.lt\/vrssm\/wp\/wp-content\/uploads\/2019\/03\/35882640_2122450364451605_6445987806618583040_n-300x225.jpg 300w, https:\/\/www.sportomokykla.lt\/vrssm\/wp\/wp-content\/uploads\/2019\/03\/35882640_2122450364451605_6445987806618583040_n-768x576.jpg 768w\" sizes=\"auto, (max-width: 960px) 100vw, 960px\" \/><\/a><\/figure>\n\n\n\n<figure class=\"wp-block-image size-large\"><a href=\"https:\/\/www.sportomokykla.lt\/vrssm\/wp\/wp-content\/uploads\/2019\/03\/35932208_2122437241119584_8536734940933390336_n.jpg\"><img loading=\"lazy\" decoding=\"async\" width=\"960\" height=\"720\" data-id=\"6961\" src=\"https:\/\/www.sportomokykla.lt\/vrssm\/wp\/wp-content\/uploads\/2019\/03\/35932208_2122437241119584_8536734940933390336_n.jpg\" alt=\"\" class=\"wp-image-6961\" srcset=\"https:\/\/www.sportomokykla.lt\/vrssm\/wp\/wp-content\/uploads\/2019\/03\/35932208_2122437241119584_8536734940933390336_n.jpg 960w, https:\/\/www.sportomokykla.lt\/vrssm\/wp\/wp-content\/uploads\/2019\/03\/35932208_2122437241119584_8536734940933390336_n-300x225.jpg 300w, https:\/\/www.sportomokykla.lt\/vrssm\/wp\/wp-content\/uploads\/2019\/03\/35932208_2122437241119584_8536734940933390336_n-768x576.jpg 768w\" sizes=\"auto, (max-width: 960px) 100vw, 960px\" \/><\/a><\/figure>\n\n\n\n<figure class=\"wp-block-image size-large\"><a href=\"https:\/\/www.sportomokykla.lt\/vrssm\/wp\/wp-content\/uploads\/2019\/03\/42354913_2272355782794395_1512800001204420608_n.jpg\"><img loading=\"lazy\" decoding=\"async\" width=\"960\" height=\"720\" data-id=\"6962\" src=\"https:\/\/www.sportomokykla.lt\/vrssm\/wp\/wp-content\/uploads\/2019\/03\/42354913_2272355782794395_1512800001204420608_n.jpg\" alt=\"\" class=\"wp-image-6962\" srcset=\"https:\/\/www.sportomokykla.lt\/vrssm\/wp\/wp-content\/uploads\/2019\/03\/42354913_2272355782794395_1512800001204420608_n.jpg 960w, https:\/\/www.sportomokykla.lt\/vrssm\/wp\/wp-content\/uploads\/2019\/03\/42354913_2272355782794395_1512800001204420608_n-300x225.jpg 300w, https:\/\/www.sportomokykla.lt\/vrssm\/wp\/wp-content\/uploads\/2019\/03\/42354913_2272355782794395_1512800001204420608_n-768x576.jpg 768w\" sizes=\"auto, (max-width: 960px) 100vw, 960px\" \/><\/a><\/figure>\n\n\n\n<figure class=\"wp-block-image size-large\"><a href=\"https:\/\/www.sportomokykla.lt\/vrssm\/wp\/wp-content\/uploads\/2019\/03\/42494626_2272343069462333_7044979549334929408_n.jpg\"><img loading=\"lazy\" decoding=\"async\" width=\"960\" height=\"720\" data-id=\"6963\" src=\"https:\/\/www.sportomokykla.lt\/vrssm\/wp\/wp-content\/uploads\/2019\/03\/42494626_2272343069462333_7044979549334929408_n.jpg\" alt=\"\" class=\"wp-image-6963\" srcset=\"https:\/\/www.sportomokykla.lt\/vrssm\/wp\/wp-content\/uploads\/2019\/03\/42494626_2272343069462333_7044979549334929408_n.jpg 960w, https:\/\/www.sportomokykla.lt\/vrssm\/wp\/wp-content\/uploads\/2019\/03\/42494626_2272343069462333_7044979549334929408_n-300x225.jpg 300w, https:\/\/www.sportomokykla.lt\/vrssm\/wp\/wp-content\/uploads\/2019\/03\/42494626_2272343069462333_7044979549334929408_n-768x576.jpg 768w\" sizes=\"auto, (max-width: 960px) 100vw, 960px\" \/><\/a><\/figure>\n<\/figure>\n\n\n\n<p class=\"has-text-align-center\"><strong><mark style=\"background-color:rgba(0, 0, 0, 0);color:#008989\" class=\"has-inline-color\">Mokytojas &#8211; <\/mark><\/strong><font color=\"#009f9f\"><mark style=\"background-color:rgba(0, 0, 0, 0);color:#0e8989\" class=\"has-inline-color\"><span style=\"caret-color: rgb(0, 159, 159);\"><b>Viktoras<\/b><\/span><\/mark><\/font><strong><mark style=\"background-color:rgba(0, 0, 0, 0);color:#0e8989\" class=\"has-inline-color\"> Stenkevi\u010dius<\/mark><\/strong><\/p>\n\n\n\n<p class=\"has-text-align-center\"><strong><mark style=\"background-color:rgba(0, 0, 0, 0);color:#009090\" class=\"has-inline-color\">Treniruot\u0117s vyksta:&nbsp;<\/mark><\/strong><\/p>\n\n\n\n<p class=\"has-text-align-center\">Antradienis : 15.00 &#8211; 18.00<\/p>\n\n\n\n<p class=\"has-text-align-center\">Tre\u010diadienis: 14.30 &#8211; 17.30<\/p>\n\n\n\n<p class=\"has-text-align-center\">Ketvirtadienis: 15.00 &#8211; 17.00<\/p>\n\n\n\n<p class=\"has-text-align-center\">Penktadienis: 15.30 &#8211; 17.30<\/p>\n","protected":false},"excerpt":{"rendered":"<p>Mokytojas \u2013 Markas Vaitonis (1973-10-02) Vilniaus pedagoginiame universitete, Sporto ir sveikatos fakultete \u012fgijo sporto bakalauro i\u0161silavinim\u0105 ir k\u016bno kult\u016bros mokytojo kvalifikacij\u0105. Pedagoginis darbas nuo 2012 met\u0173. Treniruot\u0117s vyksta: Mick\u016bn\u0173 gimnazijoje. Pirmadienis: 15.30 \u2013 18.30 Antradienis: 15.30 \u2013 17.30 Ketvirtadienis: 15.30 \u2013 18.30 \u0160e\u0161tadienis: 10.00 \u2013 12.00 Su mokytoju galima susisiekti tel.: +37060306130. Mokytojas &#8211; Viktoras [&hellip;]<\/p>\n","protected":false},"author":1,"featured_media":0,"parent":0,"menu_order":0,"comment_status":"closed","ping_status":"closed","template":"","meta":{"footnotes":""},"class_list":["post-1790","page","type-page","status-publish","hentry"],"_links":{"self":[{"href":"https:\/\/www.sportomokykla.lt\/index.php?rest_route=\/wp\/v2\/pages\/1790","targetHints":{"allow":["GET"]}}],"collection":[{"href":"https:\/\/www.sportomokykla.lt\/index.php?rest_route=\/wp\/v2\/pages"}],"about":[{"href":"https:\/\/www.sportomokykla.lt\/index.php?rest_route=\/wp\/v2\/types\/page"}],"author":[{"embeddable":true,"href":"https:\/\/www.sportomokykla.lt\/index.php?rest_route=\/wp\/v2\/users\/1"}],"replies":[{"embeddable":true,"href":"https:\/\/www.sportomokykla.lt\/index.php?rest_route=%2Fwp%2Fv2%2Fcomments&post=1790"}],"version-history":[{"count":25,"href":"https:\/\/www.sportomokykla.lt\/index.php?rest_route=\/wp\/v2\/pages\/1790\/revisions"}],"predecessor-version":[{"id":16997,"href":"https:\/\/www.sportomokykla.lt\/index.php?rest_route=\/wp\/v2\/pages\/1790\/revisions\/16997"}],"wp:attachment":[{"href":"https:\/\/www.sportomokykla.lt\/index.php?rest_route=%2Fwp%2Fv2%2Fmedia&parent=1790"}],"curies":[{"name":"wp","href":"https:\/\/api.w.org\/{rel}","templated":true}]}}