{"id":1792,"date":"2017-04-01T15:11:15","date_gmt":"2017-04-01T12:11:15","guid":{"rendered":"http:\/\/www.sportomokykla.lt\/vrssm\/wp\/?page_id=1792"},"modified":"2022-09-26T10:37:39","modified_gmt":"2022-09-26T07:37:39","slug":"tenis-stolowy","status":"publish","type":"page","link":"https:\/\/www.sportomokykla.lt\/?page_id=1792&lang=pl","title":{"rendered":"Tenis sto\u0142owy"},"content":{"rendered":"<p style=\"text-align: center;\"><span style=\"color: #008080;\"><strong>Trener &#8211; Jolanta Awgustowska<\/strong><\/span><\/p>\n<div id='gallery-1' class='gallery galleryid-1792 gallery-columns-1 gallery-size-medium'><figure class='gallery-item'>\n\t\t\t<div class='gallery-icon portrait'>\n\t\t\t\t<a href='https:\/\/www.sportomokykla.lt\/vrssm\/wp\/wp-content\/uploads\/2019\/03\/Clipboard011-3.jpg'><img loading=\"lazy\" decoding=\"async\" width=\"229\" height=\"300\" src=\"https:\/\/www.sportomokykla.lt\/vrssm\/wp\/wp-content\/uploads\/2019\/03\/Clipboard011-3-229x300.jpg\" class=\"attachment-medium size-medium\" alt=\"\" srcset=\"https:\/\/www.sportomokykla.lt\/vrssm\/wp\/wp-content\/uploads\/2019\/03\/Clipboard011-3-229x300.jpg 229w, https:\/\/www.sportomokykla.lt\/vrssm\/wp\/wp-content\/uploads\/2019\/03\/Clipboard011-3.jpg 233w\" sizes=\"auto, (max-width: 229px) 100vw, 229px\" \/><\/a>\n\t\t\t<\/div><\/figure>\n\t\t<\/div>\n\n<p><span style=\"color: #666699;\"><strong>Zaj\u0119cia odbywaj\u0105 si\u0119: w Gimnazjum w Zujunach.<\/strong><\/span><\/p>\n<ul>\n<li>Poniedzia\u0142ek:\n<ul>\n<li>14.30 \u2013 \u00a016.30<\/li>\n<\/ul>\n<\/li>\n<li>Wtorek:\n<ul>\n<li>14.30 &#8211; 16.30<\/li>\n<\/ul>\n<\/li>\n<li>\u015aroda:\n<ul>\n<li>14.30 \u2013 \u00a015.30<\/li>\n<\/ul>\n<\/li>\n<li>Czwartek:\n<ul>\n<li>14.30 \u2013 \u00a017.30<\/li>\n<\/ul>\n<\/li>\n<\/ul>\n<p><span style=\"color: #666699;\"><strong>Telefon trenera: 860834367.<\/strong><\/span><\/p>\n<div id='gallery-2' class='gallery galleryid-1792 gallery-columns-4 gallery-size-thumbnail'><figure class='gallery-item'>\n\t\t\t<div class='gallery-icon landscape'>\n\t\t\t\t<a href='https:\/\/www.sportomokykla.lt\/vrssm\/wp\/wp-content\/uploads\/2019\/03\/TenisStFolw20184.jpg'><img loading=\"lazy\" decoding=\"async\" width=\"150\" height=\"150\" src=\"https:\/\/www.sportomokykla.lt\/vrssm\/wp\/wp-content\/uploads\/2019\/03\/TenisStFolw20184-150x150.jpg\" class=\"attachment-thumbnail size-thumbnail\" alt=\"\" \/><\/a>\n\t\t\t<\/div><\/figure><figure class='gallery-item'>\n\t\t\t<div class='gallery-icon portrait'>\n\t\t\t\t<a href='https:\/\/www.sportomokykla.lt\/vrssm\/wp\/wp-content\/uploads\/2019\/03\/TenisStFolw20185.jpg'><img loading=\"lazy\" decoding=\"async\" width=\"150\" height=\"150\" src=\"https:\/\/www.sportomokykla.lt\/vrssm\/wp\/wp-content\/uploads\/2019\/03\/TenisStFolw20185-150x150.jpg\" class=\"attachment-thumbnail size-thumbnail\" alt=\"\" \/><\/a>\n\t\t\t<\/div><\/figure><figure class='gallery-item'>\n\t\t\t<div class='gallery-icon landscape'>\n\t\t\t\t<a href='https:\/\/www.sportomokykla.lt\/vrssm\/wp\/wp-content\/uploads\/2019\/03\/20181111_194812.jpg'><img loading=\"lazy\" decoding=\"async\" width=\"150\" height=\"150\" src=\"https:\/\/www.sportomokykla.lt\/vrssm\/wp\/wp-content\/uploads\/2019\/03\/20181111_194812-150x150.jpg\" class=\"attachment-thumbnail size-thumbnail\" alt=\"\" \/><\/a>\n\t\t\t<\/div><\/figure><figure class='gallery-item'>\n\t\t\t<div class='gallery-icon landscape'>\n\t\t\t\t<a href='https:\/\/www.sportomokykla.lt\/vrssm\/wp\/wp-content\/uploads\/2019\/03\/20190210_141447.jpg'><img loading=\"lazy\" decoding=\"async\" width=\"150\" height=\"150\" src=\"https:\/\/www.sportomokykla.lt\/vrssm\/wp\/wp-content\/uploads\/2019\/03\/20190210_141447-150x150.jpg\" class=\"attachment-thumbnail size-thumbnail\" alt=\"\" \/><\/a>\n\t\t\t<\/div><\/figure><figure class='gallery-item'>\n\t\t\t<div class='gallery-icon portrait'>\n\t\t\t\t<a href='https:\/\/www.sportomokykla.lt\/vrssm\/wp\/wp-content\/uploads\/2019\/03\/20190210_141644.jpg'><img loading=\"lazy\" decoding=\"async\" width=\"150\" height=\"150\" src=\"https:\/\/www.sportomokykla.lt\/vrssm\/wp\/wp-content\/uploads\/2019\/03\/20190210_141644-150x150.jpg\" class=\"attachment-thumbnail size-thumbnail\" alt=\"\" \/><\/a>\n\t\t\t<\/div><\/figure><figure class='gallery-item'>\n\t\t\t<div class='gallery-icon landscape'>\n\t\t\t\t<a href='https:\/\/www.sportomokykla.lt\/vrssm\/wp\/wp-content\/uploads\/2019\/03\/Atviras-Rygos-stalo-teniso-\u010dempionatas-2019-02-15-16-Ryga.jpg'><img loading=\"lazy\" decoding=\"async\" width=\"150\" height=\"150\" src=\"https:\/\/www.sportomokykla.lt\/vrssm\/wp\/wp-content\/uploads\/2019\/03\/Atviras-Rygos-stalo-teniso-\u010dempionatas-2019-02-15-16-Ryga-150x150.jpg\" class=\"attachment-thumbnail size-thumbnail\" alt=\"\" \/><\/a>\n\t\t\t<\/div><\/figure><figure class='gallery-item'>\n\t\t\t<div class='gallery-icon portrait'>\n\t\t\t\t<a href='https:\/\/www.sportomokykla.lt\/vrssm\/wp\/wp-content\/uploads\/2019\/03\/20181125_174726.png'><img loading=\"lazy\" decoding=\"async\" width=\"150\" height=\"150\" src=\"https:\/\/www.sportomokykla.lt\/vrssm\/wp\/wp-content\/uploads\/2019\/03\/20181125_174726-150x150.png\" class=\"attachment-thumbnail size-thumbnail\" alt=\"\" \/><\/a>\n\t\t\t<\/div><\/figure><figure class='gallery-item'>\n\t\t\t<div class='gallery-icon landscape'>\n\t\t\t\t<a href='https:\/\/www.sportomokykla.lt\/vrssm\/wp\/wp-content\/uploads\/2019\/03\/20181125_174436.png'><img loading=\"lazy\" decoding=\"async\" width=\"150\" height=\"150\" src=\"https:\/\/www.sportomokykla.lt\/vrssm\/wp\/wp-content\/uploads\/2019\/03\/20181125_174436-150x150.png\" class=\"attachment-thumbnail size-thumbnail\" alt=\"\" \/><\/a>\n\t\t\t<\/div><\/figure>\n\t\t<\/div>\n\n<p style=\"text-align: center;\"><strong>_______________________________________<\/strong><\/p>\n<p style=\"text-align: center;\"><span style=\"color: #008080;\"><strong>Trener \u2013 Marek Waitonis<\/strong> <strong>(1973-10-02)<\/strong><\/span><\/p>\n<div id='gallery-3' class='gallery galleryid-1792 gallery-columns-1 gallery-size-medium'><figure class='gallery-item'>\n\t\t\t<div class='gallery-icon landscape'>\n\t\t\t\t<a href='https:\/\/www.sportomokykla.lt\/vrssm\/wp\/wp-content\/uploads\/2019\/03\/Clipboard0111-1.jpg'><img loading=\"lazy\" decoding=\"async\" width=\"176\" height=\"167\" src=\"https:\/\/www.sportomokykla.lt\/vrssm\/wp\/wp-content\/uploads\/2019\/03\/Clipboard0111-1.jpg\" class=\"attachment-medium size-medium\" alt=\"\" \/><\/a>\n\t\t\t<\/div><\/figure>\n\t\t<\/div>\n\n<p><span style=\"color: #666699;\"><strong>Zaj\u0119cia odbywaj\u0105 si\u0119:\u00a0w Gimnazjum w Mickunach.<\/strong><\/span><\/p>\n<ul>\n<li>Poniedzia\u0142ek:\n<ul>\n<li>15.30 \u2013 18.30<\/li>\n<\/ul>\n<\/li>\n<li>Wtorek:\n<ul>\n<li>15.30 \u2013 18.30<\/li>\n<\/ul>\n<\/li>\n<li>Czwartek:\n<ul>\n<li>15.30 \u2013 17.30<\/li>\n<\/ul>\n<\/li>\n<li>Pi\u0105tek:\n<ul>\n<li>15.30 \u2013 17.30<\/li>\n<\/ul>\n<\/li>\n<\/ul>\n<p><span style=\"color: #666699;\"><strong>Telefon trenera: 860306130<\/strong><\/span><\/p>\n<div id='gallery-4' class='gallery galleryid-1792 gallery-columns-4 gallery-size-thumbnail'><figure class='gallery-item'>\n\t\t\t<div class='gallery-icon landscape'>\n\t\t\t\t<a href='https:\/\/www.sportomokykla.lt\/vrssm\/wp\/wp-content\/uploads\/2019\/03\/49781304_2438202916209680_8337711937462730752_n.jpg'><img loading=\"lazy\" decoding=\"async\" width=\"150\" height=\"150\" src=\"https:\/\/www.sportomokykla.lt\/vrssm\/wp\/wp-content\/uploads\/2019\/03\/49781304_2438202916209680_8337711937462730752_n-150x150.jpg\" class=\"attachment-thumbnail size-thumbnail\" alt=\"\" \/><\/a>\n\t\t\t<\/div><\/figure><figure class='gallery-item'>\n\t\t\t<div class='gallery-icon landscape'>\n\t\t\t\t<a href='https:\/\/www.sportomokykla.lt\/vrssm\/wp\/wp-content\/uploads\/2019\/03\/20181111_194558.jpg'><img loading=\"lazy\" decoding=\"async\" width=\"150\" height=\"150\" src=\"https:\/\/www.sportomokykla.lt\/vrssm\/wp\/wp-content\/uploads\/2019\/03\/20181111_194558-150x150.jpg\" class=\"attachment-thumbnail size-thumbnail\" alt=\"\" \/><\/a>\n\t\t\t<\/div><\/figure><figure class='gallery-item'>\n\t\t\t<div class='gallery-icon landscape'>\n\t\t\t\t<a href='https:\/\/www.sportomokykla.lt\/vrssm\/wp\/wp-content\/uploads\/2019\/03\/20190311_093238-2.jpg'><img loading=\"lazy\" decoding=\"async\" width=\"150\" height=\"150\" src=\"https:\/\/www.sportomokykla.lt\/vrssm\/wp\/wp-content\/uploads\/2019\/03\/20190311_093238-2-150x150.jpg\" class=\"attachment-thumbnail size-thumbnail\" alt=\"\" \/><\/a>\n\t\t\t<\/div><\/figure><figure class='gallery-item'>\n\t\t\t<div class='gallery-icon landscape'>\n\t\t\t\t<a href='https:\/\/www.sportomokykla.lt\/vrssm\/wp\/wp-content\/uploads\/2019\/03\/20190311_164741-2.jpg'><img loading=\"lazy\" decoding=\"async\" width=\"150\" height=\"150\" src=\"https:\/\/www.sportomokykla.lt\/vrssm\/wp\/wp-content\/uploads\/2019\/03\/20190311_164741-2-150x150.jpg\" class=\"attachment-thumbnail size-thumbnail\" alt=\"\" \/><\/a>\n\t\t\t<\/div><\/figure><figure class='gallery-item'>\n\t\t\t<div class='gallery-icon landscape'>\n\t\t\t\t<a href='https:\/\/www.sportomokykla.lt\/vrssm\/wp\/wp-content\/uploads\/2019\/03\/20190314_093230-2.jpg'><img loading=\"lazy\" decoding=\"async\" width=\"150\" height=\"150\" src=\"https:\/\/www.sportomokykla.lt\/vrssm\/wp\/wp-content\/uploads\/2019\/03\/20190314_093230-2-150x150.jpg\" class=\"attachment-thumbnail size-thumbnail\" alt=\"\" \/><\/a>\n\t\t\t<\/div><\/figure><figure class='gallery-item'>\n\t\t\t<div class='gallery-icon landscape'>\n\t\t\t\t<a href='https:\/\/www.sportomokykla.lt\/vrssm\/wp\/wp-content\/uploads\/2019\/03\/24899737_1898558676840776_406923600262478170_n.jpg'><img loading=\"lazy\" decoding=\"async\" width=\"150\" height=\"150\" src=\"https:\/\/www.sportomokykla.lt\/vrssm\/wp\/wp-content\/uploads\/2019\/03\/24899737_1898558676840776_406923600262478170_n-150x150.jpg\" class=\"attachment-thumbnail size-thumbnail\" alt=\"\" \/><\/a>\n\t\t\t<\/div><\/figure><figure class='gallery-item'>\n\t\t\t<div class='gallery-icon landscape'>\n\t\t\t\t<a href='https:\/\/www.sportomokykla.lt\/vrssm\/wp\/wp-content\/uploads\/2019\/03\/24909941_1898558766840767_4763182840066842526_n.jpg'><img loading=\"lazy\" decoding=\"async\" width=\"150\" height=\"150\" src=\"https:\/\/www.sportomokykla.lt\/vrssm\/wp\/wp-content\/uploads\/2019\/03\/24909941_1898558766840767_4763182840066842526_n-150x150.jpg\" class=\"attachment-thumbnail size-thumbnail\" alt=\"\" \/><\/a>\n\t\t\t<\/div><\/figure><figure class='gallery-item'>\n\t\t\t<div class='gallery-icon landscape'>\n\t\t\t\t<a href='https:\/\/www.sportomokykla.lt\/vrssm\/wp\/wp-content\/uploads\/2019\/03\/26994396_1955238731172770_260064628074276511_n.jpg'><img loading=\"lazy\" decoding=\"async\" width=\"150\" height=\"150\" src=\"https:\/\/www.sportomokykla.lt\/vrssm\/wp\/wp-content\/uploads\/2019\/03\/26994396_1955238731172770_260064628074276511_n-150x150.jpg\" class=\"attachment-thumbnail size-thumbnail\" alt=\"\" \/><\/a>\n\t\t\t<\/div><\/figure><figure class='gallery-item'>\n\t\t\t<div class='gallery-icon landscape'>\n\t\t\t\t<a href='https:\/\/www.sportomokykla.lt\/vrssm\/wp\/wp-content\/uploads\/2019\/03\/35882640_2122450364451605_6445987806618583040_n.jpg'><img loading=\"lazy\" decoding=\"async\" width=\"150\" height=\"150\" src=\"https:\/\/www.sportomokykla.lt\/vrssm\/wp\/wp-content\/uploads\/2019\/03\/35882640_2122450364451605_6445987806618583040_n-150x150.jpg\" class=\"attachment-thumbnail size-thumbnail\" alt=\"\" \/><\/a>\n\t\t\t<\/div><\/figure><figure class='gallery-item'>\n\t\t\t<div class='gallery-icon landscape'>\n\t\t\t\t<a href='https:\/\/www.sportomokykla.lt\/vrssm\/wp\/wp-content\/uploads\/2019\/03\/35932208_2122437241119584_8536734940933390336_n.jpg'><img loading=\"lazy\" decoding=\"async\" width=\"150\" height=\"150\" src=\"https:\/\/www.sportomokykla.lt\/vrssm\/wp\/wp-content\/uploads\/2019\/03\/35932208_2122437241119584_8536734940933390336_n-150x150.jpg\" class=\"attachment-thumbnail size-thumbnail\" alt=\"\" \/><\/a>\n\t\t\t<\/div><\/figure><figure class='gallery-item'>\n\t\t\t<div class='gallery-icon landscape'>\n\t\t\t\t<a href='https:\/\/www.sportomokykla.lt\/vrssm\/wp\/wp-content\/uploads\/2019\/03\/42354913_2272355782794395_1512800001204420608_n.jpg'><img loading=\"lazy\" decoding=\"async\" width=\"150\" height=\"150\" src=\"https:\/\/www.sportomokykla.lt\/vrssm\/wp\/wp-content\/uploads\/2019\/03\/42354913_2272355782794395_1512800001204420608_n-150x150.jpg\" class=\"attachment-thumbnail size-thumbnail\" alt=\"\" \/><\/a>\n\t\t\t<\/div><\/figure><figure class='gallery-item'>\n\t\t\t<div class='gallery-icon landscape'>\n\t\t\t\t<a href='https:\/\/www.sportomokykla.lt\/vrssm\/wp\/wp-content\/uploads\/2019\/03\/42494626_2272343069462333_7044979549334929408_n.jpg'><img loading=\"lazy\" decoding=\"async\" width=\"150\" height=\"150\" src=\"https:\/\/www.sportomokykla.lt\/vrssm\/wp\/wp-content\/uploads\/2019\/03\/42494626_2272343069462333_7044979549334929408_n-150x150.jpg\" class=\"attachment-thumbnail size-thumbnail\" alt=\"\" \/><\/a>\n\t\t\t<\/div><\/figure>\n\t\t<\/div>\n\n","protected":false},"excerpt":{"rendered":"<p>Trener &#8211; Jolanta Awgustowska Zaj\u0119cia odbywaj\u0105 si\u0119: w Gimnazjum w Zujunach. Poniedzia\u0142ek: 14.30 \u2013 \u00a016.30 Wtorek: 14.30 &#8211; 16.30 \u015aroda: 14.30 \u2013 \u00a015.30 Czwartek: 14.30 \u2013 \u00a017.30 Telefon trenera: 860834367. _______________________________________ Trener \u2013 Marek Waitonis (1973-10-02) Zaj\u0119cia odbywaj\u0105 si\u0119:\u00a0w Gimnazjum w Mickunach. Poniedzia\u0142ek: 15.30 \u2013 18.30 Wtorek: 15.30 \u2013 18.30 Czwartek: 15.30 \u2013 17.30 Pi\u0105tek: [&hellip;]<\/p>\n","protected":false},"author":1,"featured_media":0,"parent":0,"menu_order":0,"comment_status":"closed","ping_status":"closed","template":"","meta":{"footnotes":""},"class_list":["post-1792","page","type-page","status-publish","hentry"],"_links":{"self":[{"href":"https:\/\/www.sportomokykla.lt\/index.php?rest_route=\/wp\/v2\/pages\/1792","targetHints":{"allow":["GET"]}}],"collection":[{"href":"https:\/\/www.sportomokykla.lt\/index.php?rest_route=\/wp\/v2\/pages"}],"about":[{"href":"https:\/\/www.sportomokykla.lt\/index.php?rest_route=\/wp\/v2\/types\/page"}],"author":[{"embeddable":true,"href":"https:\/\/www.sportomokykla.lt\/index.php?rest_route=\/wp\/v2\/users\/1"}],"replies":[{"embeddable":true,"href":"https:\/\/www.sportomokykla.lt\/index.php?rest_route=%2Fwp%2Fv2%2Fcomments&post=1792"}],"version-history":[{"count":18,"href":"https:\/\/www.sportomokykla.lt\/index.php?rest_route=\/wp\/v2\/pages\/1792\/revisions"}],"predecessor-version":[{"id":13674,"href":"https:\/\/www.sportomokykla.lt\/index.php?rest_route=\/wp\/v2\/pages\/1792\/revisions\/13674"}],"wp:attachment":[{"href":"https:\/\/www.sportomokykla.lt\/index.php?rest_route=%2Fwp%2Fv2%2Fmedia&parent=1792"}],"curies":[{"name":"wp","href":"https:\/\/api.w.org\/{rel}","templated":true}]}}