{"id":1801,"date":"2017-04-01T15:25:50","date_gmt":"2017-04-01T12:25:50","guid":{"rendered":"http:\/\/www.sportomokykla.lt\/vrssm\/wp\/?page_id=1801"},"modified":"2024-07-30T15:04:36","modified_gmt":"2024-07-30T12:04:36","slug":"imtynes","status":"publish","type":"page","link":"https:\/\/www.sportomokykla.lt\/?page_id=1801&lang=lt","title":{"rendered":"Imtyn\u0117s"},"content":{"rendered":"\n<p class=\"has-text-align-center\"><strong><span style=\"color: #008080;\">Mokytojas &#8211; Nikolajus Ilkevi\u010dius <\/span><span style=\"color: #008080;\">(1958-05-23)<\/span><\/strong><\/p>\n\n\n\n<figure class=\"wp-block-image aligncenter size-large is-resized\"><img loading=\"lazy\" decoding=\"async\" width=\"1024\" height=\"712\" src=\"https:\/\/www.sportomokykla.lt\/vrssm\/wp\/wp-content\/uploads\/2017\/04\/Kolia\u00a6ai48-1024x712.jpg\" alt=\"\" class=\"wp-image-2610\" style=\"width:528px;height:auto\" srcset=\"https:\/\/www.sportomokykla.lt\/vrssm\/wp\/wp-content\/uploads\/2017\/04\/Kolia\u00a6ai48-1024x712.jpg 1024w, https:\/\/www.sportomokykla.lt\/vrssm\/wp\/wp-content\/uploads\/2017\/04\/Kolia\u00a6ai48-300x209.jpg 300w, https:\/\/www.sportomokykla.lt\/vrssm\/wp\/wp-content\/uploads\/2017\/04\/Kolia\u00a6ai48-768x534.jpg 768w, https:\/\/www.sportomokykla.lt\/vrssm\/wp\/wp-content\/uploads\/2017\/04\/Kolia\u00a6ai48.jpg 1200w\" sizes=\"auto, (max-width: 1024px) 100vw, 1024px\" \/><\/figure>\n\n\n\n<p class=\"has-text-align-center\">1979 metais baig\u0117 Lietuvos K\u016bno kult\u016bros akademij\u0105 ir \u012fgijo k\u016bno kult\u016bros mokytojo ir trenerio specialyb\u0119. Pasaulio veteran\u0173 imtyni\u0173 \u010dempionas. Mokytoju dirba nuo 1979 m.<\/p>\n\n\n\n<p class=\"has-text-align-center\"><span style=\"color: #666699;\"><strong>Treniruot\u0117s vyksta: Val\u010di\u016bn\u0173 gimnazijoje.<\/strong><\/span><\/p>\n\n\n\n<p class=\"has-text-align-center\">Pirmadienis: 13.55 &#8211; 18.55 (4 gr.)<\/p>\n\n\n\n<p class=\"has-text-align-center\">Antradienis: 15.30 \u2013 18.30 (3 gr.)<\/p>\n\n\n\n<p class=\"has-text-align-center\">Tre\u010diadienis: 14.25 \u2013 18.55 (4 gr.)<\/p>\n\n\n\n<p class=\"has-text-align-center\">Ketvirtadienis: 15.30 \u2013 18.30 (3 gr.)<\/p>\n\n\n\n<p class=\"has-text-align-center\">Penktadienis: 14.20 &#8211; 18.50 (4 gr.)<\/p>\n\n\n\n<p class=\"has-text-align-center\"><span style=\"color: #666699;\"><strong>Susisiekite su mokytoju telefonu: 860663322.<\/strong><\/span><\/p>\n\n\n\n<p class=\"has-text-align-center\"><em><strong>&nbsp;Pratim\u0173 pavyzd\u017eiai:&nbsp;<span style=\"color: #0000ff;\"> <a style=\"color: #0000ff;\" href=\"https:\/\/themtu.wordpress.com\/\" target=\"_blank\" rel=\"noopener noreferrer\" data-saferedirecturl=\"https:\/\/www.google.com\/url?q=https:\/\/themtu.wordpress.com\/&amp;source=gmail&amp;ust=1607691308079000&amp;usg=AFQjCNEjegFJbWwNx1BSmGzNsB8zenuXcA\">Treniruot\u0117s lauke ir namuose<\/a>&nbsp;<\/span><\/strong><\/em><\/p>\n\n\n\n<p class=\"has-text-align-center\"><strong><span style=\"color: #0000ff;\">&nbsp;<\/span><\/strong><\/p>\n\n\n\n<figure class=\"wp-block-gallery has-nested-images columns-3 is-cropped wp-block-gallery-1 is-layout-flex wp-block-gallery-is-layout-flex\">\n<figure class=\"wp-block-image size-large\"><a href=\"https:\/\/www.sportomokykla.lt\/vrssm\/wp\/wp-content\/uploads\/2017\/04\/12615347_1019299421471382_4911585373186455284_o.jpg\"><img loading=\"lazy\" decoding=\"async\" width=\"1024\" height=\"753\" data-id=\"2606\" src=\"https:\/\/www.sportomokykla.lt\/vrssm\/wp\/wp-content\/uploads\/2017\/04\/12615347_1019299421471382_4911585373186455284_o-1024x753.jpg\" alt=\"\" class=\"wp-image-2606\" srcset=\"https:\/\/www.sportomokykla.lt\/vrssm\/wp\/wp-content\/uploads\/2017\/04\/12615347_1019299421471382_4911585373186455284_o-1024x753.jpg 1024w, https:\/\/www.sportomokykla.lt\/vrssm\/wp\/wp-content\/uploads\/2017\/04\/12615347_1019299421471382_4911585373186455284_o-300x221.jpg 300w, https:\/\/www.sportomokykla.lt\/vrssm\/wp\/wp-content\/uploads\/2017\/04\/12615347_1019299421471382_4911585373186455284_o-768x565.jpg 768w, https:\/\/www.sportomokykla.lt\/vrssm\/wp\/wp-content\/uploads\/2017\/04\/12615347_1019299421471382_4911585373186455284_o.jpg 1200w\" sizes=\"auto, (max-width: 1024px) 100vw, 1024px\" \/><\/a><\/figure>\n\n\n\n<figure class=\"wp-block-image size-large\"><a href=\"https:\/\/www.sportomokykla.lt\/vrssm\/wp\/wp-content\/uploads\/2017\/04\/Desktop357.jpg\"><img loading=\"lazy\" decoding=\"async\" width=\"996\" height=\"1024\" data-id=\"2608\" src=\"https:\/\/www.sportomokykla.lt\/vrssm\/wp\/wp-content\/uploads\/2017\/04\/Desktop357-996x1024.jpg\" alt=\"\" class=\"wp-image-2608\" srcset=\"https:\/\/www.sportomokykla.lt\/vrssm\/wp\/wp-content\/uploads\/2017\/04\/Desktop357-996x1024.jpg 996w, https:\/\/www.sportomokykla.lt\/vrssm\/wp\/wp-content\/uploads\/2017\/04\/Desktop357-292x300.jpg 292w, https:\/\/www.sportomokykla.lt\/vrssm\/wp\/wp-content\/uploads\/2017\/04\/Desktop357-768x790.jpg 768w, https:\/\/www.sportomokykla.lt\/vrssm\/wp\/wp-content\/uploads\/2017\/04\/Desktop357.jpg 1200w\" sizes=\"auto, (max-width: 996px) 100vw, 996px\" \/><\/a><\/figure>\n\n\n\n<figure class=\"wp-block-image size-large\"><a href=\"https:\/\/www.sportomokykla.lt\/vrssm\/wp\/wp-content\/uploads\/2017\/04\/dokut-123.jpg\"><img loading=\"lazy\" decoding=\"async\" width=\"1024\" height=\"748\" data-id=\"2609\" src=\"https:\/\/www.sportomokykla.lt\/vrssm\/wp\/wp-content\/uploads\/2017\/04\/dokut-123-1024x748.jpg\" alt=\"\" class=\"wp-image-2609\" srcset=\"https:\/\/www.sportomokykla.lt\/vrssm\/wp\/wp-content\/uploads\/2017\/04\/dokut-123-1024x748.jpg 1024w, https:\/\/www.sportomokykla.lt\/vrssm\/wp\/wp-content\/uploads\/2017\/04\/dokut-123-300x219.jpg 300w, https:\/\/www.sportomokykla.lt\/vrssm\/wp\/wp-content\/uploads\/2017\/04\/dokut-123-768x561.jpg 768w, https:\/\/www.sportomokykla.lt\/vrssm\/wp\/wp-content\/uploads\/2017\/04\/dokut-123.jpg 1200w\" sizes=\"auto, (max-width: 1024px) 100vw, 1024px\" \/><\/a><\/figure>\n\n\n\n<figure class=\"wp-block-image size-large\"><a href=\"https:\/\/www.sportomokykla.lt\/vrssm\/wp\/wp-content\/uploads\/2017\/04\/My-Pictures116.jpg\"><img loading=\"lazy\" decoding=\"async\" width=\"1024\" height=\"703\" data-id=\"2611\" src=\"https:\/\/www.sportomokykla.lt\/vrssm\/wp\/wp-content\/uploads\/2017\/04\/My-Pictures116-1024x703.jpg\" alt=\"\" class=\"wp-image-2611\" srcset=\"https:\/\/www.sportomokykla.lt\/vrssm\/wp\/wp-content\/uploads\/2017\/04\/My-Pictures116-1024x703.jpg 1024w, https:\/\/www.sportomokykla.lt\/vrssm\/wp\/wp-content\/uploads\/2017\/04\/My-Pictures116-300x206.jpg 300w, https:\/\/www.sportomokykla.lt\/vrssm\/wp\/wp-content\/uploads\/2017\/04\/My-Pictures116-768x527.jpg 768w, https:\/\/www.sportomokykla.lt\/vrssm\/wp\/wp-content\/uploads\/2017\/04\/My-Pictures116.jpg 1200w\" sizes=\"auto, (max-width: 1024px) 100vw, 1024px\" \/><\/a><\/figure>\n\n\n\n<figure class=\"wp-block-image size-large\"><a href=\"https:\/\/www.sportomokykla.lt\/vrssm\/wp\/wp-content\/uploads\/2017\/04\/My-Pictures124.jpg\"><img loading=\"lazy\" decoding=\"async\" width=\"1024\" height=\"757\" data-id=\"2612\" src=\"https:\/\/www.sportomokykla.lt\/vrssm\/wp\/wp-content\/uploads\/2017\/04\/My-Pictures124-1024x757.jpg\" alt=\"\" class=\"wp-image-2612\" srcset=\"https:\/\/www.sportomokykla.lt\/vrssm\/wp\/wp-content\/uploads\/2017\/04\/My-Pictures124-1024x757.jpg 1024w, https:\/\/www.sportomokykla.lt\/vrssm\/wp\/wp-content\/uploads\/2017\/04\/My-Pictures124-300x222.jpg 300w, https:\/\/www.sportomokykla.lt\/vrssm\/wp\/wp-content\/uploads\/2017\/04\/My-Pictures124-768x568.jpg 768w, https:\/\/www.sportomokykla.lt\/vrssm\/wp\/wp-content\/uploads\/2017\/04\/My-Pictures124.jpg 1200w\" sizes=\"auto, (max-width: 1024px) 100vw, 1024px\" \/><\/a><\/figure>\n\n\n\n<figure class=\"wp-block-image size-large\"><a href=\"https:\/\/www.sportomokykla.lt\/vrssm\/wp\/wp-content\/uploads\/2017\/04\/ravr.linas_.jpg\"><img loading=\"lazy\" decoding=\"async\" width=\"1024\" height=\"764\" data-id=\"2613\" src=\"https:\/\/www.sportomokykla.lt\/vrssm\/wp\/wp-content\/uploads\/2017\/04\/ravr.linas_-1024x764.jpg\" alt=\"\" class=\"wp-image-2613\" srcset=\"https:\/\/www.sportomokykla.lt\/vrssm\/wp\/wp-content\/uploads\/2017\/04\/ravr.linas_-1024x764.jpg 1024w, https:\/\/www.sportomokykla.lt\/vrssm\/wp\/wp-content\/uploads\/2017\/04\/ravr.linas_-300x224.jpg 300w, https:\/\/www.sportomokykla.lt\/vrssm\/wp\/wp-content\/uploads\/2017\/04\/ravr.linas_-768x573.jpg 768w, https:\/\/www.sportomokykla.lt\/vrssm\/wp\/wp-content\/uploads\/2017\/04\/ravr.linas_.jpg 1200w\" sizes=\"auto, (max-width: 1024px) 100vw, 1024px\" \/><\/a><\/figure>\n<\/figure>\n\n\n\n<p><strong><span style=\"color: #666699;\">2011 m. Racibo\u017e\u0117je (Lenkija) vykusiame pasaulio graik\u0173-rom\u0117n\u0173 imtyni\u0173 veteran\u0173 \u010dempionate Nikolajus Ilkevi\u010dius i\u0161kovojo aukso medal\u012f.&nbsp;Lenkijoje N. Ilkevi\u010diaus var\u017eovai buvo turkas Mustafa Yildizas, rusas Sultanas Tuar\u0161evas, Pranc\u016bzijai atstovaujantis bulgaras Georgijus Hristovas ir lenkas Zbignievas Krasoskis.<\/span><\/strong><\/p>\n\n\n\n<figure class=\"wp-block-gallery has-nested-images columns-1 is-cropped wp-block-gallery-2 is-layout-flex wp-block-gallery-is-layout-flex\">\n<figure class=\"wp-block-image size-large\"><a href=\"https:\/\/www.sportomokykla.lt\/vrssm\/wp\/wp-content\/uploads\/2018\/05\/file50543284_6c85012d.jpg\"><img loading=\"lazy\" decoding=\"async\" width=\"430\" height=\"260\" data-id=\"5067\" src=\"https:\/\/www.sportomokykla.lt\/vrssm\/wp\/wp-content\/uploads\/2018\/05\/file50543284_6c85012d.jpg\" alt=\"\" class=\"wp-image-5067\" srcset=\"https:\/\/www.sportomokykla.lt\/vrssm\/wp\/wp-content\/uploads\/2018\/05\/file50543284_6c85012d.jpg 430w, https:\/\/www.sportomokykla.lt\/vrssm\/wp\/wp-content\/uploads\/2018\/05\/file50543284_6c85012d-300x181.jpg 300w\" sizes=\"auto, (max-width: 430px) 100vw, 430px\" \/><\/a><\/figure>\n<\/figure>\n\n\n\n<p class=\"has-text-align-center\"><strong><span style=\"color: #666699;\">2016 m. Seinajokyje (Suomija) vykusiame \u010dempionato E am\u017eiaus grup\u0117je Vilniaus rajono savivaldyb\u0117s sporto mokyklos treneris<\/span> <span style=\"color: #666699;\">Nikolajus Ilkevi\u010dius pasaulio veteran\u0173 imtyni\u0173 \u010dempionate u\u017e\u0117m\u0117 tre\u010di\u0105 viet\u0105. Tai jau antras pasaulio \u010dempiono bronzos medalis. Savo kolekcijoje jis taip pat turi du sidabro ir vien\u0105 aukso medal\u012f.<\/span><\/strong><\/p>\n\n\n\n<figure class=\"wp-block-gallery has-nested-images columns-1 is-cropped wp-block-gallery-3 is-layout-flex wp-block-gallery-is-layout-flex\">\n<figure class=\"wp-block-image size-large\"><a href=\"https:\/\/www.sportomokykla.lt\/vrssm\/wp\/wp-content\/uploads\/2018\/05\/nikolajus-ilkevicius-72396738.jpg\"><img loading=\"lazy\" decoding=\"async\" width=\"880\" height=\"550\" data-id=\"5068\" src=\"https:\/\/www.sportomokykla.lt\/vrssm\/wp\/wp-content\/uploads\/2018\/05\/nikolajus-ilkevicius-72396738.jpg\" alt=\"\" class=\"wp-image-5068\" srcset=\"https:\/\/www.sportomokykla.lt\/vrssm\/wp\/wp-content\/uploads\/2018\/05\/nikolajus-ilkevicius-72396738.jpg 880w, https:\/\/www.sportomokykla.lt\/vrssm\/wp\/wp-content\/uploads\/2018\/05\/nikolajus-ilkevicius-72396738-300x188.jpg 300w, https:\/\/www.sportomokykla.lt\/vrssm\/wp\/wp-content\/uploads\/2018\/05\/nikolajus-ilkevicius-72396738-768x480.jpg 768w\" sizes=\"auto, (max-width: 880px) 100vw, 880px\" \/><\/a><\/figure>\n<\/figure>\n\n\n\n<p class=\"has-text-align-center\"><strong><span style=\"color: #666699;\">2018-05-23 Vilniuje vyko Lietuvos respublikos vaik\u0173 graik\u0173-rom\u0117n\u0173 imtyni\u0173 taur\u0117s IV etapas. Kelios akimirkos i\u0161 var\u017eyb\u0173:<\/span><\/strong><\/p>\n\n\n\n<figure class=\"wp-block-gallery has-nested-images columns-2 is-cropped wp-block-gallery-4 is-layout-flex wp-block-gallery-is-layout-flex\">\n<figure class=\"wp-block-image size-large\"><a href=\"https:\/\/www.sportomokykla.lt\/vrssm\/wp\/wp-content\/uploads\/2018\/05\/My-Pictures395.jpg\"><img loading=\"lazy\" decoding=\"async\" width=\"1024\" height=\"644\" data-id=\"5063\" src=\"https:\/\/www.sportomokykla.lt\/vrssm\/wp\/wp-content\/uploads\/2018\/05\/My-Pictures395-1024x644.jpg\" alt=\"\" class=\"wp-image-5063\" srcset=\"https:\/\/www.sportomokykla.lt\/vrssm\/wp\/wp-content\/uploads\/2018\/05\/My-Pictures395-1024x644.jpg 1024w, https:\/\/www.sportomokykla.lt\/vrssm\/wp\/wp-content\/uploads\/2018\/05\/My-Pictures395-300x189.jpg 300w, https:\/\/www.sportomokykla.lt\/vrssm\/wp\/wp-content\/uploads\/2018\/05\/My-Pictures395-768x483.jpg 768w, https:\/\/www.sportomokykla.lt\/vrssm\/wp\/wp-content\/uploads\/2018\/05\/My-Pictures395.jpg 1200w\" sizes=\"auto, (max-width: 1024px) 100vw, 1024px\" \/><\/a><\/figure>\n\n\n\n<figure class=\"wp-block-image size-large\"><a href=\"https:\/\/www.sportomokykla.lt\/vrssm\/wp\/wp-content\/uploads\/2018\/05\/My-Pictures396.jpg\"><img loading=\"lazy\" decoding=\"async\" width=\"1024\" height=\"640\" data-id=\"5064\" src=\"https:\/\/www.sportomokykla.lt\/vrssm\/wp\/wp-content\/uploads\/2018\/05\/My-Pictures396-1024x640.jpg\" alt=\"\" class=\"wp-image-5064\" srcset=\"https:\/\/www.sportomokykla.lt\/vrssm\/wp\/wp-content\/uploads\/2018\/05\/My-Pictures396-1024x640.jpg 1024w, https:\/\/www.sportomokykla.lt\/vrssm\/wp\/wp-content\/uploads\/2018\/05\/My-Pictures396-300x188.jpg 300w, https:\/\/www.sportomokykla.lt\/vrssm\/wp\/wp-content\/uploads\/2018\/05\/My-Pictures396-768x480.jpg 768w, https:\/\/www.sportomokykla.lt\/vrssm\/wp\/wp-content\/uploads\/2018\/05\/My-Pictures396.jpg 1200w\" sizes=\"auto, (max-width: 1024px) 100vw, 1024px\" \/><\/a><\/figure>\n<\/figure>\n\n\n\n<p class=\"has-text-align-center\"><strong>___________________________________________<\/strong><\/p>\n\n\n\n<p class=\"has-text-align-center\"><strong><span style=\"color: #008080;\">Mokytojas &#8211; Albertas Kudulis (1969-03-18)<\/span><\/strong><\/p>\n\n\n\n<p class=\"has-text-align-center\"><span style=\"color: #666699;\"><strong>Treniruot\u0117s vyksta <\/strong><\/span><span style=\"color: #666699;\"><b>Vaidotose.<\/b><\/span><\/p>\n\n\n\n<p class=\"has-text-align-center\">Pirmadienis: 14.30 &#8211; 17.00 (1 gr.)<\/p>\n\n\n\n<p class=\"has-text-align-center\">Antradienis: 14.30 \u2013 17.00 (1 gr.)<\/p>\n\n\n\n<p class=\"has-text-align-center\">Ketvirtadienis: 15.00 \u2013 17.00 (2 gr.)<\/p>\n\n\n\n<p class=\"has-text-align-center\">Penktadienis: 15.00 &#8211; 17.00 (2 gr.)<\/p>\n\n\n\n<p class=\"has-text-align-center\">\u0160e\u0161tadienis: 10.00 &#8211; 12.00 (2 gr.)<\/p>\n\n\n\n<p class=\"has-text-align-center\"><span style=\"color: #666699;\"><strong>Susisiekite su mokytoju telefonu: 869467338.<\/strong><\/span><\/p>\n\n\n\n<figure class=\"wp-block-gallery has-nested-images columns-5 is-cropped wp-block-gallery-5 is-layout-flex wp-block-gallery-is-layout-flex\">\n<figure class=\"wp-block-image size-large\"><a href=\"https:\/\/www.sportomokykla.lt\/vrssm\/wp\/wp-content\/uploads\/2018\/11\/44526615_265576850768171_7957333235543834624_n-1.jpg\"><img loading=\"lazy\" decoding=\"async\" width=\"667\" height=\"1024\" data-id=\"6087\" src=\"https:\/\/www.sportomokykla.lt\/vrssm\/wp\/wp-content\/uploads\/2018\/11\/44526615_265576850768171_7957333235543834624_n-1-667x1024.jpg\" alt=\"\" class=\"wp-image-6087\" srcset=\"https:\/\/www.sportomokykla.lt\/vrssm\/wp\/wp-content\/uploads\/2018\/11\/44526615_265576850768171_7957333235543834624_n-1-667x1024.jpg 667w, https:\/\/www.sportomokykla.lt\/vrssm\/wp\/wp-content\/uploads\/2018\/11\/44526615_265576850768171_7957333235543834624_n-1-195x300.jpg 195w, https:\/\/www.sportomokykla.lt\/vrssm\/wp\/wp-content\/uploads\/2018\/11\/44526615_265576850768171_7957333235543834624_n-1-768x1179.jpg 768w, https:\/\/www.sportomokykla.lt\/vrssm\/wp\/wp-content\/uploads\/2018\/11\/44526615_265576850768171_7957333235543834624_n-1.jpg 1200w\" sizes=\"auto, (max-width: 667px) 100vw, 667px\" \/><\/a><\/figure>\n\n\n\n<figure class=\"wp-block-image size-large\"><a href=\"https:\/\/www.sportomokykla.lt\/vrssm\/wp\/wp-content\/uploads\/2018\/11\/44681547_303553276912284_518256424954888192_n-1.jpg\"><img loading=\"lazy\" decoding=\"async\" width=\"574\" height=\"1024\" data-id=\"6088\" src=\"https:\/\/www.sportomokykla.lt\/vrssm\/wp\/wp-content\/uploads\/2018\/11\/44681547_303553276912284_518256424954888192_n-1-574x1024.jpg\" alt=\"\" class=\"wp-image-6088\" srcset=\"https:\/\/www.sportomokykla.lt\/vrssm\/wp\/wp-content\/uploads\/2018\/11\/44681547_303553276912284_518256424954888192_n-1-574x1024.jpg 574w, https:\/\/www.sportomokykla.lt\/vrssm\/wp\/wp-content\/uploads\/2018\/11\/44681547_303553276912284_518256424954888192_n-1-168x300.jpg 168w, https:\/\/www.sportomokykla.lt\/vrssm\/wp\/wp-content\/uploads\/2018\/11\/44681547_303553276912284_518256424954888192_n-1-768x1370.jpg 768w, https:\/\/www.sportomokykla.lt\/vrssm\/wp\/wp-content\/uploads\/2018\/11\/44681547_303553276912284_518256424954888192_n-1.jpg 1200w\" sizes=\"auto, (max-width: 574px) 100vw, 574px\" \/><\/a><\/figure>\n\n\n\n<figure class=\"wp-block-image size-large\"><a href=\"https:\/\/www.sportomokykla.lt\/vrssm\/wp\/wp-content\/uploads\/2018\/11\/44721572_281496186039252_259101358194425856_n.jpg\"><img loading=\"lazy\" decoding=\"async\" width=\"496\" height=\"1024\" data-id=\"6089\" src=\"https:\/\/www.sportomokykla.lt\/vrssm\/wp\/wp-content\/uploads\/2018\/11\/44721572_281496186039252_259101358194425856_n-496x1024.jpg\" alt=\"\" class=\"wp-image-6089\" srcset=\"https:\/\/www.sportomokykla.lt\/vrssm\/wp\/wp-content\/uploads\/2018\/11\/44721572_281496186039252_259101358194425856_n-496x1024.jpg 496w, https:\/\/www.sportomokykla.lt\/vrssm\/wp\/wp-content\/uploads\/2018\/11\/44721572_281496186039252_259101358194425856_n-145x300.jpg 145w, https:\/\/www.sportomokykla.lt\/vrssm\/wp\/wp-content\/uploads\/2018\/11\/44721572_281496186039252_259101358194425856_n-768x1587.jpg 768w, https:\/\/www.sportomokykla.lt\/vrssm\/wp\/wp-content\/uploads\/2018\/11\/44721572_281496186039252_259101358194425856_n.jpg 1200w\" sizes=\"auto, (max-width: 496px) 100vw, 496px\" \/><\/a><\/figure>\n\n\n\n<figure class=\"wp-block-image size-large\"><a href=\"https:\/\/www.sportomokykla.lt\/vrssm\/wp\/wp-content\/uploads\/2018\/11\/44730739_475515989622971_3122021562937507840_n.jpg\"><img loading=\"lazy\" decoding=\"async\" width=\"1024\" height=\"612\" data-id=\"6090\" src=\"https:\/\/www.sportomokykla.lt\/vrssm\/wp\/wp-content\/uploads\/2018\/11\/44730739_475515989622971_3122021562937507840_n-1024x612.jpg\" alt=\"\" class=\"wp-image-6090\" srcset=\"https:\/\/www.sportomokykla.lt\/vrssm\/wp\/wp-content\/uploads\/2018\/11\/44730739_475515989622971_3122021562937507840_n-1024x612.jpg 1024w, https:\/\/www.sportomokykla.lt\/vrssm\/wp\/wp-content\/uploads\/2018\/11\/44730739_475515989622971_3122021562937507840_n-300x179.jpg 300w, https:\/\/www.sportomokykla.lt\/vrssm\/wp\/wp-content\/uploads\/2018\/11\/44730739_475515989622971_3122021562937507840_n-768x459.jpg 768w, https:\/\/www.sportomokykla.lt\/vrssm\/wp\/wp-content\/uploads\/2018\/11\/44730739_475515989622971_3122021562937507840_n.jpg 1200w\" sizes=\"auto, (max-width: 1024px) 100vw, 1024px\" \/><\/a><\/figure>\n\n\n\n<figure class=\"wp-block-image size-large\"><a href=\"https:\/\/www.sportomokykla.lt\/vrssm\/wp\/wp-content\/uploads\/2018\/11\/IMG-0865.jpg\"><img loading=\"lazy\" decoding=\"async\" width=\"1024\" height=\"998\" data-id=\"6092\" src=\"https:\/\/www.sportomokykla.lt\/vrssm\/wp\/wp-content\/uploads\/2018\/11\/IMG-0865-1024x998.jpg\" alt=\"\" class=\"wp-image-6092\" srcset=\"https:\/\/www.sportomokykla.lt\/vrssm\/wp\/wp-content\/uploads\/2018\/11\/IMG-0865-1024x998.jpg 1024w, https:\/\/www.sportomokykla.lt\/vrssm\/wp\/wp-content\/uploads\/2018\/11\/IMG-0865-300x293.jpg 300w, https:\/\/www.sportomokykla.lt\/vrssm\/wp\/wp-content\/uploads\/2018\/11\/IMG-0865-768x749.jpg 768w, https:\/\/www.sportomokykla.lt\/vrssm\/wp\/wp-content\/uploads\/2018\/11\/IMG-0865.jpg 1200w\" sizes=\"auto, (max-width: 1024px) 100vw, 1024px\" \/><\/a><\/figure>\n<\/figure>\n\n\n\n<p><\/p>\n","protected":false},"excerpt":{"rendered":"<p>Mokytojas &#8211; Nikolajus Ilkevi\u010dius (1958-05-23) 1979 metais baig\u0117 Lietuvos K\u016bno kult\u016bros akademij\u0105 ir \u012fgijo k\u016bno kult\u016bros mokytojo ir trenerio specialyb\u0119. Pasaulio veteran\u0173 imtyni\u0173 \u010dempionas. Mokytoju dirba nuo 1979 m. Treniruot\u0117s vyksta: Val\u010di\u016bn\u0173 gimnazijoje. Pirmadienis: 13.55 &#8211; 18.55 (4 gr.) Antradienis: 15.30 \u2013 18.30 (3 gr.) Tre\u010diadienis: 14.25 \u2013 18.55 (4 gr.) Ketvirtadienis: 15.30 \u2013 18.30 [&hellip;]<\/p>\n","protected":false},"author":1,"featured_media":0,"parent":0,"menu_order":0,"comment_status":"closed","ping_status":"closed","template":"","meta":{"footnotes":""},"class_list":["post-1801","page","type-page","status-publish","hentry"],"_links":{"self":[{"href":"https:\/\/www.sportomokykla.lt\/index.php?rest_route=\/wp\/v2\/pages\/1801","targetHints":{"allow":["GET"]}}],"collection":[{"href":"https:\/\/www.sportomokykla.lt\/index.php?rest_route=\/wp\/v2\/pages"}],"about":[{"href":"https:\/\/www.sportomokykla.lt\/index.php?rest_route=\/wp\/v2\/types\/page"}],"author":[{"embeddable":true,"href":"https:\/\/www.sportomokykla.lt\/index.php?rest_route=\/wp\/v2\/users\/1"}],"replies":[{"embeddable":true,"href":"https:\/\/www.sportomokykla.lt\/index.php?rest_route=%2Fwp%2Fv2%2Fcomments&post=1801"}],"version-history":[{"count":26,"href":"https:\/\/www.sportomokykla.lt\/index.php?rest_route=\/wp\/v2\/pages\/1801\/revisions"}],"predecessor-version":[{"id":16999,"href":"https:\/\/www.sportomokykla.lt\/index.php?rest_route=\/wp\/v2\/pages\/1801\/revisions\/16999"}],"wp:attachment":[{"href":"https:\/\/www.sportomokykla.lt\/index.php?rest_route=%2Fwp%2Fv2%2Fmedia&parent=1801"}],"curies":[{"name":"wp","href":"https:\/\/api.w.org\/{rel}","templated":true}]}}