{"id":1807,"date":"2017-04-01T15:36:29","date_gmt":"2017-04-01T12:36:29","guid":{"rendered":"http:\/\/www.sportomokykla.lt\/vrssm\/wp\/?page_id=1807"},"modified":"2024-07-30T15:07:36","modified_gmt":"2024-07-30T12:07:36","slug":"tinklinis","status":"publish","type":"page","link":"https:\/\/www.sportomokykla.lt\/?page_id=1807&lang=lt","title":{"rendered":"Tinklinis"},"content":{"rendered":"\n<p class=\"has-text-align-center\"><span style=\"color: #008080;\"><strong>Mokytojas (mergin\u0173 gr.) \u2013 Valdemaras \u0160umskas<\/strong><strong> (1969-04-11)<\/strong><\/span><\/p>\n\n\n\n<figure class=\"wp-block-image aligncenter size-large\"><a href=\"https:\/\/www.sportomokykla.lt\/vrssm\/wp\/wp-content\/uploads\/2019\/03\/\u0160umskas.jpg\"><img loading=\"lazy\" decoding=\"async\" width=\"145\" height=\"162\" src=\"https:\/\/www.sportomokykla.lt\/vrssm\/wp\/wp-content\/uploads\/2019\/03\/\u0160umskas.jpg\" alt=\"\" class=\"wp-image-6870\"\/><\/a><\/figure>\n\n\n\n<p class=\"has-text-align-center\"><span style=\"color: #666699;\"><strong>Treniruot\u0117s vyksta: Avi\u017eieni\u0173 gimnazijos sporto sal\u0117je.<\/strong><\/span><\/p>\n\n\n\n<p class=\"has-text-align-center\">Pirmadienis: 15.00 \u2013 17.00<\/p>\n\n\n\n<p class=\"has-text-align-center\">Penktadienis: 15.00 \u2013 18.00<\/p>\n\n\n\n<p class=\"has-text-align-center\"><span style=\"color: #666699;\"><strong>Su mokytoju galima susisiekti telefonu: 867951225.<\/strong><\/span><\/p>\n\n\n\n<figure class=\"wp-block-gallery has-nested-images columns-3 is-cropped wp-block-gallery-1 is-layout-flex wp-block-gallery-is-layout-flex\">\n<figure class=\"wp-block-image aligncenter size-large\"><a href=\"https:\/\/www.sportomokykla.lt\/vrssm\/wp\/wp-content\/uploads\/2018\/05\/20180513_144155.jpg\"><img loading=\"lazy\" decoding=\"async\" width=\"576\" height=\"1024\" data-id=\"5005\" src=\"https:\/\/www.sportomokykla.lt\/vrssm\/wp\/wp-content\/uploads\/2018\/05\/20180513_144155-576x1024.jpg\" alt=\"\" class=\"wp-image-5005\" srcset=\"https:\/\/www.sportomokykla.lt\/vrssm\/wp\/wp-content\/uploads\/2018\/05\/20180513_144155-576x1024.jpg 576w, https:\/\/www.sportomokykla.lt\/vrssm\/wp\/wp-content\/uploads\/2018\/05\/20180513_144155-169x300.jpg 169w, https:\/\/www.sportomokykla.lt\/vrssm\/wp\/wp-content\/uploads\/2018\/05\/20180513_144155-768x1365.jpg 768w, https:\/\/www.sportomokykla.lt\/vrssm\/wp\/wp-content\/uploads\/2018\/05\/20180513_144155.jpg 1200w\" sizes=\"auto, (max-width: 576px) 100vw, 576px\" \/><\/a><\/figure>\n\n\n\n<figure class=\"wp-block-image size-large\"><a href=\"https:\/\/www.sportomokykla.lt\/vrssm\/wp\/wp-content\/uploads\/2018\/05\/20180513_144315.jpg\"><img loading=\"lazy\" decoding=\"async\" width=\"1024\" height=\"576\" data-id=\"5006\" src=\"https:\/\/www.sportomokykla.lt\/vrssm\/wp\/wp-content\/uploads\/2018\/05\/20180513_144315-1024x576.jpg\" alt=\"\" class=\"wp-image-5006\" srcset=\"https:\/\/www.sportomokykla.lt\/vrssm\/wp\/wp-content\/uploads\/2018\/05\/20180513_144315-1024x576.jpg 1024w, https:\/\/www.sportomokykla.lt\/vrssm\/wp\/wp-content\/uploads\/2018\/05\/20180513_144315-300x169.jpg 300w, https:\/\/www.sportomokykla.lt\/vrssm\/wp\/wp-content\/uploads\/2018\/05\/20180513_144315-768x432.jpg 768w, https:\/\/www.sportomokykla.lt\/vrssm\/wp\/wp-content\/uploads\/2018\/05\/20180513_144315.jpg 1200w\" sizes=\"auto, (max-width: 1024px) 100vw, 1024px\" \/><\/a><\/figure>\n\n\n\n<figure class=\"wp-block-image size-large\"><a href=\"https:\/\/www.sportomokykla.lt\/vrssm\/wp\/wp-content\/uploads\/2018\/05\/33710692_1878202218897234_7389453845077688320_n-1.jpg\"><img loading=\"lazy\" decoding=\"async\" width=\"1024\" height=\"687\" data-id=\"5133\" src=\"https:\/\/www.sportomokykla.lt\/vrssm\/wp\/wp-content\/uploads\/2018\/05\/33710692_1878202218897234_7389453845077688320_n-1-1024x687.jpg\" alt=\"\" class=\"wp-image-5133\" srcset=\"https:\/\/www.sportomokykla.lt\/vrssm\/wp\/wp-content\/uploads\/2018\/05\/33710692_1878202218897234_7389453845077688320_n-1-1024x687.jpg 1024w, https:\/\/www.sportomokykla.lt\/vrssm\/wp\/wp-content\/uploads\/2018\/05\/33710692_1878202218897234_7389453845077688320_n-1-300x201.jpg 300w, https:\/\/www.sportomokykla.lt\/vrssm\/wp\/wp-content\/uploads\/2018\/05\/33710692_1878202218897234_7389453845077688320_n-1-768x515.jpg 768w, https:\/\/www.sportomokykla.lt\/vrssm\/wp\/wp-content\/uploads\/2018\/05\/33710692_1878202218897234_7389453845077688320_n-1.jpg 1200w\" sizes=\"auto, (max-width: 1024px) 100vw, 1024px\" \/><\/a><\/figure>\n\n\n\n<figure class=\"wp-block-image size-large\"><a href=\"https:\/\/www.sportomokykla.lt\/vrssm\/wp\/wp-content\/uploads\/2018\/05\/Clipboard02-7.jpg\"><img loading=\"lazy\" decoding=\"async\" width=\"1024\" height=\"362\" data-id=\"5135\" src=\"https:\/\/www.sportomokykla.lt\/vrssm\/wp\/wp-content\/uploads\/2018\/05\/Clipboard02-7-1024x362.jpg\" alt=\"\" class=\"wp-image-5135\" srcset=\"https:\/\/www.sportomokykla.lt\/vrssm\/wp\/wp-content\/uploads\/2018\/05\/Clipboard02-7-1024x362.jpg 1024w, https:\/\/www.sportomokykla.lt\/vrssm\/wp\/wp-content\/uploads\/2018\/05\/Clipboard02-7-300x106.jpg 300w, https:\/\/www.sportomokykla.lt\/vrssm\/wp\/wp-content\/uploads\/2018\/05\/Clipboard02-7-768x271.jpg 768w, https:\/\/www.sportomokykla.lt\/vrssm\/wp\/wp-content\/uploads\/2018\/05\/Clipboard02-7-1170x415.jpg 1170w, https:\/\/www.sportomokykla.lt\/vrssm\/wp\/wp-content\/uploads\/2018\/05\/Clipboard02-7.jpg 1175w\" sizes=\"auto, (max-width: 1024px) 100vw, 1024px\" \/><\/a><\/figure>\n\n\n\n<figure class=\"wp-block-image size-large\"><a href=\"https:\/\/www.sportomokykla.lt\/vrssm\/wp\/wp-content\/uploads\/2018\/05\/IMG_1900-1.jpg\"><img loading=\"lazy\" decoding=\"async\" width=\"1024\" height=\"768\" data-id=\"5137\" src=\"https:\/\/www.sportomokykla.lt\/vrssm\/wp\/wp-content\/uploads\/2018\/05\/IMG_1900-1-1024x768.jpg\" alt=\"\" class=\"wp-image-5137\" srcset=\"https:\/\/www.sportomokykla.lt\/vrssm\/wp\/wp-content\/uploads\/2018\/05\/IMG_1900-1-1024x768.jpg 1024w, https:\/\/www.sportomokykla.lt\/vrssm\/wp\/wp-content\/uploads\/2018\/05\/IMG_1900-1-300x225.jpg 300w, https:\/\/www.sportomokykla.lt\/vrssm\/wp\/wp-content\/uploads\/2018\/05\/IMG_1900-1-768x576.jpg 768w, https:\/\/www.sportomokykla.lt\/vrssm\/wp\/wp-content\/uploads\/2018\/05\/IMG_1900-1.jpg 1200w\" sizes=\"auto, (max-width: 1024px) 100vw, 1024px\" \/><\/a><\/figure>\n\n\n\n<figure class=\"wp-block-image size-large\"><a href=\"https:\/\/www.sportomokykla.lt\/vrssm\/wp\/wp-content\/uploads\/2018\/05\/IMG_2034-1.jpg\"><img loading=\"lazy\" decoding=\"async\" width=\"1024\" height=\"768\" data-id=\"5141\" src=\"https:\/\/www.sportomokykla.lt\/vrssm\/wp\/wp-content\/uploads\/2018\/05\/IMG_2034-1-1024x768.jpg\" alt=\"\" class=\"wp-image-5141\" srcset=\"https:\/\/www.sportomokykla.lt\/vrssm\/wp\/wp-content\/uploads\/2018\/05\/IMG_2034-1-1024x768.jpg 1024w, https:\/\/www.sportomokykla.lt\/vrssm\/wp\/wp-content\/uploads\/2018\/05\/IMG_2034-1-300x225.jpg 300w, https:\/\/www.sportomokykla.lt\/vrssm\/wp\/wp-content\/uploads\/2018\/05\/IMG_2034-1-768x576.jpg 768w, https:\/\/www.sportomokykla.lt\/vrssm\/wp\/wp-content\/uploads\/2018\/05\/IMG_2034-1.jpg 1200w\" sizes=\"auto, (max-width: 1024px) 100vw, 1024px\" \/><\/a><\/figure>\n<\/figure>\n\n\n\n<p class=\"has-text-align-center\"><strong>_______________________________________________<\/strong><\/p>\n\n\n\n<p class=\"has-text-align-center\"><span style=\"color: #008080;\"><strong>Mokytojas (vaikin\u0173 gr.) \u2013 Zbignev Sinkevi\u010d<\/strong> <strong>(1975-01-06)<\/strong><\/span><\/p>\n\n\n\n<figure class=\"wp-block-image aligncenter size-large\"><a href=\"https:\/\/www.sportomokykla.lt\/vrssm\/wp\/wp-content\/uploads\/2019\/03\/Sinkevi\u010d1.jpg\"><img loading=\"lazy\" decoding=\"async\" width=\"122\" height=\"148\" src=\"https:\/\/www.sportomokykla.lt\/vrssm\/wp\/wp-content\/uploads\/2019\/03\/Sinkevi\u010d1.jpg\" alt=\"\" class=\"wp-image-6869\"\/><\/a><\/figure>\n\n\n\n<p class=\"has-text-align-center\"><span style=\"color: #666699;\"><strong>Treniruot\u0117s vyksta: Suderv\u0117s M. Zdziechovskio pagrindin\u0117s mokyklos sporto sal\u0117je.<\/strong><\/span><\/p>\n\n\n\n<p class=\"has-text-align-center\">Pirmadienis: 16.00 \u2013 18.00<\/p>\n\n\n\n<p class=\"has-text-align-center\">Tre\u010diadienis: 16.00 \u2013 18.00<\/p>\n\n\n\n<p class=\"has-text-align-center\">Penktadienis: 16.00 \u2013 18.00<\/p>\n\n\n\n<p class=\"has-text-align-center\"><span style=\"color: #666699;\"><strong>Su mokytoju galima susisiekti telefonu: 868330112.<\/strong><\/span><\/p>\n\n\n\n<figure class=\"wp-block-gallery has-nested-images columns-2 is-cropped wp-block-gallery-2 is-layout-flex wp-block-gallery-is-layout-flex\">\n<figure class=\"wp-block-image size-large\"><a href=\"https:\/\/www.sportomokykla.lt\/vrssm\/wp\/wp-content\/uploads\/2019\/03\/IMG_5661.jpg\"><img loading=\"lazy\" decoding=\"async\" width=\"1024\" height=\"683\" data-id=\"6872\" src=\"https:\/\/www.sportomokykla.lt\/vrssm\/wp\/wp-content\/uploads\/2019\/03\/IMG_5661-1024x683.jpg\" alt=\"\" class=\"wp-image-6872\" srcset=\"https:\/\/www.sportomokykla.lt\/vrssm\/wp\/wp-content\/uploads\/2019\/03\/IMG_5661-1024x683.jpg 1024w, https:\/\/www.sportomokykla.lt\/vrssm\/wp\/wp-content\/uploads\/2019\/03\/IMG_5661-300x200.jpg 300w, https:\/\/www.sportomokykla.lt\/vrssm\/wp\/wp-content\/uploads\/2019\/03\/IMG_5661-768x512.jpg 768w\" sizes=\"auto, (max-width: 1024px) 100vw, 1024px\" \/><\/a><\/figure>\n\n\n\n<figure class=\"wp-block-image size-large\"><a href=\"https:\/\/www.sportomokykla.lt\/vrssm\/wp\/wp-content\/uploads\/2019\/03\/z4.jpg\"><img loading=\"lazy\" decoding=\"async\" width=\"799\" height=\"600\" data-id=\"6871\" src=\"https:\/\/www.sportomokykla.lt\/vrssm\/wp\/wp-content\/uploads\/2019\/03\/z4.jpg\" alt=\"\" class=\"wp-image-6871\" srcset=\"https:\/\/www.sportomokykla.lt\/vrssm\/wp\/wp-content\/uploads\/2019\/03\/z4.jpg 799w, https:\/\/www.sportomokykla.lt\/vrssm\/wp\/wp-content\/uploads\/2019\/03\/z4-300x225.jpg 300w, https:\/\/www.sportomokykla.lt\/vrssm\/wp\/wp-content\/uploads\/2019\/03\/z4-768x577.jpg 768w\" sizes=\"auto, (max-width: 799px) 100vw, 799px\" \/><\/a><\/figure>\n<\/figure>\n","protected":false},"excerpt":{"rendered":"<p>Mokytojas (mergin\u0173 gr.) \u2013 Valdemaras \u0160umskas (1969-04-11) Treniruot\u0117s vyksta: Avi\u017eieni\u0173 gimnazijos sporto sal\u0117je. Pirmadienis: 15.00 \u2013 17.00 Penktadienis: 15.00 \u2013 18.00 Su mokytoju galima susisiekti telefonu: 867951225. _______________________________________________ Mokytojas (vaikin\u0173 gr.) \u2013 Zbignev Sinkevi\u010d (1975-01-06) Treniruot\u0117s vyksta: Suderv\u0117s M. Zdziechovskio pagrindin\u0117s mokyklos sporto sal\u0117je. Pirmadienis: 16.00 \u2013 18.00 Tre\u010diadienis: 16.00 \u2013 18.00 Penktadienis: 16.00 \u2013 [&hellip;]<\/p>\n","protected":false},"author":1,"featured_media":0,"parent":0,"menu_order":0,"comment_status":"closed","ping_status":"closed","template":"","meta":{"footnotes":""},"class_list":["post-1807","page","type-page","status-publish","hentry"],"_links":{"self":[{"href":"https:\/\/www.sportomokykla.lt\/index.php?rest_route=\/wp\/v2\/pages\/1807","targetHints":{"allow":["GET"]}}],"collection":[{"href":"https:\/\/www.sportomokykla.lt\/index.php?rest_route=\/wp\/v2\/pages"}],"about":[{"href":"https:\/\/www.sportomokykla.lt\/index.php?rest_route=\/wp\/v2\/types\/page"}],"author":[{"embeddable":true,"href":"https:\/\/www.sportomokykla.lt\/index.php?rest_route=\/wp\/v2\/users\/1"}],"replies":[{"embeddable":true,"href":"https:\/\/www.sportomokykla.lt\/index.php?rest_route=%2Fwp%2Fv2%2Fcomments&post=1807"}],"version-history":[{"count":17,"href":"https:\/\/www.sportomokykla.lt\/index.php?rest_route=\/wp\/v2\/pages\/1807\/revisions"}],"predecessor-version":[{"id":17001,"href":"https:\/\/www.sportomokykla.lt\/index.php?rest_route=\/wp\/v2\/pages\/1807\/revisions\/17001"}],"wp:attachment":[{"href":"https:\/\/www.sportomokykla.lt\/index.php?rest_route=%2Fwp%2Fv2%2Fmedia&parent=1807"}],"curies":[{"name":"wp","href":"https:\/\/api.w.org\/{rel}","templated":true}]}}