{"id":1811,"date":"2017-04-01T15:45:31","date_gmt":"2017-04-01T12:45:31","guid":{"rendered":"http:\/\/www.sportomokykla.lt\/vrssm\/wp\/?page_id=1811"},"modified":"2024-07-30T15:09:34","modified_gmt":"2024-07-30T12:09:34","slug":"zoles-riedulys","status":"publish","type":"page","link":"https:\/\/www.sportomokykla.lt\/?page_id=1811&lang=lt","title":{"rendered":"\u017dol\u0117s riedulys"},"content":{"rendered":"\n<p class=\"has-text-align-center\"><strong style=\"color: #008080; font-family: Verdana, Geneva, sans-serif;\">Mokytojas &#8211; Vilipas Vytautas<\/strong><span style=\"color: #008080;\"><strong><span style=\"font-family: Verdana, Geneva, sans-serif;\"> (1960-01-05)<\/span><\/strong><\/span><\/p>\n\n\n\n<figure class=\"wp-block-image aligncenter size-large\"><a href=\"https:\/\/www.sportomokykla.lt\/vrssm\/wp\/wp-content\/uploads\/2019\/03\/Clipboard0125.jpg\"><img loading=\"lazy\" decoding=\"async\" width=\"166\" height=\"163\" src=\"https:\/\/www.sportomokykla.lt\/vrssm\/wp\/wp-content\/uploads\/2019\/03\/Clipboard0125.jpg\" alt=\"\" class=\"wp-image-6786\"\/><\/a><\/figure>\n\n\n\n<p class=\"has-text-align-center\">1992 m. baig\u0117 Lietuvos k\u016bno kult\u016bros institut\u0105, \u012fgijo k\u016bno kult\u016bros ir turizmo d\u0117stytojo organizatoriaus kvalifikacij\u0105. 1994 m. treneriui suteikta k\u016bno kult\u016bros mokytojo metodininko kvalifikacija. Mokytoju dirba nuo 1993 m.<\/p>\n\n\n\n<p class=\"has-text-align-center\"><span style=\"color: #666699;\"><strong>Treniruot\u0117s vyksta: Rudaminos sintetin\u0117s dangos stadione arba Rudaminos \u201eRyto\u201c gimnazijos sporto sal\u0117je.<\/strong><\/span><\/p>\n\n\n\n<p class=\"has-text-align-center\">Pirmadienis: 13.45 &#8211; 16.50<\/p>\n\n\n\n<p class=\"has-text-align-center\">Antradienis: 14.40 &#8211; 15.40<\/p>\n\n\n\n<p class=\"has-text-align-center\">Tre\u010diadienis: 15.25 &#8211; 17.30<\/p>\n\n\n\n<p class=\"has-text-align-center\">\u0160e\u0161tadienis: 08.55 &#8211; 13.00<\/p>\n\n\n\n<p class=\"has-text-align-center\"><span style=\"color: #666699;\"><strong>Su mokytoju galima susisiekti telefonu: 868022353.<\/strong><\/span><\/p>\n\n\n\n<figure class=\"wp-block-gallery has-nested-images columns-8 is-cropped wp-block-gallery-1 is-layout-flex wp-block-gallery-is-layout-flex\">\n<figure class=\"wp-block-image size-large\"><a href=\"https:\/\/www.sportomokykla.lt\/vrssm\/wp\/wp-content\/uploads\/2019\/03\/IMGP4213.jpg\"><img loading=\"lazy\" decoding=\"async\" width=\"1024\" height=\"768\" data-id=\"6867\" src=\"https:\/\/www.sportomokykla.lt\/vrssm\/wp\/wp-content\/uploads\/2019\/03\/IMGP4213-1024x768.jpg\" alt=\"\" class=\"wp-image-6867\" srcset=\"https:\/\/www.sportomokykla.lt\/vrssm\/wp\/wp-content\/uploads\/2019\/03\/IMGP4213.jpg 1024w, https:\/\/www.sportomokykla.lt\/vrssm\/wp\/wp-content\/uploads\/2019\/03\/IMGP4213-300x225.jpg 300w, https:\/\/www.sportomokykla.lt\/vrssm\/wp\/wp-content\/uploads\/2019\/03\/IMGP4213-768x576.jpg 768w\" sizes=\"auto, (max-width: 1024px) 100vw, 1024px\" \/><\/a><\/figure>\n\n\n\n<figure class=\"wp-block-image size-large has-custom-border\"><a href=\"https:\/\/www.sportomokykla.lt\/vrssm\/wp\/wp-content\/uploads\/2019\/01\/IMG_20190126_1535101.jpg\"><img loading=\"lazy\" decoding=\"async\" width=\"1024\" height=\"768\" data-id=\"6397\" src=\"https:\/\/www.sportomokykla.lt\/vrssm\/wp\/wp-content\/uploads\/2019\/01\/IMG_20190126_1535101-1024x768.jpg\" alt=\"\" class=\"wp-image-6397\" style=\"border-style:none;border-width:0px\" srcset=\"https:\/\/www.sportomokykla.lt\/vrssm\/wp\/wp-content\/uploads\/2019\/01\/IMG_20190126_1535101-1024x768.jpg 1024w, https:\/\/www.sportomokykla.lt\/vrssm\/wp\/wp-content\/uploads\/2019\/01\/IMG_20190126_1535101-300x225.jpg 300w, https:\/\/www.sportomokykla.lt\/vrssm\/wp\/wp-content\/uploads\/2019\/01\/IMG_20190126_1535101-768x576.jpg 768w, https:\/\/www.sportomokykla.lt\/vrssm\/wp\/wp-content\/uploads\/2019\/01\/IMG_20190126_1535101.jpg 1200w\" sizes=\"auto, (max-width: 1024px) 100vw, 1024px\" \/><\/a><\/figure>\n\n\n\n<figure class=\"wp-block-image size-large\"><a href=\"https:\/\/www.sportomokykla.lt\/vrssm\/wp\/wp-content\/uploads\/2019\/01\/IMG_20190126_1533571.jpg\"><img loading=\"lazy\" decoding=\"async\" width=\"1024\" height=\"768\" data-id=\"6396\" src=\"https:\/\/www.sportomokykla.lt\/vrssm\/wp\/wp-content\/uploads\/2019\/01\/IMG_20190126_1533571-1024x768.jpg\" alt=\"\" class=\"wp-image-6396\" srcset=\"https:\/\/www.sportomokykla.lt\/vrssm\/wp\/wp-content\/uploads\/2019\/01\/IMG_20190126_1533571-1024x768.jpg 1024w, https:\/\/www.sportomokykla.lt\/vrssm\/wp\/wp-content\/uploads\/2019\/01\/IMG_20190126_1533571-300x225.jpg 300w, https:\/\/www.sportomokykla.lt\/vrssm\/wp\/wp-content\/uploads\/2019\/01\/IMG_20190126_1533571-768x576.jpg 768w, https:\/\/www.sportomokykla.lt\/vrssm\/wp\/wp-content\/uploads\/2019\/01\/IMG_20190126_1533571.jpg 1200w\" sizes=\"auto, (max-width: 1024px) 100vw, 1024px\" \/><\/a><\/figure>\n\n\n\n<figure class=\"wp-block-image size-large\"><a href=\"https:\/\/www.sportomokykla.lt\/vrssm\/wp\/wp-content\/uploads\/2019\/01\/IMG_20190126_1529571.jpg\"><img loading=\"lazy\" decoding=\"async\" width=\"768\" height=\"1024\" data-id=\"6395\" src=\"https:\/\/www.sportomokykla.lt\/vrssm\/wp\/wp-content\/uploads\/2019\/01\/IMG_20190126_1529571-768x1024.jpg\" alt=\"\" class=\"wp-image-6395\" srcset=\"https:\/\/www.sportomokykla.lt\/vrssm\/wp\/wp-content\/uploads\/2019\/01\/IMG_20190126_1529571-768x1024.jpg 768w, https:\/\/www.sportomokykla.lt\/vrssm\/wp\/wp-content\/uploads\/2019\/01\/IMG_20190126_1529571-225x300.jpg 225w, https:\/\/www.sportomokykla.lt\/vrssm\/wp\/wp-content\/uploads\/2019\/01\/IMG_20190126_1529571.jpg 1200w\" sizes=\"auto, (max-width: 768px) 100vw, 768px\" \/><\/a><\/figure>\n\n\n\n<figure class=\"wp-block-image size-large\"><a href=\"https:\/\/www.sportomokykla.lt\/vrssm\/wp\/wp-content\/uploads\/2018\/12\/IMG_20181215_1319141.jpg\"><img loading=\"lazy\" decoding=\"async\" width=\"1024\" height=\"768\" data-id=\"6281\" src=\"https:\/\/www.sportomokykla.lt\/vrssm\/wp\/wp-content\/uploads\/2018\/12\/IMG_20181215_1319141-1024x768.jpg\" alt=\"\" class=\"wp-image-6281\" srcset=\"https:\/\/www.sportomokykla.lt\/vrssm\/wp\/wp-content\/uploads\/2018\/12\/IMG_20181215_1319141-1024x768.jpg 1024w, https:\/\/www.sportomokykla.lt\/vrssm\/wp\/wp-content\/uploads\/2018\/12\/IMG_20181215_1319141-300x225.jpg 300w, https:\/\/www.sportomokykla.lt\/vrssm\/wp\/wp-content\/uploads\/2018\/12\/IMG_20181215_1319141-768x576.jpg 768w, https:\/\/www.sportomokykla.lt\/vrssm\/wp\/wp-content\/uploads\/2018\/12\/IMG_20181215_1319141.jpg 1200w\" sizes=\"auto, (max-width: 1024px) 100vw, 1024px\" \/><\/a><\/figure>\n\n\n\n<figure class=\"wp-block-image size-large\"><a href=\"https:\/\/www.sportomokykla.lt\/vrssm\/wp\/wp-content\/uploads\/2018\/11\/IMG_20181104_162026_11.jpg\"><img loading=\"lazy\" decoding=\"async\" width=\"1024\" height=\"807\" data-id=\"6165\" src=\"https:\/\/www.sportomokykla.lt\/vrssm\/wp\/wp-content\/uploads\/2018\/11\/IMG_20181104_162026_11-1024x807.jpg\" alt=\"\" class=\"wp-image-6165\" srcset=\"https:\/\/www.sportomokykla.lt\/vrssm\/wp\/wp-content\/uploads\/2018\/11\/IMG_20181104_162026_11-1024x807.jpg 1024w, https:\/\/www.sportomokykla.lt\/vrssm\/wp\/wp-content\/uploads\/2018\/11\/IMG_20181104_162026_11-300x237.jpg 300w, https:\/\/www.sportomokykla.lt\/vrssm\/wp\/wp-content\/uploads\/2018\/11\/IMG_20181104_162026_11-768x605.jpg 768w, https:\/\/www.sportomokykla.lt\/vrssm\/wp\/wp-content\/uploads\/2018\/11\/IMG_20181104_162026_11.jpg 1200w\" sizes=\"auto, (max-width: 1024px) 100vw, 1024px\" \/><\/a><\/figure>\n\n\n\n<figure class=\"wp-block-image size-large\"><a href=\"https:\/\/www.sportomokykla.lt\/vrssm\/wp\/wp-content\/uploads\/2018\/11\/IMG_20181103_1034321.jpg\"><img loading=\"lazy\" decoding=\"async\" width=\"1024\" height=\"768\" data-id=\"6161\" src=\"https:\/\/www.sportomokykla.lt\/vrssm\/wp\/wp-content\/uploads\/2018\/11\/IMG_20181103_1034321-1024x768.jpg\" alt=\"\" class=\"wp-image-6161\" srcset=\"https:\/\/www.sportomokykla.lt\/vrssm\/wp\/wp-content\/uploads\/2018\/11\/IMG_20181103_1034321-1024x768.jpg 1024w, https:\/\/www.sportomokykla.lt\/vrssm\/wp\/wp-content\/uploads\/2018\/11\/IMG_20181103_1034321-300x225.jpg 300w, https:\/\/www.sportomokykla.lt\/vrssm\/wp\/wp-content\/uploads\/2018\/11\/IMG_20181103_1034321-768x576.jpg 768w, https:\/\/www.sportomokykla.lt\/vrssm\/wp\/wp-content\/uploads\/2018\/11\/IMG_20181103_1034321.jpg 1200w\" sizes=\"auto, (max-width: 1024px) 100vw, 1024px\" \/><\/a><\/figure>\n\n\n\n<figure class=\"wp-block-image size-large\"><a href=\"https:\/\/www.sportomokykla.lt\/vrssm\/wp\/wp-content\/uploads\/2018\/11\/IMG_20181103_1614241.jpg\"><img loading=\"lazy\" decoding=\"async\" width=\"1024\" height=\"529\" data-id=\"6164\" src=\"https:\/\/www.sportomokykla.lt\/vrssm\/wp\/wp-content\/uploads\/2018\/11\/IMG_20181103_1614241-1024x529.jpg\" alt=\"\" class=\"wp-image-6164\" srcset=\"https:\/\/www.sportomokykla.lt\/vrssm\/wp\/wp-content\/uploads\/2018\/11\/IMG_20181103_1614241-1024x529.jpg 1024w, https:\/\/www.sportomokykla.lt\/vrssm\/wp\/wp-content\/uploads\/2018\/11\/IMG_20181103_1614241-300x155.jpg 300w, https:\/\/www.sportomokykla.lt\/vrssm\/wp\/wp-content\/uploads\/2018\/11\/IMG_20181103_1614241-768x397.jpg 768w, https:\/\/www.sportomokykla.lt\/vrssm\/wp\/wp-content\/uploads\/2018\/11\/IMG_20181103_1614241.jpg 1200w\" sizes=\"auto, (max-width: 1024px) 100vw, 1024px\" \/><\/a><\/figure>\n\n\n\n<figure class=\"wp-block-image size-large\"><a href=\"https:\/\/www.sportomokykla.lt\/vrssm\/wp\/wp-content\/uploads\/2018\/11\/IMG_20181010_1726021.jpg\"><img loading=\"lazy\" decoding=\"async\" width=\"1024\" height=\"768\" data-id=\"6102\" src=\"https:\/\/www.sportomokykla.lt\/vrssm\/wp\/wp-content\/uploads\/2018\/11\/IMG_20181010_1726021-1024x768.jpg\" alt=\"\" class=\"wp-image-6102\" srcset=\"https:\/\/www.sportomokykla.lt\/vrssm\/wp\/wp-content\/uploads\/2018\/11\/IMG_20181010_1726021-1024x768.jpg 1024w, https:\/\/www.sportomokykla.lt\/vrssm\/wp\/wp-content\/uploads\/2018\/11\/IMG_20181010_1726021-300x225.jpg 300w, https:\/\/www.sportomokykla.lt\/vrssm\/wp\/wp-content\/uploads\/2018\/11\/IMG_20181010_1726021-768x576.jpg 768w, https:\/\/www.sportomokykla.lt\/vrssm\/wp\/wp-content\/uploads\/2018\/11\/IMG_20181010_1726021.jpg 1200w\" sizes=\"auto, (max-width: 1024px) 100vw, 1024px\" \/><\/a><\/figure>\n\n\n\n<figure class=\"wp-block-image size-large\"><a href=\"https:\/\/www.sportomokykla.lt\/vrssm\/wp\/wp-content\/uploads\/2018\/09\/IMG_20180923_1658061.jpg\"><img loading=\"lazy\" decoding=\"async\" width=\"1024\" height=\"768\" data-id=\"5664\" src=\"https:\/\/www.sportomokykla.lt\/vrssm\/wp\/wp-content\/uploads\/2018\/09\/IMG_20180923_1658061-1024x768.jpg\" alt=\"\" class=\"wp-image-5664\" srcset=\"https:\/\/www.sportomokykla.lt\/vrssm\/wp\/wp-content\/uploads\/2018\/09\/IMG_20180923_1658061-1024x768.jpg 1024w, https:\/\/www.sportomokykla.lt\/vrssm\/wp\/wp-content\/uploads\/2018\/09\/IMG_20180923_1658061-300x225.jpg 300w, https:\/\/www.sportomokykla.lt\/vrssm\/wp\/wp-content\/uploads\/2018\/09\/IMG_20180923_1658061-768x576.jpg 768w, https:\/\/www.sportomokykla.lt\/vrssm\/wp\/wp-content\/uploads\/2018\/09\/IMG_20180923_1658061.jpg 1200w\" sizes=\"auto, (max-width: 1024px) 100vw, 1024px\" \/><\/a><\/figure>\n<\/figure>\n","protected":false},"excerpt":{"rendered":"<p>Mokytojas &#8211; Vilipas Vytautas (1960-01-05) 1992 m. baig\u0117 Lietuvos k\u016bno kult\u016bros institut\u0105, \u012fgijo k\u016bno kult\u016bros ir turizmo d\u0117stytojo organizatoriaus kvalifikacij\u0105. 1994 m. treneriui suteikta k\u016bno kult\u016bros mokytojo metodininko kvalifikacija. Mokytoju dirba nuo 1993 m. Treniruot\u0117s vyksta: Rudaminos sintetin\u0117s dangos stadione arba Rudaminos \u201eRyto\u201c gimnazijos sporto sal\u0117je. Pirmadienis: 13.45 &#8211; 16.50 Antradienis: 14.40 &#8211; 15.40 Tre\u010diadienis: [&hellip;]<\/p>\n","protected":false},"author":1,"featured_media":0,"parent":0,"menu_order":0,"comment_status":"closed","ping_status":"closed","template":"","meta":{"footnotes":""},"class_list":["post-1811","page","type-page","status-publish","hentry"],"_links":{"self":[{"href":"https:\/\/www.sportomokykla.lt\/index.php?rest_route=\/wp\/v2\/pages\/1811","targetHints":{"allow":["GET"]}}],"collection":[{"href":"https:\/\/www.sportomokykla.lt\/index.php?rest_route=\/wp\/v2\/pages"}],"about":[{"href":"https:\/\/www.sportomokykla.lt\/index.php?rest_route=\/wp\/v2\/types\/page"}],"author":[{"embeddable":true,"href":"https:\/\/www.sportomokykla.lt\/index.php?rest_route=\/wp\/v2\/users\/1"}],"replies":[{"embeddable":true,"href":"https:\/\/www.sportomokykla.lt\/index.php?rest_route=%2Fwp%2Fv2%2Fcomments&post=1811"}],"version-history":[{"count":14,"href":"https:\/\/www.sportomokykla.lt\/index.php?rest_route=\/wp\/v2\/pages\/1811\/revisions"}],"predecessor-version":[{"id":17003,"href":"https:\/\/www.sportomokykla.lt\/index.php?rest_route=\/wp\/v2\/pages\/1811\/revisions\/17003"}],"wp:attachment":[{"href":"https:\/\/www.sportomokykla.lt\/index.php?rest_route=%2Fwp%2Fv2%2Fmedia&parent=1811"}],"curies":[{"name":"wp","href":"https:\/\/api.w.org\/{rel}","templated":true}]}}