{"id":1896,"date":"2017-04-02T17:49:35","date_gmt":"2017-04-02T14:49:35","guid":{"rendered":"http:\/\/www.sportomokykla.lt\/vrssm\/wp\/?page_id=1896"},"modified":"2019-08-02T00:17:30","modified_gmt":"2019-08-01T21:17:30","slug":"zaidiniu-rezultatai","status":"publish","type":"page","link":"https:\/\/www.sportomokykla.lt\/?page_id=1896&lang=lt","title":{"rendered":"\u017daidyni\u0173 rezultatai"},"content":{"rendered":"<p><span style=\"color: #666699;\"><strong><a style=\"color: #666699;\" href=\"http:\/\/www.sportomokykla.lt\/vrssm\/wp\/wp-content\/uploads\/2017\/03\/2016-2017-m.-m.-pagrindini\u0173-mok.-LM\u017d-var\u017eyb\u0173-programa.pdf\">2016-2017 m. m. pagrindini\u0173 mok. LM\u017d var\u017eyb\u0173 programa<\/a><\/strong><\/span><\/p>\n<p><span style=\"color: #666699;\"><strong><a style=\"color: #666699;\" href=\"http:\/\/www.sportomokykla.lt\/vrssm\/wp\/wp-content\/uploads\/2017\/03\/2016-2017-m.-m.-Lietuvos-mokykl\u0173-nuostatai.pdf\">2016-2017 m. m. Lietuvos mokykl\u0173 nuostatai<\/a><\/strong><\/span><\/p>\n<p><span style=\"color: #666699;\"><strong><a style=\"color: #666699;\" href=\"http:\/\/www.sportomokykla.lt\/vrssm\/wp\/wp-content\/uploads\/2017\/03\/2016-2017-m.-m.-Vilniaus-r.-mokykl\u0173-\u017eaidyni\u0173-nuostatai.pdf\">2016-2017 m. m. Vilniaus r. mokykl\u0173 \u017eaidyni\u0173 nuostatai<\/a><\/strong><\/span><\/p>\n<p>&nbsp;<\/p>\n<p><span style=\"color: #666699;\"><strong><a style=\"color: #666699;\" href=\"http:\/\/www.sportomokykla.lt\/vrssm\/wp\/wp-content\/uploads\/2017\/04\/2016-2017-m.-m.-Vilniaus-rajono-kaimo-vietovi\u0173-mokykl\u0173-var\u017eyb\u0173-rezultat\u0173-suvestin\u0117-2.pdf\">2016-2017 m. m. Vilniaus rajono kaimo vietovi\u0173 mokykl\u0173 var\u017eyb\u0173 rezultat\u0173 suvestin\u0117<\/a><\/strong><\/span><\/p>\n<p><span style=\"color: #666699;\"><strong><a style=\"color: #666699;\" href=\"http:\/\/www.sportomokykla.lt\/vrssm\/wp\/wp-content\/uploads\/2017\/04\/2016-2017-m.-m.-Vilniaus-r.-gimnazij\u0173-\u017eaidini\u0173-var\u017eyb\u0173-rezultatai-13.pdf\">2016-2017 m. m. Vilniaus r. gimnazij\u0173 \u017eaidyni\u0173 var\u017eyb\u0173 rezultat\u0173 suvestin\u0117<\/a><\/strong><\/span><\/p>\n<p><span style=\"color: #666699;\"><strong><a style=\"color: #666699;\" href=\"http:\/\/www.sportomokykla.lt\/vrssm\/wp\/wp-content\/uploads\/2017\/04\/2016-2017-M.M.-VILNIAUS-RAJONO-PAGRINDINI\u0172-MOKYKL\u0172-\u017dAIDYNI\u0172-SPORTO-VAR\u017dYB\u0172-REZULTATAI.pdf\">2016-2017 m. m. Vilniaus r. pagrindini\u0173 mokykl\u0173 \u017eaidyni\u0173 var\u017eyb\u0173 rezultat\u0173 suvestin\u0117<\/a><\/strong><\/span><\/p>\n<p>&nbsp;<\/p>\n<p><a href=\"http:\/\/www.sportomokykla.lt\/vrssm\/wp\/wp-content\/uploads\/2018\/09\/2017-2018-m.-m.-Vilniaus-r.-gimnazij\u0173-\u017eaidyni\u0173-var\u017eyb\u0173-rezultat\u0173-suvestin\u0117.pdf\"><span style=\"color: #666699;\"><strong>2017-2018 m. m. Vilniaus rajono gimnazij\u0173 \u017eaidyni\u0173 var\u017eyb\u0173 rezultat\u0173 suvestin\u0117<\/strong><\/span><\/a><\/p>\n<p><span style=\"color: #666699;\"><strong><a style=\"color: #666699;\" href=\"http:\/\/www.sportomokykla.lt\/vrssm\/wp\/wp-content\/uploads\/2018\/09\/Kopija-2017-2018-m.-m.-Vilniaus-rajono-pagrindini\u0173-mokykl\u0173-var\u017eyb\u0173-rezultat\u0173-suvestin\u0117-1.pdf\">2017-2018 m. m. Vilniaus rajono pagrindini\u0173 mokykl\u0173 var\u017eyb\u0173 rezultat\u0173 suvestin\u0117<\/a> <\/strong><\/span><\/p>\n<p><span style=\"color: #666699;\"><strong><a style=\"color: #666699;\" href=\"http:\/\/www.sportomokykla.lt\/vrssm\/wp\/wp-content\/uploads\/2018\/09\/Kopija-2017-2018-m.-m.-Vilniaus-rajono-kaimo-vietovi\u0173-mokykl\u0173-var\u017eyb\u0173-rezultat\u0173-suvestin\u0117-1.pdf\">2017-2018 m. m. Vilniaus rajono kaimo vietovi\u0173 mokykl\u0173 var\u017eyb\u0173 rezultat\u0173 suvestin\u0117<\/a><\/strong><\/span><\/p>\n<p>&nbsp;<\/p>\n<p><span style=\"color: #666699;\"><strong><a style=\"color: #666699;\" href=\"http:\/\/www.sportomokykla.lt\/vrssm\/wp\/wp-content\/uploads\/2019\/08\/2018-2019-m.-m.-Vilniaus-rajono-gimnazij\u0173-\u017eaidyni\u0173-var\u017eyb\u0173-rezultat\u0173-suvestin\u0117.pdf\">2018-2019 m. m. Vilniaus rajono gimnazij\u0173 \u017eaidyni\u0173 var\u017eyb\u0173 rezultat\u0173 suvestin\u0117<\/a> <\/strong><\/span><\/p>\n<p><span style=\"color: #666699;\"><strong><a style=\"color: #666699;\" href=\"http:\/\/www.sportomokykla.lt\/vrssm\/wp\/wp-content\/uploads\/2019\/08\/2018-2019-m.-m.-Vilniaus-rajono-pagrindini\u0173-mokykl\u0173-var\u017eyb\u0173-rezultat\u0173-suvestin\u0117.pdf\">2018-2019 m. m. Vilniaus rajono pagrindini\u0173 mokykl\u0173 var\u017eyb\u0173 rezultat\u0173 suvestin\u0117<\/a> <\/strong><\/span><\/p>\n<p><span style=\"color: #666699;\"><strong><a style=\"color: #666699;\" href=\"http:\/\/www.sportomokykla.lt\/vrssm\/wp\/wp-content\/uploads\/2019\/08\/2018-2019-m.-m.-Vilniaus-rajono-kaimo-vietovi\u0173-mokykl\u0173-var\u017eyb\u0173-rezultat\u0173-suvestin\u0117.pdf\">2018-2019 m. m. Vilniaus rajono kaimo vietovi\u0173 mokykl\u0173 var\u017eyb\u0173 rezultat\u0173 suvestin\u0117<\/a><\/strong><\/span><\/p>\n<p>&nbsp;<\/p>\n<p>&nbsp;<\/p>\n","protected":false},"excerpt":{"rendered":"<p>2016-2017 m. m. pagrindini\u0173 mok. LM\u017d var\u017eyb\u0173 programa 2016-2017 m. m. Lietuvos mokykl\u0173 nuostatai 2016-2017 m. m. Vilniaus r. mokykl\u0173 \u017eaidyni\u0173 nuostatai &nbsp; 2016-2017 m. m. Vilniaus rajono kaimo vietovi\u0173 mokykl\u0173 var\u017eyb\u0173 rezultat\u0173 suvestin\u0117 2016-2017 m. m. Vilniaus r. gimnazij\u0173 \u017eaidyni\u0173 var\u017eyb\u0173 rezultat\u0173 suvestin\u0117 2016-2017 m. m. Vilniaus r. pagrindini\u0173 mokykl\u0173 \u017eaidyni\u0173 var\u017eyb\u0173 rezultat\u0173 suvestin\u0117 [&hellip;]<\/p>\n","protected":false},"author":1,"featured_media":0,"parent":0,"menu_order":0,"comment_status":"closed","ping_status":"closed","template":"","meta":{"footnotes":""},"class_list":["post-1896","page","type-page","status-publish","hentry"],"_links":{"self":[{"href":"https:\/\/www.sportomokykla.lt\/index.php?rest_route=\/wp\/v2\/pages\/1896","targetHints":{"allow":["GET"]}}],"collection":[{"href":"https:\/\/www.sportomokykla.lt\/index.php?rest_route=\/wp\/v2\/pages"}],"about":[{"href":"https:\/\/www.sportomokykla.lt\/index.php?rest_route=\/wp\/v2\/types\/page"}],"author":[{"embeddable":true,"href":"https:\/\/www.sportomokykla.lt\/index.php?rest_route=\/wp\/v2\/users\/1"}],"replies":[{"embeddable":true,"href":"https:\/\/www.sportomokykla.lt\/index.php?rest_route=%2Fwp%2Fv2%2Fcomments&post=1896"}],"version-history":[{"count":31,"href":"https:\/\/www.sportomokykla.lt\/index.php?rest_route=\/wp\/v2\/pages\/1896\/revisions"}],"predecessor-version":[{"id":5486,"href":"https:\/\/www.sportomokykla.lt\/index.php?rest_route=\/wp\/v2\/pages\/1896\/revisions\/5486"}],"wp:attachment":[{"href":"https:\/\/www.sportomokykla.lt\/index.php?rest_route=%2Fwp%2Fv2%2Fmedia&parent=1896"}],"curies":[{"name":"wp","href":"https:\/\/api.w.org\/{rel}","templated":true}]}}