{"id":1900,"date":"2017-04-02T17:53:46","date_gmt":"2017-04-02T14:53:46","guid":{"rendered":"http:\/\/www.sportomokykla.lt\/vrssm\/wp\/?page_id=1900"},"modified":"2019-08-02T00:28:32","modified_gmt":"2019-08-01T21:28:32","slug":"wyniki-rozgrywek","status":"publish","type":"page","link":"https:\/\/www.sportomokykla.lt\/?page_id=1900&lang=pl","title":{"rendered":"Wyniki rozgrywek"},"content":{"rendered":"<p><span style=\"color: #666699;\"><strong><a style=\"color: #666699;\" href=\"http:\/\/www.sportomokykla.lt\/vrssm\/wp\/wp-content\/uploads\/2017\/04\/2016-2017-m.-m.-Vilniaus-r.-mokykl\u0173-\u017eaidyni\u0173-nuostatai.pdf\">Regulamin rozgrywek szk\u00f3\u0142 rejonu wile\u0144skiego na r. szk. 2016-2017<\/a><\/strong><\/span><\/p>\n<p><span style=\"color: #666699;\"><strong><a style=\"color: #666699;\" href=\"http:\/\/www.sportomokykla.lt\/vrssm\/wp\/wp-content\/uploads\/2017\/04\/2016-2017-m.-m.-Lietuvos-mokykl\u0173-nuostatai.pdf\">Regulamin rozgrywek szk\u00f3\u0142 Litwy na r. szk. 2016-2017<\/a><\/strong><\/span><\/p>\n<p><span style=\"color: #666699;\"><strong><a style=\"color: #666699;\" href=\"http:\/\/www.sportomokykla.lt\/vrssm\/wp\/wp-content\/uploads\/2017\/04\/2016-2017-m.-m.-pagrindini\u0173-mok.-LM\u017d-var\u017eyb\u0173-programa.pdf\">Program zawod\u00f3w igrzysk szk\u00f3\u0142 podstawowych rejonu wile\u0144skiego<\/a>\u00a0na r. szk. 2016-2017<\/strong><\/span><\/p>\n<p>&nbsp;<\/p>\n<p><span style=\"color: #666699;\"><strong><a style=\"color: #666699;\" href=\"http:\/\/www.sportomokykla.lt\/vrssm\/wp\/wp-content\/uploads\/2017\/04\/2016-2017-m.-m.-Vilniaus-rajono-kaimo-vietovi\u0173-mokykl\u0173-var\u017eyb\u0173-rezultat\u0173-suvestin\u0117-3.pdf\">Wyniki rozgrywek igrzysk szk\u00f3\u0142 wiejskich rejonu wile\u0144skiego za r. szk. 2016-2017<\/a><\/strong><\/span><\/p>\n<p><span style=\"color: #666699;\"><strong><a style=\"color: #666699;\" href=\"http:\/\/www.sportomokykla.lt\/vrssm\/wp\/wp-content\/uploads\/2017\/04\/2016-2017-m.-m.-Vilniaus-r.-gimnazij\u0173-\u017eaidini\u0173-var\u017eyb\u0173-rezultatai-12.pdf\">Wyniki rozgrywek igrzysk gimnazj\u00f3w rejonu wile\u0144skiego za r. szk. 2016-2017<\/a><\/strong><\/span><\/p>\n<p><strong><span style=\"color: #666699;\"><a style=\"color: #666699;\" href=\"http:\/\/www.sportomokykla.lt\/vrssm\/wp\/wp-content\/uploads\/2017\/04\/2016-2017-M.M.-VILNIAUS-RAJONO-PAGRINDINI\u0172-MOKYKL\u0172-\u017dAIDYNI\u0172-SPORTO-VAR\u017dYB\u0172-REZULTATAI-1.pdf\">Wyniki rozgrywek igrzysk szk\u00f3\u0142 podstawowych rejonu wile\u0144skiego za r. szk. 2016-2017\u00a0<\/a><\/span><\/strong><\/p>\n<p>&nbsp;<\/p>\n<p><a href=\"http:\/\/www.sportomokykla.lt\/vrssm\/wp\/wp-content\/uploads\/2018\/09\/2017-2018-m.-m.-Vilniaus-r.-gimnazij\u0173-\u017eaidyni\u0173-var\u017eyb\u0173-rezultat\u0173-suvestin\u0117-1.pdf\"><span style=\"color: #666699;\"><strong>Wyniki rozgrywek igrzysk gimnazj\u00f3w rejonu wile\u0144skiego za r. szk. 2017-2018<\/strong><\/span><\/a><\/p>\n<p><span style=\"color: #666699;\"><strong><a style=\"color: #666699;\" href=\"http:\/\/www.sportomokykla.lt\/vrssm\/wp\/wp-content\/uploads\/2018\/09\/Kopija-2017-2018-m.-m.-Vilniaus-rajono-pagrindini\u0173-mokykl\u0173-var\u017eyb\u0173-rezultat\u0173-suvestin\u0117-2.pdf\">Wyniki rozgrywek igrzysk szk\u00f3\u0142 podstawowych rejonu wile\u0144skiego za r. szk. 2017-2018<\/a><\/strong><\/span><\/p>\n<p><span style=\"color: #666699;\"><strong><a style=\"color: #666699;\" href=\"http:\/\/www.sportomokykla.lt\/vrssm\/wp\/wp-content\/uploads\/2018\/09\/Kopija-2017-2018-m.-m.-Vilniaus-rajono-kaimo-vietovi\u0173-mokykl\u0173-var\u017eyb\u0173-rezultat\u0173-suvestin\u0117-2.pdf\">Wyniki rozgrywek igrzysk szk\u00f3\u0142 wiejskich rejonu wile\u0144skiego za r. szk. 2017-2018<\/a><\/strong><\/span><\/p>\n<p>&nbsp;<\/p>\n<p><a href=\"http:\/\/www.sportomokykla.lt\/vrssm\/wp\/wp-content\/uploads\/2019\/08\/2018-2019-m.-m.-Vilniaus-rajono-gimnazij\u0173-\u017eaidyni\u0173-var\u017eyb\u0173-rezultat\u0173-suvestin\u0117-1.pdf\"><span style=\"color: #666699;\"><strong>Wyniki rozgrywek igrzysk gimnazj\u00f3w rejonu wile\u0144skiego za r. szk. 2018-2019<\/strong><\/span><\/a><\/p>\n<p><span style=\"color: #666699;\"><strong><a style=\"color: #666699;\" href=\"http:\/\/www.sportomokykla.lt\/vrssm\/wp\/wp-content\/uploads\/2019\/08\/2018-2019-m.-m.-Vilniaus-rajono-pagrindini\u0173-mokykl\u0173-var\u017eyb\u0173-rezultat\u0173-suvestin\u0117-1.pdf\">Wyniki rozgrywek igrzysk szk\u00f3\u0142 podstawowych rejonu wile\u0144skiego za r. szk. 2018-2019<\/a><\/strong><\/span><\/p>\n<p><span style=\"color: #666699;\"><strong><a style=\"color: #666699;\" href=\"http:\/\/www.sportomokykla.lt\/vrssm\/wp\/wp-content\/uploads\/2019\/08\/2018-2019-m.-m.-Vilniaus-rajono-kaimo-vietovi\u0173-mokykl\u0173-var\u017eyb\u0173-rezultat\u0173-suvestin\u0117-1.pdf\">Wyniki rozgrywek igrzysk szk\u00f3\u0142 wiejskich rejonu wile\u0144skiego za r. szk. 2018-2019<\/a><\/strong><\/span><\/p>\n","protected":false},"excerpt":{"rendered":"<p>Regulamin rozgrywek szk\u00f3\u0142 rejonu wile\u0144skiego na r. szk. 2016-2017 Regulamin rozgrywek szk\u00f3\u0142 Litwy na r. szk. 2016-2017 Program zawod\u00f3w igrzysk szk\u00f3\u0142 podstawowych rejonu wile\u0144skiego\u00a0na r. szk. 2016-2017 &nbsp; Wyniki rozgrywek igrzysk szk\u00f3\u0142 wiejskich rejonu wile\u0144skiego za r. szk. 2016-2017 Wyniki rozgrywek igrzysk gimnazj\u00f3w rejonu wile\u0144skiego za r. szk. 2016-2017 Wyniki rozgrywek igrzysk szk\u00f3\u0142 podstawowych rejonu [&hellip;]<\/p>\n","protected":false},"author":1,"featured_media":0,"parent":0,"menu_order":0,"comment_status":"closed","ping_status":"closed","template":"","meta":{"footnotes":""},"class_list":["post-1900","page","type-page","status-publish","hentry"],"_links":{"self":[{"href":"https:\/\/www.sportomokykla.lt\/index.php?rest_route=\/wp\/v2\/pages\/1900","targetHints":{"allow":["GET"]}}],"collection":[{"href":"https:\/\/www.sportomokykla.lt\/index.php?rest_route=\/wp\/v2\/pages"}],"about":[{"href":"https:\/\/www.sportomokykla.lt\/index.php?rest_route=\/wp\/v2\/types\/page"}],"author":[{"embeddable":true,"href":"https:\/\/www.sportomokykla.lt\/index.php?rest_route=\/wp\/v2\/users\/1"}],"replies":[{"embeddable":true,"href":"https:\/\/www.sportomokykla.lt\/index.php?rest_route=%2Fwp%2Fv2%2Fcomments&post=1900"}],"version-history":[{"count":24,"href":"https:\/\/www.sportomokykla.lt\/index.php?rest_route=\/wp\/v2\/pages\/1900\/revisions"}],"predecessor-version":[{"id":7643,"href":"https:\/\/www.sportomokykla.lt\/index.php?rest_route=\/wp\/v2\/pages\/1900\/revisions\/7643"}],"wp:attachment":[{"href":"https:\/\/www.sportomokykla.lt\/index.php?rest_route=%2Fwp%2Fv2%2Fmedia&parent=1900"}],"curies":[{"name":"wp","href":"https:\/\/api.w.org\/{rel}","templated":true}]}}