{"id":1925,"date":"2017-04-03T13:27:59","date_gmt":"2017-04-03T10:27:59","guid":{"rendered":"http:\/\/www.sportomokykla.lt\/vrssm\/wp\/?page_id=1925"},"modified":"2025-09-14T02:03:26","modified_gmt":"2025-09-13T23:03:26","slug":"naudingos-nuorodos","status":"publish","type":"page","link":"https:\/\/www.sportomokykla.lt\/?page_id=1925&lang=lt","title":{"rendered":"Nuorodos"},"content":{"rendered":"\n<ul class=\"wp-block-list\">\n<li class=\"has-body-color has-text-color has-link-color wp-elements-1f29c6159dcd8012c5da545288f5c934\" style=\"font-size:16px\">Vilniaus rajono savivaldyb\u0117 <mark style=\"background-color:rgba(0, 0, 0, 0);color:#666699\" class=\"has-inline-color\">&#8211; <\/mark><a href=\"https:\/\/www.vrsa.lt\/\">www.vrsa.lt<\/a><\/li>\n\n\n\n<li class=\"has-body-color has-text-color has-link-color wp-elements-27ae4a71fc163c61db4f3f78a9b1e5a5\" style=\"font-size:16px\"><span style=\"color: #666699;\"><span style=\"color: #008080;\"><mark style=\"background-color:rgba(0, 0, 0, 0)\" class=\"has-inline-color has-body-color\">\u0160vietimo, mokslo ir sporto ministerija<\/mark><\/span><\/span> &#8211; <a href=\"https:\/\/www.smm.lt\/\">www.smm.lt<\/a><\/li>\n\n\n\n<li class=\"has-body-color has-text-color has-link-color wp-elements-d970f7bdaf29b917691cec4dbee24ffb\" style=\"font-size:16px\"><mark style=\"background-color:rgba(0, 0, 0, 0)\" class=\"has-inline-color has-body-color\">Nacionalin\u0117 \u0161vietimo agent\u016bra &#8211;<\/mark><mark style=\"background-color:rgba(0, 0, 0, 0);color:#008080\" class=\"has-inline-color\"> <\/mark><a href=\"https:\/\/www.nsa.smm.lt\/\">www.nsa.smm.lt<\/a><\/li>\n\n\n\n<li class=\"has-body-color has-text-color has-link-color wp-elements-4177b8bd80049aeaee74924399b25086\" style=\"font-size:16px\">Lietuvos tautinis olimpinis komitetas &#8211; <a href=\"http:\/\/ltok.lt\/\">ltok.lt<\/a><\/li>\n\n\n\n<li class=\"has-body-color has-text-color has-link-color wp-elements-13d3aecdb6cb7c31d7bea018f0c1a446\" style=\"font-size:16px\">Lmn\u0161c K\u016bno kult\u016bros ir sportinii ugdymo skyrius &#8211; <a href=\"http:\/\/kksus.lmnsc.lt\/\">kksus.lmnsc.lt<\/a><\/li>\n\n\n\n<li class=\"has-body-color has-text-color has-link-color wp-elements-2f823b24b8279bf8c5ea439ba142b1dc\" style=\"font-size:16px\">LIetuvos sporto federacij\u0173 s\u0105junga &#8211; <a href=\"http:\/\/lsfs.lt\">www.lsfs.lt<\/a><\/li>\n\n\n\n<li class=\"has-body-color has-text-color has-link-color wp-elements-fe640ea3c2b119cf4cb4160db6cb6eb5\" style=\"font-size:16px\">Valstybinis turizmo departamentas &#8211; <a href=\"http:\/\/www.tourism.lt\">www.tourism.lt<\/a><\/li>\n\n\n\n<li class=\"has-body-color has-text-color has-link-color wp-elements-311957e2e28c7d209519e8dc8c38a239\" style=\"font-size:16px\">Tarnyba ,,Vaik\u0173 linija&#8221; &#8211; <a href=\"http:\/\/vaikulinija.lt\">www.vaikulinija.lt<\/a><\/li>\n\n\n\n<li class=\"has-body-color has-text-color has-link-color wp-elements-106f42a98a2c239bf546a5a3a13456b9\">Vaik\u0173 linija. Be paty\u010di\u0173 &#8211; <a href=\"https:\/\/www.vaikulinija.lt\/projektai-ir-iniciatyvos\/kampanija-be-patyci\/\">www.vaikulinija.lt\/projektai-ir-iniciatyvos\/kampanija-be-patyci<\/a><\/li>\n\n\n\n<li class=\"has-body-color has-text-color has-link-color wp-elements-54e74d602feba9a7fbf41724f6216284\">\u0160vietimo portalas &#8211; <a href=\"http:\/\/tinklas.lt\">www.tinklas.lt<\/a><\/li>\n\n\n\n<li class=\"has-body-color has-text-color has-link-color wp-elements-911b287220e609b646443d951d79ff93\">Socialin\u0117s apsaugos ir darbo ministerija &#8211; <a href=\"http:\/\/www.socmin.lt\">www.socmin.lt<\/a><\/li>\n\n\n\n<li class=\"has-body-color has-text-color has-link-color wp-elements-373a6bd36d8669f09a6a2bbca8cb2999\">\u0160vietimo portalas emokykla &#8211; <a href=\"http:\/\/emokykla.lt\">www.emokykla.lt<\/a><\/li>\n\n\n\n<li class=\"has-body-color has-text-color has-link-color wp-elements-bae498d202ad6979cd7c81ffa95b162c\">AIKOS &#8211; <a href=\"https:\/\/www.aikos.smm.lt\/Puslapiai\/Pradinis.aspx\">www.aikos.smm.lt\/Puslapiai\/Pradinis.aspx<\/a><\/li>\n\n\n\n<li class=\"has-body-color has-text-color has-link-color wp-elements-318e5ce56573373c10f90250b1924e65\">Draugi\u0161kas internetas &#8211; <a href=\"https:\/\/www.draugiskasinternetas.lt\">www.draugiskasinternetas.lt<\/a><\/li>\n\n\n\n<li class=\"has-body-color has-text-color has-link-color wp-elements-e845589b72b0b08d5c53c38a99c12d9e\">Saugumas elektronin\u0117je erdv\u0117je &#8211; <a href=\"https:\/\/www.esaugumas.lt\">www.esaugumas.lt<\/a><\/li>\n\n\n\n<li class=\"has-body-color has-text-color has-link-color wp-elements-b86a24412c18faf48fc87c7f3150d853\">Orientavimas karjerai &#8211; <a href=\"http:\/\/euroguidance.lt\">www.euroguidance.lt<\/a><\/li>\n\n\n\n<li class=\"has-body-color has-text-color has-link-color wp-elements-6668b92d4fa8be1c76fa5192b7bcb64f\">Suaugusi\u0173ju mokymosi informacin\u0117 sistema &#8211; <a href=\"http:\/\/smis.lt\">www.smis.lt<\/a><\/li>\n\n\n\n<li class=\"has-body-color has-text-color has-link-color wp-elements-9cb8d67c53cb2cacda0ca45bede6eccf\">Prisijungusi Lietuva &#8211; <a href=\"http:\/\/prisijungusi.lt\">www.prisijungusi.lt<\/a><\/li>\n\n\n\n<li class=\"has-body-color has-text-color has-link-color wp-elements-186ebb345bcbbd6e4fd2da2e0c47eccd\">E. pilietis &#8211; <a href=\"https:\/\/www.epilietis.eu\">www.epilietis.eu<\/a><\/li>\n\n\n\n<li class=\"has-body-color has-text-color has-link-color wp-elements-f0a3e1a214c007e33a5c3e8bc095eeef\">Teis\u0117s akt\u0173 registras &#8211; <a href=\"http:\/\/www.e-tar.lt\">www.e-tar.lt<\/a><\/li>\n\n\n\n<li class=\"has-body-color has-text-color has-link-color wp-elements-18462626d1a8548da5e996cc587f27bb\">Lietuvos Respublikos Seimo teis\u0117s aktai &#8211; <a href=\"https:\/\/e-seimas.lrs.lt\">e-seimas.lrs.lt<\/a><\/li>\n\n\n\n<li class=\"has-body-color has-text-color has-link-color wp-elements-164907eb1e06cfa609d4ed42aa249c9e\">Elektroniniai vad\u017eios vartai &#8211; <a href=\"https:\/\/www.epaslaugos.lt\">www.epaslaugos.lt<\/a><\/li>\n\n\n\n<li class=\"has-body-color has-text-color has-link-color wp-elements-e936c2c56727de0a40371d093e9ad5f6\">Vilniaus rajono pedagogin\u0117 psichologin\u0117 tarnyba &#8211; <a href=\"http:\/\/www.epaslaugos.lt\">ppt.vrsa.lt<\/a><\/li>\n\n\n\n<li class=\"has-body-color has-text-color has-link-color wp-elements-1565e6f7f3be0659a24d2856968916d5\">Aktualiausia informacija d\u0117l pagalbos nukent\u0117jusiems asmenims &#8211; <a href=\"https:\/\/socmin.lrv.lt\/lt\/veiklos-sritys\/socialine-integracija\/pagalba-nuo-nusikalstamos-veikos-nukentejusiems-asmenims\">socmin.lrv.lt<\/a><\/li>\n\n\n\n<li class=\"has-body-color has-text-color has-link-color wp-elements-d93d07d7db3139d3dfca6434cf1f7fcc\">K\u0105 turi \u017einoti nukent\u0117j\u0119s asmuo? &#8211; <a href=\"https:\/\/socmin.lrv.lt\/lt\/veiklos-sritys\/socialine-integracija\/pagalba-nuo-nusikalstamos-veikos-nukentejusiems-asmenims\/elektroninis-leidinys-ka-turi-zinoti-nukentejes-asmuo\/\">socmin.lrv.lt<\/a><\/li>\n<\/ul>\n\n\n\n<p><mark style=\"background-color:rgba(0, 0, 0, 0);color:#f6f7f8\" class=\"has-inline-color\">.<\/mark><\/p>\n\n\n\n<p class=\"has-text-color has-link-color wp-elements-db474f40999d8a27fbe78c24f474d881\" style=\"color:#750000;font-size:16px;font-style:normal;font-weight:500\">Nemokama ir konfidenciali pagalba nukent\u0117jusiems nuo nusikalstam\u0173 veik\u0173:<\/p>\n\n\n\n<p class=\"has-primary-color has-text-color has-link-color wp-elements-029b24224b32cf69124352f151b8f380\" style=\"font-style:normal;font-weight:500\"><a href=\"https:\/\/www.sportomokykla.lt\/vrssm\/wp\/wp-content\/uploads\/2023\/05\/Pagalbos-sarasas-nukentejusiems.pdf\">Pagalbos s\u0105ra\u0161as nukent\u0117jusiems<\/a><\/p>\n\n\n\n<p class=\"has-primary-color has-text-color has-link-color wp-elements-b51648782f36e567a604d6a53a1cc972\" style=\"font-size:16px;font-style:normal;font-weight:500\"><a href=\"https:\/\/www.sportomokykla.lt\/vrssm\/wp\/wp-content\/uploads\/2023\/05\/Lankstinukas-nukentejusiems-asmenims.pdf\">Lankstinukas nukent\u0117jusiems asmenims<\/a><\/p>\n\n\n\n<p class=\"has-primary-color has-text-color has-link-color wp-elements-60d960b6505ee461112e5a2c5f7edb68\" style=\"font-size:16px;font-style:normal;font-weight:500\"><a href=\"https:\/\/www.sportomokykla.lt\/vrssm\/wp\/wp-content\/uploads\/2024\/01\/Pagalbos-akredituotu-istaigu-sarasas.pdf\">Pagalbos akredituot\u0173 \u012fstaig\u0173 s\u0105ra\u0161as<\/a><\/p>\n","protected":false},"excerpt":{"rendered":"<p>. Nemokama ir konfidenciali pagalba nukent\u0117jusiems nuo nusikalstam\u0173 veik\u0173: Pagalbos s\u0105ra\u0161as nukent\u0117jusiems Lankstinukas nukent\u0117jusiems asmenims Pagalbos akredituot\u0173 \u012fstaig\u0173 s\u0105ra\u0161as<\/p>\n","protected":false},"author":1,"featured_media":0,"parent":0,"menu_order":0,"comment_status":"closed","ping_status":"closed","template":"","meta":{"footnotes":""},"class_list":["post-1925","page","type-page","status-publish","hentry"],"_links":{"self":[{"href":"https:\/\/www.sportomokykla.lt\/index.php?rest_route=\/wp\/v2\/pages\/1925","targetHints":{"allow":["GET"]}}],"collection":[{"href":"https:\/\/www.sportomokykla.lt\/index.php?rest_route=\/wp\/v2\/pages"}],"about":[{"href":"https:\/\/www.sportomokykla.lt\/index.php?rest_route=\/wp\/v2\/types\/page"}],"author":[{"embeddable":true,"href":"https:\/\/www.sportomokykla.lt\/index.php?rest_route=\/wp\/v2\/users\/1"}],"replies":[{"embeddable":true,"href":"https:\/\/www.sportomokykla.lt\/index.php?rest_route=%2Fwp%2Fv2%2Fcomments&post=1925"}],"version-history":[{"count":47,"href":"https:\/\/www.sportomokykla.lt\/index.php?rest_route=\/wp\/v2\/pages\/1925\/revisions"}],"predecessor-version":[{"id":19176,"href":"https:\/\/www.sportomokykla.lt\/index.php?rest_route=\/wp\/v2\/pages\/1925\/revisions\/19176"}],"wp:attachment":[{"href":"https:\/\/www.sportomokykla.lt\/index.php?rest_route=%2Fwp%2Fv2%2Fmedia&parent=1925"}],"curies":[{"name":"wp","href":"https:\/\/api.w.org\/{rel}","templated":true}]}}