{"id":4458,"date":"2018-03-29T16:13:28","date_gmt":"2018-03-29T13:13:28","guid":{"rendered":"http:\/\/www.sportomokykla.lt\/?page_id=4458"},"modified":"2025-09-14T02:13:52","modified_gmt":"2025-09-13T23:13:52","slug":"2-parama-mokyklai","status":"publish","type":"page","link":"https:\/\/www.sportomokykla.lt\/?page_id=4458&lang=lt","title":{"rendered":"1,2% parama mokyklai"},"content":{"rendered":"\n<p class=\"has-text-align-center has-primary-color has-text-color has-link-color wp-elements-56cba3a9302b5ae4a094dcbe919a9d71\" style=\"font-size:16px;font-style:normal;font-weight:500\">Mokyklos pavadinimas:<\/p>\n\n\n\n<p class=\"has-text-align-center\" style=\"font-size:16px\">Vilniaus r. Nemen\u010din\u0117s sporto mokykla&nbsp;(VRNSM)<\/p>\n\n\n\n<div style=\"height:3px\" aria-hidden=\"true\" class=\"wp-block-spacer\"><\/div>\n\n\n\n<p class=\"has-text-align-center has-primary-color has-text-color has-link-color wp-elements-ef56fc00819814c532e6167bee1ab58b\" style=\"font-size:16px;font-style:normal;font-weight:500\">\u012emon\u0117s kodas:<\/p>\n\n\n\n<p class=\"has-text-align-center\">300048813<\/p>\n\n\n\n<div style=\"height:3px\" aria-hidden=\"true\" class=\"wp-block-spacer\"><\/div>\n\n\n\n<p class=\"has-text-align-center has-primary-color has-text-color has-link-color wp-elements-40129697da2372441c2219d52932ea60\" style=\"font-size:16px;font-style:normal;font-weight:500\">Registracijos adresas:<\/p>\n\n\n\n<p class=\"has-text-align-center\" style=\"font-size:16px\">Kalno g. 16B, Nemen\u010din\u0117, Vilniaus r., LT-15174<\/p>\n\n\n\n<div style=\"height:3px\" aria-hidden=\"true\" class=\"wp-block-spacer\"><\/div>\n\n\n\n<p class=\"has-text-align-center has-primary-color has-text-color has-link-color wp-elements-34b24e527ff1b601696b85938ef666cf\" style=\"font-size:16px;font-style:normal;font-weight:500\">Tel.\/faks.:\u00a0<a href=\"tel:37052371439\">+370 52 371439<\/a><\/p>\n\n\n\n<p class=\"has-text-align-center has-primary-color has-text-color has-link-color wp-elements-1c2ffa3740ae8148633e0e74a9b81f82\" style=\"font-size:16px;font-style:normal;font-weight:500\">El. pa\u0161tas:\u00a0<a href=\"mailto:info@sportomokykla.lt\">info@sportomokykla.lt<\/a><\/p>\n\n\n\n<div style=\"height:3px\" aria-hidden=\"true\" class=\"wp-block-spacer\"><\/div>\n\n\n\n<p class=\"has-text-align-center\" style=\"font-size:16px\"><em>Lietuvos Respublikos Gyventoj\u0173 pajam\u0173 mokes\u010dio \u012fstatymo 34 straipsnio 3 dalies nuostatos \u012ftvirtina nuolatinio Lietuvos gyventojo teis\u0119 \u2013 pajam\u0173 mokes\u010dio dalimi (iki 1,2 procent\u0173) paremti pasirinkt\u0105 subjekt\u0105, kuris pagal Lietuvos Respublikos labdaros ir paramos \u012fstatym\u0105 turi teis\u0119 gauti param\u0105. Tai paramos teikimo b\u016bdas, nereikalaujantis i\u0161 gyventojo papildom\u0173 materialini\u0173 i\u0161laid\u0173. Gyventojas turi teis\u0119 mokes\u010di\u0173 administratoriui nurodyti, kam pervesti pajam\u0173 mokes\u010dio dal\u012f ir tokiu b\u016bdu paremti, jo manymu, labiausiai remtin\u0105 visuomenei nauding\u0105 srit\u012f.<\/em><\/p>\n\n\n\n<p class=\"has-text-align-center\" style=\"font-size:16px\">Kvie\u010diame mokini\u0173 t\u0117velius, mokytojus, mokyklos darbuotojus ir visus neabejingus mokyklos gerovei, 1,2% savo pajam\u0173 mokest\u012f skirti mokyklai.<\/p>\n\n\n\n<p class=\"has-text-align-center\" style=\"font-size:16px\"><strong>Nuo 2022 sausio 1 d.<\/strong>&nbsp;bus priimama ir nagrin\u0117jama<strong>&nbsp;tik elektroniniu b\u016bdu per EDS elektronin\u0119 deklaravimo sistem\u0105<\/strong>&nbsp; (<a href=\"https:\/\/deklaravimas.vmi.lt\/\">https:\/\/deklaravimas.vmi.lt<\/a>)&nbsp;pateikta pra\u0161ymo pervesti pajam\u0173 mokes\u010dio dal\u012f<strong>&nbsp;forma FRO512<\/strong>. Maksimalus laikotarpis \u2013 5 m.<\/p>\n\n\n\n<div style=\"height:3px\" aria-hidden=\"true\" class=\"wp-block-spacer\"><\/div>\n\n\n\n<p class=\"has-text-align-center has-primary-color has-text-color has-link-color wp-elements-22b26e8f15bfae97b1747b6117f9c047\" style=\"font-size:16px;font-style:normal;font-weight:500\">Jei J\u016bs apsisprend\u0117te paremti mokykl\u0105:<\/p>\n\n\n\n<p class=\"has-text-align-center\">Jums nutarus 1,2% savo pajam\u0173 mokes\u010dio skirti mokyklai, reikia u\u017epildyti special\u0173 formos FR0512 pra\u0161ym\u0105. Tai galite padaryti keliais b\u016bdais:<\/p>\n\n\n\n<p class=\"has-text-align-center\"><strong><u>Pirmas b\u016bdas<\/u><\/strong><\/p>\n\n\n\n<p class=\"has-text-align-center\"><strong>Paramos formos pildymas internetu per nar\u0161ykl\u0119<\/strong><\/p>\n\n\n\n<p class=\"has-text-align-center\">Prisijunkite prie&nbsp;<a href=\"https:\/\/deklaravimas.vmi.lt\/lt\/Pradinis_Prisijungimo_puslapis\/Prisijungimasperisorinessistemas.aspx\">Elektronin\u0117s deklaravimo sistemos<\/a>.<\/p>\n\n\n\n<p class=\"has-text-align-center\">Vir\u0161utiniame&nbsp;meniu pasirinkite \u201eDeklaravimas\u201c.<\/p>\n\n\n\n<p class=\"has-text-align-center\">Kair\u0117je pasirinkite&nbsp;\u201ePildyti form\u0105\u201c ir atsidariusiame lange i\u0161sirinkite \u201ePra\u0161ymas skirti param\u0105\u201c.<\/p>\n\n\n\n<p class=\"has-text-align-center\">Jeigu dar nesate \u0161ios formos pild\u0119s(-d\u017eiusi) internetu, pasirinkite \u201ePildyti nauj\u0105 form\u0105\u201c.<\/p>\n\n\n\n<p class=\"has-text-align-center\">Laukelyje \u201eForma elektroniniam pildymui\u201c spauskite \u201ePildyti form\u0105 tiesiogiai portale\u201c.<\/p>\n\n\n\n<p class=\"has-text-align-center\">Jeigu jau esate \u0161i\u0105 form\u0105 pild\u0119s(-d\u017eiusi) internetu, pasirinkite \u201ePildyti ankstesn\u0117s pagrindu\u201c.<\/p>\n\n\n\n<p class=\"has-text-align-center\">Atsidariusiame lange pasirinkite FR0512 form\u0105 elektroniniam pildymui \u2013 spauskite \u201ePildyti dokument\u0105 \u0161io pagrindu\u201c.<\/p>\n\n\n\n<p class=\"has-text-align-center\">Formoje did\u017eiosiomis raid\u0117mis u\u017epildykite asmeninius duomenis bei laukelius.<\/p>\n\n\n\n<p class=\"has-text-align-center\">U\u017epild\u017eius form\u0105, de\u0161iniajame vir\u0161utiniame kampe paspauskite \u201ePateikti deklaracij\u0105\u201c ir patvirtinkite.<\/p>\n\n\n\n<p class=\"has-text-align-center\"><strong><u>Antras b\u016bdas<\/u><\/strong><\/p>\n\n\n\n<p class=\"has-text-align-center\"><strong>Paramo formos pildymas per VMI mobili\u0105j\u0105 program\u0117l\u0119<\/strong><\/p>\n\n\n\n<p class=\"has-text-align-center\">Parsisi\u0173skite VMI program\u0117l\u0119 i\u0161&nbsp;<a href=\"https:\/\/play.google.com\/store\/apps\/details?id=lt.vmi\">Google Play<\/a>&nbsp;arba&nbsp;<a href=\"https:\/\/itunes.apple.com\/lt\/app\/e-vmi\/id836585170?mt=8\">App Store<\/a>.Prisijunkite VMI program\u0117l\u0117je.<\/p>\n\n\n\n<p class=\"has-text-align-center\">Pasirinkite \u201eEDS deklaracijos\u201c.<\/p>\n\n\n\n<p class=\"has-text-align-center\">Pasirinkite \u201eParamos skyrimas\u201c.<\/p>\n\n\n\n<p class=\"has-text-align-center\">Spauskite \u201ePildyti nauj\u0105\u201c.<\/p>\n\n\n\n<p class=\"has-text-align-center\">U\u017epildykite visus&nbsp;laukelius.<\/p>\n\n\n\n<p class=\"has-text-align-center\">Spauskite \u201ePateikti\u201c.<\/p>\n\n\n\n<p class=\"has-text-align-center\"><strong>Gaut\u0105 param\u0105 panaudosime kuriant nauj\u0105, moderni\u0105, jauki\u0105 ir saugi\u0105 aplink\u0105 vaikams.<\/strong><\/p>\n\n\n\n<p class=\"has-text-align-center\"><strong>D\u0117kojame visiems, kurie par\u0117m\u0117 mokykl\u0105, pervesdami 1,2% sumok\u0117to gyventoj\u0173 pajam\u0173 mokes\u010dio!<\/strong><\/p>\n","protected":false},"excerpt":{"rendered":"<p>Mokyklos pavadinimas: Vilniaus r. Nemen\u010din\u0117s sporto mokykla&nbsp;(VRNSM) \u012emon\u0117s kodas: 300048813 Registracijos adresas: Kalno g. 16B, Nemen\u010din\u0117, Vilniaus r., LT-15174 Tel.\/faks.:\u00a0+370 52 371439 El. pa\u0161tas:\u00a0info@sportomokykla.lt Lietuvos Respublikos Gyventoj\u0173 pajam\u0173 mokes\u010dio \u012fstatymo 34 straipsnio 3 dalies nuostatos \u012ftvirtina nuolatinio Lietuvos gyventojo teis\u0119 \u2013 pajam\u0173 mokes\u010dio dalimi (iki 1,2 procent\u0173) paremti pasirinkt\u0105 subjekt\u0105, kuris pagal Lietuvos Respublikos labdaros [&hellip;]<\/p>\n","protected":false},"author":1,"featured_media":0,"parent":0,"menu_order":0,"comment_status":"closed","ping_status":"closed","template":"","meta":{"footnotes":""},"class_list":["post-4458","page","type-page","status-publish","hentry"],"_links":{"self":[{"href":"https:\/\/www.sportomokykla.lt\/index.php?rest_route=\/wp\/v2\/pages\/4458","targetHints":{"allow":["GET"]}}],"collection":[{"href":"https:\/\/www.sportomokykla.lt\/index.php?rest_route=\/wp\/v2\/pages"}],"about":[{"href":"https:\/\/www.sportomokykla.lt\/index.php?rest_route=\/wp\/v2\/types\/page"}],"author":[{"embeddable":true,"href":"https:\/\/www.sportomokykla.lt\/index.php?rest_route=\/wp\/v2\/users\/1"}],"replies":[{"embeddable":true,"href":"https:\/\/www.sportomokykla.lt\/index.php?rest_route=%2Fwp%2Fv2%2Fcomments&post=4458"}],"version-history":[{"count":24,"href":"https:\/\/www.sportomokykla.lt\/index.php?rest_route=\/wp\/v2\/pages\/4458\/revisions"}],"predecessor-version":[{"id":19190,"href":"https:\/\/www.sportomokykla.lt\/index.php?rest_route=\/wp\/v2\/pages\/4458\/revisions\/19190"}],"wp:attachment":[{"href":"https:\/\/www.sportomokykla.lt\/index.php?rest_route=%2Fwp%2Fv2%2Fmedia&parent=4458"}],"curies":[{"name":"wp","href":"https:\/\/api.w.org\/{rel}","templated":true}]}}