{"id":623,"date":"2017-03-14T19:49:44","date_gmt":"2017-03-14T17:49:44","guid":{"rendered":"http:\/\/www.sportomokykla.lt\/vrssm\/wp\/?page_id=623"},"modified":"2025-09-14T01:44:55","modified_gmt":"2025-09-13T22:44:55","slug":"mokyklos-misija-ir-vizija","status":"publish","type":"page","link":"https:\/\/www.sportomokykla.lt\/?page_id=623&lang=lt","title":{"rendered":"Vizija ir misija"},"content":{"rendered":"\n<p class=\"has-text-align-center has-primary-color has-text-color has-link-color wp-elements-801394747f51b5d1d9db3fb852fa9eed\" style=\"font-size:24px;font-style:normal;font-weight:700\"><strong>Mokyklos vizija<\/strong><\/p>\n\n\n\n<p class=\"has-text-align-center has-body-color has-text-color has-link-color wp-elements-5d83bbac37f910b7d983327070b0676d\" style=\"font-size:16px\">Vilniaus rajono savivaldyb\u0117s sporto mokykla \u2013 mokykla, kuri turi i\u0161vystyt\u0105 sporto bazi\u0173 infrastrukt\u016br\u0105, kurioje galima saugiai ir turiningai leisti laisvalaik\u012f, siekti auk\u0161t\u0173 sportini\u0173 rezultat\u0173, profesionaliai sportuoti bei yra \u012fdomi ir verta naujoms investicijoms.<\/p>\n\n\n\n<div style=\"height:10px\" aria-hidden=\"true\" class=\"wp-block-spacer\"><\/div>\n\n\n\n<p class=\"has-text-align-center has-primary-color has-text-color has-link-color wp-elements-c53370885be487045ba5dd484c71fd5c\" style=\"font-size:24px;font-style:normal;font-weight:700\"><strong>Mokyklos misija<\/strong><\/p>\n\n\n\n<p class=\"has-text-align-center\" style=\"font-size:16px\">U\u017etikrinti kokybi\u0161k\u0105 sportinio ugdymo programos \u012fgyvendinim\u0105, atsi\u017evelgiant \u012f mokinio individualius geb\u0117jimus ir poreikius. Sudaryti s\u0105lygas siekti auk\u0161t\u0173 sportini\u0173 rezultat\u0173 pasirinktoje sporto \u0161akoje. Formuoti ir \u012fgyvendinti sporto mokyklos strategij\u0105<\/p>\n\n\n\n<div style=\"height:10px\" aria-hidden=\"true\" class=\"wp-block-spacer\"><\/div>\n\n\n\n<p class=\"has-text-align-center has-primary-color has-text-color has-link-color wp-elements-ab26555f9a00f63fe22e3c90c0cb04f7\" style=\"font-size:24px;font-style:normal;font-weight:700\"><strong><strong>Mokyklos filosofija<\/strong><\/strong><\/p>\n\n\n\n<p class=\"has-text-align-center\" style=\"font-size:16px\">&#8222;Nuo masi\u0161kumo iki olimpini\u0173 medali\u0173&#8221;.<\/p>\n","protected":false},"excerpt":{"rendered":"<p>Mokyklos vizija Vilniaus rajono savivaldyb\u0117s sporto mokykla \u2013 mokykla, kuri turi i\u0161vystyt\u0105 sporto bazi\u0173 infrastrukt\u016br\u0105, kurioje galima saugiai ir turiningai leisti laisvalaik\u012f, siekti auk\u0161t\u0173 sportini\u0173 rezultat\u0173, profesionaliai sportuoti bei yra \u012fdomi ir verta naujoms investicijoms. Mokyklos misija U\u017etikrinti kokybi\u0161k\u0105 sportinio ugdymo programos \u012fgyvendinim\u0105, atsi\u017evelgiant \u012f mokinio individualius geb\u0117jimus ir poreikius. Sudaryti s\u0105lygas siekti auk\u0161t\u0173 sportini\u0173 [&hellip;]<\/p>\n","protected":false},"author":1,"featured_media":0,"parent":0,"menu_order":0,"comment_status":"closed","ping_status":"closed","template":"","meta":{"footnotes":""},"class_list":["post-623","page","type-page","status-publish","hentry"],"_links":{"self":[{"href":"https:\/\/www.sportomokykla.lt\/index.php?rest_route=\/wp\/v2\/pages\/623","targetHints":{"allow":["GET"]}}],"collection":[{"href":"https:\/\/www.sportomokykla.lt\/index.php?rest_route=\/wp\/v2\/pages"}],"about":[{"href":"https:\/\/www.sportomokykla.lt\/index.php?rest_route=\/wp\/v2\/types\/page"}],"author":[{"embeddable":true,"href":"https:\/\/www.sportomokykla.lt\/index.php?rest_route=\/wp\/v2\/users\/1"}],"replies":[{"embeddable":true,"href":"https:\/\/www.sportomokykla.lt\/index.php?rest_route=%2Fwp%2Fv2%2Fcomments&post=623"}],"version-history":[{"count":32,"href":"https:\/\/www.sportomokykla.lt\/index.php?rest_route=\/wp\/v2\/pages\/623\/revisions"}],"predecessor-version":[{"id":19155,"href":"https:\/\/www.sportomokykla.lt\/index.php?rest_route=\/wp\/v2\/pages\/623\/revisions\/19155"}],"wp:attachment":[{"href":"https:\/\/www.sportomokykla.lt\/index.php?rest_route=%2Fwp%2Fv2%2Fmedia&parent=623"}],"curies":[{"name":"wp","href":"https:\/\/api.w.org\/{rel}","templated":true}]}}