{"id":632,"date":"2017-03-14T19:53:24","date_gmt":"2017-03-14T17:53:24","guid":{"rendered":"http:\/\/www.sportomokykla.lt\/vrssm\/wp\/?page_id=632"},"modified":"2026-01-21T11:04:16","modified_gmt":"2026-01-21T09:04:16","slug":"administracija","status":"publish","type":"page","link":"https:\/\/www.sportomokykla.lt\/?page_id=632&lang=lt","title":{"rendered":"Administracija"},"content":{"rendered":"\n<div class=\"wp-block-cover is-light\" style=\"margin-top:0;margin-bottom:0;padding-top:0;padding-bottom:0;min-height:20%;aspect-ratio:unset;\"><span aria-hidden=\"true\" class=\"wp-block-cover__background has-background-background-color has-background-dim-100 has-background-dim\"><\/span><div class=\"wp-block-cover__inner-container has-global-padding is-layout-constrained wp-block-cover-is-layout-constrained\">\n<div class=\"wp-block-columns are-vertically-aligned-top is-layout-flex wp-container-core-columns-is-layout-1 wp-block-columns-is-layout-flex\" style=\"padding-top:0\">\n<div class=\"wp-block-column is-vertically-aligned-top is-layout-flow wp-block-column-is-layout-flow\" style=\"padding-right:0;padding-left:0;flex-basis:50%\">\n<figure class=\"wp-block-image size-full\"><img loading=\"lazy\" decoding=\"async\" width=\"928\" height=\"972\" src=\"https:\/\/www.sportomokykla.lt\/vrssm\/wp\/wp-content\/uploads\/2025\/06\/Frame-6-1.png\" alt=\"\" class=\"wp-image-18549\" style=\"object-fit:cover\" srcset=\"https:\/\/www.sportomokykla.lt\/vrssm\/wp\/wp-content\/uploads\/2025\/06\/Frame-6-1.png 928w, https:\/\/www.sportomokykla.lt\/vrssm\/wp\/wp-content\/uploads\/2025\/06\/Frame-6-1-286x300.png 286w, https:\/\/www.sportomokykla.lt\/vrssm\/wp\/wp-content\/uploads\/2025\/06\/Frame-6-1-768x804.png 768w\" sizes=\"auto, (max-width: 928px) 100vw, 928px\" \/><\/figure>\n<\/div>\n\n\n\n<div class=\"wp-block-column is-vertically-aligned-top is-layout-flow wp-container-core-column-is-layout-2 wp-block-column-is-layout-flow\" style=\"padding-top:var(--wp--preset--spacing--large);flex-basis:50%\">\n<div class=\"wp-block-group is-content-justification-left is-nowrap is-layout-flex wp-container-core-group-is-layout-1 wp-block-group-is-layout-flex\" style=\"margin-bottom:var(--wp--preset--spacing--medium)\">\n<hr class=\"wp-block-separator has-text-color has-highlight-color has-alpha-channel-opacity has-highlight-background-color has-background wp-container-content-1\"\/>\n\n\n\n<h6 class=\"wp-block-heading has-highlight-color has-text-color has-link-color has-medium-font-size wp-elements-718fa85f71f5bdff23e558eb9fbe515c\"><strong>Vilniaus r. Nemen\u010din\u0117s sporto mokyklos direktorius<\/strong> <\/h6>\n<\/div>\n\n\n\n<h2 class=\"wp-block-heading has-jost-font-family\" style=\"font-size:50px;font-style:normal;font-weight:600;line-height:1\">Robert Komarovski<\/h2>\n\n\n\n<p><\/p>\n\n\n\n<details class=\"wp-block-details is-layout-flow wp-block-details-is-layout-flow\"><summary>Biografija<\/summary>\n<p class=\"has-poppins-font-family\" style=\"padding-top:0;padding-bottom:0\">Gim\u0117 1981 m. sausio 1 d. Nemen\u010din\u0117je, Vilniaus rajone. 2004 m. baig\u0117 Lietuvos edukologijos universitet\u0105, kur \u012fgijo fizikos mokytojo kvalifikacij\u0105, o 2009 m. \u2013 Mykolo Romerio universitet\u0105, kur \u012fgijo vie\u0161ojo administravimo magistro laipsn\u012f.<\/p>\n\n\n\n<p>Profesin\u0119 karjer\u0105 prad\u0117jo 2005 m. kaip Vilniaus r. Visalauk\u0117s pagrindin\u0117s mokyklos direktorius, \u0161ias pareigas \u0117jo iki 2012 m. V\u0117liau dirbo Vilniaus rajono savivaldyb\u0117s administracijoje \u2013 i\u0161 prad\u017ei\u0173 administracijos direktoriaus pavaduotoju (2012\u20132016), v\u0117liau \u2013 mero pavaduotoju (2016\u20132022). 2022\u20132023 m. vadovavo Funkcin\u0117s terapijos centrui, o nuo 2023 m. eina Vilniaus r. Nemen\u010din\u0117s sporto mokyklos direktoriaus pareigas.<\/p>\n\n\n\n<p>Be darbo veiklos, aktyviai dalyvauja visuomenin\u0117je veikloje \u2013 yra Lietuvos \u0161vietimo \u012fstaig\u0173 vadov\u0173 profesin\u0117s s\u0105jungos ir Vilniaus rajono ugniagesi\u0173 savanori\u0173 draugijos narys.<\/p>\n\n\n\n<p class=\"has-poppins-font-family\">Puikiai kalba lenk\u0173 ir rus\u0173 kalbomis, taip pat gerai moka angl\u0173 kalb\u0105. Laisvalaikiu domisi sportu ir \u0161okiais. Yra ved\u0119s.<\/p>\n<\/details>\n\n\n\n<details class=\"wp-block-details is-layout-flow wp-block-details-is-layout-flow\"><summary>Kontaktin\u0117 informacija<\/summary>\n<p class=\"has-poppins-font-family\" style=\"padding-top:0;padding-bottom:0\"><strong>Tel.:<\/strong>&nbsp;+370 64 028691<\/p>\n\n\n\n<p><strong>El. p.:<\/strong>&nbsp;robert.komarovski@sportomokykla.lt&nbsp;<\/p>\n<\/details>\n\n\n\n<details class=\"wp-block-details is-layout-flow wp-block-details-is-layout-flow\"><summary>Dokumentai<\/summary>\n<p class=\"has-primary-color has-text-color has-link-color has-poppins-font-family wp-elements-1a37322d7eaa98c128f90fa32ab1e81e\" style=\"padding-top:0;padding-bottom:0\"><a href=\"https:\/\/www.sportomokykla.lt\/vrssm\/wp\/wp-content\/uploads\/2023\/05\/Direktoriaus-gyvenimo-aprasymas.pdf\"><strong>Direktoriaus gyvenimo apra\u0161ymas<\/strong><\/a><\/p>\n\n\n\n<p class=\"has-primary-color has-text-color has-link-color wp-elements-60fbc6eca54d920388cdf5df5c5ed0c0\"><a href=\"https:\/\/www.sportomokykla.lt\/vrssm\/wp\/wp-content\/uploads\/2026\/01\/2025-m.-veiklos-ataskaita.pdf\"><strong>2025 VRNSM direktoriaus metin\u0117 ataskaita<\/strong><\/a><\/p>\n<\/details>\n\n\n\n<details class=\"wp-block-details is-layout-flow wp-block-details-is-layout-flow\"><summary>Socialiniai tinklai<\/summary>\n<p><\/p>\n<\/details>\n<\/div>\n<\/div>\n\n\n\n<div class=\"wp-block-columns are-vertically-aligned-top is-layout-flex wp-container-core-columns-is-layout-2 wp-block-columns-is-layout-flex\" style=\"padding-top:0\">\n<div class=\"wp-block-column is-vertically-aligned-top is-layout-flow wp-block-column-is-layout-flow\" style=\"padding-right:0;padding-left:0;flex-basis:50%\">\n<figure class=\"wp-block-image size-full\"><img loading=\"lazy\" decoding=\"async\" width=\"902\" height=\"956\" src=\"https:\/\/www.sportomokykla.lt\/vrssm\/wp\/wp-content\/uploads\/2025\/06\/Frame-7.png\" alt=\"\" class=\"wp-image-18622\" srcset=\"https:\/\/www.sportomokykla.lt\/vrssm\/wp\/wp-content\/uploads\/2025\/06\/Frame-7.png 902w, https:\/\/www.sportomokykla.lt\/vrssm\/wp\/wp-content\/uploads\/2025\/06\/Frame-7-283x300.png 283w, https:\/\/www.sportomokykla.lt\/vrssm\/wp\/wp-content\/uploads\/2025\/06\/Frame-7-768x814.png 768w\" sizes=\"auto, (max-width: 902px) 100vw, 902px\" \/><\/figure>\n<\/div>\n\n\n\n<div class=\"wp-block-column is-vertically-aligned-top is-layout-flow wp-container-core-column-is-layout-4 wp-block-column-is-layout-flow\" style=\"padding-top:var(--wp--preset--spacing--large);flex-basis:50%\">\n<div class=\"wp-block-group is-content-justification-left is-nowrap is-layout-flex wp-container-core-group-is-layout-2 wp-block-group-is-layout-flex\" style=\"margin-bottom:var(--wp--preset--spacing--medium)\">\n<hr class=\"wp-block-separator has-text-color has-highlight-color has-alpha-channel-opacity has-highlight-background-color has-background wp-container-content-2\"\/>\n\n\n\n<h6 class=\"wp-block-heading has-highlight-color has-text-color has-link-color has-medium-font-size wp-elements-00ceecdde074192091ed65fbb2d006c5\"><strong>Vilniaus r. Nemen\u010din\u0117s sporto mokyklos direktoriaus pavaduotoja ugdymui<\/strong><\/h6>\n<\/div>\n\n\n\n<h2 class=\"wp-block-heading\" style=\"font-size:50px;font-style:normal;font-weight:600;line-height:1\">Edita Paketur<\/h2>\n\n\n\n<details class=\"wp-block-details is-layout-flow wp-block-details-is-layout-flow\"><summary>Biografija<\/summary>\n<p><\/p>\n<\/details>\n\n\n\n<details class=\"wp-block-details is-layout-flow wp-block-details-is-layout-flow\"><summary>Kontaktin\u0117 informacija<\/summary>\n<p class=\"has-poppins-font-family\" style=\"padding-top:0;padding-bottom:0\"><strong>Tel.:<\/strong>&nbsp;+370 52 104458<\/p>\n\n\n\n<p><strong>El. p.:<\/strong>&nbsp;pavaduotojas@sportomokykla.lt&nbsp;<\/p>\n<\/details>\n\n\n\n<details class=\"wp-block-details is-layout-flow wp-block-details-is-layout-flow\"><summary>Dokumentai<\/summary>\n<p class=\"has-primary-color has-text-color has-link-color has-poppins-font-family wp-elements-4b1a3728e0af65f88edfab96fd16c5bc\" style=\"padding-top:0;padding-bottom:0\"><strong><a href=\"https:\/\/www.sportomokykla.lt\/vrssm\/wp\/wp-content\/uploads\/2024\/01\/2022-m.-VRNSM-dir.-pav.-ugdymui-l.-e.-dir.-pareigas-metine-ataskaita-1.pdf\" data-type=\"link\" data-id=\"https:\/\/www.sportomokykla.lt\/vrssm\/wp\/wp-content\/uploads\/2024\/01\/2022-m.-VRNSM-dir.-pav.-ugdymui-l.-e.-dir.-pareigas-metine-ataskaita-1.pdf\" target=\"_blank\" rel=\"noreferrer noopener\"><strong><mark style=\"background-color:rgba(0, 0, 0, 0);color:#0718e3\" class=\"has-inline-color\">2022 m. VRNSM dir. pav. ugdymui, l. e. dir. pareigas metin\u0117 ataskaita<\/mark><\/strong><\/a><\/strong><\/p>\n<\/details>\n\n\n\n<details class=\"wp-block-details is-layout-flow wp-block-details-is-layout-flow\"><summary>Socialiniai tinklai<\/summary>\n<ul class=\"wp-block-social-links has-large-icon-size is-style-logos-only is-layout-flex wp-block-social-links-is-layout-flex\"><li class=\"wp-social-link wp-social-link-facebook  wp-block-social-link\"><a href=\"https:\/\/www.facebook.com\/edita.paketur\/\" class=\"wp-block-social-link-anchor\"><svg width=\"24\" height=\"24\" viewBox=\"0 0 24 24\" version=\"1.1\" xmlns=\"http:\/\/www.w3.org\/2000\/svg\" aria-hidden=\"true\" focusable=\"false\"><path d=\"M12 2C6.5 2 2 6.5 2 12c0 5 3.7 9.1 8.4 9.9v-7H7.9V12h2.5V9.8c0-2.5 1.5-3.9 3.8-3.9 1.1 0 2.2.2 2.2.2v2.5h-1.3c-1.2 0-1.6.8-1.6 1.6V12h2.8l-.4 2.9h-2.3v7C18.3 21.1 22 17 22 12c0-5.5-4.5-10-10-10z\"><\/path><\/svg><span class=\"wp-block-social-link-label screen-reader-text\">Facebook<\/span><\/a><\/li><\/ul>\n<\/details>\n<\/div>\n<\/div>\n\n\n\n<div class=\"wp-block-columns are-vertically-aligned-top is-layout-flex wp-container-core-columns-is-layout-3 wp-block-columns-is-layout-flex\" style=\"padding-top:0\">\n<div class=\"wp-block-column is-vertically-aligned-top is-layout-flow wp-block-column-is-layout-flow\" style=\"padding-right:0;padding-left:0;flex-basis:50%\">\n<figure class=\"wp-block-image size-full\"><img loading=\"lazy\" decoding=\"async\" width=\"871\" height=\"904\" src=\"https:\/\/www.sportomokykla.lt\/vrssm\/wp\/wp-content\/uploads\/2025\/06\/Frame-8.png\" alt=\"\" class=\"wp-image-18624\" srcset=\"https:\/\/www.sportomokykla.lt\/vrssm\/wp\/wp-content\/uploads\/2025\/06\/Frame-8.png 871w, https:\/\/www.sportomokykla.lt\/vrssm\/wp\/wp-content\/uploads\/2025\/06\/Frame-8-289x300.png 289w, https:\/\/www.sportomokykla.lt\/vrssm\/wp\/wp-content\/uploads\/2025\/06\/Frame-8-768x797.png 768w\" sizes=\"auto, (max-width: 871px) 100vw, 871px\" \/><\/figure>\n<\/div>\n\n\n\n<div class=\"wp-block-column is-vertically-aligned-top is-layout-flow wp-container-core-column-is-layout-6 wp-block-column-is-layout-flow\" style=\"padding-top:var(--wp--preset--spacing--large);flex-basis:50%\">\n<div class=\"wp-block-group is-content-justification-left is-nowrap is-layout-flex wp-container-core-group-is-layout-3 wp-block-group-is-layout-flex\" style=\"margin-bottom:var(--wp--preset--spacing--medium)\">\n<hr class=\"wp-block-separator has-text-color has-highlight-color has-alpha-channel-opacity has-highlight-background-color has-background wp-container-content-3\"\/>\n\n\n\n<h6 class=\"wp-block-heading has-highlight-color has-text-color has-link-color has-medium-font-size wp-elements-2004ae6c280b43b446f8b0ae7d4d816f\"><strong>Sekretor\u0117<\/strong><\/h6>\n<\/div>\n\n\n\n<h2 class=\"wp-block-heading has-jost-font-family\" style=\"font-size:50px;font-style:normal;font-weight:600;line-height:1\">Valentina Giedren<strong>\u0117<\/strong><\/h2>\n\n\n\n<p><\/p>\n\n\n\n<details class=\"wp-block-details is-layout-flow wp-block-details-is-layout-flow\"><summary>Biografija<\/summary>\n<p><\/p>\n<\/details>\n\n\n\n<details class=\"wp-block-details is-layout-flow wp-block-details-is-layout-flow\"><summary>Kontaktin\u0117 informacija<\/summary>\n<p class=\"has-poppins-font-family\" style=\"padding-top:0;padding-bottom:0\"><strong>Tel.:<\/strong>&nbsp;+370 52 371439<\/p>\n\n\n\n<p><strong>El. p.:<\/strong>&nbsp;info@sportomokykla.lt&nbsp;<\/p>\n<\/details>\n\n\n\n<details class=\"wp-block-details is-layout-flow wp-block-details-is-layout-flow\"><summary>Dokumentai<\/summary>\n<p><\/p>\n<\/details>\n\n\n\n<details class=\"wp-block-details is-layout-flow wp-block-details-is-layout-flow\"><summary>Socialiniai tinklai<\/summary>\n<ul class=\"wp-block-social-links has-large-icon-size is-style-logos-only is-layout-flex wp-block-social-links-is-layout-flex\"><li class=\"wp-social-link wp-social-link-facebook  wp-block-social-link\"><a href=\"https:\/\/www.facebook.com\/valentina.giedriene\" class=\"wp-block-social-link-anchor\"><svg width=\"24\" height=\"24\" viewBox=\"0 0 24 24\" version=\"1.1\" xmlns=\"http:\/\/www.w3.org\/2000\/svg\" aria-hidden=\"true\" focusable=\"false\"><path d=\"M12 2C6.5 2 2 6.5 2 12c0 5 3.7 9.1 8.4 9.9v-7H7.9V12h2.5V9.8c0-2.5 1.5-3.9 3.8-3.9 1.1 0 2.2.2 2.2.2v2.5h-1.3c-1.2 0-1.6.8-1.6 1.6V12h2.8l-.4 2.9h-2.3v7C18.3 21.1 22 17 22 12c0-5.5-4.5-10-10-10z\"><\/path><\/svg><span class=\"wp-block-social-link-label screen-reader-text\">Facebook<\/span><\/a><\/li><\/ul>\n<\/details>\n<\/div>\n<\/div>\n<\/div><\/div>\n","protected":false},"excerpt":{"rendered":"","protected":false},"author":1,"featured_media":0,"parent":0,"menu_order":0,"comment_status":"closed","ping_status":"closed","template":"","meta":{"footnotes":""},"class_list":["post-632","page","type-page","status-publish","hentry"],"_links":{"self":[{"href":"https:\/\/www.sportomokykla.lt\/index.php?rest_route=\/wp\/v2\/pages\/632","targetHints":{"allow":["GET"]}}],"collection":[{"href":"https:\/\/www.sportomokykla.lt\/index.php?rest_route=\/wp\/v2\/pages"}],"about":[{"href":"https:\/\/www.sportomokykla.lt\/index.php?rest_route=\/wp\/v2\/types\/page"}],"author":[{"embeddable":true,"href":"https:\/\/www.sportomokykla.lt\/index.php?rest_route=\/wp\/v2\/users\/1"}],"replies":[{"embeddable":true,"href":"https:\/\/www.sportomokykla.lt\/index.php?rest_route=%2Fwp%2Fv2%2Fcomments&post=632"}],"version-history":[{"count":87,"href":"https:\/\/www.sportomokykla.lt\/index.php?rest_route=\/wp\/v2\/pages\/632\/revisions"}],"predecessor-version":[{"id":19575,"href":"https:\/\/www.sportomokykla.lt\/index.php?rest_route=\/wp\/v2\/pages\/632\/revisions\/19575"}],"wp:attachment":[{"href":"https:\/\/www.sportomokykla.lt\/index.php?rest_route=%2Fwp%2Fv2%2Fmedia&parent=632"}],"curies":[{"name":"wp","href":"https:\/\/api.w.org\/{rel}","templated":true}]}}