{"id":634,"date":"2017-03-14T19:53:47","date_gmt":"2017-03-14T17:53:47","guid":{"rendered":"http:\/\/www.sportomokykla.lt\/vrssm\/wp\/?page_id=634"},"modified":"2025-09-14T02:17:49","modified_gmt":"2025-09-13T23:17:49","slug":"bendros-zinios","status":"publish","type":"page","link":"https:\/\/www.sportomokykla.lt\/?page_id=634&lang=lt","title":{"rendered":"Bendros \u017einios"},"content":{"rendered":"<p>Vilniaus rajono savivaldyb\u0117s tarybos 2004-03-31 sprendimu Nr. T3 \u2013 57 buvo \u012fsteigta Vilniaus rajono savivaldyb\u0117s sporto mokykla (VRSSM).<\/p>\n<p><strong>2022 m. spalio 28 d. Vilniaus rajono savivaldyb\u0117s sporto mokykla<\/strong> pakeit\u0117 pavadinim\u0105 \u2013 nuo \u0161iol ji vadinsis <strong>Vilniaus r. Nemen\u010din\u0117s sporto mokykla (VRNSM)<\/strong>.<\/p>\n<p>VRNSM formuoja moksleivi\u0173 papildomojo ugdymo turin\u012f fizinio ugdymo ir sporto srityje, rengia sportininkus, galin\u010dius deramai atstovauti rajon\u0105 bei \u0161al\u012f \u012fvairiose var\u017eybose. VRNSM bendradarbiauja su Vilniaus rajono administracija ir Lietuvos \u012fvairi\u0173 sporto \u0161ak\u0173 federacijomis.<\/p>\n<p style=\"text-align: center;\"><span style=\"color: #800000;\"><strong>UGDYMO PROCESO ORGANIZAVIMAS 2023-2024 M. M.<\/strong><\/span><\/p>\n<ol>\n<li>Pradinio rengimo, meistri\u0161kumo ugdymo ir meistri\u0161kumo tobulinimo grupi\u0173 treniruo\u010di\u0173 trukm\u0117 nuo 2023-09-01 iki 2024-08-31.<\/li>\n<li>Sporto mokykla dirba 5 dienas per savait\u0119.<\/li>\n<li>Treniruot\u0117s pradedamos ne anks\u010diau kaip 13.00 val., var\u017eybos gali vykti darbo dienomis ne ank\u0161\u010diau kaip 12.00 val. ir savaitgaliais ne anks\u010diau kaip 9.00 val.<\/li>\n<li>Ugdymo turinys planuojamas 52 savait\u0117ms.<\/li>\n<li>Mokini\u0173 veikla fiksuojama dienynuose. Dienynuose mokytojai fiksuoja ugdom\u0105j\u0105 veikl\u0105 nuo rugs\u0117jo 1 d. iki rugpj\u016b\u010dio 31 d.<\/li>\n<li>Valstybini\u0173 \u0161ven\u010di\u0173 dienos 2023-2024 m. m.: lapkri\u010dio 1-2 d., gruod\u017eio 24-26 d., sausio 1 d., vasario 16 d., kovo 11 d., kovo 31 d., baland\u017eio 1 d., gegu\u017e\u0117s 1 d., gegu\u017e\u0117s 5 d., bir\u017eelio 2 d., bir\u017eelio 24 d., liepos 6 d., rugpj\u016b\u010dio 15 d. \u012fskaitomos \u012f mokslo met\u0173 dien\u0173 skai\u010di\u0173.<\/li>\n<\/ol>\n<p><strong>Nuo rugs\u0117jo 1 d.<\/strong> sporto mokykl\u0105 lank\u0117 <strong>363 mokiniai<\/strong>, mokykloje bus kultivuojama <strong>10 sporto \u0161ak\u0173<\/strong>. U\u017esi\u0117mimai vyks <strong>26 mokymo grup\u0117se<\/strong>:<\/p>\n<ul>\n<li>5 pradinio rengimo grup\u0117s \u2013 67 mokiniai;<\/li>\n<li>15 meistri\u0161kumo ugdymo grupi\u0173 \u2013 232 mokiniai;<\/li>\n<li>6 meistri\u0161kumo tobulinimo grup\u0117s \u2013 66 mokiniai.<\/li>\n<\/ul>\n<p>Mokymo pratyboms skirta tarifikuojam\u0173 valand\u0173: pradinio rengimo grup\u0117ms 35 val.; meistri\u0161kumo ugdymo grup\u0117ms 132 val.; meistri\u0161kumo tobulinimo grup\u0117ms 47 val.<strong> I\u0161 viso 214 val.<\/strong><\/p>\n<p><strong>Nuo spalio 2 d.<\/strong> sporto mokykl\u0105 lank\u0117 <strong>419 mokinys<\/strong>, mokykloje bus kultivuojama <strong>10 sporto \u0161ak\u0173<\/strong>. U\u017esi\u0117mimai vyks <strong>30 mokymo grup\u0117se<\/strong>:<\/p>\n<ul>\n<li>9 pradinio rengimo grup\u0117s \u2013 122 mokiniai;<\/li>\n<li>15 meistri\u0161kumo ugdymo grupi\u0173 \u2013 231 mokinys;<\/li>\n<li>6 meistri\u0161kumo tobulinimo grup\u0117s \u2013 66 mokiniai.<\/li>\n<\/ul>\n<p>Mokymo pratyboms skirta tarifikuojam\u0173 valand\u0173: pradinio rengimo grup\u0117ms 62 val.; meistri\u0161kumo ugdymo grup\u0117ms 132 val.; meistri\u0161kumo tobulinimo grup\u0117ms 47 val. <strong>I\u0161 viso 241 val.<\/strong><\/p>\n<p style=\"text-align: center;\">______________________<\/p>\n<p style=\"text-align: center;\"><span style=\"color: #800000;\"><strong>Vilniaus r. Nemen\u010din\u0117s sporto mokyklos (VRNSM) savivalda:<\/strong><\/span><\/p>\n<ul>\n<li><strong>Mokyklos taryba;<\/strong><\/li>\n<li><strong>Mokytoj\u0173 taryba;<\/strong><\/li>\n<li><strong>Mokini\u0173 taryba;<\/strong><\/li>\n<li><strong>T\u0117v\u0173 taryba.<\/strong><\/li>\n<\/ul>\n","protected":false},"excerpt":{"rendered":"<p>Vilniaus rajono savivaldyb\u0117s tarybos 2004-03-31 sprendimu Nr. T3 \u2013 57 buvo \u012fsteigta Vilniaus rajono savivaldyb\u0117s sporto mokykla (VRSSM). 2022 m. spalio 28 d. Vilniaus rajono savivaldyb\u0117s sporto mokykla pakeit\u0117 pavadinim\u0105 \u2013 nuo \u0161iol ji vadinsis Vilniaus r. Nemen\u010din\u0117s sporto mokykla (VRNSM). VRNSM formuoja moksleivi\u0173 papildomojo ugdymo turin\u012f fizinio ugdymo ir sporto srityje, rengia sportininkus, galin\u010dius [&hellip;]<\/p>\n","protected":false},"author":1,"featured_media":0,"parent":0,"menu_order":0,"comment_status":"closed","ping_status":"closed","template":"","meta":{"footnotes":""},"class_list":["post-634","page","type-page","status-publish","hentry"],"_links":{"self":[{"href":"https:\/\/www.sportomokykla.lt\/index.php?rest_route=\/wp\/v2\/pages\/634","targetHints":{"allow":["GET"]}}],"collection":[{"href":"https:\/\/www.sportomokykla.lt\/index.php?rest_route=\/wp\/v2\/pages"}],"about":[{"href":"https:\/\/www.sportomokykla.lt\/index.php?rest_route=\/wp\/v2\/types\/page"}],"author":[{"embeddable":true,"href":"https:\/\/www.sportomokykla.lt\/index.php?rest_route=\/wp\/v2\/users\/1"}],"replies":[{"embeddable":true,"href":"https:\/\/www.sportomokykla.lt\/index.php?rest_route=%2Fwp%2Fv2%2Fcomments&post=634"}],"version-history":[{"count":33,"href":"https:\/\/www.sportomokykla.lt\/index.php?rest_route=\/wp\/v2\/pages\/634\/revisions"}],"predecessor-version":[{"id":16974,"href":"https:\/\/www.sportomokykla.lt\/index.php?rest_route=\/wp\/v2\/pages\/634\/revisions\/16974"}],"wp:attachment":[{"href":"https:\/\/www.sportomokykla.lt\/index.php?rest_route=%2Fwp%2Fv2%2Fmedia&parent=634"}],"curies":[{"name":"wp","href":"https:\/\/api.w.org\/{rel}","templated":true}]}}