{"id":638,"date":"2017-03-14T19:54:15","date_gmt":"2017-03-14T17:54:15","guid":{"rendered":"http:\/\/www.sportomokykla.lt\/vrssm\/wp\/?page_id=638"},"modified":"2026-01-19T11:38:15","modified_gmt":"2026-01-19T09:38:15","slug":"sporto-mokyklos-taryba","status":"publish","type":"page","link":"https:\/\/www.sportomokykla.lt\/?page_id=638&lang=lt","title":{"rendered":"VRNSM taryba"},"content":{"rendered":"\n<p class=\"has-text-align-center\"><strong><mark style=\"background-color:rgba(0, 0, 0, 0)\" class=\"has-inline-color has-primary-color\">Mokyklos taryba<\/mark><\/strong>&nbsp;svarsto mokyklos pajam\u0173 ir i\u0161laid\u0173 s\u0105mat\u0105, planuoja ir kontroliuoja l\u0117\u0161\u0173 paskirstym\u0105, pri\u017ei\u016bri&nbsp; vaik\u0173 ir jauni\u0173 sporto mokyklos \u016bkin\u0119 ir finansin\u0119 veikl\u0105, aprobuoja premijavimo nuostatas. Sprend\u017eia vasaros sporto stovykl\u0173 sportininkams organizavimo problemas. Teikia si\u016blymus d\u0117l materialin\u0117s baz\u0117s gerinimo.<\/p>\n\n\n\n<p class=\"has-text-align-center has-primary-color has-text-color has-link-color wp-elements-b29adc25e56ec9f9f8bd9a65f471d433\" style=\"font-size:16px;font-style:normal;font-weight:500\">VRNSM tarybos nariai:<\/p>\n\n\n\n<p class=\"has-text-align-center has-text-color has-link-color wp-elements-c3ebb2c33ddd3389beb2e99586f6304c\" style=\"color:#750000;font-size:16px;font-style:normal;font-weight:500\">T\u0117v\u0173 atstovai:<\/p>\n\n\n\n<p class=\"has-text-align-center\">Marek Kozlovski\u2013 pirmininkas<\/p>\n\n\n\n<p class=\"has-text-align-center\">Aliona Buchovskien\u0117 <\/p>\n\n\n\n<p class=\"has-text-align-center\">Joanna Paramonova<\/p>\n\n\n\n<p class=\"has-text-align-center has-text-color has-link-color wp-elements-39460c7704299a03e34f85fbe122a02f\" style=\"color:#750000;font-style:normal;font-weight:500\">Mokytoj\u0173 atstovai:<\/p>\n\n\n\n<p class=\"has-text-align-center\">Valdemaras \u0160umskas \u2013 sekretorius<\/p>\n\n\n\n<p class=\"has-text-align-center\">Eduard \u0160pakov<\/p>\n\n\n\n<p class=\"has-text-align-center\">Zbignev Sinkevi\u010d<\/p>\n\n\n\n<p class=\"has-text-align-center has-text-color has-link-color wp-elements-433dea9bc7a3b45b680a7a169f63b1cf\" style=\"color:#750000;font-style:normal;font-weight:500\">Mokini\u0173 atstovai:<\/p>\n\n\n\n<p class=\"has-text-align-center\">Rafal Boban<\/p>\n\n\n\n<p class=\"has-text-align-center\">Kamila Pozniak<\/p>\n\n\n\n<p class=\"has-text-align-center\">Dmitrij Paramonov<\/p>\n\n\n\n<p><\/p>\n","protected":false},"excerpt":{"rendered":"<p>Mokyklos taryba&nbsp;svarsto mokyklos pajam\u0173 ir i\u0161laid\u0173 s\u0105mat\u0105, planuoja ir kontroliuoja l\u0117\u0161\u0173 paskirstym\u0105, pri\u017ei\u016bri&nbsp; vaik\u0173 ir jauni\u0173 sporto mokyklos \u016bkin\u0119 ir finansin\u0119 veikl\u0105, aprobuoja premijavimo nuostatas. Sprend\u017eia vasaros sporto stovykl\u0173 sportininkams organizavimo problemas. Teikia si\u016blymus d\u0117l materialin\u0117s baz\u0117s gerinimo. VRNSM tarybos nariai: T\u0117v\u0173 atstovai: Marek Kozlovski\u2013 pirmininkas Aliona Buchovskien\u0117 Joanna Paramonova Mokytoj\u0173 atstovai: Valdemaras \u0160umskas \u2013 [&hellip;]<\/p>\n","protected":false},"author":1,"featured_media":0,"parent":0,"menu_order":0,"comment_status":"closed","ping_status":"closed","template":"","meta":{"footnotes":""},"class_list":["post-638","page","type-page","status-publish","hentry"],"_links":{"self":[{"href":"https:\/\/www.sportomokykla.lt\/index.php?rest_route=\/wp\/v2\/pages\/638","targetHints":{"allow":["GET"]}}],"collection":[{"href":"https:\/\/www.sportomokykla.lt\/index.php?rest_route=\/wp\/v2\/pages"}],"about":[{"href":"https:\/\/www.sportomokykla.lt\/index.php?rest_route=\/wp\/v2\/types\/page"}],"author":[{"embeddable":true,"href":"https:\/\/www.sportomokykla.lt\/index.php?rest_route=\/wp\/v2\/users\/1"}],"replies":[{"embeddable":true,"href":"https:\/\/www.sportomokykla.lt\/index.php?rest_route=%2Fwp%2Fv2%2Fcomments&post=638"}],"version-history":[{"count":28,"href":"https:\/\/www.sportomokykla.lt\/index.php?rest_route=\/wp\/v2\/pages\/638\/revisions"}],"predecessor-version":[{"id":19558,"href":"https:\/\/www.sportomokykla.lt\/index.php?rest_route=\/wp\/v2\/pages\/638\/revisions\/19558"}],"wp:attachment":[{"href":"https:\/\/www.sportomokykla.lt\/index.php?rest_route=%2Fwp%2Fv2%2Fmedia&parent=638"}],"curies":[{"name":"wp","href":"https:\/\/api.w.org\/{rel}","templated":true}]}}