{"id":640,"date":"2017-03-14T19:54:31","date_gmt":"2017-03-14T17:54:31","guid":{"rendered":"http:\/\/www.sportomokykla.lt\/vrssm\/wp\/?page_id=640"},"modified":"2026-01-19T15:12:02","modified_gmt":"2026-01-19T13:12:02","slug":"treneriu-taryba","status":"publish","type":"page","link":"https:\/\/www.sportomokykla.lt\/?page_id=640&lang=lt","title":{"rendered":"VRNSM mokytoj\u0173 taryba"},"content":{"rendered":"\n<p style=\"font-size:16px\"><strong><mark style=\"background-color:rgba(0, 0, 0, 0)\" class=\"has-inline-color has-primary-color\">Mokytoj\u0173 taryba<\/mark>&nbsp;<\/strong>svarsto mokyklos metinius planus, j\u0173 vykdymo eig\u0105, kitus klausimus. Svarsto teorines ir praktines mokymo problemas. Priima nutarimus d\u0117l mokini\u0173 \u0161alinimo i\u0161 mokyklos, mokini\u0173 skatinimo ir kitais klausimais. Tvirtina mokyklos vaik\u0173 elgesio taisykles, svarsto mokyklos tiksl\u0173 ir u\u017edavini\u0173 \u012fgyvendinimo rezultatus.<\/p>\n\n\n\n<p class=\"has-text-color has-link-color wp-elements-07798fac1a6c0f6ae84872bde198740d\" style=\"color:#750000;font-size:16px;font-style:normal;font-weight:500\">VRNSM mokytoj\u0173 tarybos nariai:<\/p>\n\n\n\n<ul class=\"wp-block-list\">\n<li style=\"font-size:16px\">Lepiochin Arnold &#8211; pirmininkas;<\/li>\n\n\n\n<li style=\"font-size:16px\">\u0160umskas Valdemaras &#8211; sekretorius;<\/li>\n\n\n\n<li style=\"font-size:16px\">Aleksandrov Radoslav;<\/li>\n\n\n\n<li style=\"font-size:16px\">Dainarovi\u010d Pavel;<\/li>\n\n\n\n<li style=\"font-size:16px\">Gra\u017eys Vytautas;<\/li>\n\n\n\n<li style=\"font-size:16px\">Ilkevi\u010dius Nikolajus;<\/li>\n\n\n\n<li style=\"font-size:16px\">Ka\u010danovski Marijan;<\/li>\n\n\n\n<li style=\"font-size:16px\">Kudulis Albertas;<\/li>\n\n\n\n<li style=\"font-size:16px\">Lavrinovi\u010d Alina;<\/li>\n\n\n\n<li style=\"font-size:16px\">Paketur Edita;<\/li>\n\n\n\n<li style=\"font-size:16px\">Manatov Kamil;<\/li>\n\n\n\n<li style=\"font-size:16px\">Mastianica Artur;<\/li>\n\n\n\n<li style=\"font-size:16px\">Pavtel Violeta;<\/li>\n\n\n\n<li style=\"font-size:16px\">Pocej \u010ceslav;<\/li>\n\n\n\n<li style=\"font-size:16px\">Sinkevi\u010d Zbignev;<\/li>\n\n\n\n<li style=\"font-size:16px\">Stankevi\u010dius Viktoras;<\/li>\n\n\n\n<li style=\"font-size:16px\">\u0160pakov Eduard;<\/li>\n\n\n\n<li style=\"font-size:16px\">Starenko Vitalijus;<\/li>\n\n\n\n<li style=\"font-size:16px\">Vaitonis Markas;<\/li>\n\n\n\n<li style=\"font-size:16px\">Vilipas Vytautas.<\/li>\n\n\n\n<li><\/li>\n<\/ul>\n","protected":false},"excerpt":{"rendered":"<p>Mokytoj\u0173 taryba&nbsp;svarsto mokyklos metinius planus, j\u0173 vykdymo eig\u0105, kitus klausimus. Svarsto teorines ir praktines mokymo problemas. Priima nutarimus d\u0117l mokini\u0173 \u0161alinimo i\u0161 mokyklos, mokini\u0173 skatinimo ir kitais klausimais. Tvirtina mokyklos vaik\u0173 elgesio taisykles, svarsto mokyklos tiksl\u0173 ir u\u017edavini\u0173 \u012fgyvendinimo rezultatus. VRNSM mokytoj\u0173 tarybos nariai:<\/p>\n","protected":false},"author":1,"featured_media":0,"parent":0,"menu_order":0,"comment_status":"closed","ping_status":"closed","template":"","meta":{"footnotes":""},"class_list":["post-640","page","type-page","status-publish","hentry"],"_links":{"self":[{"href":"https:\/\/www.sportomokykla.lt\/index.php?rest_route=\/wp\/v2\/pages\/640","targetHints":{"allow":["GET"]}}],"collection":[{"href":"https:\/\/www.sportomokykla.lt\/index.php?rest_route=\/wp\/v2\/pages"}],"about":[{"href":"https:\/\/www.sportomokykla.lt\/index.php?rest_route=\/wp\/v2\/types\/page"}],"author":[{"embeddable":true,"href":"https:\/\/www.sportomokykla.lt\/index.php?rest_route=\/wp\/v2\/users\/1"}],"replies":[{"embeddable":true,"href":"https:\/\/www.sportomokykla.lt\/index.php?rest_route=%2Fwp%2Fv2%2Fcomments&post=640"}],"version-history":[{"count":33,"href":"https:\/\/www.sportomokykla.lt\/index.php?rest_route=\/wp\/v2\/pages\/640\/revisions"}],"predecessor-version":[{"id":19563,"href":"https:\/\/www.sportomokykla.lt\/index.php?rest_route=\/wp\/v2\/pages\/640\/revisions\/19563"}],"wp:attachment":[{"href":"https:\/\/www.sportomokykla.lt\/index.php?rest_route=%2Fwp%2Fv2%2Fmedia&parent=640"}],"curies":[{"name":"wp","href":"https:\/\/api.w.org\/{rel}","templated":true}]}}