{"id":665,"date":"2017-03-14T20:07:28","date_gmt":"2017-03-14T18:07:28","guid":{"rendered":"http:\/\/www.sportomokykla.lt\/vrssm\/wp\/?page_id=665"},"modified":"2025-09-14T02:06:30","modified_gmt":"2025-09-13T23:06:30","slug":"priemimas-i-sporto-mokykla","status":"publish","type":"page","link":"https:\/\/www.sportomokykla.lt\/?page_id=665&lang=lt","title":{"rendered":"Pri\u0117mimas \u012f sporto mokykl\u0105"},"content":{"rendered":"\n<p class=\"has-text-align-center has-primary-color has-text-color has-link-color wp-elements-297605f61f26e7793f062c10101fd334\" style=\"font-size:16px;font-style:normal;font-weight:500\"><mark style=\"background-color:rgba(0, 0, 0, 0);color:#223dc0\" class=\"has-inline-color\"><a href=\"https:\/\/www.sportomokykla.lt\/vrssm\/wp\/wp-content\/uploads\/2023\/05\/PRASYMAS-PRIIMTI-I-VRNSM_R.-KOMAROVSKI.pdf\">PRA\u0160YMAS PRIIMTI \u012e VILNIAUS R. NEMEN\u010cIN\u0116S SPORTO MOKYKLA<\/a><\/mark><\/p>\n\n\n\n<p class=\"has-text-align-center has-primary-color has-text-color has-link-color wp-elements-99005ed3296781cf602704a3190346e8\" style=\"font-size:16px;font-style:normal;font-weight:500\"><mark style=\"background-color:rgba(0, 0, 0, 0);color:#1a2fb3\" class=\"has-inline-color\"><a href=\"https:\/\/www.sportomokykla.lt\/vrssm\/wp\/wp-content\/uploads\/2023\/05\/Nauja-mokymo-sutartis-2023-m..pdf\">NAUJA  MOKYMO SUTARTIS<\/a><\/mark><\/p>\n\n\n\n<p class=\"has-text-align-center has-primary-color has-text-color has-link-color wp-elements-1a72a642da9fc20570b746099fb328b1\" style=\"font-size:16px;font-style:normal;font-weight:500\"><mark style=\"background-color:rgba(0, 0, 0, 0);color:#071ce3\" class=\"has-inline-color\"><a href=\"https:\/\/www.sportomokykla.lt\/vrssm\/wp\/wp-content\/uploads\/2023\/05\/Mokiniu-sutikimas-duomenu-apsauga.pdf\">SUTIKIMAS D\u0116L MOKINI\u0172 DUOMEN\u0172 NAUDOJIMO<\/a><\/mark><\/p>\n","protected":false},"excerpt":{"rendered":"<p>PRA\u0160YMAS PRIIMTI \u012e VILNIAUS R. NEMEN\u010cIN\u0116S SPORTO MOKYKLA NAUJA MOKYMO SUTARTIS SUTIKIMAS D\u0116L MOKINI\u0172 DUOMEN\u0172 NAUDOJIMO<\/p>\n","protected":false},"author":1,"featured_media":0,"parent":0,"menu_order":0,"comment_status":"closed","ping_status":"closed","template":"","meta":{"footnotes":""},"class_list":["post-665","page","type-page","status-publish","hentry"],"_links":{"self":[{"href":"https:\/\/www.sportomokykla.lt\/index.php?rest_route=\/wp\/v2\/pages\/665","targetHints":{"allow":["GET"]}}],"collection":[{"href":"https:\/\/www.sportomokykla.lt\/index.php?rest_route=\/wp\/v2\/pages"}],"about":[{"href":"https:\/\/www.sportomokykla.lt\/index.php?rest_route=\/wp\/v2\/types\/page"}],"author":[{"embeddable":true,"href":"https:\/\/www.sportomokykla.lt\/index.php?rest_route=\/wp\/v2\/users\/1"}],"replies":[{"embeddable":true,"href":"https:\/\/www.sportomokykla.lt\/index.php?rest_route=%2Fwp%2Fv2%2Fcomments&post=665"}],"version-history":[{"count":33,"href":"https:\/\/www.sportomokykla.lt\/index.php?rest_route=\/wp\/v2\/pages\/665\/revisions"}],"predecessor-version":[{"id":19180,"href":"https:\/\/www.sportomokykla.lt\/index.php?rest_route=\/wp\/v2\/pages\/665\/revisions\/19180"}],"wp:attachment":[{"href":"https:\/\/www.sportomokykla.lt\/index.php?rest_route=%2Fwp%2Fv2%2Fmedia&parent=665"}],"curies":[{"name":"wp","href":"https:\/\/api.w.org\/{rel}","templated":true}]}}