{"id":785,"date":"2017-03-16T16:36:34","date_gmt":"2017-03-16T14:36:34","guid":{"rendered":"http:\/\/www.sportomokykla.lt\/vrssm\/wp\/?page_id=785"},"modified":"2017-04-14T14:16:44","modified_gmt":"2017-04-14T11:16:44","slug":"historia-naszej-szkoly","status":"publish","type":"page","link":"https:\/\/www.sportomokykla.lt\/?page_id=785&lang=pl","title":{"rendered":"Historia naszej szko\u0142y"},"content":{"rendered":"<p><a href=\"http:\/\/www.sportomokykla.lt\/vrssm\/wp\/wp-content\/uploads\/2017\/03\/Schowek02-1.png\"><img loading=\"lazy\" decoding=\"async\" class=\"alignleft wp-image-1716 size-medium\" src=\"http:\/\/www.sportomokykla.lt\/vrssm\/wp\/wp-content\/uploads\/2017\/03\/Schowek02-1-249x300.png\" alt=\"\" width=\"249\" height=\"300\" srcset=\"https:\/\/www.sportomokykla.lt\/vrssm\/wp\/wp-content\/uploads\/2017\/03\/Schowek02-1-249x300.png 249w, https:\/\/www.sportomokykla.lt\/vrssm\/wp\/wp-content\/uploads\/2017\/03\/Schowek02-1.png 459w\" sizes=\"auto, (max-width: 249px) 100vw, 249px\" \/><\/a>Wiele lat jedynie rejon wile\u0144ski w ca\u0142ej republice nie posiada\u0142 \u017cadnej szko\u0142y sportowej. Do 2004 r. dzieci i m\u0142odzie\u017c w Niemenczynie oraz we wsiach nie mieli mo\u017cliwo\u015bci z po\u017cytkiem sp\u0119dzania wolnego czasu. M\u0142ode pokolenie nie mia\u0142o plac\u00f3wki, gdzie mog\u0142oby zorganizowanie realizowa\u0107 swe plany i wykazywa\u0107 swe umiej\u0119tno\u015bci w sporcie.<\/p>\n<p>Wiele zdolnych i odwa\u017cnych dziewczynek, utalentowanych ch\u0142opak\u00f3w nie mieli warunk\u00f3w do regularnego hartowania organizmu, kszta\u0142towania, treningu w ulubionej dyscyplinie sportowej, nie mogli osi\u0105ga\u0107 mistrzostwa, uczestniczy\u0107 w zawodach. W rejonie wile\u0144skim nie by\u0142o m\u0142odzie\u017cowej organizacji \u2013 szko\u0142y sportowej \u2013 ku\u017ani sportowc\u00f3w, w kt\u00f3rej m\u0142odzieniec z promieniaj\u0105cym z rado\u015bci wzrokiem odczu\u0142by smak i pragnienie zwyci\u0119stwa, rywalizuj\u0105c na arenach sportowych, broni\u0105c barw Wile\u0144szczyzny i rejonu wile\u0144skiego, z honorem uciera\u0107 \u0142zy szcz\u0119\u015bcia podczas kolejnego zwyci\u0119stwa.<\/p>\n<p>Przed pi\u0119ciu laty najbardziej energiczni wychowawcy m\u0142odych sportowc\u00f3w, nieugi\u0119ci entuzja\u015bci r\u00f3\u017cnych ga\u0142\u0119zi sportowych, wykwalifikowani trenerzy za\u0142o\u017cyli trwa\u0142y fundament dzisiejszej szko\u0142y sportowej. Ich wszystkich \u0142\u0105czy bezgraniczna wierno\u015b\u0107 i mi\u0142o\u015b\u0107 do wybranej ga\u0142\u0119zi sportu. To oni byli pierwsi.<\/p>\n<p>To niez\u0142omny trener biatlonu i narciarstwa Marian Kaczanowski, wspania\u0142y organizator sportowy, w przesz\u0142o\u015bci fenomenalny sportowiec \u2013 wielokrotny mistrz Litwy w biatlonie, wielokrotny laureat (5 srebrnych i 2 br\u0105zowe medale). Mistrz by\u0142ego ZSRR i wielokrotny medalista. W 2009 r. zosta\u0142 mistrzem \u015bwiata senior\u00f3w w biatlonie w Finlandii. Legendarny mistrz kraju w biatlonie dzisiaj efektywnie trenuje bardzo perspektywnych m\u0142odzie\u0144c\u00f3w i pomy\u015blnie kieruje kolektywem Szko\u0142y Sportowej Samorz\u0105du Rejonu Wile\u0144skiego. Jako dyrektor jest autorytetem dla trener\u00f3w i sportowc\u00f3w.<\/p>\n<p>Feliksas Paszkewiczius, maj\u0105cy olbrzymie do\u015bwiadczenie w pracy trenerskiej, trenuje hokeist\u00f3w na trawie. On zapocz\u0105tkowa\u0142 ten sport na Litwie w naszym rejonie. W okresie w\u0142adzy radzieckiej kierowana przez niego dru\u017cyna \u201eVairo\u201d z Szawel w rugby i dru\u017cyna kobiet \u201eTauro\u201d w hokeju na trawie wyst\u0119powa\u0142y w mistrzostwach ZSRR najwy\u017cszej ligi.<\/p>\n<p>Wspania\u0142a trener Rajmonda Juchnewiczienie trenuje lekkoatlet\u00f3w, ze strzelcami rozpocz\u0105\u0142 prac\u0119 do\u015bwiadczony trener Miros\u0142aw Leszczewski.<\/p>\n<p>Olimpijskie dziedziny sportowe \u2013 biatlon, narciarstwo, hokej na trawie, lekka atletyka, strzelectwo i dzisiaj w szkole s\u0105 na pierwszym miejscu. W tych dziedzinach sportu jest najwi\u0119cej g\u0142o\u015bnych zwyci\u0119stw w zgodnej rodzinie trener\u00f3w i sportowc\u00f3w. Przedstawiciele tych pi\u0119ciu ga\u0142\u0119zi sportowych maj\u0105 najwspanialsze osi\u0105gni\u0119cia na sportowych arenach w kraju i za granic\u0105.<\/p>\n<p>Swymi osi\u0105gni\u0119ciami na zielonych boiskach i w salach sportowych nie pozostaj\u0105 w tyle pi\u0142karki z Niemenczyna i Mejszago\u0142y. Jekatierina \u017burawlowa trenuje te dru\u017cyny od pierwszych dni istnienia szko\u0142y. Gra m\u0142odych siatkarek z Awi\u017ce\u0144 wprawia widz\u00f3w w zachwyt. Waldemar Szumski \u2013 to do\u015bwiadczony trener siatkarek. Rajmonda Juchnewiczienie wychowuje lekkoatlet\u00f3w w Podbrzeziu, a w Niemenczynie owocnie pracuje K\u0119stutis Wielikianecas. Od pocz\u0105tku w Niemenczynie pracuje trener Borysas Jurkaitis. Arturas Orlowas trenuje tenisist\u00f3w w tenisie sto\u0142owym w Zujunach. Tajemnic w sporcie orientacyjnym uczy W Suderwi Daiwa Morkunienie, a w Pogirach tradycje tego sportu przed\u0142u\u017ca Ruta Czajkowskienie. Koszykarzy w Niemenczynie trenowa\u0142 Nikodemas Rakelis, pi\u0142karzy wychowywa\u0142 Maris Grawa, a w Rudaminie \u2013 W\u0142adys\u0142aw Rusieckij. Trener Ludwik Adamowicz w Pogirach \u0107wiczy\u0142 siatkarzy.<\/p>\n<p>W ci\u0105gu pi\u0119ciu lat szko\u0142a sportowa przesz\u0142a szlakiem, bogatym w zwyci\u0119stwa i s\u0142aw\u0119, chocia\u017c pocz\u0105tek by\u0142 trudny, a wi\u0119c potrzebowa\u0142 wiele odwagi i nadziei. Nie\u0142atwa by\u0142a dola debiutant\u00f3w w zawodach. Wzniesienia i chwile ciszy, ci\u0105g\u0142a walka z niedostatkiem i energiczne kroki wzwy\u017c, naprz\u00f3d, wspania\u0142e zwyci\u0119stwa, kt\u00f3rych z biegiem lat wci\u0105\u017c przybywa\u0142o.<\/p>\n<p>Dzisiaj pi\u0119knie jest wr\u00f3ci\u0107 pami\u0119ci\u0105 do jesieni 2004 roku, gdy by\u0142y tworzone dru\u017cyny sportowc\u00f3w, trwa\u0142 nab\u00f3r narciarzy, biatlonist\u00f3w, lekkoatlet\u00f3w, strzelc\u00f3w do grup szkoleniowych. Intensywna praca trener\u00f3w szko\u0142y pomog\u0142a wybra\u0107 bardzo zdolnych dzieci, odnale\u017a\u0107 \u201epere\u0142ki\u201d. Ju\u017c w pierwszym roku wychowankowie Mariana Kaczanowskiego, Feliksa Paszkewicziusa, Rajmondy Juchnewiczienie, Jekatieriny \u017burawlowej Miros\u0142awa Leszczewskiego, Waldemara Szumskiego osi\u0105gn\u0119li dobre wyniki w zawodach republika\u0144skich.<\/p>\n<p>Entuzjazmu nie brakowa\u0142o, i \u201e\u017c\u00f3\u0142todzi\u00f3b\u201d szko\u0142a sportowa bez za\u017cenowania demonstrowa\u0142a twarde i ostre pazurki. Pomys\u0142owi pedagodzy dobre ziarna zasieli na Wile\u0144szczy\u017anie. Szybko i dobrze one wykie\u0142kowa\u0142y, zdolne dzieci wspaniale opanowa\u0142y tajemnice wiedzy sportowej. Coraz cz\u0119\u015bciej m\u0142odzi sportowcy naszego rejonu na sportowych zawodach w republice (oraz jako dru\u017cyna) byli na czo\u0142owych miejscach. Szko\u0142a sportowa zosta\u0142a zauwa\u017cona i znana w kraju, potrafi\u0142a konkurowa\u0107 z innymi szko\u0142ami sportowymi, maj\u0105cymi g\u0142\u0119bokie tradycje sportowe i znacz\u0105ce osi\u0105gni\u0119cia w sporcie Litwy.<\/p>\n<p>Pierwsze zawody, pierwsze medale, a wkr\u00f3tce ju\u017c posypa\u0142y si\u0119 i znaczniejsze zwyci\u0119stwa na mistrzostwach kraju. P\u00f3\u017aniej rok po roku ka\u017cda ga\u0142\u0105\u017a sportowa by\u0142a coraz bardziej wzmacniana, piel\u0119gnowana. Tak wielkie osi\u0105gni\u0119cia sportowe przed pi\u0119cioma laty nikomu nawet si\u0119 nie \u015bni\u0142y. Dzisiaj one nie by\u0142yby mo\u017cliwe bez wsparcia, sta\u0142ej uwagi i troski ze strony w\u0142adz rejonu wile\u0144skiego o dorastaj\u0105ce pokolenie, progresuj\u0105cych sportowcach.<\/p>\n<p>Szko\u0142a Sportowa Samorz\u0105du Rejonu Wile\u0144skiego z g\u0142\u0119bokim szacunkiem i wdzi\u0119czno\u015bci\u0105 m\u00f3wi szczere \u201edzi\u0119kuj\u0119\u201d szanownej pani mer Marii Rek\u015b\u0107, radnym, dyrektorowi administracji Lucynie Kot\u0142owskiej, by\u0142emu kierownikowi o\u015bwiaty rejonu, cz\u0142onkowi sejmu Republiki Litewskiej Jaros\u0142awowi Narkiewiczowi, kierownikowi o\u015bwiaty Lilii Andruszkiewicz, kierownikowi wychowania fizycznego, sportu i turyzmu Edmundowi Szotowi. Szko\u0142a Sportowa Samorz\u0105du Rejonu Wile\u0144skiego ma szczeg\u00f3lny zaszczyt podzi\u0119kowa\u0107 europarlamentarzy\u015bcie, przewodnicz\u0105cemu AWPL, przewodnicz\u0105cemu wile\u0144skiego rejonowego oddzia\u0142u ZPL Waldemarowi Tomaszewskiemu za okazan\u0105 finansow\u0105 pomoc Szkole sportowej na kupno inwentarza sportowego oraz w organizowaniu obozu sportowego w 2008 roku w g\u00f3rach Austrii w mie\u015bcie Rameau. Z ca\u0142ego serca dzi\u0119kujemy szanownemu p. Waldemarowi Tomaszewskiemu \u2013 g\u0142\u00f3wnemu inicjatorowi za\u0142o\u017cenia Samorz\u0105dowej Sportowej Szko\u0142y Rejonu Wile\u0144skiego.<\/p>\n<p>Rodzice sportowc\u00f3w Tadeusz Tomaszewicz, Janusz D\u0105browski, Roman Mikielewicz, Aleksandras Martyncewas, Czes\u0142aw Bejnarowicz, Andrius Biliunas, Danguole Kuszlewicz \u2013 Wierszekienie \u2013 to oni aktywnie wspieraj\u0105 ka\u017cd\u0105 inicjatyw\u0119 szko\u0142y, cz\u0119sto w\u0142asnym transportem dowo\u017c\u0105 dzieci na zawody narciarskie, biatlonu, lekkiej atletyki, hokeju na trawie, strzelectwa. Hokei\u015bci na trawie z gimnazjum \u201eRyto\u201d w Rudaminie s\u0105 wdzi\u0119czni swemu nauczycielowi Witautowi Wilipowi za jego szczeg\u00f3ln\u0105 mi\u0142o\u015b\u0107 do sportu i zaszczepienia tego uczucia sportowcom.<\/p>\n<p>W imieniu szko\u0142y, autorzy tych s\u0142\u00f3w, chcemy serdecznie podzi\u0119kowa\u0107 dyrektorowi gimnazjum im. Konstantego Parczewskiego w Niemenczynie Tadeuszowi Grygorowiczowi za umo\u017cliwienie trening\u00f3w w bazie sportowej gimnazjum oraz za lokal administracyjny. Ogromnie jeste\u015bmy wdzi\u0119czni dobroczynnemu dyrektorowi gimnazjum \u201eRyto\u201d w Rudaminie Ramunowi Moniuszce, kt\u00f3ry sprawnie i profesjonalnie opiekuje si\u0119 rejonow\u0105 stolic\u0105 hokeju na trawie.<\/p>\n<p>Tak\u017ce wyra\u017camy szczeg\u00f3lne podzi\u0119kowania kierownikom szkolnych plac\u00f3wek: Walerii Orszewskiej \u2013 dyrektorowi Awi\u017ce\u0144skiej Szko\u0142y \u015aredniej, Ottonowi Zdanowiczowi \u2013 dyrektorowi Zuju\u0144skiej Szko\u0142y \u015aredniej, \u017banecie Jankowskiej \u2013 dyrektorowi Gimnazjum im. Ferdynanda Ruszczyca w Rudaminie, Romualdowi Sakalauskowi \u2013 dyrektorowi Gimnazjum Giedymina w Niemenczynie za wsp\u00f3\u0142prac\u0119, pomoc i udost\u0119pnienie baz sportowych dla trening\u00f3w oraz zawod\u00f3w.<\/p>\n<p>Od pierwszych dni otwarcia Samorz\u0105dowej Sportowej Szko\u0142y Rejonu Wile\u0144skiego zawi\u0105za\u0142a si\u0119 trwa\u0142a wsp\u00f3\u0142praca z Domem Uczni\u00f3w w Ignalinie oraz zast\u0119pc\u0105 dyrektora do spraw sportu Jonasem Paslauskasem, trenerami Edwardem Rasimowiczem i Aleksandrem Szczekoczichinem. Dwa lata wypo\u017cyczali\u015bmy u nich strzelby dla biatlonu, gdy\u017c nie mieli\u015bmy w\u0142asnych.<\/p>\n<p>Pomaga\u0142 r\u00f3wnie\u017c i ogromny entuzjasta sportu biatlonowego niemenczynianin Roman Mikielewicz, kt\u00f3ry nie \u017ca\u0142owa\u0142 swych kosztownych strzelb oraz kul na treningi oraz zawody dla pocz\u0105tkuj\u0105cych sportowc\u00f3w. Nowy geograficzny punkt biatlonu w czas wspar\u0142a Federacja Biatlonu Litwy (LBF). Prezydent federacji Arunas Daugirdas zatroszczy\u0142 si\u0119 o finansowe wsparcie Karola D\u0105browskiego \u2013 najlepszego przedstawiciela sportu zimowego, Szko\u0142a Sportowa kupi\u0142a strzelby.<\/p>\n<p>\u015aci\u015ble wsp\u00f3\u0142pracujemy z federacj\u0105 lekkiej atletyki, z kierownikiem projekt\u00f3w rozwoju marketingu Ewaldem Marcinkiem, kt\u00f3ry corocznie pomaga w organizacji mi\u0119dzynarodowego biegu ulicami miasta Niemenczyna.<\/p>\n<p>Mistrzyni olimpijska zimowej olimpiady w Kalgari w 1988 r. w biegu narciarskim na 5 km stylem klasycznym Wida Wencienie zawsze znajduje czas na spotkania z m\u0142odymi mistrzami naszej szko\u0142y. Mistrzyni olimpijska zawsze moralnie wspiera sportowc\u00f3w, radzi jak osi\u0105gn\u0105\u0107 wysokie rezultaty, by\u0107 optymistami w \u017cyciu oraz na narciarskiej trasie.<\/p>\n<p>Diana Rasimowicziute, uczestniczka olimpiad 2002 r. w Salt Lake City (USA) i 2006 r. w Torino (W\u0142ochy), najlepsza biatlonista kraju, tak\u017ce cz\u0119sto spotyka si\u0119 z biatlonistami naszego rejonu. Olimpijka wspomina swe podr\u00f3\u017ce za granic\u0105, trudy trening\u00f3w i napi\u0119cie podczas zawod\u00f3w, rado\u015b\u0107 zwyci\u0119stwa i gorycz pora\u017cek, a m\u0142odym biatlonistom opowiada o specyfice tej ga\u0142\u0119zi sportowej, uczy tajemnic, konsultuje na temat techniki i taktyki.<\/p>\n<p>Kolektyw naszej Szko\u0142y Sportowej Samorz\u0105du Rejonu Wile\u0144skiego sk\u0142ada ogromne podzi\u0119kowania entuzja\u015bcie sportowemu staro\u015bcie m. Niemenczyna p. Mieczys\u0142awowi Borusewiczowi. Samorz\u0105dowa Sportowa Szko\u0142a Rejonu Wile\u0144skiego razem ze starostwem ka\u017cdy rok w maju i pa\u017adzierniku organizuje osza\u0142amiaj\u0105ce mi\u0119dzynarodowe biegi ulicami Niemenczyna. W biegach uczestniczy ponad 600 biegaczy z Bia\u0142orusi, Czech, Estonii, \u0141otwy, Polski, Ukrainy i Litwy. Organizuje masowy bieg narciarski \u201eWile\u0144szczyzny bia\u0142y czar\u201d, w kt\u00f3rym uczestnicz\u0105 narciarze nie tylko z Bia\u0142orusi i Polski, ale te\u017c z Ameryki. Starostwo miasta cz\u0119sto finansuje wyjazdy na mi\u0119dzynarodowe zawody w Polsce.<\/p>\n<p>Fundacja \u201eSemper Polonia\u201d na czele z prezydentem Markiem Hauszyldem w ci\u0105gu wielu lat organizuje sportowcom szkoleniowo \u2013 sportowe obozy nad Morzem Ba\u0142tyckim w Polsce. Trzy lata fundacja \u201eSemper Polonia\u201d ca\u0142kowicie finansuje uczestnictwo sportowc\u00f3w w biegu ulicami Niemenczyna.<\/p>\n<p>Trwa\u0142e wi\u0119zi \u0142\u0105cz\u0105 szko\u0142\u0119 z miastami \u017bywiec i Radziechowy w Polsce. Entuzja\u015bci narciarstwa rejonu wile\u0144skiego i narciarze Szko\u0142y Sportowej Samorz\u0105du Rejonu Wile\u0144skiego ka\u017cdy rok uczestnicz\u0105 w mi\u0119dzynarodowych zawodach sportowych organizowanych przez wielkiego entuzjast\u0119 Edwarda Dudka i klub sportowy \u201eBaca\u201d. Natomiast przedstawiciele miast \u017bywiec i Radziechowy uczestnicz\u0105 w maratonie narciarskim im. Giedymina, organizowanym przez rejon wile\u0144ski i mi\u0119dzynarodowym biegu ulicami miasta Niemenczyna. Opr\u00f3cz tego Samorz\u0105dowa Sportowa Szko\u0142a Rejonu Wile\u0144skiego szereg lat \u015bci\u015ble wsp\u00f3\u0142pracuje z Centrum Kultury w Niemenczynie, dyrektor Antoni Szostko i z Muzeum Etnograficznym Wile\u0144szczyzny, dyrektor Algimantas Baniewicz.<\/p>\n<p>Wiele lat Samorz\u0105dowa Sportowa Szko\u0142a Rejonu Wile\u0144skiego w Awi\u017cwniach organizuje mi\u0119dzynarodowe zawody siatk\u00f3wki, w kt\u00f3rych uczestnicz\u0105 go\u015bcie z Suwa\u0142k, \u0141om\u017cy, Bielsko \u2013 Bia\u0142ej, Cz\u0119stochowy, Grodziska \u2013 Mazowieckiego w Polsce. Przybywaj\u0105 r\u00f3wnie\u017c sportowcy ze stolicy, Kowna, Olity, Jonawy, Solecznik.<\/p>\n<p>Oddzia\u0142 kultury, sportu i turyzmu administracji samorz\u0105du rejonu wile\u0144skiego czwarty rok z kolei organizuje \u015bwi\u0119ta hokeju na trawie \u2013 otwarte mistrzostwa rejonu, a tak\u017ce Bo\u017cenarodzeniowe turnieje. W nich uczestnicz\u0105 dru\u017cyny z Wilna, Kiejdan, Joniszek i dru\u017cyny ze szk\u00f3\u0142 sportowych. Ka\u017cdy rok w Rudaminie, w sali sportowej gimnazjum \u201eRyto\u201d tradycyjnie odbywaj\u0105 si\u0119 mi\u0119dzynarodowe turnieje hokeju na trawie, na kt\u00f3rych uczestnicz\u0105 zaprzyja\u017anione dru\u017cyny z Erfurtu w Niemczech. Pi\u0119kna i trwa\u0142a wieloletnia przyja\u017a\u0144 \u0142\u0105czy nas ze sportowcami z Niemiec (trener Andre Sirch) i sportowcami z Joniszek (trener Birute \u017basinienie).<\/p>\n<p>Sportowcy we wszystkich czasach nie byli noszeni \u201ena r\u0119kach\u201d. P\u00f3\u017an\u0105 jesieni\u0105 brn\u0105 przez podmok\u0142e pole sportowe, zmarzni\u0119tymi r\u0119kami trzymaj\u0105 kijki i strzelby, kopia pi\u0142k\u0119, a celem takiego wysi\u0142ku \u2013 zwyci\u0119stwo. Zmarzni\u0119ci narciarze, biatloni\u015bci, szybko pokonuj\u0105cy g\u00f3rki, padaj\u0105cy ze zm\u0119czenia biegacze na bie\u017cni i celem ich nadludzkiego wysi\u0142ku \u2013 zwyci\u0119stwo. Wszyscy oni kochaj\u0105 sport i, nie zwa\u017caj\u0105c na deszcz, upa\u0142 czy mr\u00f3z, ca\u0142y rok wytrwale trenuj\u0105. To \u2013 ci\u0119\u017cki trud, kt\u00f3ry wymaga wielu wyrzecze\u0144.<\/p>\n<p>Dola trenera r\u00f3wnie\u017c nie jest lekka. Widzimy, jaki d\u0142ugi i trudny proces wychowania dobrego sportowca. Praca trenera wymaga cierpliwo\u015bci, czasu, bo przemija wiele lat nim Sportowiec zostanie mistrzem. Taka praca \u2013 to sztuka. Do s\u0142awy sportowej droga prowadzi przez ciernie.<\/p>\n<p>Dzisiaj, w okresie kryzysu w naszym kraju, trenerzy i sportowcy naszej szko\u0142y s\u0105 optymistami: w okresie kryzysu na zawody je\u017adzimy w\u0142asnym transportem lub na koszt trener\u00f3w, kupujemy specyficzny inwentarz. Wi\u0119kszo\u015b\u0107 trener\u00f3w swym wychowankom nie \u017ca\u0142uje niczego, oczywi\u015bcie, \u017ce rodzice te\u017c pomagaj\u0105 finansowo. Trener Feliksas Paszkewiczius swym wychowankom znajduje pieni\u0105dze na obiad, kupuje dro\u017csze i bardziej jako\u015bciowe kijki, a za zwyci\u0119stwa i zdobyte medale nagradza premi\u0105 pieni\u0119\u017cn\u0105. Trener biatlonu Justyn Alicki, tak\u017ce za w\u0142asne pieni\u0105dze kupuje smar do nart, nagradza najlepszych amator\u00f3w sportu zimowego. Wszyscy trenerzy Samorz\u0105dowej Szko\u0142y Sportowej Rejonu Wile\u0144skiego naprawd\u0119 zas\u0142u\u017cyli szczeg\u00f3lnych s\u0142\u00f3w uznania i podzi\u0119kowania, poniewa\u017c liczba nagr\u00f3d i zwyci\u0119stw nieustannie zwi\u0119ksza si\u0119.<\/p>\n<p>Dzisiaj, \u015bwi\u0119tuj\u0105c jubileusz pi\u0119ciolecia, okres wystarczaj\u0105co d\u0142ugi, w \u017cyciu cz\u0142owieka, szczerze mo\u017cemy si\u0119 pochwali\u0107, \u017ce w skarbcu nagr\u00f3d Samorz\u0105dowej Szko\u0142y Sportowej Rejonu Wile\u0144skiego zgromadzili\u015bmy wiele nagr\u00f3d, pi\u0119knych puchar\u00f3w, 419medali, w tym 139 z\u0142otych, 148 srebrnych i 132 z br\u0105zy!<\/p>\n<p>Obchodz\u0105c \u015bwi\u0119to \u201eprzedszkolak\u00f3w\u201d, jubileusz pi\u0119ciolecia szko\u0142y, nasi wychowankowie dostatecznie wyro\u015bli, nie tylko fizycznie, ale i udoskonalili swe umiej\u0119tno\u015bci, s\u0105 prawdziwymi mistrzami. Obecnie oni s\u0105 w pe\u0142nym rozkwicie si\u0142 i doskonal\u0105 si\u0119 podczas zawod\u00f3w z dru\u017cynami doros\u0142ych: graj\u0105, strzelaj\u0105, biegaj\u0105 na mistrzostwach i zawodach Litwy, zdobywaj\u0105 medale. Reprezentanci zimowych ga\u0142\u0119zi sportu marz\u0105 o olimpijskich igrzyskach 2014 r. w Soczi. Wszystko \u015bwiadczy o tym, \u017ce fala popularno\u015bci biatlonu i narciarstwa w Niemenczynie tylko si\u0119 podnosi wy\u017cej. Pomys\u0142owy trener Marian Kaczanowski pracuje tw\u00f3rczo i ju\u017c wychowa\u0142 pi\u0119kny zesp\u00f3\u0142 perspektywnych biatlonist\u00f3w i narciarzy. To \u2013 kandydaci i cz\u0142onkowie dru\u017cyny kraju Karol D\u0105browski, Maciej Mikielewicz, Rafa\u0142 Mikielewicz, Edwin Tomaszewicz, Karolina Banel.<\/p>\n<p>Autor tych s\u0142\u00f3w, Feliksas Paszkewiczius, w dalekim 1984 r. w rejonie wile\u0144skim utworzy\u0142 pierwsze dru\u017cyny hokeju na trawie, 10 lat kierowa\u0142 federacj\u0105 sportu rejonu wile\u0144skiego. W 1989 r. za\u0142o\u017cy\u0142 w Rudaminie m\u0119sk\u0105 dru\u017cyn\u0119, obecnie ekipa \u201eRudamina \u2013 Ardas\u201d s\u0105 pi\u0119ciokrotnymi mistrzami kraju, zdobyli 7 srebrnych i 4 br\u0105zowe medale.<\/p>\n<p>Dzisiaj Szko\u0142a Sportowa Samorz\u0105du Rejonu Wile\u0144skiego, posiadaj\u0105ca centrum sportowe hokeju na trawie w Rudaminie, jest jedn\u0105 z najwa\u017cniejszych spo\u015br\u00f3d 9 zespo\u0142\u00f3w hokeju na trawie w republice. Wielu zawodnik\u00f3w trafia do m\u0142odzie\u017cowej reprezentacji Litwy.<\/p>\n<p>Wspaniale graj\u0105 pi\u0142karki, kt\u00f3rych trenuje Jekatierina \u017burawlowa. W tym roku do prezentacji kraju delegowano Agnieszk\u0119 Stefanowicz, Marzen\u0119 Paszkauskaitie, Alin\u0119 Siemaszko, Ma\u0142gorzat\u0119 Radzewicz, Jolant\u0119 Sawczenko.<\/p>\n<p>W grupie strzelc\u00f3w, kt\u00f3rych trenuje Miros\u0142aw Leszczewski, liderami s\u0105 cz\u0142onkowie reprezentacji krajowej Jolanta Jancewicz i Jaros\u0142aw Jancewicz. Jaros\u0142aw stara si\u0119 strzela\u0107 celnie i wkr\u00f3tce wykona normatywy narodowej kategorii.<\/p>\n<p>Przedstawicielki lekkiej atletyki, kr\u00f3lowej sportu, zas\u0142u\u017cy\u0142y na najpiekniejsze s\u0142owa pochwa\u0142y. To Wioleta Godlewska, Karyna Onufrijewa, Valdas Dopolskas, Wac\u0142aw Adamowicz, Snie\u017cana Dopolskaite, Agnieszka Kole\u015bnik, Dariusz Werkowski. Ten znany zesp\u00f3\u0142 trenuj\u0105 wspaniali trenerzy Witautas Gra\u017cis, Zenonas Zenkeviczius, Kestutis Welikianecas, Skirmante Martinkienie.<\/p>\n<p>Przedstawicieli innych ga\u0142\u0119zi sportu wyniki s\u0105 skromniejsze, droga do mistrzostwa jest d\u0142uga i trudna, ale dzieci pokonaj\u0105 trudno\u015bci i znajd\u0105 si\u0119 na piedestale zwyci\u0119zc\u00f3w.<\/p>\n<p>Historyczn\u0105 chwil\u0105 Samorz\u0105dowa Szko\u0142a Sportowa Rejonu Wile\u0144skiego zako\u0144czy\u0142a pi\u0105ty rok istnienia, gdy o\u015bmiu ch\u0142opc\u00f3w z Rudaminy zosta\u0142o mistrzami Litwy w hokeju na trawie i po raz pierwszy wykonali normy narodowej kategorii. Rudominianie, kt\u00f3rzy po raz pierwszy stan\u0119li na najwy\u017cszym stopniu piedesta\u0142u, to Andrzej Bejnarowicz, Paulius Bejnarowicz, Jaunius Dowsewiczius, Mi\u0142osz Andruszniec, Albertas Kuszlewiczius, Andrzej Paszkiewicz, Robert Wojciechowski.<\/p>\n<p>Wychowankowie trenera Feliksa Paszkewicziusa brali udzia\u0142 w mistrzostwach Europy hokeju na trawie m\u0119\u017cczyzn, a m\u0142odzie\u017c i dzieci uczestniczyli w mistrzostwach i zawodach mi\u0119dzynarodowych w Austrii, Grecji, Czechach, Polsce, Holandii, Francji, S\u0142owacji, S\u0142owenii, Niemcach i Litwie.<\/p>\n<p>Jaros\u0142aw Jancewicz (trener Miros\u0142aw Lesczewski), mieszkaj\u0105cy w Zujunach, dobrze wystartowa\u0142 na mistrzostwach starego kontynentu w Pradze (Czechy).<\/p>\n<p>Na mistrzostwach m\u0142odzie\u017cowych \u015bwiata w biatlonie w mie\u015bcie Canmore (Kanada) z powodzeniem honor dru\u017cyny Litwy broni\u0142 Karol D\u0105browski (trener Marian Kaczanowski). W sztafecie zaj\u0105\u0142 sz\u00f3ste miejsce \u2013 najwy\u017csze miejsce w sztafecie w historii sportu Litwy.<\/p>\n<p>M\u0142odej Samorz\u0105dowej Szkole Sportowej Rejonu Wile\u0144skiego z ca\u0142ego serca \u017cyczymy, \u017ceby jej droga by\u0142a d\u0142uga, d\u0142uga, d\u0142uga i bogata sukcesami, a sportowcy Samorz\u0105dowej Szko\u0142y Sportowej Rejonu Wile\u0144skiego w przysz\u0142o\u015bci zab\u0142ysn\u0105 wspania\u0142ymi zwyci\u0119stwami, a Litwa i rejon wile\u0144ski mia\u0142 pow\u00f3d do chluby. Zwyci\u0119stw nie b\u0119dzie dosy\u0107, wi\u0119c mamy nadziej\u0119, \u017ce jak z rogu obfito\u015bci posypia si\u0119 medale wszystkich kolor\u00f3w.<\/p>\n<p>W ksi\u0105\u017cce \u201e5 lat\u201d jest dok\u0142adna, chronologiczna, chocia\u017c i nied\u0142uga historia Samorz\u0105dowej Szko\u0142y Sportowej Rejonu Wile\u0144skiego, ukazuj\u0105ca najwa\u017cniejsze osi\u0105gni\u0119cia sportowe od momentu za\u0142o\u017cenia szko\u0142y. Na stronicach ksi\u0105\u017cki opowiada si\u0119 o sportowcach, ich osi\u0105gni\u0119ciach, trenerach, o ludziach, kt\u00f3rzy maj\u0105 pi\u0119kne osi\u0105gni\u0119cia sportowe. Ten tomik uwieczni tych, kt\u00f3rzy tworz\u0105 nowe tradycje sportu w rejonie, swymi osi\u0105gni\u0119ciami s\u0142awi\u0105 rejon w kraju i za granic\u0105. Czytelnik dzi\u0119ki ksi\u0105\u017cce \u201e5 lat\u201d b\u0119dzie mia\u0142 okazje pozna\u0107 \u017cycie sportowe rejonu wile\u0144skiego, dok\u0142adniej zapozna\u0107 si\u0119 z codziennym \u017cyciem sportowc\u00f3w, trudno\u015bciami i zobaczy\u0107, jak obfitym potem oblany jest ka\u017cdy medal. Mamy nadziej\u0119, \u017ce ta ksi\u0105\u017cka b\u0119dzie ciekawa dla wszystkich, a tak\u017ce samemu bohaterowi \u2013 sportowcu, kt\u00f3ry przypomni i rozpozna sw\u0105 drog\u0119 sportow\u0105. Rodzicom b\u0119dzie przyjemnie przeczyta\u0107 o zwyci\u0119stwach swej c\u00f3rki lub syna na arenach sportowych w kraju i za granic\u0105. Zanotowane fakty s\u0105 ju\u017c histori\u0105, \u201e5 lat\u201d \u2013 swoistego rodzaju sprawozdanie z dzia\u0142alno\u015bci sportowej.<\/p>\n<p>70 fotografii \u2013 to chwile \u017cycia, to zwyci\u0119stwa sportowe, a za tymi chwilami jest ukryta ci\u0119\u017cka praca i d\u0105\u017cenia, a tak\u017ce gorycz pora\u017cek. Jeste\u015bmy przekonani, \u017ce pora\u017cki b\u0119d\u0105 nas omija\u0107.<\/p>\n<p>Wydanie jubileuszowe jest przeznaczone dla szerokiego grona mi\u0142o\u015bnik\u00f3w sportu i czytelnik\u00f3w. To skromny prezent autor\u00f3w z okazji chlubnego jubileuszu wychowankom szko\u0142y sportowej, rodzicom, sponsorom, kibicom i kolegom.<\/p>\n<p style=\"text-align: right;\">\u00a0 \u00a0 \u00a0 \u00a0 \u00a0 \u00a0 \u00a0 \u00a0 \u00a0 \u00a0 \u00a0 \u00a0 \u00a0 \u00a0 \u00a0 \u00a0 \u00a0 \u00a0 \u00a0 \u00a0 \u00a0 \u00a0 \u00a0 \u00a0 \u00a0 \u00a0 \u00a0 \u00a0 \u00a0 \u00a0 \u00a0 \u00a0 \u00a0 \u00a0 \u00a0 \u00a0 \u00a0 \u00a0 \u00a0 \u00a0 \u00a0 \u00a0 \u00a0 \u00a0 \u00a0 \u00a0 \u00a0 <em>\u00a0Dyrektor Szko\u0142y Sportowej Samorz\u0105du Rejonu Wile\u0144skiego Marian Kaczanowski<\/em><br \/>\n<em> Trener Szko\u0142y Sportowej Samorz\u0105du Rejonu Wile\u0144skiego Feliksas Paszkewiczius<\/em><\/p>\n<p>&nbsp;<\/p>\n","protected":false},"excerpt":{"rendered":"<p>Wiele lat jedynie rejon wile\u0144ski w ca\u0142ej republice nie posiada\u0142 \u017cadnej szko\u0142y sportowej. Do 2004 r. dzieci i m\u0142odzie\u017c w Niemenczynie oraz we wsiach nie mieli mo\u017cliwo\u015bci z po\u017cytkiem sp\u0119dzania wolnego czasu. M\u0142ode pokolenie nie mia\u0142o plac\u00f3wki, gdzie mog\u0142oby zorganizowanie realizowa\u0107 swe plany i wykazywa\u0107 swe umiej\u0119tno\u015bci w sporcie. Wiele zdolnych i odwa\u017cnych dziewczynek, utalentowanych [&hellip;]<\/p>\n","protected":false},"author":1,"featured_media":0,"parent":0,"menu_order":0,"comment_status":"closed","ping_status":"closed","template":"","meta":{"footnotes":""},"class_list":["post-785","page","type-page","status-publish","hentry"],"_links":{"self":[{"href":"https:\/\/www.sportomokykla.lt\/index.php?rest_route=\/wp\/v2\/pages\/785","targetHints":{"allow":["GET"]}}],"collection":[{"href":"https:\/\/www.sportomokykla.lt\/index.php?rest_route=\/wp\/v2\/pages"}],"about":[{"href":"https:\/\/www.sportomokykla.lt\/index.php?rest_route=\/wp\/v2\/types\/page"}],"author":[{"embeddable":true,"href":"https:\/\/www.sportomokykla.lt\/index.php?rest_route=\/wp\/v2\/users\/1"}],"replies":[{"embeddable":true,"href":"https:\/\/www.sportomokykla.lt\/index.php?rest_route=%2Fwp%2Fv2%2Fcomments&post=785"}],"version-history":[{"count":8,"href":"https:\/\/www.sportomokykla.lt\/index.php?rest_route=\/wp\/v2\/pages\/785\/revisions"}],"predecessor-version":[{"id":2144,"href":"https:\/\/www.sportomokykla.lt\/index.php?rest_route=\/wp\/v2\/pages\/785\/revisions\/2144"}],"wp:attachment":[{"href":"https:\/\/www.sportomokykla.lt\/index.php?rest_route=%2Fwp%2Fv2%2Fmedia&parent=785"}],"curies":[{"name":"wp","href":"https:\/\/api.w.org\/{rel}","templated":true}]}}