{"id":791,"date":"2017-03-16T16:47:25","date_gmt":"2017-03-16T14:47:25","guid":{"rendered":"http:\/\/www.sportomokykla.lt\/vrssm\/wp\/?page_id=791"},"modified":"2024-01-25T09:10:55","modified_gmt":"2024-01-25T07:10:55","slug":"rada-szkoly","status":"publish","type":"page","link":"https:\/\/www.sportomokykla.lt\/?page_id=791&lang=pl","title":{"rendered":"Rada SzSRWN"},"content":{"rendered":"<p><strong><span style=\"color: #008080;\">Rada szko\u0142y<\/span> \u2013 rodzaj organu szkolnego, kt\u00f3ry jest powo\u0142ywany w celu rozwi\u0105zywania wszelkich wewn\u0119trznych spraw SzSSRW. Rada ta uchwala okre\u015blony statut szkolny na podstawie projektu przygotowanego przez dan\u0105 Rad\u0119 pedagogiczn\u0105, opiniuje oraz przedstawia r\u00f3\u017cnego typu wnioski, kt\u00f3re s\u0105 zwi\u0105zane z prawid\u0142owym funkcjonowaniem SzSSRW. W sk\u0142ad rady szko\u0142y wchodzi co najmniej 6 os\u00f3b wybranych w r\u00f3wnej liczbie\u00a0spo\u015br\u00f3d cz\u0142onk\u00f3w rady pedagogicznej, og\u00f3\u0142u rodzc\u00f3w\u00a0oraz og\u00f3\u0142u uczni\u00f3w. Jej kadencja trwa zwykle 3 lata.<\/strong><\/p>\n<h5><strong><span style=\"color: #008080;\">Rada szko\u0142y i jej kompetencje:<\/span><\/strong><\/h5>\n<ul>\n<li>\n<h5>uchwalenie statutu SzSSRW (kt\u00f3rego projekt opracowuje rada pedagogiczna);<\/h5>\n<\/li>\n<li>\n<h5>wydaje opinie o planie pracy SzSSRW, o projektach innowacji i eksperyment\u00f3w pedagogicznych w szkole;<\/h5>\n<\/li>\n<li>\n<h5>mo\u017ce te\u017c gromadzi\u0107 pieni\u0105dze z dobrowolnych sk\u0142adek i innych \u017ar\u00f3de\u0142 z przeznaczeniem na dzia\u0142alno\u015b\u0107 szko\u0142y okre\u015blon\u0105 w jej statucie.<\/h5>\n<\/li>\n<\/ul>\n<h5><span style=\"color: #008080;\"><strong>Czonkowie Rady SzSRWN:<\/strong><\/span><\/h5>\n<h5><strong><span style=\"color: #666699;\">Przedstawiciele od rodzic\u00f3w:<\/span><\/strong><\/h5>\n<ul>\n<li>\n<h5>Aliona Buchovskien\u0117 &#8211; przewodnicz\u0105ca;<\/h5>\n<\/li>\n<li>\n<h5>Marek Kozlovski;<\/h5>\n<\/li>\n<li>\n<h5>Renata Senkevi\u010d;<\/h5>\n<\/li>\n<\/ul>\n<h5><span style=\"color: #666699;\"><strong>Przedstawiciele od nauczycieli:<\/strong><\/span><\/h5>\n<ul>\n<li>\n<h5>Valdemaras \u0160umskas &#8211; sekretarz;<\/h5>\n<\/li>\n<li>\n<h5>Eduard \u0160pakov;<\/h5>\n<\/li>\n<li>\n<h5>Zbignev Sinkevi\u010d;<\/h5>\n<\/li>\n<\/ul>\n<h5><span style=\"color: #666699;\"><strong>Przedstawiciele od uczni\u00f3w:<\/strong><\/span><\/h5>\n<ul>\n<li>\n<h5>Rafal Boban;<\/h5>\n<\/li>\n<li>\n<h5>Kamila Pozniak;<\/h5>\n<\/li>\n<li>\n<h5>Mila Senkevi\u010d.<\/h5>\n<\/li>\n<\/ul>\n","protected":false},"excerpt":{"rendered":"<p>Rada szko\u0142y \u2013 rodzaj organu szkolnego, kt\u00f3ry jest powo\u0142ywany w celu rozwi\u0105zywania wszelkich wewn\u0119trznych spraw SzSSRW. Rada ta uchwala okre\u015blony statut szkolny na podstawie projektu przygotowanego przez dan\u0105 Rad\u0119 pedagogiczn\u0105, opiniuje oraz przedstawia r\u00f3\u017cnego typu wnioski, kt\u00f3re s\u0105 zwi\u0105zane z prawid\u0142owym funkcjonowaniem SzSSRW. W sk\u0142ad rady szko\u0142y wchodzi co najmniej 6 os\u00f3b wybranych w r\u00f3wnej [&hellip;]<\/p>\n","protected":false},"author":1,"featured_media":0,"parent":0,"menu_order":0,"comment_status":"closed","ping_status":"closed","template":"","meta":{"footnotes":""},"class_list":["post-791","page","type-page","status-publish","hentry"],"_links":{"self":[{"href":"https:\/\/www.sportomokykla.lt\/index.php?rest_route=\/wp\/v2\/pages\/791","targetHints":{"allow":["GET"]}}],"collection":[{"href":"https:\/\/www.sportomokykla.lt\/index.php?rest_route=\/wp\/v2\/pages"}],"about":[{"href":"https:\/\/www.sportomokykla.lt\/index.php?rest_route=\/wp\/v2\/types\/page"}],"author":[{"embeddable":true,"href":"https:\/\/www.sportomokykla.lt\/index.php?rest_route=\/wp\/v2\/users\/1"}],"replies":[{"embeddable":true,"href":"https:\/\/www.sportomokykla.lt\/index.php?rest_route=%2Fwp%2Fv2%2Fcomments&post=791"}],"version-history":[{"count":22,"href":"https:\/\/www.sportomokykla.lt\/index.php?rest_route=\/wp\/v2\/pages\/791\/revisions"}],"predecessor-version":[{"id":15837,"href":"https:\/\/www.sportomokykla.lt\/index.php?rest_route=\/wp\/v2\/pages\/791\/revisions\/15837"}],"wp:attachment":[{"href":"https:\/\/www.sportomokykla.lt\/index.php?rest_route=%2Fwp%2Fv2%2Fmedia&parent=791"}],"curies":[{"name":"wp","href":"https:\/\/api.w.org\/{rel}","templated":true}]}}