{"id":797,"date":"2017-03-16T16:49:25","date_gmt":"2017-03-16T14:49:25","guid":{"rendered":"http:\/\/www.sportomokykla.lt\/vrssm\/wp\/?page_id=797"},"modified":"2023-01-12T17:36:36","modified_gmt":"2023-01-12T15:36:36","slug":"rada-rodzicow","status":"publish","type":"page","link":"https:\/\/www.sportomokykla.lt\/?page_id=797&lang=pl","title":{"rendered":"Rada Rodzic\u00f3w SzSRWN"},"content":{"rendered":"<p><span style=\"color: #666699;\"><strong>Do zada\u0144 i kompetencji Rady Rodzic\u00f3w nale\u017cy:<\/strong><\/span><\/p>\n<ul>\n<li>dzia\u0142anie\u00a0 na\u00a0 rzecz\u00a0 wychowawczej i\u00a0 opieku\u0144czej\u00a0 funkcji szko\u0142y;<\/li>\n<li>pobudzanie i organizowanie\u00a0 r\u00f3\u017cnorodnych form aktywno\u015bci\u00a0 rodzic\u00f3w\u00a0 na rzecz\u00a0 wspomagania\u00a0 realizacji cel\u00f3w i zada\u0144\u00a0 szko\u0142y;<\/li>\n<li>gromadzenie funduszy\u00a0 niezb\u0119dnych do wspierania dzia\u0142alno\u015bci szko\u0142y,\u00a0 a tak\u017ce\u00a0 ustalenie\u00a0 zasad u\u017cytkowania tych funduszy;<\/li>\n<li>uczestniczenie w imprezach i uroczysto\u015bciach organizowanych przez szko\u0142\u0119;<\/li>\n<li>zapewnienie rodzicom rzeczywistego wp\u0142ywu na dzia\u0142alno\u015b\u0107 szko\u0142y.<\/li>\n<\/ul>\n<p><strong><span style=\"color: #666699;\">Sk\u0142ad Rady Rodzic\u00f3w SzSRWN:<\/span><\/strong><\/p>\n<ul>\n<li>\n<h5>Agnesa \u0160idlauskien\u0117 &#8211; przewodnicz\u0105ca;<\/h5>\n<\/li>\n<li>\n<h5>Aliona Buchovskien\u0117 &#8211; sekretarz;<\/h5>\n<\/li>\n<li>\n<h5>Tadeu\u0161 Mincevi\u010d;<\/h5>\n<\/li>\n<li>\n<h5>Lina Urbien\u0117;<\/h5>\n<\/li>\n<li>\n<h5>Vitalij \u017demoit.<\/h5>\n<\/li>\n<\/ul>\n","protected":false},"excerpt":{"rendered":"<p>Do zada\u0144 i kompetencji Rady Rodzic\u00f3w nale\u017cy: dzia\u0142anie\u00a0 na\u00a0 rzecz\u00a0 wychowawczej i\u00a0 opieku\u0144czej\u00a0 funkcji szko\u0142y; pobudzanie i organizowanie\u00a0 r\u00f3\u017cnorodnych form aktywno\u015bci\u00a0 rodzic\u00f3w\u00a0 na rzecz\u00a0 wspomagania\u00a0 realizacji cel\u00f3w i zada\u0144\u00a0 szko\u0142y; gromadzenie funduszy\u00a0 niezb\u0119dnych do wspierania dzia\u0142alno\u015bci szko\u0142y,\u00a0 a tak\u017ce\u00a0 ustalenie\u00a0 zasad u\u017cytkowania tych funduszy; uczestniczenie w imprezach i uroczysto\u015bciach organizowanych przez szko\u0142\u0119; zapewnienie rodzicom rzeczywistego [&hellip;]<\/p>\n","protected":false},"author":1,"featured_media":0,"parent":0,"menu_order":0,"comment_status":"closed","ping_status":"closed","template":"","meta":{"footnotes":""},"class_list":["post-797","page","type-page","status-publish","hentry"],"_links":{"self":[{"href":"https:\/\/www.sportomokykla.lt\/index.php?rest_route=\/wp\/v2\/pages\/797","targetHints":{"allow":["GET"]}}],"collection":[{"href":"https:\/\/www.sportomokykla.lt\/index.php?rest_route=\/wp\/v2\/pages"}],"about":[{"href":"https:\/\/www.sportomokykla.lt\/index.php?rest_route=\/wp\/v2\/types\/page"}],"author":[{"embeddable":true,"href":"https:\/\/www.sportomokykla.lt\/index.php?rest_route=\/wp\/v2\/users\/1"}],"replies":[{"embeddable":true,"href":"https:\/\/www.sportomokykla.lt\/index.php?rest_route=%2Fwp%2Fv2%2Fcomments&post=797"}],"version-history":[{"count":17,"href":"https:\/\/www.sportomokykla.lt\/index.php?rest_route=\/wp\/v2\/pages\/797\/revisions"}],"predecessor-version":[{"id":14426,"href":"https:\/\/www.sportomokykla.lt\/index.php?rest_route=\/wp\/v2\/pages\/797\/revisions\/14426"}],"wp:attachment":[{"href":"https:\/\/www.sportomokykla.lt\/index.php?rest_route=%2Fwp%2Fv2%2Fmedia&parent=797"}],"curies":[{"name":"wp","href":"https:\/\/api.w.org\/{rel}","templated":true}]}}