{"id":801,"date":"2017-03-16T16:51:16","date_gmt":"2017-03-16T14:51:16","guid":{"rendered":"http:\/\/www.sportomokykla.lt\/vrssm\/wp\/?page_id=801"},"modified":"2024-01-25T14:13:29","modified_gmt":"2024-01-25T12:13:29","slug":"rada-pedagogiczna","status":"publish","type":"page","link":"https:\/\/www.sportomokykla.lt\/?page_id=801&lang=pl","title":{"rendered":"Rada Nauczycieli SzSRWN"},"content":{"rendered":"<p><span style=\"color: #008080;\"><strong>Sk\u0142ad Rady Nauczycieli SzSRWN:<\/strong><\/span><\/p>\n<ul>\n<li>\n<h5><strong>Paketur Edita &#8211; przewodnicz\u0105ca;<\/strong><\/h5>\n<\/li>\n<li>\n<h5><strong>\u0160umskas Valdemaras &#8211; sekretarz;<\/strong><\/h5>\n<\/li>\n<li>\n<h5><strong>Aleksandrov Radoslav;<\/strong><\/h5>\n<\/li>\n<li>\n<h5><strong>Le\u0161\u010devski Miroslav;<\/strong><\/h5>\n<\/li>\n<li>\n<h5><strong>Dainarovi\u010d Pavel;<\/strong><\/h5>\n<\/li>\n<li>\n<h5><strong>Fadejev Valerij;<\/strong><\/h5>\n<\/li>\n<li>\n<h5><strong>Gra\u017eys Vytautas;<\/strong><\/h5>\n<\/li>\n<li>\n<h5><strong>Ilkevi\u010dius Nikolajus;<\/strong><\/h5>\n<\/li>\n<li>\n<h5><strong>Ka\u010danovski Marijan;<\/strong><\/h5>\n<\/li>\n<li>\n<h5><strong>Kudulis Albertas;<\/strong><\/h5>\n<\/li>\n<li>\n<h5><strong>Lavrinovi\u010d Alina;<\/strong><\/h5>\n<\/li>\n<li>\n<h5>Lepiochin Arnold;<\/h5>\n<\/li>\n<li>\n<h5><strong>Manatov Kamil;<\/strong><\/h5>\n<\/li>\n<li>\n<h5>Mastianica Artur;<\/h5>\n<\/li>\n<li>\n<h5><strong>Pavtel Violeta;<\/strong><\/h5>\n<\/li>\n<li>\n<h5><strong>Pocej \u010ceslav;<\/strong><\/h5>\n<\/li>\n<li>\n<h5><strong>Sinkevi\u010d Zbignev;<\/strong><\/h5>\n<\/li>\n<li>\n<h5>Stankevi\u010dius Viktoras;<\/h5>\n<\/li>\n<li>\n<h5><strong>\u0160pakov Eduard;<\/strong><\/h5>\n<\/li>\n<li>\n<h5><strong>Starenko Vitalijus;<\/strong><\/h5>\n<\/li>\n<li>\n<h5><strong>Vaitonis Markas;<\/strong><\/h5>\n<\/li>\n<li>\n<h5><strong>Vilipas Vytautas.<\/strong><\/h5>\n<\/li>\n<\/ul>\n","protected":false},"excerpt":{"rendered":"<p>Sk\u0142ad Rady Nauczycieli SzSRWN: Paketur Edita &#8211; przewodnicz\u0105ca; \u0160umskas Valdemaras &#8211; sekretarz; Aleksandrov Radoslav; Le\u0161\u010devski Miroslav; Dainarovi\u010d Pavel; Fadejev Valerij; Gra\u017eys Vytautas; Ilkevi\u010dius Nikolajus; Ka\u010danovski Marijan; Kudulis Albertas; Lavrinovi\u010d Alina; Lepiochin Arnold; Manatov Kamil; Mastianica Artur; Pavtel Violeta; Pocej \u010ceslav; Sinkevi\u010d Zbignev; Stankevi\u010dius Viktoras; \u0160pakov Eduard; Starenko Vitalijus; Vaitonis Markas; Vilipas Vytautas.<\/p>\n","protected":false},"author":1,"featured_media":0,"parent":0,"menu_order":0,"comment_status":"closed","ping_status":"closed","template":"","meta":{"footnotes":""},"class_list":["post-801","page","type-page","status-publish","hentry"],"_links":{"self":[{"href":"https:\/\/www.sportomokykla.lt\/index.php?rest_route=\/wp\/v2\/pages\/801","targetHints":{"allow":["GET"]}}],"collection":[{"href":"https:\/\/www.sportomokykla.lt\/index.php?rest_route=\/wp\/v2\/pages"}],"about":[{"href":"https:\/\/www.sportomokykla.lt\/index.php?rest_route=\/wp\/v2\/types\/page"}],"author":[{"embeddable":true,"href":"https:\/\/www.sportomokykla.lt\/index.php?rest_route=\/wp\/v2\/users\/1"}],"replies":[{"embeddable":true,"href":"https:\/\/www.sportomokykla.lt\/index.php?rest_route=%2Fwp%2Fv2%2Fcomments&post=801"}],"version-history":[{"count":20,"href":"https:\/\/www.sportomokykla.lt\/index.php?rest_route=\/wp\/v2\/pages\/801\/revisions"}],"predecessor-version":[{"id":15844,"href":"https:\/\/www.sportomokykla.lt\/index.php?rest_route=\/wp\/v2\/pages\/801\/revisions\/15844"}],"wp:attachment":[{"href":"https:\/\/www.sportomokykla.lt\/index.php?rest_route=%2Fwp%2Fv2%2Fmedia&parent=801"}],"curies":[{"name":"wp","href":"https:\/\/api.w.org\/{rel}","templated":true}]}}