{"id":809,"date":"2017-03-16T17:30:45","date_gmt":"2017-03-16T15:30:45","guid":{"rendered":"http:\/\/www.sportomokykla.lt\/vrssm\/wp\/?page_id=809"},"modified":"2025-09-14T03:04:22","modified_gmt":"2025-09-14T00:04:22","slug":"viesieji-pirkimai","status":"publish","type":"page","link":"https:\/\/www.sportomokykla.lt\/?page_id=809&lang=lt","title":{"rendered":"Vie\u0161ieji pirkimai"},"content":{"rendered":"\n<p class=\"has-text-align-center\"><strong><mark style=\"background-color:rgba(0, 0, 0, 0)\" class=\"has-inline-color has-primary-color\">CVP IS<\/mark><\/strong> \u2013 Centrin\u0117 vie\u0161\u0173j\u0173 pirkim\u0173 informacin\u0117 sistema, kuri\u0105 administruoja Vie\u0161\u0173j\u0173 pirkim\u0173 tarnyba (VPT). \u0160ioje sistemoje privaloma skelbti planuojamus vykdyti vie\u0161uosius pirkimus, technini\u0173 specifikacij\u0173 projektus, vykdyti tiek\u0117j\u0173 konkursus, skelbti rezultatus ir kit\u0105 informacij\u0105, susijusi\u0105 su vie\u0161\u0173j\u0173 pirkim\u0173 proced\u016br\u0173 vykdymu.<\/p>\n\n\n\n<div style=\"height:23px\" aria-hidden=\"true\" class=\"wp-block-spacer\"><\/div>\n\n\n\n<h4 class=\"wp-block-heading has-text-align-center\" style=\"font-size:16px\"><strong><a href=\"https:\/\/vpt.lrv.lt\/lt\/cvp-is\">VIE\u0160\u0172J\u0172 PIRKIM\u0172 TARNYBA <\/a><a href=\"https:\/\/vpt.lrv.lt\/lt\/cvp-is\">\/<\/a><a href=\"https:\/\/vpt.lrv.lt\/lt\/cvp-is\"> CVP IS<\/a><\/strong><\/h4>\n\n\n\n<h4 class=\"wp-block-heading has-text-align-center\" style=\"font-size:16px\"><a href=\"https:\/\/klausk.vpt.lt\/hc\/lt\/sections\/360004610820-CVP-IS-naudojimo-instrukcijos-Pirkim%C5%B3-vykdytojams-\"><strong>CVP IS NAUDOJIMO INSTRUKCIJOS (PIRKIM\u0172 VYKDYTOJAMS)<\/strong><\/a><\/h4>\n\n\n\n<h4 class=\"wp-block-heading has-text-align-center\" style=\"font-size:16px\"><span style=\"color: #008080;\"><a style=\"color: #008080;\" href=\"http:\/\/www.sportomokykla.lt\/vrssm\/wp\/wp-content\/uploads\/2019\/10\/AR_2019-06-11-VIE\u0160\u0172J\u0172-PIRKIM\u0172-\u012eSTATYMAS.pdf\">VIE\u0160\u0172J\u0172 PIRKIM\u0172 \u012eSTATYMAS<\/a><\/span><\/h4>\n\n\n\n<h4 class=\"wp-block-heading has-text-align-center\" style=\"font-size:16px\"><span style=\"color: #008080;\"><strong><a style=\"color: #008080;\" href=\"http:\/\/www.sportomokykla.lt\/vrssm\/wp\/wp-content\/uploads\/2019\/10\/MA\u017dOS-VERT\u0116S-PIRKIM\u0172-TVARKOS-APRA\u0160AS.pdf\">MA\u017dOS VERT\u0116S PIRKIM\u0172 TVARKOS&nbsp;<\/a><\/strong><\/span><span style=\"color: #008080;\"><u>APRA\u0160AS<\/u><\/span><\/h4>\n\n\n\n<h4 class=\"wp-block-heading has-text-align-center\" style=\"font-size:16px\"><span style=\"color: #008080;\"><a style=\"color: #008080;\" href=\"http:\/\/www.sportomokykla.lt\/vrssm\/wp\/wp-content\/uploads\/2017\/03\/VRSSM-VIE\u0160\u0172J\u0172-PIRKIM\u0172-TAISYKL\u0116S-1.pdf\">VRNSM VIE\u0160\u0172J\u0172 PIRKIM\u0172 TAISYKL\u0116S<\/a><\/span><\/h4>\n\n\n\n<p class=\"has-text-align-left has-primary-color has-text-color has-link-color wp-elements-14f7935bba6cd1a16e39ff3923051f64\" style=\"font-size:16px;font-style:normal;font-weight:500\">&nbsp;<\/p>\n\n\n\n<p class=\"has-primary-color has-text-color has-link-color wp-elements-f2e8f14e219ded8ee93caf0e1ecfdd58\" style=\"font-size:16px;font-style:normal;font-weight:500\"><a href=\"https:\/\/www.sportomokykla.lt\/vrssm\/wp\/wp-content\/uploads\/2022\/08\/2019-m.-VRSSM-viesojo-pirkimo-sutarciu-pirkimo-sutarciu-ir-vidaus-sandoriu-ataskaita.pdf\">2019 m. VRSSM vie\u0161ojo pirkimo sutar\u010di\u0173, pirkimo sutar\u010dio ir vidaus sandori\u0173 ataskaita<\/a><\/p>\n\n\n\n<p class=\"has-primary-color has-text-color has-link-color wp-elements-0139840435cbc9a9ab30f0698e5a70ab\" style=\"font-size:16px;font-style:normal;font-weight:500\"><a href=\"https:\/\/www.sportomokykla.lt\/vrssm\/wp\/wp-content\/uploads\/2022\/08\/2020-m.-VRSSM-viesojo-pirkimo-sutarciu-pirkimo-sutarciu-ir-vidaus-sandoriu-ataskaita.pdf\">2020 m. VRSSM vie\u0161ojo pirkimo sutar\u010di\u0173, pirkimo sutar\u010di\u0173 ir vidaus sandori\u0173 ataskaita<\/a><\/p>\n\n\n\n<p class=\"has-primary-color has-text-color has-link-color wp-elements-044a57889cf71d97a2472fcaac8f30df\" style=\"font-size:16px;font-style:normal;font-weight:500\"><a href=\"https:\/\/www.sportomokykla.lt\/vrssm\/wp\/wp-content\/uploads\/2022\/08\/2022-m.-VRSSM-viesojo-pirkimo-sutarciu-pirkimo-sutarciu-ir-vidaus-sandoriu-ataskaita.pdf\">2021 m. VRSSM vie\u0161ojo pirkimo sutar\u010di\u0173, pirkimo sutar\u010di\u0173 ir vidaus sandori\u0173 ataskaita<\/a><\/p>\n\n\n\n<p class=\"has-primary-color has-text-color has-link-color wp-elements-a9d89088ae8ccaf84f248e50bbdb58b1\" style=\"font-size:16px;font-style:normal;font-weight:500\"><a href=\"https:\/\/www.sportomokykla.lt\/vrssm\/wp\/wp-content\/uploads\/2024\/01\/2022-m.-VRNSM-viesojo-pirkimo-sutarciu-pirkimo-sutarciu-ir-vidaus-sandoriu-ataskaita.pdf\">2022 m. VRNSM vie\u0161ojo pirkimo sutar\u010di\u0173, pirkimo sutar\u010di\u0173 ir vidaus sandori\u0173 ataskaita<\/a><\/p>\n\n\n\n<p class=\"has-primary-color has-text-color has-link-color wp-elements-458e9b6962c493ad08e868dab2e1ecff\" style=\"font-size:16px;font-style:normal;font-weight:500\"><a href=\"https:\/\/www.sportomokykla.lt\/vrssm\/wp\/wp-content\/uploads\/2024\/04\/doc00128620240410170609.pdf\">2023 m. VRNSM vie\u0161ojo pirkimo sutar\u010di\u0173, pirkimo sutar\u010di\u0173 ir vidaus sandori\u0173 ataskaita<\/a><\/p>\n\n\n\n<p class=\"has-primary-color has-text-color has-link-color wp-elements-09d5afebd82917e46d3629d202200057\" style=\"font-size:16px;font-style:normal;font-weight:500\"><a href=\"https:\/\/www.sportomokykla.lt\/vrssm\/wp\/wp-content\/uploads\/2024\/01\/2024-m.-viesuju-pirkimu-planas.pdf\">2024 m. vie\u0161\u0173j\u0173 pirkim\u0173 planas<\/a><\/p>\n\n\n\n<p class=\"has-primary-color has-text-color has-link-color wp-elements-fc7212382b8e5cf75ffcf273bf2f9aeb\" style=\"font-size:16px;font-style:normal;font-weight:500\"><a href=\"https:\/\/www.sportomokykla.lt\/vrssm\/wp\/wp-content\/uploads\/2025\/02\/2025-m.-viesuju-pirkimu-planas.pdf\">2025 m. vie\u0161\u0173j\u0173 pirkim\u0173 planas<\/a><\/p>\n","protected":false},"excerpt":{"rendered":"<p>CVP IS \u2013 Centrin\u0117 vie\u0161\u0173j\u0173 pirkim\u0173 informacin\u0117 sistema, kuri\u0105 administruoja Vie\u0161\u0173j\u0173 pirkim\u0173 tarnyba (VPT). \u0160ioje sistemoje privaloma skelbti planuojamus vykdyti vie\u0161uosius pirkimus, technini\u0173 specifikacij\u0173 projektus, vykdyti tiek\u0117j\u0173 konkursus, skelbti rezultatus ir kit\u0105 informacij\u0105, susijusi\u0105 su vie\u0161\u0173j\u0173 pirkim\u0173 proced\u016br\u0173 vykdymu. VIE\u0160\u0172J\u0172 PIRKIM\u0172 TARNYBA \/ CVP IS CVP IS NAUDOJIMO INSTRUKCIJOS (PIRKIM\u0172 VYKDYTOJAMS) VIE\u0160\u0172J\u0172 PIRKIM\u0172 \u012eSTATYMAS MA\u017dOS [&hellip;]<\/p>\n","protected":false},"author":1,"featured_media":0,"parent":0,"menu_order":0,"comment_status":"closed","ping_status":"closed","template":"","meta":{"footnotes":""},"class_list":["post-809","page","type-page","status-publish","hentry"],"_links":{"self":[{"href":"https:\/\/www.sportomokykla.lt\/index.php?rest_route=\/wp\/v2\/pages\/809","targetHints":{"allow":["GET"]}}],"collection":[{"href":"https:\/\/www.sportomokykla.lt\/index.php?rest_route=\/wp\/v2\/pages"}],"about":[{"href":"https:\/\/www.sportomokykla.lt\/index.php?rest_route=\/wp\/v2\/types\/page"}],"author":[{"embeddable":true,"href":"https:\/\/www.sportomokykla.lt\/index.php?rest_route=\/wp\/v2\/users\/1"}],"replies":[{"embeddable":true,"href":"https:\/\/www.sportomokykla.lt\/index.php?rest_route=%2Fwp%2Fv2%2Fcomments&post=809"}],"version-history":[{"count":43,"href":"https:\/\/www.sportomokykla.lt\/index.php?rest_route=\/wp\/v2\/pages\/809\/revisions"}],"predecessor-version":[{"id":19211,"href":"https:\/\/www.sportomokykla.lt\/index.php?rest_route=\/wp\/v2\/pages\/809\/revisions\/19211"}],"wp:attachment":[{"href":"https:\/\/www.sportomokykla.lt\/index.php?rest_route=%2Fwp%2Fv2%2Fmedia&parent=809"}],"curies":[{"name":"wp","href":"https:\/\/api.w.org\/{rel}","templated":true}]}}