{"id":820,"date":"2017-03-16T17:53:29","date_gmt":"2017-03-16T15:53:29","guid":{"rendered":"http:\/\/www.sportomokykla.lt\/vrssm\/wp\/?page_id=820"},"modified":"2025-09-14T02:08:55","modified_gmt":"2025-09-13T23:08:55","slug":"turizmo-renginiu-organizavimas","status":"publish","type":"page","link":"https:\/\/www.sportomokykla.lt\/?page_id=820&lang=lt","title":{"rendered":"Turizmo rengini\u0173 organizavimas"},"content":{"rendered":"\n<p class=\"has-text-align-center has-primary-color has-text-color has-link-color wp-elements-9f49fd0416a2424a74647a5391510194\" style=\"font-size:16px;font-style:normal;font-weight:500\"><a href=\"http:\/\/www.sportomokykla.lt\/vrssm\/wp\/wp-content\/uploads\/2017\/03\/VRSSM-MOKINI\u0172-TURIZMO-RENGINI\u0172-ORGANIZAVIMO-IR-MOKINI\u0172-LYD\u0116JIMO-\u012e-RENGINIUS-APRA\u0160AS.pdf\">VRSSM MOKINI\u0172 TURIZMO RENGINI\u0172 ORGANIZAVIMO IR MOKINI\u0172 LYD\u0116JIMO \u012e RENGINIUS APRA\u0160AS<\/a><\/p>\n","protected":false},"excerpt":{"rendered":"<p>VRSSM MOKINI\u0172 TURIZMO RENGINI\u0172 ORGANIZAVIMO IR MOKINI\u0172 LYD\u0116JIMO \u012e RENGINIUS APRA\u0160AS<\/p>\n","protected":false},"author":1,"featured_media":0,"parent":0,"menu_order":0,"comment_status":"closed","ping_status":"closed","template":"","meta":{"footnotes":""},"class_list":["post-820","page","type-page","status-publish","hentry"],"_links":{"self":[{"href":"https:\/\/www.sportomokykla.lt\/index.php?rest_route=\/wp\/v2\/pages\/820","targetHints":{"allow":["GET"]}}],"collection":[{"href":"https:\/\/www.sportomokykla.lt\/index.php?rest_route=\/wp\/v2\/pages"}],"about":[{"href":"https:\/\/www.sportomokykla.lt\/index.php?rest_route=\/wp\/v2\/types\/page"}],"author":[{"embeddable":true,"href":"https:\/\/www.sportomokykla.lt\/index.php?rest_route=\/wp\/v2\/users\/1"}],"replies":[{"embeddable":true,"href":"https:\/\/www.sportomokykla.lt\/index.php?rest_route=%2Fwp%2Fv2%2Fcomments&post=820"}],"version-history":[{"count":8,"href":"https:\/\/www.sportomokykla.lt\/index.php?rest_route=\/wp\/v2\/pages\/820\/revisions"}],"predecessor-version":[{"id":19184,"href":"https:\/\/www.sportomokykla.lt\/index.php?rest_route=\/wp\/v2\/pages\/820\/revisions\/19184"}],"wp:attachment":[{"href":"https:\/\/www.sportomokykla.lt\/index.php?rest_route=%2Fwp%2Fv2%2Fmedia&parent=820"}],"curies":[{"name":"wp","href":"https:\/\/api.w.org\/{rel}","templated":true}]}}