{"id":822,"date":"2017-03-16T17:53:56","date_gmt":"2017-03-16T15:53:56","guid":{"rendered":"http:\/\/www.sportomokykla.lt\/vrssm\/wp\/?page_id=822"},"modified":"2018-01-04T13:34:18","modified_gmt":"2018-01-04T11:34:18","slug":"organizacja-imprez-turystycznych","status":"publish","type":"page","link":"https:\/\/www.sportomokykla.lt\/?page_id=822&lang=pl","title":{"rendered":"Organizacja imprez turystycznych"},"content":{"rendered":"<p style=\"text-align: center;\"><span style=\"color: #666699;\"><strong><a style=\"color: #666699;\" href=\"http:\/\/www.sportomokykla.lt\/vrssm\/wp\/wp-content\/uploads\/2017\/03\/VRSSM-MOKINI\u0172-TURIZMO-RENGINI\u0172-ORGANIZAVIMO-IR-MOKINI\u0172-LYD\u0116JIMO-\u012e-RENGINIUS-APRA\u0160AS-1.pdf\">OPIS ORGANIZACJI IMPREZ TURYSTYCZNYCH SzSSRW<\/a><\/strong><\/span><\/p>\n","protected":false},"excerpt":{"rendered":"<p>OPIS ORGANIZACJI IMPREZ TURYSTYCZNYCH SzSSRW<\/p>\n","protected":false},"author":1,"featured_media":0,"parent":0,"menu_order":0,"comment_status":"closed","ping_status":"closed","template":"","meta":{"footnotes":""},"class_list":["post-822","page","type-page","status-publish","hentry"],"_links":{"self":[{"href":"https:\/\/www.sportomokykla.lt\/index.php?rest_route=\/wp\/v2\/pages\/822","targetHints":{"allow":["GET"]}}],"collection":[{"href":"https:\/\/www.sportomokykla.lt\/index.php?rest_route=\/wp\/v2\/pages"}],"about":[{"href":"https:\/\/www.sportomokykla.lt\/index.php?rest_route=\/wp\/v2\/types\/page"}],"author":[{"embeddable":true,"href":"https:\/\/www.sportomokykla.lt\/index.php?rest_route=\/wp\/v2\/users\/1"}],"replies":[{"embeddable":true,"href":"https:\/\/www.sportomokykla.lt\/index.php?rest_route=%2Fwp%2Fv2%2Fcomments&post=822"}],"version-history":[{"count":5,"href":"https:\/\/www.sportomokykla.lt\/index.php?rest_route=\/wp\/v2\/pages\/822\/revisions"}],"predecessor-version":[{"id":1311,"href":"https:\/\/www.sportomokykla.lt\/index.php?rest_route=\/wp\/v2\/pages\/822\/revisions\/1311"}],"wp:attachment":[{"href":"https:\/\/www.sportomokykla.lt\/index.php?rest_route=%2Fwp%2Fv2%2Fmedia&parent=822"}],"curies":[{"name":"wp","href":"https:\/\/api.w.org\/{rel}","templated":true}]}}