{"id":8928,"date":"2020-02-20T16:56:46","date_gmt":"2020-02-20T14:56:46","guid":{"rendered":"http:\/\/www.sportomokykla.lt\/?page_id=8928"},"modified":"2026-04-28T18:10:54","modified_gmt":"2026-04-28T15:10:54","slug":"asmens-duomenu-apsauga","status":"publish","type":"page","link":"https:\/\/www.sportomokykla.lt\/?page_id=8928&lang=lt","title":{"rendered":"Asmens duomen\u0173 apsauga"},"content":{"rendered":"\n<p class=\"has-text-align-center\" style=\"font-size:18px;font-style:normal;font-weight:500\"><span style=\"color: #800000;\">Vilniaus r. Nemen\u010din\u0117s sporto mokyklos Duomen\u0173 apsaugos pareig\u016bnas<\/span><\/p>\n\n\n\n<p style=\"font-size:16px\">\u012egyvendinant Bendrojo duomen\u0173 apsaugos reglamento reikalavimus Vilniaus r. Nemen\u010din\u0117s sporto mokyklos Duomen\u0173 apsaugos pareig\u016bnu paskirtas\u00a0informatikas\/in\u017einierius <strong>Dariu\u0161 Olechnovi\u010d<\/strong><\/p>\n\n\n\n<p>Duomen\u0173 apsaugos pareig\u016bnas vykdo u\u017eduotis, vadovaudamasis 2016 m. baland\u017eio 27 d. Europos Parlamento ir Tarybos reglamento (ES) Nr. 2016\/679 d\u0117l fizini\u0173 asmen\u0173 apsaugos tvarkant asmens duomenis ir d\u0117l laisvo toki\u0173 duomen\u0173 jud\u0117jimo ir kuriuo panaikinama Direktyva 95\/46\/EB (Bendrasis duomen\u0173 apsaugos reglamentas) 39 straipsniu.<\/p>\n\n\n\n<p>Duomen\u0173 apsaugos pareig\u016bnas, vykdydamas savo u\u017eduotis, tinkamai \u012fvertina mokykloje su duomen\u0173 tvarkymo operacijomis susijus\u012f pavoj\u0173, atsi\u017evelgdamas \u012f duomen\u0173 tvarkymo pob\u016bd\u012f, apr\u0117pt\u012f, kontekst\u0105 ir tikslus.<\/p>\n\n\n\n<p>Asmenys (duomen\u0173 subjektai) visais klausimais, susijusiais su j\u0173 asmens duomen\u0173 tvarkymu ir naudojimusi savo teis\u0117mis pagal Bendr\u0105j\u012f duomen\u0173 apsaugos reglament\u0105, gali kreiptis \u012f Vilniaus r. Nemen\u010din\u0117s sporto mokyklos duomen\u0173 apsaugos pareig\u016bn\u0105 \u2013 informatikas\/in\u017einierus <strong>Dariu\u0161 Olechnovi\u010d<\/strong>:<\/p>\n\n\n\n<p style=\"font-size:16px;font-style:normal;font-weight:500\"><span style=\"color: #800000;\">Kontaktiniai duomenys:<\/span><\/p>\n\n\n\n<ul class=\"wp-block-list\">\n<li>adresas: Kalno g. 16B, Nemen\u010din\u0117, Vilniaus r.;<\/li>\n\n\n\n<li>tel.: (8 5) 2371439;<\/li>\n\n\n\n<li><mark style=\"background-color:rgba(0, 0, 0, 0)\" class=\"has-inline-color has-black-color\">el. p.:<\/mark><mark style=\"background-color:rgba(0, 0, 0, 0);color:#1307e3\" class=\"has-inline-color\"> duomenu.apsauga<span style=\"color: #0000ff;\">@sportomokykla.lt<\/span><\/mark><\/li>\n<\/ul>\n\n\n\n<p style=\"font-size:16px;font-style:normal;font-weight:500\"><span style=\"color: #800000;\">Sutikimas d\u0117l mokini\u0173 duomen\u0173 naudojimo:  <\/span><\/p>\n\n\n\n<p class=\"has-primary-color has-text-color has-link-color wp-elements-e6b887bd6281442cec918d68d57b5d66\" style=\"font-size:16px;font-style:normal;font-weight:500\"><a href=\"https:\/\/www.sportomokykla.lt\/vrssm\/wp\/wp-content\/uploads\/2023\/05\/Mokiniu-sutikimas-duomenu-apsauga-1.pdf\">PAVYZDYS<\/a><\/p>\n\n\n\n<p style=\"font-style:normal;font-weight:500\"><span style=\"color: #800000;\">Naudingos nuorodos:<\/span><\/p>\n\n\n\n<ul class=\"wp-block-list\">\n<li class=\"has-primary-color has-text-color has-link-color wp-elements-61d2c9593c9c5fb38b2ca417a266a1c4\" style=\"font-size:16px\"><span style=\"color: #0000ff;\"><a style=\"color: #0000ff;\" href=\"https:\/\/eur-lex.europa.eu\/legal-content\/LT\/TXT\/PDF\/?uri=CELEX:32016R0679&amp;from=LT\" target=\"_blank\" rel=\"noopener noreferrer\">2016 m. baland\u017eio 27 d. Europos Parlamento ir Tarybos reglamento (ES) 2016\/679 d\u0117l fizini\u0173 asmen\u0173 apsaugos tvarkant asmens duomenis ir d\u0117l laisvo toki\u0173 duomen\u0173 jud\u0117jimo ir kuriuo panaikinama Direktyva 95\/46\/EB<\/a><\/span><\/li>\n\n\n\n<li class=\"has-primary-color has-text-color has-link-color wp-elements-0d7d3033190d5de9acd4eb7e88c06898\" style=\"font-size:16px\"><span style=\"color: #0000ff;\"><a style=\"color: #0000ff;\" rel=\"noopener noreferrer\" href=\"https:\/\/www.e-tar.lt\/portal\/lt\/legalActEditions\/TAR.5368B592234C?faces-redirect=true\" target=\"_blank\">Lietuvos Respublikos asmens duomen\u0173 teisin\u0117s apsaugos \u012fstatymas<\/a><\/span><\/li>\n<\/ul>\n\n\n\n<p class=\"has-primary-color has-text-color has-link-color wp-elements-969b544fafeea42533a801285cc9bf59\" style=\"font-size:16px;font-style:normal;font-weight:500\"><a href=\"https:\/\/www.sportomokykla.lt\/vrssm\/wp\/wp-content\/uploads\/2024\/01\/Asmens-duomenu-tvarkymo-taisykles-2024-m.pdf\">ASMENS DUOMEN\u0172 TVARKYMO TAISYKL\u0116S<\/a><\/p>\n\n\n\n<p class=\"has-primary-color has-text-color has-link-color wp-elements-d0acebab42e232c447050cab757aea2e\" style=\"font-size:16px;font-style:normal;font-weight:500\"><a href=\"https:\/\/www.sportomokykla.lt\/vrssm\/wp\/wp-content\/uploads\/2024\/01\/Vaizdo-duomenu-tvarkymo-taisykles_1.pdf\">Vaizdo duomen\u0173 tvarkymo taisykl\u0117s<\/a><\/p>\n\n\n\n<p class=\"has-primary-color has-text-color has-link-color wp-elements-602234063859c596c50c102897da477d\" style=\"font-size:16px;font-style:normal;font-weight:500\"><a href=\"https:\/\/www.sportomokykla.lt\/vrssm\/wp\/wp-content\/uploads\/2024\/08\/Privatumo-politika-nuo-2024-08-20.pdf\">Privatumo politika<\/a><\/p>\n\n\n\n<p class=\"has-primary-color has-text-color has-link-color wp-elements-b2c2ec3b0e4a450b3ef0588ad447d2e0\" style=\"font-size:16px;font-style:normal;font-weight:500\"><a href=\"https:\/\/www.sportomokykla.lt\/vrssm\/wp\/wp-content\/uploads\/2024\/01\/Duomenu-subjektu-teisiu-igyvendinimo-tvarka.pdf\">Duomen\u0173 subjektu teisiu \u012fgyvendinimo tvarka<\/a><\/p>\n\n\n\n<p class=\"has-primary-color has-text-color has-link-color wp-elements-35102484d28f029b57655632b4703e58\" style=\"font-size:16px;font-style:normal;font-weight:500\"><a href=\"https:\/\/www.sportomokykla.lt\/vrssm\/wp\/wp-content\/uploads\/2024\/08\/Isakymas.pdf\">Isakymas d\u0117l duomen\u0173 apsaugos pareiguno paskyrimo<\/a><\/p>\n\n\n\n<div class=\"wp-block-file\"><a id=\"wp-block-file--media-50621f07-5b04-42c6-9d8d-ce684c5cead8\"><br><\/a><\/div>\n","protected":false},"excerpt":{"rendered":"<p>Vilniaus r. Nemen\u010din\u0117s sporto mokyklos Duomen\u0173 apsaugos pareig\u016bnas \u012egyvendinant Bendrojo duomen\u0173 apsaugos reglamento reikalavimus Vilniaus r. Nemen\u010din\u0117s sporto mokyklos Duomen\u0173 apsaugos pareig\u016bnu paskirtas\u00a0informatikas\/in\u017einierius Dariu\u0161 Olechnovi\u010d Duomen\u0173 apsaugos pareig\u016bnas vykdo u\u017eduotis, vadovaudamasis 2016 m. baland\u017eio 27 d. Europos Parlamento ir Tarybos reglamento (ES) Nr. 2016\/679 d\u0117l fizini\u0173 asmen\u0173 apsaugos tvarkant asmens duomenis ir d\u0117l laisvo toki\u0173 [&hellip;]<\/p>\n","protected":false},"author":1,"featured_media":0,"parent":0,"menu_order":0,"comment_status":"closed","ping_status":"closed","template":"","meta":{"footnotes":""},"class_list":["post-8928","page","type-page","status-publish","hentry"],"_links":{"self":[{"href":"https:\/\/www.sportomokykla.lt\/index.php?rest_route=\/wp\/v2\/pages\/8928","targetHints":{"allow":["GET"]}}],"collection":[{"href":"https:\/\/www.sportomokykla.lt\/index.php?rest_route=\/wp\/v2\/pages"}],"about":[{"href":"https:\/\/www.sportomokykla.lt\/index.php?rest_route=\/wp\/v2\/types\/page"}],"author":[{"embeddable":true,"href":"https:\/\/www.sportomokykla.lt\/index.php?rest_route=\/wp\/v2\/users\/1"}],"replies":[{"embeddable":true,"href":"https:\/\/www.sportomokykla.lt\/index.php?rest_route=%2Fwp%2Fv2%2Fcomments&post=8928"}],"version-history":[{"count":44,"href":"https:\/\/www.sportomokykla.lt\/index.php?rest_route=\/wp\/v2\/pages\/8928\/revisions"}],"predecessor-version":[{"id":19783,"href":"https:\/\/www.sportomokykla.lt\/index.php?rest_route=\/wp\/v2\/pages\/8928\/revisions\/19783"}],"wp:attachment":[{"href":"https:\/\/www.sportomokykla.lt\/index.php?rest_route=%2Fwp%2Fv2%2Fmedia&parent=8928"}],"curies":[{"name":"wp","href":"https:\/\/api.w.org\/{rel}","templated":true}]}}