{"id":9017,"date":"2020-03-18T20:56:13","date_gmt":"2020-03-18T18:56:13","guid":{"rendered":"http:\/\/www.sportomokykla.lt\/?page_id=9017"},"modified":"2025-09-14T01:58:43","modified_gmt":"2025-09-13T22:58:43","slug":"korupcijos-prevencija","status":"publish","type":"page","link":"https:\/\/www.sportomokykla.lt\/?page_id=9017&lang=lt","title":{"rendered":"Korupcijos prevencija"},"content":{"rendered":"\n<p class=\"has-body-color has-text-color has-link-color wp-elements-9538db9302d34318557d4694231ff9ba\" style=\"font-size:16px\"><mark style=\"background-color:rgba(0, 0, 0, 0)\" class=\"has-inline-color has-primary-color\"><strong>Korupcijos prevencijos tikslas<\/strong> <\/mark>\u2013 siekti, kad valstyb\u0117s ir savivaldybi\u0173 \u012fstaig\u0173 veikla b\u016bt\u0173 ne\u0161ali\u0161ka ir skaidri.<\/p>\n\n\n\n<p style=\"font-size:16px\">Pasaulin\u0117 patirtis atskleid\u017eia, kad sutelkus pastangas b\u016btent \u012f korupcijos prie\u017eastis ir s\u0105lygas korupcijai atsirasti, kryptingai \u0161alinant korupcijos atsiradimo rizikas, ilgainiui sukuriamas tvirtas pagrindas skaidrios ekonomikos pl\u0117trai, didesnei vie\u0161\u0173j\u0173 paslaug\u0173 teikimo kokybei, \u0161alies socialinei gerovei.<\/p>\n\n\n\n<div style=\"height:8px\" aria-hidden=\"true\" class=\"wp-block-spacer\"><\/div>\n\n\n\n<p class=\"has-text-color has-link-color wp-elements-b9dbef1576893b3fc00326227408d56e\" style=\"color:#750000;font-size:16px\"><strong>Naudingos nuorodos:<\/strong><\/p>\n\n\n\n<ul class=\"wp-block-list\">\n<li class=\"has-primary-color has-text-color has-link-color wp-elements-60e74be97e0e17ac180de11377326b5f\" style=\"font-size:16px;font-style:normal;font-weight:500\"><a href=\"https:\/\/e-seimas.lrs.lt\/portal\/legalActEditions\/lt\/TAD\/TAIS.168154?faces-redirect=true\" target=\"_blank\" rel=\"noreferrer noopener\">Lietuvos Respublikos Korupcijos prevencijos \u012fstatymas<\/a><\/li>\n\n\n\n<li class=\"has-primary-color has-text-color has-link-color wp-elements-7b1a0feb70055fc8221e2a14695ebe74\" style=\"font-size:16px;font-style:normal;font-weight:500\"><a href=\"https:\/\/www.stt.lt\/lt\/praneskite-apie-korupcija\/palikite-pranesima-cia\" target=\"_blank\" rel=\"noreferrer noopener\">Kaip prane\u0161ti apie korupcij\u0105<\/a><\/li>\n<\/ul>\n\n\n\n<p class=\"has-primary-color has-text-color has-link-color wp-elements-0c5ec25466568f4a21c3fc44b9e1e125\" style=\"font-style:normal;font-weight:500\"><mark style=\"background-color:rgba(0, 0, 0, 0);color:#0026ff\" class=\"has-inline-color\"><a href=\"https:\/\/www.sportomokykla.lt\/vrssm\/wp\/wp-content\/uploads\/2024\/04\/Apgaules-ir-korupcijos-prevencijos-tvarkos-aprasas-2023-12-29.pdf\">Vilniaus r. Nemen\u010din\u0117s sporto mokyklos apgaul\u0117s ir korupcijos prevencijos tvarkos apra\u0161as<\/a><\/mark><\/p>\n","protected":false},"excerpt":{"rendered":"<p>Korupcijos prevencijos tikslas \u2013 siekti, kad valstyb\u0117s ir savivaldybi\u0173 \u012fstaig\u0173 veikla b\u016bt\u0173 ne\u0161ali\u0161ka ir skaidri. Pasaulin\u0117 patirtis atskleid\u017eia, kad sutelkus pastangas b\u016btent \u012f korupcijos prie\u017eastis ir s\u0105lygas korupcijai atsirasti, kryptingai \u0161alinant korupcijos atsiradimo rizikas, ilgainiui sukuriamas tvirtas pagrindas skaidrios ekonomikos pl\u0117trai, didesnei vie\u0161\u0173j\u0173 paslaug\u0173 teikimo kokybei, \u0161alies socialinei gerovei. Naudingos nuorodos: Vilniaus r. Nemen\u010din\u0117s sporto [&hellip;]<\/p>\n","protected":false},"author":1,"featured_media":0,"parent":0,"menu_order":0,"comment_status":"closed","ping_status":"closed","template":"","meta":{"footnotes":""},"class_list":["post-9017","page","type-page","status-publish","hentry"],"_links":{"self":[{"href":"https:\/\/www.sportomokykla.lt\/index.php?rest_route=\/wp\/v2\/pages\/9017","targetHints":{"allow":["GET"]}}],"collection":[{"href":"https:\/\/www.sportomokykla.lt\/index.php?rest_route=\/wp\/v2\/pages"}],"about":[{"href":"https:\/\/www.sportomokykla.lt\/index.php?rest_route=\/wp\/v2\/types\/page"}],"author":[{"embeddable":true,"href":"https:\/\/www.sportomokykla.lt\/index.php?rest_route=\/wp\/v2\/users\/1"}],"replies":[{"embeddable":true,"href":"https:\/\/www.sportomokykla.lt\/index.php?rest_route=%2Fwp%2Fv2%2Fcomments&post=9017"}],"version-history":[{"count":16,"href":"https:\/\/www.sportomokykla.lt\/index.php?rest_route=\/wp\/v2\/pages\/9017\/revisions"}],"predecessor-version":[{"id":19170,"href":"https:\/\/www.sportomokykla.lt\/index.php?rest_route=\/wp\/v2\/pages\/9017\/revisions\/19170"}],"wp:attachment":[{"href":"https:\/\/www.sportomokykla.lt\/index.php?rest_route=%2Fwp%2Fv2%2Fmedia&parent=9017"}],"curies":[{"name":"wp","href":"https:\/\/api.w.org\/{rel}","templated":true}]}}