{"id":9028,"date":"2020-03-18T22:14:05","date_gmt":"2020-03-18T20:14:05","guid":{"rendered":"http:\/\/www.sportomokykla.lt\/?page_id=9028"},"modified":"2026-02-02T12:15:58","modified_gmt":"2026-02-02T10:15:58","slug":"finansiniu-ataskaitu-rinkiniai","status":"publish","type":"page","link":"https:\/\/www.sportomokykla.lt\/?page_id=9028&lang=lt","title":{"rendered":"Finansini\u0173 ataskait\u0173 rinkiniai"},"content":{"rendered":"\n<p class=\"has-text-align-center has-primary-color has-text-color has-link-color wp-elements-33e0dfc8640c64640642a5c7bb8c7b9f\" style=\"font-size:16px;font-style:normal;font-weight:500\"><span style=\"color:#0006a3\" class=\"has-inline-color\"><a href=\"https:\/\/www.sportomokykla.lt\/vrssm\/wp\/wp-content\/uploads\/2022\/01\/2018-m.-Vilniaus-rajono-savivaldybes-sporto-mokyklos-finansines-bukles-ataskaita.pdf\">2018 m. Vilniaus rajono savivaldyb\u0117s sporto mokyklos finansin\u0117s b\u016bkl\u0117s ataskaita<\/a><\/span><\/p>\n\n\n\n<p class=\"has-text-align-center has-primary-color has-text-color has-link-color wp-elements-6bc1f256c99bcc2cc49b46797ae0b485\" style=\"font-size:16px;font-style:normal;font-weight:500\"><span style=\"color:#0006a3\" class=\"has-inline-color\"><a href=\"https:\/\/www.sportomokykla.lt\/vrssm\/wp\/wp-content\/uploads\/2022\/01\/2019-m.-Vilniaus-rajono-savivaldybes-sporto-mokyklos-finansines-bukles-ataskaita.pdf\">2019 m. Vilniaus rajono savivaldyb\u0117s sporto mokyklos finansin\u0117s b\u016bkl\u0117s ataskaita<\/a><\/span><\/p>\n\n\n\n<p class=\"has-text-align-center has-primary-color has-text-color has-link-color wp-elements-be149f1031c2b8fb47e4e9fbced988b7\" style=\"font-size:16px;font-style:normal;font-weight:500\"><span style=\"color:#0006a3\" class=\"has-inline-color\"><a href=\"https:\/\/www.sportomokykla.lt\/vrssm\/wp\/wp-content\/uploads\/2022\/01\/2020-m.-Vilniaus-r.-savivaldybes-sporto-mokyklos-finansines-bukles-ataskaita.pdf\">2020 m. Vilniaus rajono savivaldyb\u0117s sporto mokyklos finansin\u0117s b\u016bkl\u0117s ataskaita<\/a><\/span><\/p>\n\n\n\n<p class=\"has-text-align-center has-primary-color has-text-color has-link-color wp-elements-27e3fd70d802d9bdf229df02ba4a07cd\" style=\"font-size:16px;font-style:normal;font-weight:500\"><mark style=\"background-color:rgba(0, 0, 0, 0);color:#2e38ae\" class=\"has-inline-color\"><a href=\"https:\/\/www.sportomokykla.lt\/vrssm\/wp\/wp-content\/uploads\/2022\/07\/2021-m.-Finansiniu-ataskaitu-rinkinys.pdf\">2021 m. Vilniaus rajono savivaldyb\u0117s sporto mokyklos finansin\u0117s b\u016bkl\u0117s ataskaita<\/a><\/mark><\/p>\n\n\n\n<p class=\"has-text-align-center has-primary-color has-text-color has-link-color wp-elements-63950e29443b2dc77614ba652fa3baf2\" style=\"font-size:16px;font-style:normal;font-weight:500\"><mark style=\"background-color:rgba(0, 0, 0, 0);color:#1522c4\" class=\"has-inline-color\"><a href=\"https:\/\/www.sportomokykla.lt\/vrssm\/wp\/wp-content\/uploads\/2023\/05\/2022-m.-Vilniaus-r.-Nemencines-sporto-mokyklos-finansiniu-ataskaitu-rinkinys-1.pdf\">2022 m. Vilniaus r. Nemen\u010din\u0117s sporto mokyklos finansini\u0173 ataskait\u0173 rinkinys<\/a><\/mark><\/p>\n\n\n\n<p class=\"has-text-align-center has-primary-color has-text-color has-link-color wp-elements-e554912fb75849ffb323ab25854d9a71\" style=\"font-size:16px;font-style:normal;font-weight:500\"><mark style=\"background-color:rgba(0, 0, 0, 0);color:#2e38ae\" class=\"has-inline-color\"><a href=\"https:\/\/www.sportomokykla.lt\/vrssm\/wp\/wp-content\/uploads\/2024\/08\/doc00206120240806150712.pdf\">2023 m. Vilniaus rajono Nemen\u010din\u0117s sporto mokyklos finansin\u0117s b\u016bkl\u0117s ataskaita<\/a><\/mark><\/p>\n\n\n\n<p class=\"has-text-align-center has-primary-color has-text-color has-link-color wp-elements-7077ddabfa4e801fa3a2d4b27a00d4a1\" style=\"font-size:16px;font-style:normal;font-weight:500\"><mark style=\"background-color:rgba(0, 0, 0, 0);color:#2e38ae\" class=\"has-inline-color\"><a href=\"http:\/\/Finansin\u0117s b\u016bkl\u0117s ataskaita pagal 2023-03-31 duomenis\">Finansin\u0117s b\u016bkl\u0117s ataskaita pagal 2023-03-31 duomenis<\/a><\/mark><\/p>\n\n\n\n<p class=\"has-text-align-center has-primary-color has-text-color has-link-color wp-elements-1e5a6a5d31924c2d45b4047f9ea356b9\" style=\"font-size:16px;font-style:normal;font-weight:500\"><mark style=\"background-color:rgba(0, 0, 0, 0);color:#2e38ae\" class=\"has-inline-color\"><a href=\"https:\/\/www.sportomokykla.lt\/vrssm\/wp\/wp-content\/uploads\/2024\/08\/Finansines-bukles-ataskaita-pagal-2023-06-30-duomenis.pdf\">Finansin\u0117s b\u016bkl\u0117s ataskaita pagal 2023-06-30 duomenis<\/a><\/mark><\/p>\n\n\n\n<p class=\"has-text-align-center has-primary-color has-text-color has-link-color wp-elements-a1af605f121c7a3a30fb4bb5fa1b0f64\" style=\"font-size:16px;font-style:normal;font-weight:500\"><mark style=\"background-color:rgba(0, 0, 0, 0);color:#2e38ae\" class=\"has-inline-color\"><a href=\"https:\/\/www.sportomokykla.lt\/vrssm\/wp\/wp-content\/uploads\/2024\/08\/Finansines-bukles-ataskaita-pagal-2023-09-30-duomenis.pdf\">Finansin\u0117s b\u016bkl\u0117s ataskaita pagal 2023-09-30 duomenis<\/a><\/mark><\/p>\n\n\n\n<p class=\"has-text-align-center has-primary-color has-text-color has-link-color wp-elements-f58a5f85029358fc8a055dc2cc3c0e81\" style=\"font-size:16px;font-style:normal;font-weight:500\"><mark style=\"background-color:rgba(0, 0, 0, 0);color:#2e38ae\" class=\"has-inline-color\"><a href=\"https:\/\/www.sportomokykla.lt\/vrssm\/wp\/wp-content\/uploads\/2024\/10\/Finansines-bukles-ataskaita-2024-03-31.pdf\">Finansin\u0117s b\u016bkl\u0117s ataskaita 2024-03-31<\/a><\/mark><\/p>\n\n\n\n<p class=\"has-text-align-center has-primary-color has-text-color has-link-color wp-elements-985d90a5a8d45ee57e1c0e484d60318d\" style=\"font-size:16px\"><mark style=\"background-color:rgba(0, 0, 0, 0);color:#2e38ae\" class=\"has-inline-color\"><a href=\"https:\/\/www.sportomokykla.lt\/vrssm\/wp\/wp-content\/uploads\/2024\/10\/Finansines-bukles-ataskaita-2024-06-30.pdf\">Finansin\u0117s b\u016bkl\u0117s ataskaita 2024-06-30<\/a><\/mark><\/p>\n\n\n\n<p class=\"has-text-align-center has-primary-color has-text-color has-link-color wp-elements-137993b709a07e74b9677bda55e13160\" style=\"font-size:16px\"><a href=\"https:\/\/www.sportomokykla.lt\/vrssm\/wp\/wp-content\/uploads\/2026\/02\/Finansiniu-ataskaitu-rinkiniai-2025-III-ketv.pdf\">Finansini\u0173 ataskait\u0173 rinkiniai 2025 III ketv.<\/a><\/p>\n\n\n\n<p><\/p>\n","protected":false},"excerpt":{"rendered":"<p>2018 m. Vilniaus rajono savivaldyb\u0117s sporto mokyklos finansin\u0117s b\u016bkl\u0117s ataskaita 2019 m. Vilniaus rajono savivaldyb\u0117s sporto mokyklos finansin\u0117s b\u016bkl\u0117s ataskaita 2020 m. Vilniaus rajono savivaldyb\u0117s sporto mokyklos finansin\u0117s b\u016bkl\u0117s ataskaita 2021 m. Vilniaus rajono savivaldyb\u0117s sporto mokyklos finansin\u0117s b\u016bkl\u0117s ataskaita 2022 m. Vilniaus r. Nemen\u010din\u0117s sporto mokyklos finansini\u0173 ataskait\u0173 rinkinys 2023 m. Vilniaus rajono Nemen\u010din\u0117s [&hellip;]<\/p>\n","protected":false},"author":1,"featured_media":0,"parent":0,"menu_order":0,"comment_status":"closed","ping_status":"closed","template":"","meta":{"footnotes":""},"class_list":["post-9028","page","type-page","status-publish","hentry"],"_links":{"self":[{"href":"https:\/\/www.sportomokykla.lt\/index.php?rest_route=\/wp\/v2\/pages\/9028","targetHints":{"allow":["GET"]}}],"collection":[{"href":"https:\/\/www.sportomokykla.lt\/index.php?rest_route=\/wp\/v2\/pages"}],"about":[{"href":"https:\/\/www.sportomokykla.lt\/index.php?rest_route=\/wp\/v2\/types\/page"}],"author":[{"embeddable":true,"href":"https:\/\/www.sportomokykla.lt\/index.php?rest_route=\/wp\/v2\/users\/1"}],"replies":[{"embeddable":true,"href":"https:\/\/www.sportomokykla.lt\/index.php?rest_route=%2Fwp%2Fv2%2Fcomments&post=9028"}],"version-history":[{"count":22,"href":"https:\/\/www.sportomokykla.lt\/index.php?rest_route=\/wp\/v2\/pages\/9028\/revisions"}],"predecessor-version":[{"id":19590,"href":"https:\/\/www.sportomokykla.lt\/index.php?rest_route=\/wp\/v2\/pages\/9028\/revisions\/19590"}],"wp:attachment":[{"href":"https:\/\/www.sportomokykla.lt\/index.php?rest_route=%2Fwp%2Fv2%2Fmedia&parent=9028"}],"curies":[{"name":"wp","href":"https:\/\/api.w.org\/{rel}","templated":true}]}}