{"id":9035,"date":"2020-03-18T22:30:16","date_gmt":"2020-03-18T20:30:16","guid":{"rendered":"http:\/\/www.sportomokykla.lt\/?page_id=9035"},"modified":"2022-07-05T11:38:28","modified_gmt":"2022-07-05T08:38:28","slug":"teisine-informacija","status":"publish","type":"page","link":"https:\/\/www.sportomokykla.lt\/?page_id=9035&lang=lt","title":{"rendered":"Teisin\u0117 informacija"},"content":{"rendered":"\n<p><span style=\"color: #800000;\"><strong>Lietuvos svarbiausi politiniai, teisiniai dokumentai, reglamentuojantys Vilniaus rajono savivaldyb\u0117s sporto mokyklos veikl\u0105 yra:<\/strong><\/span><\/p>\n\n\n\n<p>Lietuvos Respublikos Konstitucija, Lietuvos Respublikos \u0160vietimo \u012fstatymas, Valstybine \u0161vietimo 2013\u20132022 met\u0173 strategija, Lietuvos Respublikos Vyriausyb\u0117s nutarimai, Lietuvos Respublikos \u0161vietimo mokslo ir sporto ministerijos, Lietuvos Respublikos k\u016bno kult\u016bros ir sporto departamento \u012fsakymai bei kiti \u012fstatymai, po\u012fstatyminiai teis\u0117s aktai, Vilniaus rajono 2022\u20132024 met\u0173 strateginis planas bei Vilniaus rajono savivaldyb\u0117s sporto mokyklos nuostatos.<\/p>\n\n\n\n<p><span style=\"color: #800000;\"><strong>Lietuvos Respublikos teis\u0117s aktai, reglamentuojantys \u0161vietim\u0105:<\/strong><\/span><\/p>\n\n\n\n<ul class=\"wp-block-list\"><li><span style=\"color: #0000ff;\"><a style=\"color: #0000ff;\" href=\"http:\/\/www3.lrs.lt\/home\/Konstitucija\/Konstitucija.htm\">Lietuvos Respublikos Konstitucija.<\/a><\/span><\/li><li><a href=\"https:\/\/e-seimas.lrs.lt\/portal\/legalAct\/lt\/TAD\/TAIS.395105\"><mark style=\"background-color:rgba(0, 0, 0, 0);color:#473cea\" class=\"has-inline-color\">Lietuvos Respublikos \u0161vietimo \u012fstatymas<\/mark><\/a>.<\/li><li><a href=\"https:\/\/www.e-tar.lt\/portal\/index.html\"><mark style=\"background-color:rgba(0, 0, 0, 0);color:#0718e3\" class=\"has-inline-color\">Teis\u0117s akt\u0173 registras<\/mark><\/a>.<\/li><li><span style=\"color: #0000ff;\"><a style=\"color: #0000ff;\" href=\"https:\/\/www.e-tar.lt\/portal\/lt\/legalAct\/f2f65120a7bb11e5be7fbe3f919a1ebe\">Geros mokyklos koncepcija.<\/a><\/span><\/li><li><span style=\"color: #0000ff;\"><a style=\"color: #0000ff;\" href=\"https:\/\/e-seimas.lrs.lt\/portal\/legalAct\/lt\/TAD\/cde5eef16db011e89a0fd2d617326139?jfwid=qjs00i3g2\">Pedagog\u0173 etikos kodeksas.<\/a><\/span><\/li><li><span style=\"color: #0000ff;\"><a style=\"color: #0000ff;\" href=\"https:\/\/www.e-tar.lt\/portal\/lt\/legalAct\/TAR.07DF6A456513\">Neformaliojo vaik\u0173 \u0161vietimo koncepcija<\/a>.<\/span><\/li><li><span style=\"color: #0000ff;\"><a style=\"color: #0000ff;\" rel=\"noopener noreferrer\" href=\"https:\/\/www.e-tar.lt\/portal\/legalAct.html?documentId=b1fb6cc089d911e397b5c02d3197f382\" target=\"_blank\">Valstybin\u0117 \u0161vietimo 2013\u20132022 met\u0173 strategija.<\/a><\/span><\/li><li><span style=\"color: #0000ff;\"><a style=\"color: #0000ff;\" href=\"https:\/\/www.e-tar.lt\/portal\/lt\/legalAct\/2d8b78b0e79411e68503b67e3b82e8bd\">Lietuvos Respublikos valstyb\u0117s ir savivaldybi\u0173 \u012fstaig\u0173 darbuotoj\u0173 darbo apmok\u0117jimo \u012fstatymas.<\/a><\/span><\/li><li><a href=\"https:\/\/www.e-tar.lt\/portal\/lt\/legalAct\/TAR.2FB4C5F44B52\"><mark style=\"background-color:rgba(0, 0, 0, 0);color:#090ce4\" class=\"has-inline-color\">Vaiko teisi\u0173 konvencija<\/mark><\/a>.<\/li><li><a href=\"https:\/\/www.e-tar.lt\/portal\/lt\/legalAct\/TAR.C8205E261830\"><mark style=\"background-color:rgba(0, 0, 0, 0);color:#180ce2\" class=\"has-inline-color\">Lietuvos Respublikos vaiko teisi\u0173 apsaugos pagrind\u0173 \u012fstatymas<\/mark><\/a>.<\/li><li><a href=\"https:\/\/www.e-tar.lt\/portal\/lt\/legalAct\/TAR.1882ABF8B6AB\"><mark style=\"background-color:rgba(0, 0, 0, 0);color:#0c10e7\" class=\"has-inline-color\">Vaiko gerov\u0117s valstyb\u0117s politikos koncepcija<\/mark><\/a>.<\/li><li><a href=\"https:\/\/www.e-tar.lt\/portal\/lt\/legalAct\/TAR.5EE74F9648A5\"><mark style=\"background-color:rgba(0, 0, 0, 0);color:#090de9\" class=\"has-inline-color\">Lietuvos pa\u017eangos strategija \u201eLietuva 2030\u201c<\/mark><\/a>.<\/li><li><mark style=\"background-color:rgba(0, 0, 0, 0);color:#0c15d5\" class=\"has-inline-color\"><a href=\"https:\/\/www.e-tar.lt\/portal\/lt\/legalAct\/TAR.90D8CF4E3E9F\">Lietuvos Respublikos vaiko minimalios ir vidutin\u0117s prie\u017ei\u016bros \u012fstatymas<\/a>.<\/mark><\/li><li><a href=\"https:\/\/www.e-tar.lt\/portal\/lt\/legalAct\/TAR.915C6D6EB2A5\"><mark style=\"background-color:rgba(0, 0, 0, 0);color:#0711e3\" class=\"has-inline-color\">Lietuvos respublikos socialin\u0117s paramos mokiniams \u012fstatymas<\/mark><\/a>.<\/li><li><mark style=\"background-color:rgba(0, 0, 0, 0);color:#111bda\" class=\"has-inline-color\"><a href=\"https:\/\/www.e-tar.lt\/portal\/lt\/legalAct\/TAR.033D686E8F1B\">Lietuvos Respublikos transporto lengvat\u0173 \u012fstatymas<\/a>.<\/mark><\/li><li><a href=\"https:\/\/www.e-tar.lt\/portal\/lt\/legalAct\/TAR.F73BA10EE59F\/asr\"><mark style=\"background-color:rgba(0, 0, 0, 0);color:#0c28c7\" class=\"has-inline-color\">Neformaliojo vaik\u0173 \u0161vietimo program\u0173 vykdymo bendrieji sveikatos saugos reikalavimai.<\/mark><\/a><\/li><\/ul>\n\n\n\n<p><strong><mark style=\"background-color:rgba(0, 0, 0, 0);color:#662c2c\" class=\"has-inline-color\">Daugiau teis\u0117s akt\u0173 galima rasti Teis\u0117s akt\u0173 registre<\/mark> <a href=\"http:\/\/www.e-tar.lt\"><mark style=\"background-color:rgba(0, 0, 0, 0);color:#2b22d9\" class=\"has-inline-color\">www.e-tar.lt<\/mark><\/a><mark style=\"background-color:rgba(0, 0, 0, 0);color:#1307e3\" class=\"has-inline-color\">           \u00a0<\/mark>\u00a0<\/strong><\/p>\n\n\n\n<p><\/p>\n\n\n\n<p><\/p>\n\n\n\n<p><\/p>\n\n\n\n<p><\/p>\n\n\n\n<p><\/p>\n\n\n\n<p><\/p>\n\n\n\n<p><\/p>\n\n\n\n<p><\/p>\n\n\n\n<p><\/p>\n","protected":false},"excerpt":{"rendered":"<p>Lietuvos svarbiausi politiniai, teisiniai dokumentai, reglamentuojantys Vilniaus rajono savivaldyb\u0117s sporto mokyklos veikl\u0105 yra: Lietuvos Respublikos Konstitucija, Lietuvos Respublikos \u0160vietimo \u012fstatymas, Valstybine \u0161vietimo 2013\u20132022 met\u0173 strategija, Lietuvos Respublikos Vyriausyb\u0117s nutarimai, Lietuvos Respublikos \u0161vietimo mokslo ir sporto ministerijos, Lietuvos Respublikos k\u016bno kult\u016bros ir sporto departamento \u012fsakymai bei kiti \u012fstatymai, po\u012fstatyminiai teis\u0117s aktai, Vilniaus rajono 2022\u20132024 met\u0173 strateginis [&hellip;]<\/p>\n","protected":false},"author":1,"featured_media":0,"parent":0,"menu_order":0,"comment_status":"closed","ping_status":"closed","template":"","meta":{"footnotes":""},"class_list":["post-9035","page","type-page","status-publish","hentry"],"_links":{"self":[{"href":"https:\/\/www.sportomokykla.lt\/index.php?rest_route=\/wp\/v2\/pages\/9035","targetHints":{"allow":["GET"]}}],"collection":[{"href":"https:\/\/www.sportomokykla.lt\/index.php?rest_route=\/wp\/v2\/pages"}],"about":[{"href":"https:\/\/www.sportomokykla.lt\/index.php?rest_route=\/wp\/v2\/types\/page"}],"author":[{"embeddable":true,"href":"https:\/\/www.sportomokykla.lt\/index.php?rest_route=\/wp\/v2\/users\/1"}],"replies":[{"embeddable":true,"href":"https:\/\/www.sportomokykla.lt\/index.php?rest_route=%2Fwp%2Fv2%2Fcomments&post=9035"}],"version-history":[{"count":17,"href":"https:\/\/www.sportomokykla.lt\/index.php?rest_route=\/wp\/v2\/pages\/9035\/revisions"}],"predecessor-version":[{"id":13111,"href":"https:\/\/www.sportomokykla.lt\/index.php?rest_route=\/wp\/v2\/pages\/9035\/revisions\/13111"}],"wp:attachment":[{"href":"https:\/\/www.sportomokykla.lt\/index.php?rest_route=%2Fwp%2Fv2%2Fmedia&parent=9035"}],"curies":[{"name":"wp","href":"https:\/\/api.w.org\/{rel}","templated":true}]}}